{"id":1014,"date":"2013-12-30T11:58:46","date_gmt":"2013-12-30T10:58:46","guid":{"rendered":"http:\/\/hopenmeteo.no\/?page_id=1014"},"modified":"2024-02-08T08:56:41","modified_gmt":"2024-02-08T07:56:41","slug":"flatsalen","status":"publish","type":"page","link":"https:\/\/hopenmeteo.no\/?page_id=1014","title":{"rendered":"Flatsalen"},"content":{"rendered":"\n<p>Flatsalen er et nedsenket plat\u00e5 rett s\u00f8rvest for N\u00f8rdstefjellet. Den har en svak stigning opp mot N\u00f8rdstefjellet.<\/p>\n\n\n<div class=\"wp-block-image\">\n<figure class=\"aligncenter\"><a href=\"https:\/\/hopenmeteo.no\/wp-content\/uploads\/2013\/12\/Beisaren-alts\u00e5-nordenden.jpg\"><img loading=\"lazy\" decoding=\"async\" width=\"500\" height=\"375\" src=\"https:\/\/hopenmeteo.no\/wp-content\/uploads\/2013\/12\/Beisaren-alts\u00e5-nordenden.jpg\" alt=\"OLYMPUS DIGITAL CAMERA\" class=\"wp-image-1775\" srcset=\"https:\/\/hopenmeteo.no\/wp-content\/uploads\/2013\/12\/Beisaren-alts\u00e5-nordenden.jpg 500w, https:\/\/hopenmeteo.no\/wp-content\/uploads\/2013\/12\/Beisaren-alts\u00e5-nordenden-300x225.jpg 300w, https:\/\/hopenmeteo.no\/wp-content\/uploads\/2013\/12\/Beisaren-alts\u00e5-nordenden-400x300.jpg 400w\" sizes=\"auto, (max-width: 500px) 100vw, 500px\" \/><\/a><figcaption class=\"wp-element-caption\">Flatsalen sett fra toppen av Lyngefjellet. N\u00f8rdstefjellet i bakgrunnen.<br \/>Foto: K\u00e5re Holter Solhjell<\/figcaption><\/figure>\n<\/div>\n\n\n<p class=\"has-text-align-center\">\n<\/p>\n\n\n<div class=\"wp-block-image size-full wp-image-1016\">\n<figure class=\"alignleft\"><img loading=\"lazy\" decoding=\"async\" width=\"800\" height=\"600\" src=\"https:\/\/hopenmeteo.no\/wp-content\/uploads\/2013\/12\/Beisarn_N\u00f8rdstefjellet_Lyngefjellet.jpg\" alt=\"Nordenden av Hopen sett fra lufta med 330 skvadronen. Flatsalen sees p\u00e5 h\u00f8yre side omtrent der spissen har g\u00e5tt ut til det bredeste.\" class=\"wp-image-1016\" srcset=\"https:\/\/hopenmeteo.no\/wp-content\/uploads\/2013\/12\/Beisarn_N\u00f8rdstefjellet_Lyngefjellet.jpg 800w, https:\/\/hopenmeteo.no\/wp-content\/uploads\/2013\/12\/Beisarn_N\u00f8rdstefjellet_Lyngefjellet-300x225.jpg 300w, https:\/\/hopenmeteo.no\/wp-content\/uploads\/2013\/12\/Beisarn_N\u00f8rdstefjellet_Lyngefjellet-400x300.jpg 400w\" sizes=\"auto, (max-width: 800px) 100vw, 800px\" \/><figcaption class=\"wp-element-caption\">Nordenden av Hopen sett fra lufta med 330 skvadronen<span style=\"font-size: revert;\">. Flatsalen sees p\u00e5 h\u00f8yre side\u00a0der det g\u00e5r ut en egg p\u00e5 vestsiden av plat\u00e5et. Bildet er tatt av 330 skv.<\/span><\/figcaption><\/figure>\n<\/div>","protected":false},"excerpt":{"rendered":"<p>Flatsalen er et nedsenket plat\u00e5 rett s\u00f8rvest for N\u00f8rdstefjellet. Den har en svak stigning opp mot N\u00f8rdstefjellet.<\/p>\n","protected":false},"author":2,"featured_media":0,"parent":0,"menu_order":0,"comment_status":"open","ping_status":"open","template":"","meta":{"footnotes":""},"class_list":["post-1014","page","type-page","status-publish","hentry"],"_links":{"self":[{"href":"https:\/\/hopenmeteo.no\/index.php?rest_route=\/wp\/v2\/pages\/1014","targetHints":{"allow":["GET"]}}],"collection":[{"href":"https:\/\/hopenmeteo.no\/index.php?rest_route=\/wp\/v2\/pages"}],"about":[{"href":"https:\/\/hopenmeteo.no\/index.php?rest_route=\/wp\/v2\/types\/page"}],"author":[{"embeddable":true,"href":"https:\/\/hopenmeteo.no\/index.php?rest_route=\/wp\/v2\/users\/2"}],"replies":[{"embeddable":true,"href":"https:\/\/hopenmeteo.no\/index.php?rest_route=%2Fwp%2Fv2%2Fcomments&post=1014"}],"version-history":[{"count":6,"href":"https:\/\/hopenmeteo.no\/index.php?rest_route=\/wp\/v2\/pages\/1014\/revisions"}],"predecessor-version":[{"id":7972,"href":"https:\/\/hopenmeteo.no\/index.php?rest_route=\/wp\/v2\/pages\/1014\/revisions\/7972"}],"wp:attachment":[{"href":"https:\/\/hopenmeteo.no\/index.php?rest_route=%2Fwp%2Fv2%2Fmedia&parent=1014"}],"curies":[{"name":"wp","href":"https:\/\/api.w.org\/{rel}","templated":true}]}}