{"id":1023,"date":"2013-12-30T12:26:07","date_gmt":"2013-12-30T11:26:07","guid":{"rendered":"http:\/\/hopenmeteo.no\/?page_id=1023"},"modified":"2024-02-08T09:15:41","modified_gmt":"2024-02-08T08:15:41","slug":"braastadskaret","status":"publish","type":"page","link":"https:\/\/hopenmeteo.no\/?page_id=1023","title":{"rendered":"Braastadskaret"},"content":{"rendered":"\n<p><script> function style_dir277() { return \"none\" } function end277_() { document.getElementById('reo277').style.display = style_dir277() } <\/script><br \/> <\/p>\n\n\n\n<figure class=\"wp-block-image size-full\"><img loading=\"lazy\" decoding=\"async\" width=\"450\" height=\"600\" src=\"https:\/\/hopenmeteo.no\/wp-content\/uploads\/2013\/12\/Lyngefjellet2.jpg\" alt=\"\" class=\"wp-image-1020\" srcset=\"https:\/\/hopenmeteo.no\/wp-content\/uploads\/2013\/12\/Lyngefjellet2.jpg 450w, https:\/\/hopenmeteo.no\/wp-content\/uploads\/2013\/12\/Lyngefjellet2-225x300.jpg 225w\" sizes=\"auto, (max-width: 450px) 100vw, 450px\" \/><figcaption class=\"wp-element-caption\">Br\u00e5\u00e5stadskaret kan sees midt p\u00e5 bildet som en forsenkning mellom Lyngefjellet i nord og Bl\u00e5fjell i s\u00f8r. Bildet tatt av 330 skv.<\/figcaption><\/figure>\n\n\n\n<p>Braastadskaret er et skar som &#8216;deler&#8217; Lyngefjellet i nord og Bl\u00e5fjell i s\u00f8r. Den har en vest-\u00f8st-retning og har tilsig av vann fra begge omliggende fjell. Vannet renner ned b\u00e5de i \u00f8st og vest, men mest p\u00e5 \u00f8stsiden.<\/p>\n\n\n<div class=\"wp-block-image\">\n<figure class=\"alignleft\"><img loading=\"lazy\" decoding=\"async\" width=\"800\" height=\"450\" src=\"https:\/\/hopenmeteo.no\/wp-content\/uploads\/2013\/12\/Braastadskaret.jpg\" alt=\"SAMSUNG CSC\" class=\"wp-image-1024\" srcset=\"https:\/\/hopenmeteo.no\/wp-content\/uploads\/2013\/12\/Braastadskaret.jpg 800w, https:\/\/hopenmeteo.no\/wp-content\/uploads\/2013\/12\/Braastadskaret-300x168.jpg 300w, https:\/\/hopenmeteo.no\/wp-content\/uploads\/2013\/12\/Braastadskaret-500x281.jpg 500w\" sizes=\"auto, (max-width: 800px) 100vw, 800px\" \/><\/figure>\n<\/div>\n\n\n<p>Under sn\u00f8smeltingen om v\u00e5ren og sommeren kan det bli mye vann og vannet graver ut et bredt bekkeleie p\u00e5 sletta der Beisarstua st\u00e5r. Vannet ender i et vakkert fossefall i fritt fall ned i havet. I kanten av brinken der fossen er, er det gravd ut vakre s\u00f8yleganger av b\u00f8lgene.<\/p>\n\n\n<div class=\"wp-block-image\">\n<figure class=\"alignleft\"><img loading=\"lazy\" decoding=\"async\" width=\"450\" height=\"799\" src=\"https:\/\/hopenmeteo.no\/wp-content\/uploads\/2013\/12\/S\u00f8yleganger5.jpg\" alt=\"S\u00f8yleganger5\" class=\"wp-image-1030\"\/><\/figure>\n<\/div>\n\n<div class=\"wp-block-image\">\n<figure class=\"alignleft\"><img loading=\"lazy\" decoding=\"async\" width=\"800\" height=\"450\" src=\"https:\/\/hopenmeteo.no\/wp-content\/uploads\/2013\/12\/S\u00f8yleganger4.jpg\" alt=\"S\u00f8yleganger4\" class=\"wp-image-1029\" srcset=\"https:\/\/hopenmeteo.no\/wp-content\/uploads\/2013\/12\/S\u00f8yleganger4.jpg 800w, https:\/\/hopenmeteo.no\/wp-content\/uploads\/2013\/12\/S\u00f8yleganger4-300x168.jpg 300w, https:\/\/hopenmeteo.no\/wp-content\/uploads\/2013\/12\/S\u00f8yleganger4-500x281.jpg 500w\" sizes=\"auto, (max-width: 800px) 100vw, 800px\" \/><\/figure>\n<\/div>\n\n<div class=\"wp-block-image\">\n<figure class=\"alignleft\"><img loading=\"lazy\" decoding=\"async\" width=\"800\" height=\"450\" src=\"https:\/\/hopenmeteo.no\/wp-content\/uploads\/2013\/12\/S\u00f8yleganger3.jpg\" alt=\"S\u00f8yleganger3\" class=\"wp-image-1028\" srcset=\"https:\/\/hopenmeteo.no\/wp-content\/uploads\/2013\/12\/S\u00f8yleganger3.jpg 800w, https:\/\/hopenmeteo.no\/wp-content\/uploads\/2013\/12\/S\u00f8yleganger3-300x168.jpg 300w, https:\/\/hopenmeteo.no\/wp-content\/uploads\/2013\/12\/S\u00f8yleganger3-500x281.jpg 500w\" sizes=\"auto, (max-width: 800px) 100vw, 800px\" \/><\/figure>\n<\/div>\n\n<div class=\"wp-block-image\">\n<figure class=\"alignleft\"><img loading=\"lazy\" decoding=\"async\" width=\"800\" height=\"450\" src=\"https:\/\/hopenmeteo.no\/wp-content\/uploads\/2013\/12\/S\u00f8yleganger2.jpg\" alt=\"S\u00f8yleganger2\" class=\"wp-image-1027\" srcset=\"https:\/\/hopenmeteo.no\/wp-content\/uploads\/2013\/12\/S\u00f8yleganger2.jpg 800w, https:\/\/hopenmeteo.no\/wp-content\/uploads\/2013\/12\/S\u00f8yleganger2-300x168.jpg 300w, https:\/\/hopenmeteo.no\/wp-content\/uploads\/2013\/12\/S\u00f8yleganger2-500x281.jpg 500w\" sizes=\"auto, (max-width: 800px) 100vw, 800px\" \/><\/figure>\n<\/div>\n\n<div class=\"wp-block-image\">\n<figure class=\"alignleft\"><img loading=\"lazy\" decoding=\"async\" width=\"800\" height=\"450\" src=\"https:\/\/hopenmeteo.no\/wp-content\/uploads\/2013\/12\/S\u00f8yleganger.jpg\" alt=\"S\u00f8yleganger1\" class=\"wp-image-1026\" srcset=\"https:\/\/hopenmeteo.no\/wp-content\/uploads\/2013\/12\/S\u00f8yleganger.jpg 800w, https:\/\/hopenmeteo.no\/wp-content\/uploads\/2013\/12\/S\u00f8yleganger-300x168.jpg 300w, https:\/\/hopenmeteo.no\/wp-content\/uploads\/2013\/12\/S\u00f8yleganger-500x281.jpg 500w\" sizes=\"auto, (max-width: 800px) 100vw, 800px\" \/><\/figure>\n<\/div>\n\n<div class=\"wp-block-image\">\n<figure class=\"alignleft\"><img loading=\"lazy\" decoding=\"async\" width=\"800\" height=\"450\" src=\"https:\/\/hopenmeteo.no\/wp-content\/uploads\/2013\/12\/Fossefall.jpg\" alt=\"Fossefall\" class=\"wp-image-1025\" srcset=\"https:\/\/hopenmeteo.no\/wp-content\/uploads\/2013\/12\/Fossefall.jpg 800w, https:\/\/hopenmeteo.no\/wp-content\/uploads\/2013\/12\/Fossefall-300x168.jpg 300w, https:\/\/hopenmeteo.no\/wp-content\/uploads\/2013\/12\/Fossefall-500x281.jpg 500w\" sizes=\"auto, (max-width: 800px) 100vw, 800px\" \/><\/figure>\n<\/div>\n\n\n<p>     <br \/>\n<script type=\"text\/javascript\"> end277_() <\/script><\/p>\n","protected":false},"excerpt":{"rendered":"<p>Braastadskaret er et skar som &#8216;deler&#8217; Lyngefjellet i nord og Bl\u00e5fjell i s\u00f8r. Den har en vest-\u00f8st-retning og har tilsig av vann fra begge omliggende fjell. Vannet renner ned b\u00e5de i \u00f8st og vest, men mest p\u00e5 \u00f8stsiden. Under sn\u00f8smeltingen om v\u00e5ren og sommeren kan det bli mye vann og vannet graver ut et bredt bekkeleie p\u00e5 sletta der Beisarstua st\u00e5r. Vannet ender i et vakkert fossefall i fritt fall ned i havet. I kanten av brinken der fossen er, er det gravd ut vakre s\u00f8yleganger av b\u00f8lgene.<\/p>\n","protected":false},"author":2,"featured_media":0,"parent":0,"menu_order":0,"comment_status":"open","ping_status":"open","template":"","meta":{"footnotes":""},"class_list":["post-1023","page","type-page","status-publish","hentry"],"_links":{"self":[{"href":"https:\/\/hopenmeteo.no\/index.php?rest_route=\/wp\/v2\/pages\/1023","targetHints":{"allow":["GET"]}}],"collection":[{"href":"https:\/\/hopenmeteo.no\/index.php?rest_route=\/wp\/v2\/pages"}],"about":[{"href":"https:\/\/hopenmeteo.no\/index.php?rest_route=\/wp\/v2\/types\/page"}],"author":[{"embeddable":true,"href":"https:\/\/hopenmeteo.no\/index.php?rest_route=\/wp\/v2\/users\/2"}],"replies":[{"embeddable":true,"href":"https:\/\/hopenmeteo.no\/index.php?rest_route=%2Fwp%2Fv2%2Fcomments&post=1023"}],"version-history":[{"count":5,"href":"https:\/\/hopenmeteo.no\/index.php?rest_route=\/wp\/v2\/pages\/1023\/revisions"}],"predecessor-version":[{"id":7979,"href":"https:\/\/hopenmeteo.no\/index.php?rest_route=\/wp\/v2\/pages\/1023\/revisions\/7979"}],"wp:attachment":[{"href":"https:\/\/hopenmeteo.no\/index.php?rest_route=%2Fwp%2Fv2%2Fmedia&parent=1023"}],"curies":[{"name":"wp","href":"https:\/\/api.w.org\/{rel}","templated":true}]}}