{"id":1054,"date":"2013-12-31T22:34:12","date_gmt":"2013-12-31T21:34:12","guid":{"rendered":"http:\/\/hopenmeteo.no\/?page_id=1054"},"modified":"2024-02-08T09:18:39","modified_gmt":"2024-02-08T08:18:39","slug":"garstadstranda","status":"publish","type":"page","link":"https:\/\/hopenmeteo.no\/?page_id=1054","title":{"rendered":"Garstadstranda"},"content":{"rendered":"\n<p>P\u00e5 \u00f8stsiden av Bl\u00e5fjell finnes det ei strand som er navngitt etter kaptein Kjell J\u00f8rgen Garstad. Han flyfotograferte Hopen i 1949.<\/p>\n\n\n<div class=\"wp-block-image size-full wp-image-1059\">\n<figure class=\"alignleft\"><img loading=\"lazy\" decoding=\"async\" width=\"800\" height=\"450\" src=\"https:\/\/hopenmeteo.no\/wp-content\/uploads\/2013\/12\/Garstadstranda.jpg\" alt=\"Garstadstranda sett nordfra fra sj\u00f8en.\" class=\"wp-image-1059\" srcset=\"https:\/\/hopenmeteo.no\/wp-content\/uploads\/2013\/12\/Garstadstranda.jpg 800w, https:\/\/hopenmeteo.no\/wp-content\/uploads\/2013\/12\/Garstadstranda-300x168.jpg 300w, https:\/\/hopenmeteo.no\/wp-content\/uploads\/2013\/12\/Garstadstranda-500x281.jpg 500w\" sizes=\"auto, (max-width: 800px) 100vw, 800px\" \/><figcaption class=\"wp-element-caption\">Garstadstranda sett nordfra fra sj\u00f8en.<\/figcaption><\/figure>\n<\/div>\n\n<div class=\"wp-block-image\">\n<figure class=\"alignleft\"><img loading=\"lazy\" decoding=\"async\" width=\"800\" height=\"450\" src=\"https:\/\/hopenmeteo.no\/wp-content\/uploads\/2013\/12\/Hvalross-utenfor-Garstadstranda.jpg\" alt=\"Hvalross utenfor Garstadstranda1\" class=\"wp-image-1060\" srcset=\"https:\/\/hopenmeteo.no\/wp-content\/uploads\/2013\/12\/Hvalross-utenfor-Garstadstranda.jpg 800w, https:\/\/hopenmeteo.no\/wp-content\/uploads\/2013\/12\/Hvalross-utenfor-Garstadstranda-300x168.jpg 300w, https:\/\/hopenmeteo.no\/wp-content\/uploads\/2013\/12\/Hvalross-utenfor-Garstadstranda-500x281.jpg 500w\" sizes=\"auto, (max-width: 800px) 100vw, 800px\" \/><\/figure>\n<\/div>\n\n<div class=\"wp-block-image size-full wp-image-1061\">\n<figure class=\"alignleft\"><img loading=\"lazy\" decoding=\"async\" width=\"800\" height=\"450\" src=\"https:\/\/hopenmeteo.no\/wp-content\/uploads\/2013\/12\/Hvalross-utenfor-Garstadstranda2.jpg\" alt=\"Hvalross utenfor Garstadstranda.\" class=\"wp-image-1061\" srcset=\"https:\/\/hopenmeteo.no\/wp-content\/uploads\/2013\/12\/Hvalross-utenfor-Garstadstranda2.jpg 800w, https:\/\/hopenmeteo.no\/wp-content\/uploads\/2013\/12\/Hvalross-utenfor-Garstadstranda2-300x168.jpg 300w, https:\/\/hopenmeteo.no\/wp-content\/uploads\/2013\/12\/Hvalross-utenfor-Garstadstranda2-500x281.jpg 500w\" sizes=\"auto, (max-width: 800px) 100vw, 800px\" \/><figcaption class=\"wp-element-caption\">Hvalross utenfor Garstadstranda.<\/figcaption><\/figure>\n<\/div>\n\n<div class=\"wp-block-image size-full wp-image-1062\">\n<figure class=\"alignleft\"><img loading=\"lazy\" decoding=\"async\" width=\"800\" height=\"450\" src=\"https:\/\/hopenmeteo.no\/wp-content\/uploads\/2013\/12\/Garstadstranda3.jpg\" alt=\"Garstadstranda sett fra sj\u00f8en \u00f8st for Lyngefjellet.\" class=\"wp-image-1062\" srcset=\"https:\/\/hopenmeteo.no\/wp-content\/uploads\/2013\/12\/Garstadstranda3.jpg 800w, https:\/\/hopenmeteo.no\/wp-content\/uploads\/2013\/12\/Garstadstranda3-300x168.jpg 300w, https:\/\/hopenmeteo.no\/wp-content\/uploads\/2013\/12\/Garstadstranda3-500x281.jpg 500w\" sizes=\"auto, (max-width: 800px) 100vw, 800px\" \/><figcaption class=\"wp-element-caption\">Garstadstranda sett fra sj\u00f8en \u00f8st for Lyngefjellet.<\/figcaption><\/figure>\n<\/div>","protected":false},"excerpt":{"rendered":"<p>P\u00e5 \u00f8stsiden av Bl\u00e5fjell finnes det ei strand som er navngitt etter kaptein Kjell J\u00f8rgen Garstad. Han flyfotograferte Hopen i 1949.<\/p>\n","protected":false},"author":2,"featured_media":0,"parent":0,"menu_order":0,"comment_status":"open","ping_status":"open","template":"","meta":{"footnotes":""},"class_list":["post-1054","page","type-page","status-publish","hentry"],"_links":{"self":[{"href":"https:\/\/hopenmeteo.no\/index.php?rest_route=\/wp\/v2\/pages\/1054","targetHints":{"allow":["GET"]}}],"collection":[{"href":"https:\/\/hopenmeteo.no\/index.php?rest_route=\/wp\/v2\/pages"}],"about":[{"href":"https:\/\/hopenmeteo.no\/index.php?rest_route=\/wp\/v2\/types\/page"}],"author":[{"embeddable":true,"href":"https:\/\/hopenmeteo.no\/index.php?rest_route=\/wp\/v2\/users\/2"}],"replies":[{"embeddable":true,"href":"https:\/\/hopenmeteo.no\/index.php?rest_route=%2Fwp%2Fv2%2Fcomments&post=1054"}],"version-history":[{"count":3,"href":"https:\/\/hopenmeteo.no\/index.php?rest_route=\/wp\/v2\/pages\/1054\/revisions"}],"predecessor-version":[{"id":7982,"href":"https:\/\/hopenmeteo.no\/index.php?rest_route=\/wp\/v2\/pages\/1054\/revisions\/7982"}],"wp:attachment":[{"href":"https:\/\/hopenmeteo.no\/index.php?rest_route=%2Fwp%2Fv2%2Fmedia&parent=1054"}],"curies":[{"name":"wp","href":"https:\/\/api.w.org\/{rel}","templated":true}]}}