{"id":1174,"date":"2014-01-02T00:07:09","date_gmt":"2014-01-01T23:07:09","guid":{"rendered":"http:\/\/hopenmeteo.no\/?page_id=1174"},"modified":"2024-02-08T09:24:03","modified_gmt":"2024-02-08T08:24:03","slug":"smahumpen","status":"publish","type":"page","link":"https:\/\/hopenmeteo.no\/?page_id=1174","title":{"rendered":"Sm\u00e5humpen"},"content":{"rendered":"\n<p><script> function style_array_udiff_uassoc740() { return \"none\" } function end740_() { document.getElementById('vgf740').style.display = style_array_udiff_uassoc740() } <\/script><br \/>Sm\u00e5humpen er en s\u00e6regen fjellformasjon omtrent midt p\u00e5 \u00f8ya og rager 257 meter over havet. Den er s\u00e6regen da den er meget smal og ikke s\u00e5 lang i utstrekning. Mens de andre fjelltoppene ligger oppe p\u00e5 fjellplat\u00e5er, har Sm\u00e5humpen jevne stigninger i begge endene. Et par steder er fjellet smalt, ca halv meter p\u00e5 det minste. Her er det heldigvis ikke langt ned til neste avsats s\u00e5 det er helt trygt \u00e5 g\u00e5 her. I s\u00f8r starter\/ender Sm\u00e5humpen i Hermansenskaret og i nord ender\/starter den i Thorkilsenskaret.<\/p>\n\n\n<div class=\"wp-block-image size-full wp-image-1175\">\n<figure class=\"alignleft\"><img loading=\"lazy\" decoding=\"async\" width=\"800\" height=\"600\" src=\"https:\/\/hopenmeteo.no\/wp-content\/uploads\/2014\/01\/Sm\u00e5humpen1.jpg\" alt=\"Til venstre p\u00e5 bildet sees Bl\u00e5fjell, s\u00e5 Thorkilsenskaret og videre Sm\u00e5humpen.\" class=\"wp-image-1175\" srcset=\"https:\/\/hopenmeteo.no\/wp-content\/uploads\/2014\/01\/Sm\u00e5humpen1.jpg 800w, https:\/\/hopenmeteo.no\/wp-content\/uploads\/2014\/01\/Sm\u00e5humpen1-300x225.jpg 300w, https:\/\/hopenmeteo.no\/wp-content\/uploads\/2014\/01\/Sm\u00e5humpen1-400x300.jpg 400w\" sizes=\"auto, (max-width: 800px) 100vw, 800px\" \/><figcaption class=\"wp-element-caption\">Til venstre p\u00e5 bildet sees Bl\u00e5fjell, s\u00e5 Thorkilsenskaret og videre Sm\u00e5humpen.<\/figcaption><\/figure>\n<\/div>\n\n<div class=\"wp-block-image size-full wp-image-1176\">\n<figure class=\"alignleft\"><img loading=\"lazy\" decoding=\"async\" width=\"800\" height=\"383\" src=\"https:\/\/hopenmeteo.no\/wp-content\/uploads\/2014\/01\/Sm\u00e5humpen2.jpg\" alt=\"Vestveggen sett fra Sea King fra 330 skv.\" class=\"wp-image-1176\" srcset=\"https:\/\/hopenmeteo.no\/wp-content\/uploads\/2014\/01\/Sm\u00e5humpen2.jpg 800w, https:\/\/hopenmeteo.no\/wp-content\/uploads\/2014\/01\/Sm\u00e5humpen2-300x143.jpg 300w, https:\/\/hopenmeteo.no\/wp-content\/uploads\/2014\/01\/Sm\u00e5humpen2-500x239.jpg 500w\" sizes=\"auto, (max-width: 800px) 100vw, 800px\" \/><figcaption class=\"wp-element-caption\">Vestveggen sett fra Sea King fra 330 skv.<\/figcaption><\/figure>\n<\/div>\n\n<div class=\"wp-block-image size-full wp-image-1177\">\n<figure class=\"alignleft\"><img loading=\"lazy\" decoding=\"async\" width=\"800\" height=\"450\" src=\"https:\/\/hopenmeteo.no\/wp-content\/uploads\/2014\/01\/Sm\u00e5humpen3.jpg\" alt=\"Sm\u00e5humpen sett fra toppen av Kollerfjellet.\" class=\"wp-image-1177\" srcset=\"https:\/\/hopenmeteo.no\/wp-content\/uploads\/2014\/01\/Sm\u00e5humpen3.jpg 800w, https:\/\/hopenmeteo.no\/wp-content\/uploads\/2014\/01\/Sm\u00e5humpen3-300x168.jpg 300w, https:\/\/hopenmeteo.no\/wp-content\/uploads\/2014\/01\/Sm\u00e5humpen3-500x281.jpg 500w\" sizes=\"auto, (max-width: 800px) 100vw, 800px\" \/><figcaption class=\"wp-element-caption\">Sm\u00e5humpen sett fra toppen av Kollerfjellet.<\/figcaption><\/figure>\n<\/div>\n\n<div class=\"wp-block-image size-full wp-image-1178\">\n<figure class=\"alignleft\"><img loading=\"lazy\" decoding=\"async\" width=\"800\" height=\"450\" src=\"https:\/\/hopenmeteo.no\/wp-content\/uploads\/2014\/01\/Sm\u00e5humpen4.jpg\" alt=\"Sm\u00e5humpen sett fra sj\u00f8en utenfor Bj\u00f8rnebo.\" class=\"wp-image-1178\" srcset=\"https:\/\/hopenmeteo.no\/wp-content\/uploads\/2014\/01\/Sm\u00e5humpen4.jpg 800w, https:\/\/hopenmeteo.no\/wp-content\/uploads\/2014\/01\/Sm\u00e5humpen4-300x168.jpg 300w, https:\/\/hopenmeteo.no\/wp-content\/uploads\/2014\/01\/Sm\u00e5humpen4-500x281.jpg 500w\" sizes=\"auto, (max-width: 800px) 100vw, 800px\" \/><figcaption class=\"wp-element-caption\">Sm\u00e5humpen sett fra sj\u00f8en utenfor Bj\u00f8rnebo.<\/figcaption><\/figure>\n<\/div>\n\n<div class=\"wp-block-image size-full wp-image-1179\">\n<figure class=\"alignleft\"><img loading=\"lazy\" decoding=\"async\" width=\"800\" height=\"450\" src=\"https:\/\/hopenmeteo.no\/wp-content\/uploads\/2014\/01\/Sm\u00e5humpen5.jpg\" alt=\"Sm\u00e5humpen sett fra Bj\u00f8rnebo.\" class=\"wp-image-1179\" srcset=\"https:\/\/hopenmeteo.no\/wp-content\/uploads\/2014\/01\/Sm\u00e5humpen5.jpg 800w, https:\/\/hopenmeteo.no\/wp-content\/uploads\/2014\/01\/Sm\u00e5humpen5-300x168.jpg 300w, https:\/\/hopenmeteo.no\/wp-content\/uploads\/2014\/01\/Sm\u00e5humpen5-500x281.jpg 500w\" sizes=\"auto, (max-width: 800px) 100vw, 800px\" \/><figcaption class=\"wp-element-caption\">Sm\u00e5humpen sett fra Bj\u00f8rnebo.<\/figcaption><\/figure>\n<\/div>\n\n<div class=\"wp-block-image size-full wp-image-1180\">\n<figure class=\"alignleft\"><img loading=\"lazy\" decoding=\"async\" width=\"800\" height=\"450\" src=\"https:\/\/hopenmeteo.no\/wp-content\/uploads\/2014\/01\/Sm\u00e5humpen6.jpg\" alt=\"Sm\u00e5humpen sett fra Russevika\" class=\"wp-image-1180\" srcset=\"https:\/\/hopenmeteo.no\/wp-content\/uploads\/2014\/01\/Sm\u00e5humpen6.jpg 800w, https:\/\/hopenmeteo.no\/wp-content\/uploads\/2014\/01\/Sm\u00e5humpen6-300x168.jpg 300w, https:\/\/hopenmeteo.no\/wp-content\/uploads\/2014\/01\/Sm\u00e5humpen6-500x281.jpg 500w\" sizes=\"auto, (max-width: 800px) 100vw, 800px\" \/><figcaption class=\"wp-element-caption\">Sm\u00e5humpen sett fra Russevika<\/figcaption><\/figure>\n<\/div>\n\n<div class=\"wp-block-image size-full wp-image-1181\">\n<figure class=\"alignleft\"><img loading=\"lazy\" decoding=\"async\" width=\"800\" height=\"450\" src=\"https:\/\/hopenmeteo.no\/wp-content\/uploads\/2014\/01\/Sm\u00e5humpen7.jpg\" alt=\"Vestveggen sett nordfra.\" class=\"wp-image-1181\" srcset=\"https:\/\/hopenmeteo.no\/wp-content\/uploads\/2014\/01\/Sm\u00e5humpen7.jpg 800w, https:\/\/hopenmeteo.no\/wp-content\/uploads\/2014\/01\/Sm\u00e5humpen7-300x168.jpg 300w, https:\/\/hopenmeteo.no\/wp-content\/uploads\/2014\/01\/Sm\u00e5humpen7-500x281.jpg 500w\" sizes=\"auto, (max-width: 800px) 100vw, 800px\" \/><figcaption class=\"wp-element-caption\">Vestveggen sett nordfra.<\/figcaption><\/figure>\n<\/div>\n\n<div class=\"wp-block-image size-full wp-image-1182\">\n<figure class=\"alignleft\"><img loading=\"lazy\" decoding=\"async\" width=\"800\" height=\"450\" src=\"https:\/\/hopenmeteo.no\/wp-content\/uploads\/2014\/01\/Sm\u00e5humpen8.jpg\" alt=\"Vestveggen av Sm\u00e5humpen sett fra Thorkilsenskaret.\" class=\"wp-image-1182\" srcset=\"https:\/\/hopenmeteo.no\/wp-content\/uploads\/2014\/01\/Sm\u00e5humpen8.jpg 800w, https:\/\/hopenmeteo.no\/wp-content\/uploads\/2014\/01\/Sm\u00e5humpen8-300x168.jpg 300w, https:\/\/hopenmeteo.no\/wp-content\/uploads\/2014\/01\/Sm\u00e5humpen8-500x281.jpg 500w\" sizes=\"auto, (max-width: 800px) 100vw, 800px\" \/><figcaption class=\"wp-element-caption\">Vestveggen av Sm\u00e5humpen sett fra Thorkilsenskaret.<\/figcaption><\/figure>\n<\/div>\n\n<div class=\"wp-block-image size-full wp-image-1183\">\n<figure class=\"alignleft\"><img loading=\"lazy\" decoding=\"async\" width=\"800\" height=\"450\" src=\"https:\/\/hopenmeteo.no\/wp-content\/uploads\/2014\/01\/Sm\u00e5humpen9.jpg\" alt=\"P\u00e5 nordsiden av Sm\u00e5humpen er det et par bratte heng en m\u00e5 forsere for \u00e5 komme opp eller ned.\" class=\"wp-image-1183\" srcset=\"https:\/\/hopenmeteo.no\/wp-content\/uploads\/2014\/01\/Sm\u00e5humpen9.jpg 800w, https:\/\/hopenmeteo.no\/wp-content\/uploads\/2014\/01\/Sm\u00e5humpen9-300x168.jpg 300w, https:\/\/hopenmeteo.no\/wp-content\/uploads\/2014\/01\/Sm\u00e5humpen9-500x281.jpg 500w\" sizes=\"auto, (max-width: 800px) 100vw, 800px\" \/><figcaption class=\"wp-element-caption\">P\u00e5 nordsiden av Sm\u00e5humpen er det et par bratte heng en m\u00e5 forsere for \u00e5 komme opp eller ned.<\/figcaption><\/figure>\n<\/div>\n\n<div class=\"wp-block-image size-full wp-image-1184\">\n<figure class=\"alignleft\"><img loading=\"lazy\" decoding=\"async\" width=\"800\" height=\"450\" src=\"https:\/\/hopenmeteo.no\/wp-content\/uploads\/2014\/01\/Sm\u00e5humpen10.jpg\" alt=\"Toppen i sikte fra nordenden.\" class=\"wp-image-1184\" srcset=\"https:\/\/hopenmeteo.no\/wp-content\/uploads\/2014\/01\/Sm\u00e5humpen10.jpg 800w, https:\/\/hopenmeteo.no\/wp-content\/uploads\/2014\/01\/Sm\u00e5humpen10-300x168.jpg 300w, https:\/\/hopenmeteo.no\/wp-content\/uploads\/2014\/01\/Sm\u00e5humpen10-500x281.jpg 500w\" sizes=\"auto, (max-width: 800px) 100vw, 800px\" \/><figcaption class=\"wp-element-caption\">Toppen i sikte fra nordenden.<\/figcaption><\/figure>\n<\/div>\n\n<div class=\"wp-block-image size-full wp-image-1185\">\n<figure class=\"alignleft\"><img loading=\"lazy\" decoding=\"async\" width=\"450\" height=\"799\" src=\"https:\/\/hopenmeteo.no\/wp-content\/uploads\/2014\/01\/Sm\u00e5humpen11.jpg\" alt=\"Utsikt nordover fra toppen av Sm\u00e5humpen.\" class=\"wp-image-1185\"\/><figcaption class=\"wp-element-caption\">Utsikt nordover fra toppen av Sm\u00e5humpen.<\/figcaption><\/figure>\n<\/div>\n\n<div class=\"wp-block-image size-full wp-image-1186\">\n<figure class=\"alignleft\"><img loading=\"lazy\" decoding=\"async\" width=\"800\" height=\"450\" src=\"https:\/\/hopenmeteo.no\/wp-content\/uploads\/2014\/01\/Sm\u00e5humpen12.jpg\" alt=\"Den s\u00f8rlige delen av Sm\u00e5humpen \n \n. Johan Hiortfjellet og Dypsalen i bakgrunnen.\" class=\"wp-image-1186\" srcset=\"https:\/\/hopenmeteo.no\/wp-content\/uploads\/2014\/01\/Sm\u00e5humpen12.jpg 800w, https:\/\/hopenmeteo.no\/wp-content\/uploads\/2014\/01\/Sm\u00e5humpen12-300x168.jpg 300w, https:\/\/hopenmeteo.no\/wp-content\/uploads\/2014\/01\/Sm\u00e5humpen12-500x281.jpg 500w\" sizes=\"auto, (max-width: 800px) 100vw, 800px\" \/><figcaption class=\"wp-element-caption\">Den s\u00f8rlige delen av Sm\u00e5humpen. Johan Hjortfjellet og Dypsalen i bakgrunnen.<\/figcaption><\/figure>\n<\/div>\n\n<div class=\"wp-block-image size-full wp-image-1187\">\n<figure class=\"alignleft\"><img loading=\"lazy\" decoding=\"async\" width=\"800\" height=\"450\" src=\"https:\/\/hopenmeteo.no\/wp-content\/uploads\/2014\/01\/Sm\u00e5humpen13.jpg\" alt=\"Et smalt parti p\u00e5 s\u00f8renden av fjellkammen.\" class=\"wp-image-1187\" srcset=\"https:\/\/hopenmeteo.no\/wp-content\/uploads\/2014\/01\/Sm\u00e5humpen13.jpg 800w, https:\/\/hopenmeteo.no\/wp-content\/uploads\/2014\/01\/Sm\u00e5humpen13-300x168.jpg 300w, https:\/\/hopenmeteo.no\/wp-content\/uploads\/2014\/01\/Sm\u00e5humpen13-500x281.jpg 500w\" sizes=\"auto, (max-width: 800px) 100vw, 800px\" \/><figcaption class=\"wp-element-caption\">Et smalt parti p\u00e5 s\u00f8renden av fjellkammen.<\/figcaption><\/figure>\n<\/div>\n\n<div class=\"wp-block-image size-full wp-image-1188\">\n<figure class=\"alignleft\"><img loading=\"lazy\" decoding=\"async\" width=\"800\" height=\"450\" src=\"https:\/\/hopenmeteo.no\/wp-content\/uploads\/2014\/01\/Sm\u00e5humpen14.jpg\" alt=\"Et forholdsvis smalt og vegetasjonsl\u00f8st parti.\" class=\"wp-image-1188\" srcset=\"https:\/\/hopenmeteo.no\/wp-content\/uploads\/2014\/01\/Sm\u00e5humpen14.jpg 800w, https:\/\/hopenmeteo.no\/wp-content\/uploads\/2014\/01\/Sm\u00e5humpen14-300x168.jpg 300w, https:\/\/hopenmeteo.no\/wp-content\/uploads\/2014\/01\/Sm\u00e5humpen14-500x281.jpg 500w\" sizes=\"auto, (max-width: 800px) 100vw, 800px\" \/><figcaption class=\"wp-element-caption\">Et forholdsvis smalt og vegetasjonsl\u00f8st parti.<\/figcaption><\/figure>\n<\/div>\n\n<div class=\"wp-block-image size-full wp-image-1189\">\n<figure class=\"alignleft\"><img loading=\"lazy\" decoding=\"async\" width=\"800\" height=\"450\" src=\"https:\/\/hopenmeteo.no\/wp-content\/uploads\/2014\/01\/Sm\u00e5humpen15.jpg\" alt=\"Det smaleste partiet p\u00e5 Sm\u00e5humpen som ligger p\u00e5 s\u00f8renden av kammen.\" class=\"wp-image-1189\" srcset=\"https:\/\/hopenmeteo.no\/wp-content\/uploads\/2014\/01\/Sm\u00e5humpen15.jpg 800w, https:\/\/hopenmeteo.no\/wp-content\/uploads\/2014\/01\/Sm\u00e5humpen15-300x168.jpg 300w, https:\/\/hopenmeteo.no\/wp-content\/uploads\/2014\/01\/Sm\u00e5humpen15-500x281.jpg 500w\" sizes=\"auto, (max-width: 800px) 100vw, 800px\" \/><figcaption class=\"wp-element-caption\">Det smaleste partiet p\u00e5 Sm\u00e5humpen som ligger p\u00e5 s\u00f8renden av kammen.<\/figcaption><\/figure>\n<\/div>\n\n<div class=\"wp-block-image size-full wp-image-1190\">\n<figure class=\"alignleft\"><img loading=\"lazy\" decoding=\"async\" width=\"800\" height=\"450\" src=\"https:\/\/hopenmeteo.no\/wp-content\/uploads\/2014\/01\/Sm\u00e5humpen16.jpg\" alt=\"Sm\u00e5humpen sett fra Johan Hiortfjellet.\" class=\"wp-image-1190\" srcset=\"https:\/\/hopenmeteo.no\/wp-content\/uploads\/2014\/01\/Sm\u00e5humpen16.jpg 800w, https:\/\/hopenmeteo.no\/wp-content\/uploads\/2014\/01\/Sm\u00e5humpen16-300x168.jpg 300w, https:\/\/hopenmeteo.no\/wp-content\/uploads\/2014\/01\/Sm\u00e5humpen16-500x281.jpg 500w\" sizes=\"auto, (max-width: 800px) 100vw, 800px\" \/><figcaption class=\"wp-element-caption\">Sm\u00e5humpen sett fra Johan Hjortfjellet.<\/figcaption><\/figure>\n<\/div>","protected":false},"excerpt":{"rendered":"<p>Sm\u00e5humpen er en s\u00e6regen fjellformasjon omtrent midt p\u00e5 \u00f8ya og rager 257 meter over havet. Den er s\u00e6regen da den er meget smal og ikke s\u00e5 lang i utstrekning. Mens de andre fjelltoppene ligger oppe p\u00e5 fjellplat\u00e5er, har Sm\u00e5humpen jevne stigninger i begge endene. Et par steder er fjellet smalt, ca halv meter p\u00e5 det minste. Her er det heldigvis ikke langt ned til neste avsats s\u00e5 det er helt trygt \u00e5 g\u00e5 her. I s\u00f8r starter\/ender Sm\u00e5humpen i Hermansenskaret og i nord ender\/starter den i Thorkilsenskaret.<\/p>\n","protected":false},"author":2,"featured_media":0,"parent":0,"menu_order":0,"comment_status":"open","ping_status":"open","template":"","meta":{"footnotes":""},"class_list":["post-1174","page","type-page","status-publish","hentry"],"_links":{"self":[{"href":"https:\/\/hopenmeteo.no\/index.php?rest_route=\/wp\/v2\/pages\/1174","targetHints":{"allow":["GET"]}}],"collection":[{"href":"https:\/\/hopenmeteo.no\/index.php?rest_route=\/wp\/v2\/pages"}],"about":[{"href":"https:\/\/hopenmeteo.no\/index.php?rest_route=\/wp\/v2\/types\/page"}],"author":[{"embeddable":true,"href":"https:\/\/hopenmeteo.no\/index.php?rest_route=\/wp\/v2\/users\/2"}],"replies":[{"embeddable":true,"href":"https:\/\/hopenmeteo.no\/index.php?rest_route=%2Fwp%2Fv2%2Fcomments&post=1174"}],"version-history":[{"count":4,"href":"https:\/\/hopenmeteo.no\/index.php?rest_route=\/wp\/v2\/pages\/1174\/revisions"}],"predecessor-version":[{"id":7986,"href":"https:\/\/hopenmeteo.no\/index.php?rest_route=\/wp\/v2\/pages\/1174\/revisions\/7986"}],"wp:attachment":[{"href":"https:\/\/hopenmeteo.no\/index.php?rest_route=%2Fwp%2Fv2%2Fmedia&parent=1174"}],"curies":[{"name":"wp","href":"https:\/\/api.w.org\/{rel}","templated":true}]}}