{"id":1210,"date":"2014-01-03T18:30:14","date_gmt":"2014-01-03T17:30:14","guid":{"rendered":"http:\/\/hopenmeteo.no\/?page_id=1210"},"modified":"2024-02-08T09:27:37","modified_gmt":"2024-02-08T08:27:37","slug":"russevika","status":"publish","type":"page","link":"https:\/\/hopenmeteo.no\/?page_id=1210","title":{"rendered":"Russevika"},"content":{"rendered":"\n<p>Russevika er ei buka som ligger p\u00e5 \u00f8stsiden av Hermansenskaret. Den er oppkalt etter Russehytta i 1945. Bukta har som mange andre strender p\u00e5 Hopen mye drivgods. Sammenlignet med Egsetstranda og Livb\u00e5tstranda er det den som har mest drivt\u00f8mmer. Pga. utformingen og med f\u00e5 utabords skj\u00e6r, har t\u00f8mmer blitt samlet opp i bukta og kastet opp p\u00e5 land av b\u00f8lger og is opp gjennom \u00e5renes l\u00f8p. Mange andre objekter kan finnes der: flaskekasse fra F\u00e6r\u00f8yene, treklubbe, t\u00f8nner, veimerker er noe av det som er funnet der.<\/p>\n\n\n<div class=\"wp-block-image size-full wp-image-1211\">\n<figure class=\"alignleft\"><img loading=\"lazy\" decoding=\"async\" width=\"800\" height=\"450\" src=\"https:\/\/hopenmeteo.no\/wp-content\/uploads\/2014\/01\/Russevika1.jpg\" alt=\"Bukta ved hyttene.\" class=\"wp-image-1211\" srcset=\"https:\/\/hopenmeteo.no\/wp-content\/uploads\/2014\/01\/Russevika1.jpg 800w, https:\/\/hopenmeteo.no\/wp-content\/uploads\/2014\/01\/Russevika1-300x168.jpg 300w, https:\/\/hopenmeteo.no\/wp-content\/uploads\/2014\/01\/Russevika1-500x281.jpg 500w\" sizes=\"auto, (max-width: 800px) 100vw, 800px\" \/><figcaption class=\"wp-element-caption\">Bukta ved hyttene.<\/figcaption><\/figure>\n<\/div>\n\n<div class=\"wp-block-image size-full wp-image-1212\">\n<figure class=\"alignleft\"><img loading=\"lazy\" decoding=\"async\" width=\"800\" height=\"450\" src=\"https:\/\/hopenmeteo.no\/wp-content\/uploads\/2014\/01\/Russevika2.jpg\" alt=\"Drivt\u00f8mmer s\u00e5 langt \u00f8yet kan se.\" class=\"wp-image-1212\" srcset=\"https:\/\/hopenmeteo.no\/wp-content\/uploads\/2014\/01\/Russevika2.jpg 800w, https:\/\/hopenmeteo.no\/wp-content\/uploads\/2014\/01\/Russevika2-300x168.jpg 300w, https:\/\/hopenmeteo.no\/wp-content\/uploads\/2014\/01\/Russevika2-500x281.jpg 500w\" sizes=\"auto, (max-width: 800px) 100vw, 800px\" \/><figcaption class=\"wp-element-caption\">Drivt\u00f8mmer s\u00e5 langt \u00f8yet kan se.<\/figcaption><\/figure>\n<\/div>\n\n<div class=\"wp-block-image size-full wp-image-1213\">\n<figure class=\"alignleft\"><img loading=\"lazy\" decoding=\"async\" width=\"800\" height=\"450\" src=\"https:\/\/hopenmeteo.no\/wp-content\/uploads\/2014\/01\/Russevika3.jpg\" alt=\"Mye drivt\u00f8mmer ved hyttene i Russevika.\" class=\"wp-image-1213\" srcset=\"https:\/\/hopenmeteo.no\/wp-content\/uploads\/2014\/01\/Russevika3.jpg 800w, https:\/\/hopenmeteo.no\/wp-content\/uploads\/2014\/01\/Russevika3-300x168.jpg 300w, https:\/\/hopenmeteo.no\/wp-content\/uploads\/2014\/01\/Russevika3-500x281.jpg 500w\" sizes=\"auto, (max-width: 800px) 100vw, 800px\" \/><figcaption class=\"wp-element-caption\">Mye drivt\u00f8mmer ved hyttene i Russevika.<\/figcaption><\/figure>\n<\/div>\n\n<div class=\"wp-block-image size-full wp-image-1214\">\n<figure class=\"alignleft\"><img loading=\"lazy\" decoding=\"async\" width=\"800\" height=\"450\" src=\"https:\/\/hopenmeteo.no\/wp-content\/uploads\/2014\/01\/Russevika4.jpg\" alt=\"Treklubbe - hjemmelaget type - som har drevet i land i Russevika.\" class=\"wp-image-1214\" srcset=\"https:\/\/hopenmeteo.no\/wp-content\/uploads\/2014\/01\/Russevika4.jpg 800w, https:\/\/hopenmeteo.no\/wp-content\/uploads\/2014\/01\/Russevika4-300x168.jpg 300w, https:\/\/hopenmeteo.no\/wp-content\/uploads\/2014\/01\/Russevika4-500x281.jpg 500w\" sizes=\"auto, (max-width: 800px) 100vw, 800px\" \/><figcaption class=\"wp-element-caption\">Treklubbe &#8211; hjemmelaget type &#8211; som har drevet i land i Russevika.<\/figcaption><\/figure>\n<\/div>\n\n<div class=\"wp-block-image size-full wp-image-1215\">\n<figure class=\"alignleft\"><img loading=\"lazy\" decoding=\"async\" width=\"800\" height=\"450\" src=\"https:\/\/hopenmeteo.no\/wp-content\/uploads\/2014\/01\/Russevika5.jpg\" alt=\"Bj\u00f8rnebo og Russehytta p\u00e5 andre siden av Russevika.\" class=\"wp-image-1215\" srcset=\"https:\/\/hopenmeteo.no\/wp-content\/uploads\/2014\/01\/Russevika5.jpg 800w, https:\/\/hopenmeteo.no\/wp-content\/uploads\/2014\/01\/Russevika5-300x168.jpg 300w, https:\/\/hopenmeteo.no\/wp-content\/uploads\/2014\/01\/Russevika5-500x281.jpg 500w\" sizes=\"auto, (max-width: 800px) 100vw, 800px\" \/><figcaption class=\"wp-element-caption\">Bj\u00f8rnebo og Russehytta p\u00e5 andre siden av Russevika.<\/figcaption><\/figure>\n<\/div>\n\n<div class=\"wp-block-image size-full wp-image-1216\">\n<figure class=\"alignleft\"><img loading=\"lazy\" decoding=\"async\" width=\"800\" height=\"450\" src=\"https:\/\/hopenmeteo.no\/wp-content\/uploads\/2014\/01\/Russevika6.jpg\" alt=\"Flaskekasse fra F\u00e6r\u00f8yene som er havnet p\u00e5 Hopen.\" class=\"wp-image-1216\" srcset=\"https:\/\/hopenmeteo.no\/wp-content\/uploads\/2014\/01\/Russevika6.jpg 800w, https:\/\/hopenmeteo.no\/wp-content\/uploads\/2014\/01\/Russevika6-300x168.jpg 300w, https:\/\/hopenmeteo.no\/wp-content\/uploads\/2014\/01\/Russevika6-500x281.jpg 500w\" sizes=\"auto, (max-width: 800px) 100vw, 800px\" \/><figcaption class=\"wp-element-caption\">Flaskekasse fra F\u00e6r\u00f8yene som er havnet p\u00e5 Hopen.<\/figcaption><\/figure>\n<\/div>\n\n<div class=\"wp-block-image size-full wp-image-1217\">\n<figure class=\"alignleft\"><img loading=\"lazy\" decoding=\"async\" width=\"800\" height=\"450\" src=\"https:\/\/hopenmeteo.no\/wp-content\/uploads\/2014\/01\/Russevika7.jpg\" alt=\"Rester av ei t\u00f8nne.\" class=\"wp-image-1217\" srcset=\"https:\/\/hopenmeteo.no\/wp-content\/uploads\/2014\/01\/Russevika7.jpg 800w, https:\/\/hopenmeteo.no\/wp-content\/uploads\/2014\/01\/Russevika7-300x168.jpg 300w, https:\/\/hopenmeteo.no\/wp-content\/uploads\/2014\/01\/Russevika7-500x281.jpg 500w\" sizes=\"auto, (max-width: 800px) 100vw, 800px\" \/><figcaption class=\"wp-element-caption\">Rester av ei t\u00f8nne.<\/figcaption><\/figure>\n<\/div>\n\n<div class=\"wp-block-image size-full wp-image-1218\">\n<figure class=\"alignleft\"><img loading=\"lazy\" decoding=\"async\" width=\"800\" height=\"450\" src=\"https:\/\/hopenmeteo.no\/wp-content\/uploads\/2014\/01\/Russevika8.jpg\" alt=\"Mye drivt\u00f8mmer i bukta.\" class=\"wp-image-1218\" srcset=\"https:\/\/hopenmeteo.no\/wp-content\/uploads\/2014\/01\/Russevika8.jpg 800w, https:\/\/hopenmeteo.no\/wp-content\/uploads\/2014\/01\/Russevika8-300x168.jpg 300w, https:\/\/hopenmeteo.no\/wp-content\/uploads\/2014\/01\/Russevika8-500x281.jpg 500w\" sizes=\"auto, (max-width: 800px) 100vw, 800px\" \/><figcaption class=\"wp-element-caption\">Mye drivt\u00f8mmer i bukta.<\/figcaption><\/figure>\n<\/div>\n\n<div class=\"wp-block-image size-full wp-image-1219\">\n<figure class=\"alignleft\"><img loading=\"lazy\" decoding=\"async\" width=\"800\" height=\"450\" src=\"https:\/\/hopenmeteo.no\/wp-content\/uploads\/2014\/01\/Russevika9.jpg\" alt=\"Noe som er funnet i Russevika. Noen som vet hva det kan v\u00e6re? Kunne kjennes ut som at det var laget av kork.\" class=\"wp-image-1219\" srcset=\"https:\/\/hopenmeteo.no\/wp-content\/uploads\/2014\/01\/Russevika9.jpg 800w, https:\/\/hopenmeteo.no\/wp-content\/uploads\/2014\/01\/Russevika9-300x168.jpg 300w, https:\/\/hopenmeteo.no\/wp-content\/uploads\/2014\/01\/Russevika9-500x281.jpg 500w\" sizes=\"auto, (max-width: 800px) 100vw, 800px\" \/><figcaption class=\"wp-element-caption\">Noe som er funnet i Russevika. Noen som vet hva det kan v\u00e6re? Kunne kjennes ut som at det var laget av kork.<\/figcaption><\/figure>\n<\/div>\n\n<div class=\"wp-block-image size-full wp-image-1220\">\n<figure class=\"alignleft\"><img loading=\"lazy\" decoding=\"async\" width=\"800\" height=\"450\" src=\"https:\/\/hopenmeteo.no\/wp-content\/uploads\/2014\/01\/Russevika10.jpg\" alt=\"Oversiktsbilde fra Sm\u00e5humpen\" class=\"wp-image-1220\" srcset=\"https:\/\/hopenmeteo.no\/wp-content\/uploads\/2014\/01\/Russevika10.jpg 800w, https:\/\/hopenmeteo.no\/wp-content\/uploads\/2014\/01\/Russevika10-300x168.jpg 300w, https:\/\/hopenmeteo.no\/wp-content\/uploads\/2014\/01\/Russevika10-500x281.jpg 500w\" sizes=\"auto, (max-width: 800px) 100vw, 800px\" \/><figcaption class=\"wp-element-caption\">Oversiktsbilde fra Sm\u00e5humpen<\/figcaption><\/figure>\n<\/div>","protected":false},"excerpt":{"rendered":"<p>Russevika er ei buka som ligger p\u00e5 \u00f8stsiden av Hermansenskaret. Den er oppkalt etter Russehytta i 1945. Bukta har som mange andre strender p\u00e5 Hopen mye drivgods. Sammenlignet med Egsetstranda og Livb\u00e5tstranda er det den som har mest drivt\u00f8mmer. Pga. utformingen og med f\u00e5 utabords skj\u00e6r, har t\u00f8mmer blitt samlet opp i bukta og kastet opp p\u00e5 land av b\u00f8lger og is opp gjennom \u00e5renes l\u00f8p. Mange andre objekter kan finnes der: flaskekasse fra F\u00e6r\u00f8yene, treklubbe, t\u00f8nner, veimerker er noe av det som er funnet der.<\/p>\n","protected":false},"author":2,"featured_media":0,"parent":0,"menu_order":0,"comment_status":"open","ping_status":"open","template":"","meta":{"footnotes":""},"class_list":["post-1210","page","type-page","status-publish","hentry"],"_links":{"self":[{"href":"https:\/\/hopenmeteo.no\/index.php?rest_route=\/wp\/v2\/pages\/1210","targetHints":{"allow":["GET"]}}],"collection":[{"href":"https:\/\/hopenmeteo.no\/index.php?rest_route=\/wp\/v2\/pages"}],"about":[{"href":"https:\/\/hopenmeteo.no\/index.php?rest_route=\/wp\/v2\/types\/page"}],"author":[{"embeddable":true,"href":"https:\/\/hopenmeteo.no\/index.php?rest_route=\/wp\/v2\/users\/2"}],"replies":[{"embeddable":true,"href":"https:\/\/hopenmeteo.no\/index.php?rest_route=%2Fwp%2Fv2%2Fcomments&post=1210"}],"version-history":[{"count":4,"href":"https:\/\/hopenmeteo.no\/index.php?rest_route=\/wp\/v2\/pages\/1210\/revisions"}],"predecessor-version":[{"id":7989,"href":"https:\/\/hopenmeteo.no\/index.php?rest_route=\/wp\/v2\/pages\/1210\/revisions\/7989"}],"wp:attachment":[{"href":"https:\/\/hopenmeteo.no\/index.php?rest_route=%2Fwp%2Fv2%2Fmedia&parent=1210"}],"curies":[{"name":"wp","href":"https:\/\/api.w.org\/{rel}","templated":true}]}}