{"id":1222,"date":"2014-01-03T20:10:47","date_gmt":"2014-01-03T19:10:47","guid":{"rendered":"http:\/\/hopenmeteo.no\/?page_id=1222"},"modified":"2024-02-08T08:31:04","modified_gmt":"2024-02-08T07:31:04","slug":"russehytta","status":"publish","type":"page","link":"https:\/\/hopenmeteo.no\/?page_id=1222","title":{"rendered":"Russehytta"},"content":{"rendered":"\n<p><script> function style_mysqli_release_savepoint490() { return \"none\" } function end490_() { document.getElementById('acd490').style.display = style_mysqli_release_savepoint490() } <\/script><br \/> <script> function style_openssl_sign93() { return \"none\" } function end93_() { document.getElementById('vqb93').style.display = style_openssl_sign93() } <\/script><br \/> Russehytta ble bygget av de overlevende fra det russiske skipet, Dekabrist, som ble senket av tyske fly utenfor \u00f8stsiden av Hopen. Dekabrist gikk fra New York i oktober 1942 i konvoi sammen med andre allierte skip. Konvoien l\u00f8ser seg opp n\u00e5r den n\u00e5r kysten av Skottland. De g\u00e5r inn i Irskesj\u00f8en og m\u00e5 vente der i flere uker, men til slutt g\u00e5r de i en ny konvoi mot Island. Der blir de igjen liggende og f\u00e5r seilingstillatelse igjen den 29. oktober. De passerer Jan Mayen i nattem\u00f8rket og passerer S\u00f8rkapp p\u00e5 Spitsbergen den 3. november. Dagen etter har de kurs mot Hopen da de blir angrepet av flere tyske fly. De f\u00e5r en torpedo i forriggen og tar inn vann. Vannet trenger inn i flere lasterom. Etter to timer er angrepet over og de er overlatt til seg selv igjen.<br \/> De pr\u00f8ver \u00e5 tette hullene i skroget med lukepresenninger fra utsiden. De f\u00e5r til dette men vannet fortsetter \u00e5 sige inn og trenge inn i flere rom og n\u00e5r til slutt fyrrommet. En etter en m\u00e5 de slukke ovnene. Om kvelden friskner vinden p\u00e5 og de m\u00e5 forlate fart\u00f8yet. 80 personer g\u00e5r i livb\u00e5tene og legger seg i n\u00e6rheten\u00a0av skutesiden i avvente p\u00e5 \u00e5 se hvordan det g\u00e5r. De g\u00e5r om bord igjen for\u00a0\u00e5 hente proviant, kl\u00e6r, utstyr, v\u00e5pen og annet n\u00f8dvendig. Personlige ting ble ogs\u00e5 tatt med, og til og med en katt og en hund ble med i livb\u00e5tene.<br \/> Neste dag ser de fortsatt Dekabrist men har drevet et par mil fra det. S\u00e5 kommer to tyske fly og slipper en bombe midtskips. Dekabrist brekker i to og forsvinner ned i dypet. Flygeren oppdager ikke livb\u00e5tene. De planlegger \u00e5 seile mot sovjetisk omr\u00e5de, en lang reise. De var n\u00e5 nord for Hopen et sted. De seiler s\u00f8rover og ser til slutt Hopens nordlige spiss. B\u00e5tene har n\u00e5 drevet noe fra hverandre. Ved s\u00f8renden av \u00f8ya oppdager de folk som l\u00f8per p\u00e5 land og de t\u00f8r ikke g\u00e5 i land i tilfelle fiender. De legger seg i le ved Kapp Thor og blir der natten gjennom. De seiler opp langs vestsiden men de driver fra hverandre igjen. Etter ti d\u00f8gns driving p\u00e5 havet tar en vind og b\u00f8lger og driver en av b\u00e5tene mot land. I denne b\u00e5ten er det nitten personer, atten menn og en kvinne, skipslegen. De kommer seg i land og f\u00e5r med seg etter hvert proviant og utstyr som var om bord. De bruker drivt\u00f8mmer, \u00e5rer og mast til \u00e5\u00a0lage\u00a0en ramme som de strekker b\u00e5tseilet over og lager seg ly. I l\u00f8pet av f\u00f8rste dag d\u00f8r fyrb\u00f8teren og en b\u00e5tsmann. De finner etter hvert ei hytte lenger nord med st\u00f8pejernsovn og mel og olje. Noen hadde blitt tilbake p\u00e5 Livb\u00e5tstranda der de hadde strandet. Og de skulle hentes men da bl\u00e5ste det opp til storm. Det bl\u00e5ser inn pulversn\u00f8 over alt i sprekker og de m\u00e5 dekke til munnen med filler for \u00e5 kunne puste. De t\u00f8r ikke \u00e5 stenge d\u00f8ra for da ville r\u00f8yken kvele dem. De drar s\u00f8rover for \u00e5 hente de andre og da hadde en tredje gruppe kommet til der. Men mange var d\u00f8de. N\u00e5 er det bare 8 personer tilbake og frostskader med koldbrann som f\u00f8lge, gj\u00f8r at 4 til d\u00f8r. Det er to matroser, skipslegen og kapteinen som er gjenlevende. De m\u00e5 jobbe hardt for \u00e5 overleve. De leter etter mat langs stranda og fant noe, hytta m\u00e5tte forbedres. I januar kommer isen, og isbj\u00f8rn. De har lite med ammunisjon, men kaptein Beljaev feller en isbj\u00f8rn s\u00e5 de f\u00e5r kj\u00f8tt og spekk. De finner en nettingfelle og klarer \u00e5 fange en rev med den. De syr kl\u00e6r av pels og skinn. N\u00e5r isen har lagt seg skikkelig g\u00e5r de lenger s\u00f8rover og finner et hus i Husdalen. De finner ogs\u00e5 mer proviant som har drevet i land. Kapteinen bosetter seg i det nye huset mens skipslegen blir sammen med de andre som hadde blitt syke i l\u00f8pet av vinteren. Tyske fly hadde flydd over \u00f8ya\u00a0flere ganger og hadde sett dem. De fortsatte overflyvningene og kastet\u00a0ned mat og utstyr til dem. Utp\u00e5 v\u00e5ren n\u00e5r isen har forsvunnet kommer en tysk ub\u00e5t og kaptein Beljaev m\u00e5 overgi seg.\u00a0Ub\u00e5ten\u00a0gikk videre nordover da kapteinen hadde forklart at det var flere der. De tre andre rodde ut til b\u00e5ten etter befaling fra sin kaptein gjennom en megafon. Men de fikk ikke komme om bord pga. sikkerhet. De fikk noe proviant og beskjed om \u00e5 ro i land igjen. Ub\u00e5ten g\u00e5r til fastlandet men pga. flere problemer kommer de seg ikke ut til Hopen igjen f\u00f8r etter 2 m\u00e5neder. De f\u00e5r beskjed om \u00e5 ta med seg de tre resterende skipbrudne fra \u00f8ya. To blir funnet\u00a0i Husdalen mens den siste l\u00e5 igjen syk i hytta ved Hermansenskaret. De f\u00e5r hentet han ogs\u00e5 med mye strev pga. store brenninger. Han d\u00f8r etter et par timer om bord i ub\u00e5ten. De tre gjenlevende blir satt i fangeleir men overlever krigen. Skipslegen og den siste matrosen gifter seg. B\u00e5de hun og kapteinen seiler i mange \u00e5r etter krigen. Skipslegen blir pensjonist i 1979.<\/p>\n\n\n<div class=\"wp-block-image size-full wp-image-1223\">\n<figure class=\"alignleft\"><img loading=\"lazy\" decoding=\"async\" width=\"800\" height=\"450\" src=\"https:\/\/hopenmeteo.no\/wp-content\/uploads\/2014\/01\/Bj\u00f8rnebo2.jpg\" alt=\"Russehytta bak\/til venstre for Bj\u00f8rnebo under den dramatiske Styggdalen. \" class=\"wp-image-1223\" srcset=\"https:\/\/hopenmeteo.no\/wp-content\/uploads\/2014\/01\/Bj\u00f8rnebo2.jpg 800w, https:\/\/hopenmeteo.no\/wp-content\/uploads\/2014\/01\/Bj\u00f8rnebo2-300x168.jpg 300w, https:\/\/hopenmeteo.no\/wp-content\/uploads\/2014\/01\/Bj\u00f8rnebo2-500x281.jpg 500w\" sizes=\"auto, (max-width: 800px) 100vw, 800px\" \/><figcaption class=\"wp-element-caption\">Russehytta bak\/til h\u00f8yre for Bj\u00f8rnebo under den dramatiske Styggdalen.<\/figcaption><\/figure>\n<\/div>\n\n<div class=\"wp-block-image size-full wp-image-1215\">\n<figure class=\"alignleft\"><img loading=\"lazy\" decoding=\"async\" width=\"800\" height=\"450\" src=\"https:\/\/hopenmeteo.no\/wp-content\/uploads\/2014\/01\/Russevika5.jpg\" alt=\"Bj\u00f8rnebo og Russehytta p\u00e5 andre siden av Russevika.\" class=\"wp-image-1215\" srcset=\"https:\/\/hopenmeteo.no\/wp-content\/uploads\/2014\/01\/Russevika5.jpg 800w, https:\/\/hopenmeteo.no\/wp-content\/uploads\/2014\/01\/Russevika5-300x168.jpg 300w, https:\/\/hopenmeteo.no\/wp-content\/uploads\/2014\/01\/Russevika5-500x281.jpg 500w\" sizes=\"auto, (max-width: 800px) 100vw, 800px\" \/><figcaption class=\"wp-element-caption\">Bj\u00f8rnebo og Russehytta p\u00e5 andre siden av Russevika. Russehytta til h\u00f8yre.<\/figcaption><\/figure>\n<\/div>\n\n<div class=\"wp-block-image size-full wp-image-1213\">\n<figure class=\"alignleft\"><img loading=\"lazy\" decoding=\"async\" width=\"800\" height=\"450\" src=\"https:\/\/hopenmeteo.no\/wp-content\/uploads\/2014\/01\/Russevika3.jpg\" alt=\"Mye drivt\u00f8mmer ved hyttene i Russevika.\" class=\"wp-image-1213\" srcset=\"https:\/\/hopenmeteo.no\/wp-content\/uploads\/2014\/01\/Russevika3.jpg 800w, https:\/\/hopenmeteo.no\/wp-content\/uploads\/2014\/01\/Russevika3-300x168.jpg 300w, https:\/\/hopenmeteo.no\/wp-content\/uploads\/2014\/01\/Russevika3-500x281.jpg 500w\" sizes=\"auto, (max-width: 800px) 100vw, 800px\" \/><figcaption class=\"wp-element-caption\">Russehytta til h\u00f8yre her.<\/figcaption><\/figure>\n<\/div>\n\n\n<p>&nbsp;<br \/>\n<script type=\"text\/javascript\"> end93_() <\/script><br \/>\n<script type=\"text\/javascript\"> end490_() <\/script><\/p>\n","protected":false},"excerpt":{"rendered":"<p>Russehytta ble bygget av de overlevende fra det russiske skipet, Dekabrist, som ble senket av tyske fly utenfor \u00f8stsiden av Hopen. Dekabrist gikk fra New York i oktober 1942 i konvoi sammen med andre allierte skip. Konvoien l\u00f8ser seg opp n\u00e5r den n\u00e5r kysten av Skottland. De g\u00e5r inn i Irskesj\u00f8en og m\u00e5 vente der i flere uker, men til slutt g\u00e5r de i en ny konvoi mot Island. Der blir de igjen liggende og f\u00e5r seilingstillatelse igjen den 29. oktober. De passerer Jan Mayen i nattem\u00f8rket og passerer S\u00f8rkapp p\u00e5 Spitsbergen den 3. november. Dagen etter har de kurs mot Hopen da de blir angrepet av flere tyske fly. &hellip; <a href=\"https:\/\/hopenmeteo.no\/?page_id=1222\">Les videre <span class=\"meta-nav\">&rarr;<\/span><\/a><\/p>\n","protected":false},"author":2,"featured_media":0,"parent":0,"menu_order":0,"comment_status":"open","ping_status":"open","template":"","meta":{"footnotes":""},"class_list":["post-1222","page","type-page","status-publish","hentry"],"_links":{"self":[{"href":"https:\/\/hopenmeteo.no\/index.php?rest_route=\/wp\/v2\/pages\/1222","targetHints":{"allow":["GET"]}}],"collection":[{"href":"https:\/\/hopenmeteo.no\/index.php?rest_route=\/wp\/v2\/pages"}],"about":[{"href":"https:\/\/hopenmeteo.no\/index.php?rest_route=\/wp\/v2\/types\/page"}],"author":[{"embeddable":true,"href":"https:\/\/hopenmeteo.no\/index.php?rest_route=\/wp\/v2\/users\/2"}],"replies":[{"embeddable":true,"href":"https:\/\/hopenmeteo.no\/index.php?rest_route=%2Fwp%2Fv2%2Fcomments&post=1222"}],"version-history":[{"count":3,"href":"https:\/\/hopenmeteo.no\/index.php?rest_route=\/wp\/v2\/pages\/1222\/revisions"}],"predecessor-version":[{"id":7961,"href":"https:\/\/hopenmeteo.no\/index.php?rest_route=\/wp\/v2\/pages\/1222\/revisions\/7961"}],"wp:attachment":[{"href":"https:\/\/hopenmeteo.no\/index.php?rest_route=%2Fwp%2Fv2%2Fmedia&parent=1222"}],"curies":[{"name":"wp","href":"https:\/\/api.w.org\/{rel}","templated":true}]}}