{"id":1228,"date":"2014-01-03T20:36:10","date_gmt":"2014-01-03T19:36:10","guid":{"rendered":"http:\/\/hopenmeteo.no\/?page_id=1228"},"modified":"2024-02-08T09:33:29","modified_gmt":"2024-02-08T08:33:29","slug":"bjornebo","status":"publish","type":"page","link":"https:\/\/hopenmeteo.no\/?page_id=1228","title":{"rendered":"Bj\u00f8rnebo"},"content":{"rendered":"\n<p>Bj\u00f8rnebo ligger p\u00e5 \u00f8stsiden av Hermansenskaret. Den ligger bare 100 meter \u00f8st for Russehytta. Bj\u00f8rnebo inneholdt de bekvemmeligheter en trengte for \u00e5 kunne overnatte der og bruktes en del av besetningen p\u00e5 Hopen. Se dette innlegget om mange isbj\u00f8rn ved Bj\u00f8rnebo: <a href=\"https:\/\/hopenmeteo.no\/wp-admin\/post.php?post=4664\">https:\/\/hopenmeteo.no\/wp-admin\/post.php?post=4664<\/a><\/p>\n\n\n<div class=\"wp-block-image\">\n<figure class=\"alignleft\"><img loading=\"lazy\" decoding=\"async\" width=\"800\" height=\"450\" src=\"https:\/\/hopenmeteo.no\/wp-content\/uploads\/2014\/01\/Bj\u00f8rnebo1.jpg\" alt=\"Bj\u00f8rnebo1\" class=\"wp-image-1229\" srcset=\"https:\/\/hopenmeteo.no\/wp-content\/uploads\/2014\/01\/Bj\u00f8rnebo1.jpg 800w, https:\/\/hopenmeteo.no\/wp-content\/uploads\/2014\/01\/Bj\u00f8rnebo1-300x168.jpg 300w, https:\/\/hopenmeteo.no\/wp-content\/uploads\/2014\/01\/Bj\u00f8rnebo1-500x281.jpg 500w\" sizes=\"auto, (max-width: 800px) 100vw, 800px\" \/><\/figure>\n<\/div>\n\n\n<dl class=\"wp-caption alignleft\" id=\"attachment_1223\" style=\"width: 810px;\">\n<dt class=\"wp-caption-dt\"><img loading=\"lazy\" decoding=\"async\" class=\"size-full wp-image-1223\" alt=\"Russehytta bak\/til venstre for Bj\u00f8rnebo under den dramatiske Styggdalen. \" src=\"https:\/\/hopenmeteo.no\/wp-content\/uploads\/2014\/01\/Bj\u00f8rnebo2.jpg\" width=\"800\" height=\"450\" srcset=\"https:\/\/hopenmeteo.no\/wp-content\/uploads\/2014\/01\/Bj\u00f8rnebo2.jpg 800w, https:\/\/hopenmeteo.no\/wp-content\/uploads\/2014\/01\/Bj\u00f8rnebo2-300x168.jpg 300w, https:\/\/hopenmeteo.no\/wp-content\/uploads\/2014\/01\/Bj\u00f8rnebo2-500x281.jpg 500w\" sizes=\"auto, (max-width: 800px) 100vw, 800px\" \/><\/dt>\n<dd class=\"wp-caption-dd\">Bj\u00f8rnebo under den dramatiske Styggdalen.<\/dd>\n<\/dl>\n\n\n\n<dl class=\"wp-caption alignleft\" id=\"attachment_1213\" style=\"width: 810px;\">\n<dt class=\"wp-caption-dt\"><img loading=\"lazy\" decoding=\"async\" class=\"size-full wp-image-1213\" alt=\"Mye drivt\u00f8mmer ved hyttene i Russevika.\" src=\"https:\/\/hopenmeteo.no\/wp-content\/uploads\/2014\/01\/Russevika3.jpg\" width=\"800\" height=\"450\" srcset=\"https:\/\/hopenmeteo.no\/wp-content\/uploads\/2014\/01\/Russevika3.jpg 800w, https:\/\/hopenmeteo.no\/wp-content\/uploads\/2014\/01\/Russevika3-300x168.jpg 300w, https:\/\/hopenmeteo.no\/wp-content\/uploads\/2014\/01\/Russevika3-500x281.jpg 500w\" sizes=\"auto, (max-width: 800px) 100vw, 800px\" \/><\/dt>\n<dd class=\"wp-caption-dd\">Mye drivt\u00f8mmer ved hyttene i Russevika. Bj\u00f8rnebo til venstre.<\/dd>\n<\/dl>\n\n\n\n<dl class=\"wp-caption alignleft\" id=\"attachment_1220\" style=\"width: 810px;\">\n<dt class=\"wp-caption-dt\"><img loading=\"lazy\" decoding=\"async\" class=\"size-full wp-image-1220\" alt=\"Oversiktsbilde fra Sm\u00e5humpen\" src=\"https:\/\/hopenmeteo.no\/wp-content\/uploads\/2014\/01\/Russevika10.jpg\" width=\"800\" height=\"450\" srcset=\"https:\/\/hopenmeteo.no\/wp-content\/uploads\/2014\/01\/Russevika10.jpg 800w, https:\/\/hopenmeteo.no\/wp-content\/uploads\/2014\/01\/Russevika10-300x168.jpg 300w, https:\/\/hopenmeteo.no\/wp-content\/uploads\/2014\/01\/Russevika10-500x281.jpg 500w\" sizes=\"auto, (max-width: 800px) 100vw, 800px\" \/><\/dt>\n<dd class=\"wp-caption-dd\">Oversiktsbilde fra Sm\u00e5humpen. Bj\u00f8rnebo ligger n\u00e6rmest stranda.<\/dd>\n<\/dl>\n\n\n\n<p><script type=\"text\/javascript\"> end153_() <\/script><\/p>\n","protected":false},"excerpt":{"rendered":"<p>Bj\u00f8rnebo ligger p\u00e5 \u00f8stsiden av Hermansenskaret. Den ligger bare 100 meter \u00f8st for Russehytta. Bj\u00f8rnebo inneholdt de bekvemmeligheter en trengte for \u00e5 kunne overnatte der og bruktes en del av besetningen p\u00e5 Hopen. Se dette innlegget om mange isbj\u00f8rn ved Bj\u00f8rnebo: https:\/\/hopenmeteo.no\/wp-admin\/post.php?post=4664 Bj\u00f8rnebo under den dramatiske Styggdalen. Mye drivt\u00f8mmer ved hyttene i Russevika. Bj\u00f8rnebo til venstre. Oversiktsbilde fra Sm\u00e5humpen. Bj\u00f8rnebo ligger n\u00e6rmest stranda.<\/p>\n","protected":false},"author":2,"featured_media":0,"parent":0,"menu_order":0,"comment_status":"open","ping_status":"open","template":"","meta":{"footnotes":""},"class_list":["post-1228","page","type-page","status-publish","hentry"],"_links":{"self":[{"href":"https:\/\/hopenmeteo.no\/index.php?rest_route=\/wp\/v2\/pages\/1228","targetHints":{"allow":["GET"]}}],"collection":[{"href":"https:\/\/hopenmeteo.no\/index.php?rest_route=\/wp\/v2\/pages"}],"about":[{"href":"https:\/\/hopenmeteo.no\/index.php?rest_route=\/wp\/v2\/types\/page"}],"author":[{"embeddable":true,"href":"https:\/\/hopenmeteo.no\/index.php?rest_route=\/wp\/v2\/users\/2"}],"replies":[{"embeddable":true,"href":"https:\/\/hopenmeteo.no\/index.php?rest_route=%2Fwp%2Fv2%2Fcomments&post=1228"}],"version-history":[{"count":4,"href":"https:\/\/hopenmeteo.no\/index.php?rest_route=\/wp\/v2\/pages\/1228\/revisions"}],"predecessor-version":[{"id":7990,"href":"https:\/\/hopenmeteo.no\/index.php?rest_route=\/wp\/v2\/pages\/1228\/revisions\/7990"}],"wp:attachment":[{"href":"https:\/\/hopenmeteo.no\/index.php?rest_route=%2Fwp%2Fv2%2Fmedia&parent=1228"}],"curies":[{"name":"wp","href":"https:\/\/api.w.org\/{rel}","templated":true}]}}