{"id":1231,"date":"2014-01-03T20:41:48","date_gmt":"2014-01-03T19:41:48","guid":{"rendered":"http:\/\/hopenmeteo.no\/?page_id=1231"},"modified":"2024-02-08T09:34:36","modified_gmt":"2024-02-08T08:34:36","slug":"styggdalen","status":"publish","type":"page","link":"https:\/\/hopenmeteo.no\/?page_id=1231","title":{"rendered":"Styggdalen"},"content":{"rendered":"\n<p>Styggdalen er ei dyp kl\u00f8ft som g\u00e5r ned rett fra Johan Hjortfjellet \u00f8stover og ned til hyttene ved Russevika. Den er dramatisk og bratt men er en fin snarvei ned fra fjellet.\u00a0Det renner en\u00a0bekk ned gjennom dalen\u00a0som gir en grei vannforsyning sommerstid til hytteovernatting.<\/p>\n\n\n<div class=\"wp-block-image size-full wp-image-1223\">\n<figure class=\"alignleft\"><img loading=\"lazy\" decoding=\"async\" width=\"800\" height=\"450\" src=\"https:\/\/hopenmeteo.no\/wp-content\/uploads\/2014\/01\/Bj\u00f8rnebo2.jpg\" alt=\"Russehytta bak\/til venstre for Bj\u00f8rnebo under den dramatiske Styggdalen. \" class=\"wp-image-1223\" srcset=\"https:\/\/hopenmeteo.no\/wp-content\/uploads\/2014\/01\/Bj\u00f8rnebo2.jpg 800w, https:\/\/hopenmeteo.no\/wp-content\/uploads\/2014\/01\/Bj\u00f8rnebo2-300x168.jpg 300w, https:\/\/hopenmeteo.no\/wp-content\/uploads\/2014\/01\/Bj\u00f8rnebo2-500x281.jpg 500w\" sizes=\"auto, (max-width: 800px) 100vw, 800px\" \/><figcaption class=\"wp-element-caption\">Russehytta bak\/til venstre for Bj\u00f8rnebo under den dramatiske Styggdalen.<\/figcaption><\/figure>\n<\/div>\n\n\n<dl class=\"wp-caption alignleft\" id=\"attachment_1672\" style=\"width: 510px;\">\n<dt class=\"wp-caption-dt\"><img loading=\"lazy\" decoding=\"async\" class=\"size-full wp-image-1672\" alt=\"Kenneth sliter seg opp det bratteste partiet av Styggdalen.\" src=\"https:\/\/hopenmeteo.no\/wp-content\/uploads\/2014\/02\/DSC_2449.jpg\" width=\"500\" height=\"331\" srcset=\"https:\/\/hopenmeteo.no\/wp-content\/uploads\/2014\/02\/DSC_2449.jpg 500w, https:\/\/hopenmeteo.no\/wp-content\/uploads\/2014\/02\/DSC_2449-300x198.jpg 300w, https:\/\/hopenmeteo.no\/wp-content\/uploads\/2014\/02\/DSC_2449-453x300.jpg 453w\" sizes=\"auto, (max-width: 500px) 100vw, 500px\" \/><\/dt>\n<dd class=\"wp-caption-dd\">Et besetningsmedlem &nbsp;sliter seg opp det bratteste partiet av Styggdalen.<\/dd>\n<\/dl>\n\n\n<div class=\"wp-block-image size-full wp-image-1671\">\n<figure class=\"alignleft\"><img loading=\"lazy\" decoding=\"async\" width=\"500\" height=\"331\" src=\"https:\/\/hopenmeteo.no\/wp-content\/uploads\/2014\/02\/DSC_2453.jpg\" alt=\"Kenneth sniker seg forbi Styggdalsh\u00f8let \n \n. \" class=\"wp-image-1671\" srcset=\"https:\/\/hopenmeteo.no\/wp-content\/uploads\/2014\/02\/DSC_2453.jpg 500w, https:\/\/hopenmeteo.no\/wp-content\/uploads\/2014\/02\/DSC_2453-300x198.jpg 300w, https:\/\/hopenmeteo.no\/wp-content\/uploads\/2014\/02\/DSC_2453-453x300.jpg 453w\" sizes=\"auto, (max-width: 500px) 100vw, 500px\" \/><figcaption class=\"wp-element-caption\">Her m\u00e5 en&nbsp;snike seg forbi Styggdalsh\u00f8let.<\/figcaption><\/figure>\n<\/div>","protected":false},"excerpt":{"rendered":"<p>Styggdalen er ei dyp kl\u00f8ft som g\u00e5r ned rett fra Johan Hjortfjellet \u00f8stover og ned til hyttene ved Russevika. Den er dramatisk og bratt men er en fin snarvei ned fra fjellet.\u00a0Det renner en\u00a0bekk ned gjennom dalen\u00a0som gir en grei vannforsyning sommerstid til hytteovernatting. Et besetningsmedlem &nbsp;sliter seg opp det bratteste partiet av Styggdalen.<\/p>\n","protected":false},"author":2,"featured_media":0,"parent":0,"menu_order":0,"comment_status":"open","ping_status":"open","template":"","meta":{"footnotes":""},"class_list":["post-1231","page","type-page","status-publish","hentry"],"_links":{"self":[{"href":"https:\/\/hopenmeteo.no\/index.php?rest_route=\/wp\/v2\/pages\/1231","targetHints":{"allow":["GET"]}}],"collection":[{"href":"https:\/\/hopenmeteo.no\/index.php?rest_route=\/wp\/v2\/pages"}],"about":[{"href":"https:\/\/hopenmeteo.no\/index.php?rest_route=\/wp\/v2\/types\/page"}],"author":[{"embeddable":true,"href":"https:\/\/hopenmeteo.no\/index.php?rest_route=\/wp\/v2\/users\/2"}],"replies":[{"embeddable":true,"href":"https:\/\/hopenmeteo.no\/index.php?rest_route=%2Fwp%2Fv2%2Fcomments&post=1231"}],"version-history":[{"count":5,"href":"https:\/\/hopenmeteo.no\/index.php?rest_route=\/wp\/v2\/pages\/1231\/revisions"}],"predecessor-version":[{"id":7991,"href":"https:\/\/hopenmeteo.no\/index.php?rest_route=\/wp\/v2\/pages\/1231\/revisions\/7991"}],"wp:attachment":[{"href":"https:\/\/hopenmeteo.no\/index.php?rest_route=%2Fwp%2Fv2%2Fmedia&parent=1231"}],"curies":[{"name":"wp","href":"https:\/\/api.w.org\/{rel}","templated":true}]}}