{"id":1234,"date":"2014-01-03T23:19:29","date_gmt":"2014-01-03T22:19:29","guid":{"rendered":"http:\/\/hopenmeteo.no\/?page_id=1234"},"modified":"2024-02-08T09:35:57","modified_gmt":"2024-02-08T08:35:57","slug":"johan-hjortfjellet","status":"publish","type":"page","link":"https:\/\/hopenmeteo.no\/?page_id=1234","title":{"rendered":"Johan Hjortfjellet"},"content":{"rendered":"\n<p>Johan Hjortfjellet er oppkalt etter Johan Hjort som var marinbiolog og professor. Fjellet ligger p\u00e5 norddelen av fjellplat\u00e5et som ligger nord for stasjonsomr\u00e5det, er\u00a0306 meter hyt\u00a0og ender i <a title=\"Hermansenskaret\" href=\"https:\/\/hopenmeteo.no\/?page_id=1194\">Hermansenskaret<\/a>. Ned fra fjellet g\u00e5r <a title=\"Styggdalen\" href=\"https:\/\/hopenmeteo.no\/?page_id=1231\">Styggdalen<\/a>\u00a0ned til hyttene <a title=\"Bj\u00f8rnebo\" href=\"https:\/\/hopenmeteo.no\/?page_id=1228\">Bj\u00f8rnebo <\/a>og <a title=\"Russehytta\" href=\"https:\/\/hopenmeteo.no\/?page_id=1222\">Russehytta<\/a>. Mer info om Johan Hjort kan du finne p\u00e5 <a href=\"http:\/\/no.wikipedia.org\/wiki\/Johan_Hjort_(1869%E2%80%931948)\">Wikipedia<\/a>.<\/p>\n\n\n<div class=\"wp-block-image size-full wp-image-1242\">\n<figure class=\"alignleft\"><img loading=\"lazy\" decoding=\"async\" width=\"800\" height=\"450\" src=\"https:\/\/hopenmeteo.no\/wp-content\/uploads\/2014\/01\/Johan-Hjort6.jpg\" alt=\"Utsikt fra Kollerfjellet med hele Johan Hjortfjellplat\u00e5et mot nord.\" class=\"wp-image-1242\" srcset=\"https:\/\/hopenmeteo.no\/wp-content\/uploads\/2014\/01\/Johan-Hjort6.jpg 800w, https:\/\/hopenmeteo.no\/wp-content\/uploads\/2014\/01\/Johan-Hjort6-300x168.jpg 300w, https:\/\/hopenmeteo.no\/wp-content\/uploads\/2014\/01\/Johan-Hjort6-500x281.jpg 500w\" sizes=\"auto, (max-width: 800px) 100vw, 800px\" \/><figcaption class=\"wp-element-caption\">Utsikt fra Kollerfjellet med hele Johan Hjortfjellplat\u00e5et mot nord.<\/figcaption><\/figure>\n<\/div>\n\n<div class=\"wp-block-image\">\n<figure class=\"alignleft\"><img loading=\"lazy\" decoding=\"async\" width=\"800\" height=\"450\" src=\"https:\/\/hopenmeteo.no\/wp-content\/uploads\/2014\/01\/Johan-Hjort5.jpg\" alt=\"Johan Hjortfjellet5\" class=\"wp-image-1241\" srcset=\"https:\/\/hopenmeteo.no\/wp-content\/uploads\/2014\/01\/Johan-Hjort5.jpg 800w, https:\/\/hopenmeteo.no\/wp-content\/uploads\/2014\/01\/Johan-Hjort5-300x168.jpg 300w, https:\/\/hopenmeteo.no\/wp-content\/uploads\/2014\/01\/Johan-Hjort5-500x281.jpg 500w\" sizes=\"auto, (max-width: 800px) 100vw, 800px\" \/><\/figure>\n<\/div>\n\n<div class=\"wp-block-image size-full wp-image-1236\">\n<figure class=\"alignleft\"><img loading=\"lazy\" decoding=\"async\" width=\"800\" height=\"450\" src=\"https:\/\/hopenmeteo.no\/wp-content\/uploads\/2014\/01\/Johan-Hjort2.jpg\" alt=\"Utsikt fra Johan Hjortfjellet mot Sm\u00e5humpen. Sv\u00e6rt lite vegetasjon der.\" class=\"wp-image-1236\" srcset=\"https:\/\/hopenmeteo.no\/wp-content\/uploads\/2014\/01\/Johan-Hjort2.jpg 800w, https:\/\/hopenmeteo.no\/wp-content\/uploads\/2014\/01\/Johan-Hjort2-300x168.jpg 300w, https:\/\/hopenmeteo.no\/wp-content\/uploads\/2014\/01\/Johan-Hjort2-500x281.jpg 500w\" sizes=\"auto, (max-width: 800px) 100vw, 800px\" \/><figcaption class=\"wp-element-caption\">Utsikt fra Johan Hjortfjellet mot Sm\u00e5humpen. Sv\u00e6rt lite vegetasjon der.<\/figcaption><\/figure>\n<\/div>\n\n<div class=\"wp-block-image size-full wp-image-1240\">\n<figure class=\"alignleft\"><img loading=\"lazy\" decoding=\"async\" width=\"800\" height=\"450\" src=\"https:\/\/hopenmeteo.no\/wp-content\/uploads\/2014\/01\/Johan-Hjort8.jpg\" alt=\"Johan Hjortfjellet sett fra sj\u00f8en p\u00e5 \u00f8stsiden og med  motlys.\" class=\"wp-image-1240\" srcset=\"https:\/\/hopenmeteo.no\/wp-content\/uploads\/2014\/01\/Johan-Hjort8.jpg 800w, https:\/\/hopenmeteo.no\/wp-content\/uploads\/2014\/01\/Johan-Hjort8-300x168.jpg 300w, https:\/\/hopenmeteo.no\/wp-content\/uploads\/2014\/01\/Johan-Hjort8-500x281.jpg 500w\" sizes=\"auto, (max-width: 800px) 100vw, 800px\" \/><figcaption class=\"wp-element-caption\">Johan Hjortfjellet sett fra sj\u00f8en p\u00e5 \u00f8stsiden og med motlys.<\/figcaption><\/figure>\n<\/div>\n\n<div class=\"wp-block-image size-full wp-image-1239\">\n<figure class=\"alignleft\"><img loading=\"lazy\" decoding=\"async\" width=\"800\" height=\"450\" src=\"https:\/\/hopenmeteo.no\/wp-content\/uploads\/2014\/01\/Johan-Hjort7.jpg\" alt=\"Johan Hjortfjellet sett fra sj\u00f8en litt s\u00f8r\u00f8st for fjellet.\" class=\"wp-image-1239\" srcset=\"https:\/\/hopenmeteo.no\/wp-content\/uploads\/2014\/01\/Johan-Hjort7.jpg 800w, https:\/\/hopenmeteo.no\/wp-content\/uploads\/2014\/01\/Johan-Hjort7-300x168.jpg 300w, https:\/\/hopenmeteo.no\/wp-content\/uploads\/2014\/01\/Johan-Hjort7-500x281.jpg 500w\" sizes=\"auto, (max-width: 800px) 100vw, 800px\" \/><figcaption class=\"wp-element-caption\">Johan Hjortfjellet sett fra sj\u00f8en litt s\u00f8r\u00f8st for fjellet.<\/figcaption><\/figure>\n<\/div>\n\n<div class=\"wp-block-image size-full wp-image-1238\">\n<figure class=\"alignleft\"><img loading=\"lazy\" decoding=\"async\" width=\"800\" height=\"450\" src=\"https:\/\/hopenmeteo.no\/wp-content\/uploads\/2014\/01\/Johan-Hjort4.jpg\" alt=\"Sparsom med vegetasjon.\" class=\"wp-image-1238\" srcset=\"https:\/\/hopenmeteo.no\/wp-content\/uploads\/2014\/01\/Johan-Hjort4.jpg 800w, https:\/\/hopenmeteo.no\/wp-content\/uploads\/2014\/01\/Johan-Hjort4-300x168.jpg 300w, https:\/\/hopenmeteo.no\/wp-content\/uploads\/2014\/01\/Johan-Hjort4-500x281.jpg 500w\" sizes=\"auto, (max-width: 800px) 100vw, 800px\" \/><figcaption class=\"wp-element-caption\">Sparsomt med vegetasjon.<\/figcaption><\/figure>\n<\/div>\n\n<div class=\"wp-block-image size-full wp-image-1237\">\n<figure class=\"alignleft\"><img loading=\"lazy\" decoding=\"async\" width=\"800\" height=\"450\" src=\"https:\/\/hopenmeteo.no\/wp-content\/uploads\/2014\/01\/Johan-Hjort3.jpg\" alt=\"Merkverdig formasjon i grunnen skapt av frost og smeltevann i grunnen.\" class=\"wp-image-1237\" srcset=\"https:\/\/hopenmeteo.no\/wp-content\/uploads\/2014\/01\/Johan-Hjort3.jpg 800w, https:\/\/hopenmeteo.no\/wp-content\/uploads\/2014\/01\/Johan-Hjort3-300x168.jpg 300w, https:\/\/hopenmeteo.no\/wp-content\/uploads\/2014\/01\/Johan-Hjort3-500x281.jpg 500w\" sizes=\"auto, (max-width: 800px) 100vw, 800px\" \/><figcaption class=\"wp-element-caption\">Merkverdig formasjon i grunnen skapt av frost og smeltevann i grunnen.<\/figcaption><\/figure>\n<\/div>\n\n<div class=\"wp-block-image size-full wp-image-1235\">\n<figure class=\"alignleft\"><img loading=\"lazy\" decoding=\"async\" width=\"800\" height=\"450\" src=\"https:\/\/hopenmeteo.no\/wp-content\/uploads\/2014\/01\/Johan-Hjort1.jpg\" alt=\"Det er lite vekst av vegetasjon p\u00e5 toppen av Johan Hjortfjellet. Ikke en gang mose har funnet det verdt \u00e5 klamre seg fast her.\" class=\"wp-image-1235\" srcset=\"https:\/\/hopenmeteo.no\/wp-content\/uploads\/2014\/01\/Johan-Hjort1.jpg 800w, https:\/\/hopenmeteo.no\/wp-content\/uploads\/2014\/01\/Johan-Hjort1-300x168.jpg 300w, https:\/\/hopenmeteo.no\/wp-content\/uploads\/2014\/01\/Johan-Hjort1-500x281.jpg 500w\" sizes=\"auto, (max-width: 800px) 100vw, 800px\" \/><figcaption class=\"wp-element-caption\">Det er lite vekst av vegetasjon p\u00e5 toppen av Johan Hjortfjellet. Ikke en gang mose har funnet det verdt \u00e5 klamre seg fast her.<\/figcaption><\/figure>\n<\/div>","protected":false},"excerpt":{"rendered":"<p>Johan Hjortfjellet er oppkalt etter Johan Hjort som var marinbiolog og professor. Fjellet ligger p\u00e5 norddelen av fjellplat\u00e5et som ligger nord for stasjonsomr\u00e5det, er\u00a0306 meter hyt\u00a0og ender i Hermansenskaret. Ned fra fjellet g\u00e5r Styggdalen\u00a0ned til hyttene Bj\u00f8rnebo og Russehytta. Mer info om Johan Hjort kan du finne p\u00e5 Wikipedia.<\/p>\n","protected":false},"author":2,"featured_media":0,"parent":0,"menu_order":0,"comment_status":"open","ping_status":"open","template":"","meta":{"footnotes":""},"class_list":["post-1234","page","type-page","status-publish","hentry"],"_links":{"self":[{"href":"https:\/\/hopenmeteo.no\/index.php?rest_route=\/wp\/v2\/pages\/1234","targetHints":{"allow":["GET"]}}],"collection":[{"href":"https:\/\/hopenmeteo.no\/index.php?rest_route=\/wp\/v2\/pages"}],"about":[{"href":"https:\/\/hopenmeteo.no\/index.php?rest_route=\/wp\/v2\/types\/page"}],"author":[{"embeddable":true,"href":"https:\/\/hopenmeteo.no\/index.php?rest_route=\/wp\/v2\/users\/2"}],"replies":[{"embeddable":true,"href":"https:\/\/hopenmeteo.no\/index.php?rest_route=%2Fwp%2Fv2%2Fcomments&post=1234"}],"version-history":[{"count":3,"href":"https:\/\/hopenmeteo.no\/index.php?rest_route=\/wp\/v2\/pages\/1234\/revisions"}],"predecessor-version":[{"id":7992,"href":"https:\/\/hopenmeteo.no\/index.php?rest_route=\/wp\/v2\/pages\/1234\/revisions\/7992"}],"wp:attachment":[{"href":"https:\/\/hopenmeteo.no\/index.php?rest_route=%2Fwp%2Fv2%2Fmedia&parent=1234"}],"curies":[{"name":"wp","href":"https:\/\/api.w.org\/{rel}","templated":true}]}}