{"id":1246,"date":"2014-01-04T00:24:08","date_gmt":"2014-01-03T23:24:08","guid":{"rendered":"http:\/\/hopenmeteo.no\/?page_id=1246"},"modified":"2024-02-08T09:39:15","modified_gmt":"2024-02-08T08:39:15","slug":"djupsalen","status":"publish","type":"page","link":"https:\/\/hopenmeteo.no\/?page_id=1246","title":{"rendered":"Djupsalen"},"content":{"rendered":"\n<p>Djupsalen er et svakt dals\u00f8kk som ligger mellom Kollerfjellet og <a title=\"Johan Hjortfjellet\" href=\"https:\/\/hopenmeteo.no\/?page_id=1234\">Johan Hjortfjellet<\/a>, mer hellende mot Johan Hjortfjellet. Den er en av de f\u00e5 s\u00f8kkene som heller mot vest og bekken renner ut p\u00e5 vestsiden.<\/p>\n\n\n<div class=\"wp-block-image size-full wp-image-1242\">\n<figure class=\"alignleft\"><img loading=\"lazy\" decoding=\"async\" width=\"800\" height=\"450\" src=\"https:\/\/hopenmeteo.no\/wp-content\/uploads\/2014\/01\/Johan-Hjort6.jpg\" alt=\"Utsikt fra Kollerfjellet med hele Johan Hjortfjellplat\u00e5et mot nord. Djupsalen er det som ligger i forkant av fjellet.\" class=\"wp-image-1242\" srcset=\"https:\/\/hopenmeteo.no\/wp-content\/uploads\/2014\/01\/Johan-Hjort6.jpg 800w, https:\/\/hopenmeteo.no\/wp-content\/uploads\/2014\/01\/Johan-Hjort6-300x168.jpg 300w, https:\/\/hopenmeteo.no\/wp-content\/uploads\/2014\/01\/Johan-Hjort6-500x281.jpg 500w\" sizes=\"auto, (max-width: 800px) 100vw, 800px\" \/><figcaption class=\"wp-element-caption\">Utsikt fra Kollerfjellet med hele Johan Hjortfjellplat\u00e5et mot nord. Djupsalen er det som ligger i forkant av fjellet.<\/figcaption><\/figure>\n<\/div>\n\n<div class=\"wp-block-image size-full wp-image-1249\">\n<figure class=\"alignleft\"><img loading=\"lazy\" decoding=\"async\" width=\"800\" height=\"450\" src=\"https:\/\/hopenmeteo.no\/wp-content\/uploads\/2014\/01\/Djupsalen1.jpg\" alt=\"Utsikt ned Djupsalen fra s\u00f8rkanten av Johan Hjortfjellet.\" class=\"wp-image-1249\" srcset=\"https:\/\/hopenmeteo.no\/wp-content\/uploads\/2014\/01\/Djupsalen1.jpg 800w, https:\/\/hopenmeteo.no\/wp-content\/uploads\/2014\/01\/Djupsalen1-300x168.jpg 300w, https:\/\/hopenmeteo.no\/wp-content\/uploads\/2014\/01\/Djupsalen1-500x281.jpg 500w\" sizes=\"auto, (max-width: 800px) 100vw, 800px\" \/><figcaption class=\"wp-element-caption\">Utsikt ned Djupsalen fra s\u00f8rkanten av Johan Hjortfjellet.<\/figcaption><\/figure>\n<\/div>","protected":false},"excerpt":{"rendered":"<p>Djupsalen er et svakt dals\u00f8kk som ligger mellom Kollerfjellet og Johan Hjortfjellet, mer hellende mot Johan Hjortfjellet. Den er en av de f\u00e5 s\u00f8kkene som heller mot vest og bekken renner ut p\u00e5 vestsiden.<\/p>\n","protected":false},"author":2,"featured_media":0,"parent":0,"menu_order":0,"comment_status":"open","ping_status":"open","template":"","meta":{"footnotes":""},"class_list":["post-1246","page","type-page","status-publish","hentry"],"_links":{"self":[{"href":"https:\/\/hopenmeteo.no\/index.php?rest_route=\/wp\/v2\/pages\/1246","targetHints":{"allow":["GET"]}}],"collection":[{"href":"https:\/\/hopenmeteo.no\/index.php?rest_route=\/wp\/v2\/pages"}],"about":[{"href":"https:\/\/hopenmeteo.no\/index.php?rest_route=\/wp\/v2\/types\/page"}],"author":[{"embeddable":true,"href":"https:\/\/hopenmeteo.no\/index.php?rest_route=\/wp\/v2\/users\/2"}],"replies":[{"embeddable":true,"href":"https:\/\/hopenmeteo.no\/index.php?rest_route=%2Fwp%2Fv2%2Fcomments&post=1246"}],"version-history":[{"count":3,"href":"https:\/\/hopenmeteo.no\/index.php?rest_route=\/wp\/v2\/pages\/1246\/revisions"}],"predecessor-version":[{"id":7995,"href":"https:\/\/hopenmeteo.no\/index.php?rest_route=\/wp\/v2\/pages\/1246\/revisions\/7995"}],"wp:attachment":[{"href":"https:\/\/hopenmeteo.no\/index.php?rest_route=%2Fwp%2Fv2%2Fmedia&parent=1246"}],"curies":[{"name":"wp","href":"https:\/\/api.w.org\/{rel}","templated":true}]}}