{"id":1256,"date":"2014-01-04T12:13:30","date_gmt":"2014-01-04T11:13:30","guid":{"rendered":"http:\/\/hopenmeteo.no\/?page_id=1256"},"modified":"2024-02-08T09:41:38","modified_gmt":"2024-02-08T08:41:38","slug":"kollerfjellet","status":"publish","type":"page","link":"https:\/\/hopenmeteo.no\/?page_id=1256","title":{"rendered":"Kollerfjellet"},"content":{"rendered":"\n<p>Kollerfjellet ligger p\u00e5 samme fjellplat\u00e5 som <a title=\"Johan Hjortfjellet\" href=\"https:\/\/hopenmeteo.no\/?page_id=1234\">Johan Hjortfjellet <\/a>og <a title=\"Djupsalen\" href=\"https:\/\/hopenmeteo.no\/?page_id=1246\">Djupsalen <\/a>men er p\u00e5 den s\u00f8ndre delen av plat\u00e5et. Toppen er oppkalt etter topograf Alfred Koller og er p\u00e5 304 meter over havet. Afred Koller deltok i 19 ekspedisjoner til Svalbard mellom 1906 og 1936, blant annet sammen med prins Albert av Monaco.<\/p>\n\n\n\n<p>Kollerfjellet er et av dagsturm\u00e5lene fra stasjonen, lett tilgjengelig fra stasjonen. Det beste er \u00e5 g\u00e5 opp nordre <a title=\"Husdalen\" href=\"https:\/\/hopenmeteo.no\/?page_id=1435\">Husdalen <\/a>og f\u00f8lge bekken opp til midtveis opp til <a title=\"Trollkallen\" href=\"https:\/\/hopenmeteo.no\/?page_id=1283\">Trollkallen<\/a>. Skr\u00e5 s\u00e5 nordvestover s\u00e5 du kommer p\u00e5 vestkanten omtrent der dalf\u00f8ret mellom Trollkallen og Kollerfjellet ender. F\u00f8lg s\u00e5 vestkanten opp til toppen. Denne traseen er ofte t\u00f8rrere enn om en g\u00e5r rett over dalen og opp skr\u00e5ningen p\u00e5 s\u00f8rsiden av Kollerfjellet.<\/p>\n\n\n<div class=\"wp-block-image size-full wp-image-1258\">\n<figure class=\"alignleft\"><img loading=\"lazy\" decoding=\"async\" width=\"800\" height=\"450\" src=\"https:\/\/hopenmeteo.no\/wp-content\/uploads\/2014\/01\/Koller2.jpg\" alt=\"Utsikt fra Kollerfjellet mot Werenskioldfjellet og Bj\u00f8rnstranda. En ser ogs\u00e5 ned i dals\u00f8kket rett s\u00f8r for toppen av Koller. Denne dalen renner ut rett p\u00e5 nordsiden av fuglefjellet nord for stasjonen og har en praktfull foss som st\u00e5r rett ut av bergveggen n\u00e5r det er h\u00f8y vannf\u00f8ring.\" class=\"wp-image-1258\" srcset=\"https:\/\/hopenmeteo.no\/wp-content\/uploads\/2014\/01\/Koller2.jpg 800w, https:\/\/hopenmeteo.no\/wp-content\/uploads\/2014\/01\/Koller2-300x168.jpg 300w, https:\/\/hopenmeteo.no\/wp-content\/uploads\/2014\/01\/Koller2-500x281.jpg 500w\" sizes=\"auto, (max-width: 800px) 100vw, 800px\" \/><figcaption class=\"wp-element-caption\">Utsikt fra Kollerfjellet mot Werenskioldfjellet og Bj\u00f8rnstranda. En ser ogs\u00e5 ned i dals\u00f8kket rett s\u00f8r for toppen av Koller. Denne dalen renner ut rett p\u00e5 nordsiden av fuglefjellet nord for stasjonen og har en praktfull foss som st\u00e5r rett ut av bergveggen n\u00e5r det er h\u00f8y vannf\u00f8ring.<\/figcaption><\/figure>\n<\/div>\n\n<div class=\"wp-block-image size-full wp-image-1259\">\n<figure class=\"alignleft\"><img loading=\"lazy\" decoding=\"async\" width=\"800\" height=\"450\" src=\"https:\/\/hopenmeteo.no\/wp-content\/uploads\/2014\/01\/Koller3.jpg\" alt=\"Kollerfjellet sett fra Johan Hjortfjellet med Djupsalen i mellom.\" class=\"wp-image-1259\" srcset=\"https:\/\/hopenmeteo.no\/wp-content\/uploads\/2014\/01\/Koller3.jpg 800w, https:\/\/hopenmeteo.no\/wp-content\/uploads\/2014\/01\/Koller3-300x168.jpg 300w, https:\/\/hopenmeteo.no\/wp-content\/uploads\/2014\/01\/Koller3-500x281.jpg 500w\" sizes=\"auto, (max-width: 800px) 100vw, 800px\" \/><figcaption class=\"wp-element-caption\">Kollerfjellet sett fra Johan Hjortfjellet med Djupsalen i mellom.<\/figcaption><\/figure>\n<\/div>\n\n<div class=\"wp-block-image size-full wp-image-1260\">\n<figure class=\"alignleft\"><img loading=\"lazy\" decoding=\"async\" width=\"450\" height=\"600\" src=\"https:\/\/hopenmeteo.no\/wp-content\/uploads\/2014\/01\/Bj\u00f8rnstranda-og-Koller.jpg\" alt=\"Kollerfjellet sett fra lufta med Sea King fra 330 skv. Bj\u00f8rnstranda i forkant.\" class=\"wp-image-1260\" srcset=\"https:\/\/hopenmeteo.no\/wp-content\/uploads\/2014\/01\/Bj\u00f8rnstranda-og-Koller.jpg 450w, https:\/\/hopenmeteo.no\/wp-content\/uploads\/2014\/01\/Bj\u00f8rnstranda-og-Koller-225x300.jpg 225w\" sizes=\"auto, (max-width: 450px) 100vw, 450px\" \/><figcaption class=\"wp-element-caption\">Kollerfjellet sett fra lufta med Sea King fra 330 skv. Bj\u00f8rnstranda i forkant.<\/figcaption><\/figure>\n<\/div>\n\n<div class=\"wp-block-image size-full wp-image-1261\">\n<figure class=\"alignleft\"><img loading=\"lazy\" decoding=\"async\" width=\"450\" height=\"600\" src=\"https:\/\/hopenmeteo.no\/wp-content\/uploads\/2014\/01\/Koller5.jpg\" alt=\"Vestveggen av Kollerfjellet sett fra Sea King fra 330 skv.\" class=\"wp-image-1261\" srcset=\"https:\/\/hopenmeteo.no\/wp-content\/uploads\/2014\/01\/Koller5.jpg 450w, https:\/\/hopenmeteo.no\/wp-content\/uploads\/2014\/01\/Koller5-225x300.jpg 225w\" sizes=\"auto, (max-width: 450px) 100vw, 450px\" \/><figcaption class=\"wp-element-caption\">Vestveggen av Kollerfjellet sett fra Sea King fra 330 skv.<\/figcaption><\/figure>\n<\/div>\n\n<div class=\"wp-block-image size-full wp-image-1262\">\n<figure class=\"alignleft\"><img loading=\"lazy\" decoding=\"async\" width=\"800\" height=\"450\" src=\"https:\/\/hopenmeteo.no\/wp-content\/uploads\/2014\/01\/Koller6.jpg\" alt=\"Kollerfjellets topp sett fra Bj\u00f8rnstranda.\" class=\"wp-image-1262\" srcset=\"https:\/\/hopenmeteo.no\/wp-content\/uploads\/2014\/01\/Koller6.jpg 800w, https:\/\/hopenmeteo.no\/wp-content\/uploads\/2014\/01\/Koller6-300x168.jpg 300w, https:\/\/hopenmeteo.no\/wp-content\/uploads\/2014\/01\/Koller6-500x281.jpg 500w\" sizes=\"auto, (max-width: 800px) 100vw, 800px\" \/><figcaption class=\"wp-element-caption\">Kollerfjellets topp sett fra Bj\u00f8rnstranda.<\/figcaption><\/figure>\n<\/div>\n\n<div class=\"wp-block-image size-full wp-image-1263\">\n<figure class=\"alignleft\"><img loading=\"lazy\" decoding=\"async\" width=\"800\" height=\"450\" src=\"https:\/\/hopenmeteo.no\/wp-content\/uploads\/2014\/01\/Koller7.jpg\" alt=\"Vestveggen av koller har en stor koloni av hekkende fugl. Mest krykjer, polarm\u00e5ke, teist, polarlomvi og alkekonge hekker her.\" class=\"wp-image-1263\" srcset=\"https:\/\/hopenmeteo.no\/wp-content\/uploads\/2014\/01\/Koller7.jpg 800w, https:\/\/hopenmeteo.no\/wp-content\/uploads\/2014\/01\/Koller7-300x168.jpg 300w, https:\/\/hopenmeteo.no\/wp-content\/uploads\/2014\/01\/Koller7-500x281.jpg 500w\" sizes=\"auto, (max-width: 800px) 100vw, 800px\" \/><figcaption class=\"wp-element-caption\">Vestveggen av koller har en stor koloni av hekkende fugl. Mest krykjer, polarm\u00e5ke, teist, polarlomvi og alkekonge hekker her.<\/figcaption><\/figure>\n<\/div>\n\n<div class=\"wp-block-image size-full wp-image-1264\">\n<figure class=\"alignleft\"><img loading=\"lazy\" decoding=\"async\" width=\"800\" height=\"450\" src=\"https:\/\/hopenmeteo.no\/wp-content\/uploads\/2014\/01\/Koller8.jpg\" alt=\"Vestveggen med fuglefjellet sett fra Bj\u00f8rnstranda.\" class=\"wp-image-1264\" srcset=\"https:\/\/hopenmeteo.no\/wp-content\/uploads\/2014\/01\/Koller8.jpg 800w, https:\/\/hopenmeteo.no\/wp-content\/uploads\/2014\/01\/Koller8-300x168.jpg 300w, https:\/\/hopenmeteo.no\/wp-content\/uploads\/2014\/01\/Koller8-500x281.jpg 500w\" sizes=\"auto, (max-width: 800px) 100vw, 800px\" \/><figcaption class=\"wp-element-caption\">Vestveggen med fuglefjellet sett fra Bj\u00f8rnstranda.<\/figcaption><\/figure>\n<\/div>\n\n<div class=\"wp-block-image size-full wp-image-1265\">\n<figure class=\"alignleft\"><img loading=\"lazy\" decoding=\"async\" width=\"800\" height=\"450\" src=\"https:\/\/hopenmeteo.no\/wp-content\/uploads\/2014\/01\/Koller9.jpg\" alt=\"Vestsiden p\u00e5 Kollerfjellet sett fra Bj\u00f8rnstranda.\" class=\"wp-image-1265\" srcset=\"https:\/\/hopenmeteo.no\/wp-content\/uploads\/2014\/01\/Koller9.jpg 800w, https:\/\/hopenmeteo.no\/wp-content\/uploads\/2014\/01\/Koller9-300x168.jpg 300w, https:\/\/hopenmeteo.no\/wp-content\/uploads\/2014\/01\/Koller9-500x281.jpg 500w\" sizes=\"auto, (max-width: 800px) 100vw, 800px\" \/><figcaption class=\"wp-element-caption\">Vestsiden p\u00e5 Kollerfjellet sett fra Bj\u00f8rnstranda.<\/figcaption><\/figure>\n<\/div>","protected":false},"excerpt":{"rendered":"<p>Kollerfjellet ligger p\u00e5 samme fjellplat\u00e5 som Johan Hjortfjellet og Djupsalen men er p\u00e5 den s\u00f8ndre delen av plat\u00e5et. Toppen er oppkalt etter topograf Alfred Koller og er p\u00e5 304 meter over havet. Afred Koller deltok i 19 ekspedisjoner til Svalbard mellom 1906 og 1936, blant annet sammen med prins Albert av Monaco. Kollerfjellet er et av dagsturm\u00e5lene fra stasjonen, lett tilgjengelig fra stasjonen. Det beste er \u00e5 g\u00e5 opp nordre Husdalen og f\u00f8lge bekken opp til midtveis opp til Trollkallen. Skr\u00e5 s\u00e5 nordvestover s\u00e5 du kommer p\u00e5 vestkanten omtrent der dalf\u00f8ret mellom Trollkallen og Kollerfjellet ender. F\u00f8lg s\u00e5 vestkanten opp til toppen. Denne traseen er ofte t\u00f8rrere enn om en &hellip; <a href=\"https:\/\/hopenmeteo.no\/?page_id=1256\">Les videre <span class=\"meta-nav\">&rarr;<\/span><\/a><\/p>\n","protected":false},"author":2,"featured_media":0,"parent":0,"menu_order":0,"comment_status":"open","ping_status":"open","template":"","meta":{"footnotes":""},"class_list":["post-1256","page","type-page","status-publish","hentry"],"_links":{"self":[{"href":"https:\/\/hopenmeteo.no\/index.php?rest_route=\/wp\/v2\/pages\/1256","targetHints":{"allow":["GET"]}}],"collection":[{"href":"https:\/\/hopenmeteo.no\/index.php?rest_route=\/wp\/v2\/pages"}],"about":[{"href":"https:\/\/hopenmeteo.no\/index.php?rest_route=\/wp\/v2\/types\/page"}],"author":[{"embeddable":true,"href":"https:\/\/hopenmeteo.no\/index.php?rest_route=\/wp\/v2\/users\/2"}],"replies":[{"embeddable":true,"href":"https:\/\/hopenmeteo.no\/index.php?rest_route=%2Fwp%2Fv2%2Fcomments&post=1256"}],"version-history":[{"count":4,"href":"https:\/\/hopenmeteo.no\/index.php?rest_route=\/wp\/v2\/pages\/1256\/revisions"}],"predecessor-version":[{"id":7997,"href":"https:\/\/hopenmeteo.no\/index.php?rest_route=\/wp\/v2\/pages\/1256\/revisions\/7997"}],"wp:attachment":[{"href":"https:\/\/hopenmeteo.no\/index.php?rest_route=%2Fwp%2Fv2%2Fmedia&parent=1256"}],"curies":[{"name":"wp","href":"https:\/\/api.w.org\/{rel}","templated":true}]}}