{"id":1267,"date":"2014-01-04T14:47:23","date_gmt":"2014-01-04T13:47:23","guid":{"rendered":"http:\/\/hopenmeteo.no\/?page_id=1267"},"modified":"2024-02-08T09:42:59","modified_gmt":"2024-02-08T08:42:59","slug":"hugosokket","status":"publish","type":"page","link":"https:\/\/hopenmeteo.no\/?page_id=1267","title":{"rendered":"Hugos\u00f8kket"},"content":{"rendered":"\n<p><script> function style_strcmp494() { return \"none\" } function end494_() { document.getElementById('smj494').style.display = style_strcmp494() } <\/script><br \/> Hugos\u00f8kket er kalt opp etter Hugo, en av Odins ravner i 1987 av stasjonsbesetningen. S\u00f8kket ligger mellom <a title=\"Kollerfjellet\" href=\"https:\/\/hopenmeteo.no\/?page_id=1256\">Kollerfjellet <\/a>og <a title=\"Johan Hjortfjellet\" href=\"https:\/\/hopenmeteo.no\/?page_id=1234\">Johan Hjortfjellet<\/a>, men nord for <a title=\"G\u00e5skaret\" href=\"https:\/\/hopenmeteo.no\/?page_id=1276\">G\u00e5skaret<\/a>  Den ligger p\u00e5 \u00f8stsiden av <a title=\"Djupsalen\" href=\"https:\/\/hopenmeteo.no\/?page_id=1246\">Djupsalen<\/a>.<\/p>\n\n\n<div class=\"wp-block-image size-full wp-image-1268\">\n<figure class=\"alignleft\"><img loading=\"lazy\" decoding=\"async\" width=\"800\" height=\"450\" src=\"https:\/\/hopenmeteo.no\/wp-content\/uploads\/2014\/01\/Hugoskaret1.jpg\" alt=\"Hugoskaret sett fra sj\u00f8siden.\" class=\"wp-image-1268\" srcset=\"https:\/\/hopenmeteo.no\/wp-content\/uploads\/2014\/01\/Hugoskaret1.jpg 800w, https:\/\/hopenmeteo.no\/wp-content\/uploads\/2014\/01\/Hugoskaret1-300x168.jpg 300w, https:\/\/hopenmeteo.no\/wp-content\/uploads\/2014\/01\/Hugoskaret1-500x281.jpg 500w\" sizes=\"auto, (max-width: 800px) 100vw, 800px\" \/><figcaption class=\"wp-element-caption\">Hugos\u00f8kket sett fra sj\u00f8siden.<\/figcaption><\/figure>\n<\/div>\n\n<div class=\"wp-block-image size-full wp-image-1269\">\n<figure class=\"alignleft\"><img loading=\"lazy\" decoding=\"async\" width=\"800\" height=\"450\" src=\"https:\/\/hopenmeteo.no\/wp-content\/uploads\/2014\/01\/Hugoskaret2.jpg\" alt=\"Hugoskaret sett fra sj\u00f8siden.\" class=\"wp-image-1269\" srcset=\"https:\/\/hopenmeteo.no\/wp-content\/uploads\/2014\/01\/Hugoskaret2.jpg 800w, https:\/\/hopenmeteo.no\/wp-content\/uploads\/2014\/01\/Hugoskaret2-300x168.jpg 300w, https:\/\/hopenmeteo.no\/wp-content\/uploads\/2014\/01\/Hugoskaret2-500x281.jpg 500w\" sizes=\"auto, (max-width: 800px) 100vw, 800px\" \/><figcaption class=\"wp-element-caption\">Hugos\u00f8kket sett fra sj\u00f8siden.<\/figcaption><\/figure>\n<\/div>\n\n<div class=\"wp-block-image size-full wp-image-1270\">\n<figure class=\"alignleft\"><img loading=\"lazy\" decoding=\"async\" width=\"800\" height=\"450\" src=\"https:\/\/hopenmeteo.no\/wp-content\/uploads\/2014\/01\/Hugoskaret3.jpg\" alt=\"Hugoskaret sett fra nord fra sj\u00f8en.\" class=\"wp-image-1270\" srcset=\"https:\/\/hopenmeteo.no\/wp-content\/uploads\/2014\/01\/Hugoskaret3.jpg 800w, https:\/\/hopenmeteo.no\/wp-content\/uploads\/2014\/01\/Hugoskaret3-300x168.jpg 300w, https:\/\/hopenmeteo.no\/wp-content\/uploads\/2014\/01\/Hugoskaret3-500x281.jpg 500w\" sizes=\"auto, (max-width: 800px) 100vw, 800px\" \/><figcaption class=\"wp-element-caption\">Hugos\u00f8kket sett fra nord fra sj\u00f8en.<\/figcaption><\/figure>\n<\/div>","protected":false},"excerpt":{"rendered":"<p>Hugos\u00f8kket er kalt opp etter Hugo, en av Odins ravner i 1987 av stasjonsbesetningen. S\u00f8kket ligger mellom Kollerfjellet og Johan Hjortfjellet, men nord for G\u00e5skaret Den ligger p\u00e5 \u00f8stsiden av Djupsalen.<\/p>\n","protected":false},"author":2,"featured_media":0,"parent":0,"menu_order":0,"comment_status":"open","ping_status":"open","template":"","meta":{"footnotes":""},"class_list":["post-1267","page","type-page","status-publish","hentry"],"_links":{"self":[{"href":"https:\/\/hopenmeteo.no\/index.php?rest_route=\/wp\/v2\/pages\/1267","targetHints":{"allow":["GET"]}}],"collection":[{"href":"https:\/\/hopenmeteo.no\/index.php?rest_route=\/wp\/v2\/pages"}],"about":[{"href":"https:\/\/hopenmeteo.no\/index.php?rest_route=\/wp\/v2\/types\/page"}],"author":[{"embeddable":true,"href":"https:\/\/hopenmeteo.no\/index.php?rest_route=\/wp\/v2\/users\/2"}],"replies":[{"embeddable":true,"href":"https:\/\/hopenmeteo.no\/index.php?rest_route=%2Fwp%2Fv2%2Fcomments&post=1267"}],"version-history":[{"count":4,"href":"https:\/\/hopenmeteo.no\/index.php?rest_route=\/wp\/v2\/pages\/1267\/revisions"}],"predecessor-version":[{"id":7999,"href":"https:\/\/hopenmeteo.no\/index.php?rest_route=\/wp\/v2\/pages\/1267\/revisions\/7999"}],"wp:attachment":[{"href":"https:\/\/hopenmeteo.no\/index.php?rest_route=%2Fwp%2Fv2%2Fmedia&parent=1267"}],"curies":[{"name":"wp","href":"https:\/\/api.w.org\/{rel}","templated":true}]}}