{"id":1273,"date":"2014-01-04T14:54:25","date_gmt":"2014-01-04T13:54:25","guid":{"rendered":"http:\/\/hopenmeteo.no\/?page_id=1273"},"modified":"2024-02-08T09:43:41","modified_gmt":"2024-02-08T08:43:41","slug":"livbatstranda","status":"publish","type":"page","link":"https:\/\/hopenmeteo.no\/?page_id=1273","title":{"rendered":"Livb\u00e5tstranda"},"content":{"rendered":"\n<p>Livb\u00e5tstranda er oppkalt etter de skipbrudne sovjeterne fra Dekabrist som ble skutt\u00a0i senk i n\u00e6rheten av Hopen i 1942. En del av de skipbrudne kom i land her med livb\u00e5t. Den ligger p\u00e5 \u00f8stsiden av <a title=\"Johan Hjortfjellet\" href=\"https:\/\/hopenmeteo.no\/?page_id=1234\">Johan Hjortfjellet<\/a>, og <a title=\"Hugos\u00f8kket\" href=\"https:\/\/hopenmeteo.no\/?page_id=1267\">Hugos\u00f8kket <\/a>kommer ned p\u00e5 stranda.<\/p>\n\n\n<div class=\"wp-block-image size-full wp-image-1269\">\n<figure class=\"alignleft\"><img loading=\"lazy\" decoding=\"async\" width=\"800\" height=\"450\" src=\"https:\/\/hopenmeteo.no\/wp-content\/uploads\/2014\/01\/Hugoskaret2.jpg\" alt=\"Livb\u00e5tstranda og Hugos\u00f8kket.\" class=\"wp-image-1269\" srcset=\"https:\/\/hopenmeteo.no\/wp-content\/uploads\/2014\/01\/Hugoskaret2.jpg 800w, https:\/\/hopenmeteo.no\/wp-content\/uploads\/2014\/01\/Hugoskaret2-300x168.jpg 300w, https:\/\/hopenmeteo.no\/wp-content\/uploads\/2014\/01\/Hugoskaret2-500x281.jpg 500w\" sizes=\"auto, (max-width: 800px) 100vw, 800px\" \/><figcaption class=\"wp-element-caption\">Livb\u00e5tstranda og Hugos\u00f8kket.<\/figcaption><\/figure>\n<\/div>\n\n<div class=\"wp-block-image size-full wp-image-1274\">\n<figure class=\"alignleft\"><img loading=\"lazy\" decoding=\"async\" width=\"800\" height=\"450\" src=\"https:\/\/hopenmeteo.no\/wp-content\/uploads\/2014\/01\/Livb\u00e5tstranda.jpg\" alt=\"En alkekonge sv\u00f8mmer utenfor Livb\u00e5tstranda.\" class=\"wp-image-1274\" srcset=\"https:\/\/hopenmeteo.no\/wp-content\/uploads\/2014\/01\/Livb\u00e5tstranda.jpg 800w, https:\/\/hopenmeteo.no\/wp-content\/uploads\/2014\/01\/Livb\u00e5tstranda-300x168.jpg 300w, https:\/\/hopenmeteo.no\/wp-content\/uploads\/2014\/01\/Livb\u00e5tstranda-500x281.jpg 500w\" sizes=\"auto, (max-width: 800px) 100vw, 800px\" \/><figcaption class=\"wp-element-caption\">En alkekonge sv\u00f8mmer utenfor Livb\u00e5tstranda.<\/figcaption><\/figure>\n<\/div>\n\n\n<p>&nbsp;<br \/>\n<script type=\"text\/javascript\"> end62_() <\/script><\/p>\n","protected":false},"excerpt":{"rendered":"<p>Livb\u00e5tstranda er oppkalt etter de skipbrudne sovjeterne fra Dekabrist som ble skutt\u00a0i senk i n\u00e6rheten av Hopen i 1942. En del av de skipbrudne kom i land her med livb\u00e5t. Den ligger p\u00e5 \u00f8stsiden av Johan Hjortfjellet, og Hugos\u00f8kket kommer ned p\u00e5 stranda. &nbsp;<\/p>\n","protected":false},"author":2,"featured_media":0,"parent":0,"menu_order":0,"comment_status":"open","ping_status":"open","template":"","meta":{"footnotes":""},"class_list":["post-1273","page","type-page","status-publish","hentry"],"_links":{"self":[{"href":"https:\/\/hopenmeteo.no\/index.php?rest_route=\/wp\/v2\/pages\/1273","targetHints":{"allow":["GET"]}}],"collection":[{"href":"https:\/\/hopenmeteo.no\/index.php?rest_route=\/wp\/v2\/pages"}],"about":[{"href":"https:\/\/hopenmeteo.no\/index.php?rest_route=\/wp\/v2\/types\/page"}],"author":[{"embeddable":true,"href":"https:\/\/hopenmeteo.no\/index.php?rest_route=\/wp\/v2\/users\/2"}],"replies":[{"embeddable":true,"href":"https:\/\/hopenmeteo.no\/index.php?rest_route=%2Fwp%2Fv2%2Fcomments&post=1273"}],"version-history":[{"count":3,"href":"https:\/\/hopenmeteo.no\/index.php?rest_route=\/wp\/v2\/pages\/1273\/revisions"}],"predecessor-version":[{"id":8000,"href":"https:\/\/hopenmeteo.no\/index.php?rest_route=\/wp\/v2\/pages\/1273\/revisions\/8000"}],"wp:attachment":[{"href":"https:\/\/hopenmeteo.no\/index.php?rest_route=%2Fwp%2Fv2%2Fmedia&parent=1273"}],"curies":[{"name":"wp","href":"https:\/\/api.w.org\/{rel}","templated":true}]}}