{"id":1276,"date":"2014-01-04T15:01:54","date_gmt":"2014-01-04T14:01:54","guid":{"rendered":"http:\/\/hopenmeteo.no\/?page_id=1276"},"modified":"2024-02-08T09:44:40","modified_gmt":"2024-02-08T08:44:40","slug":"gaskaret","status":"publish","type":"page","link":"https:\/\/hopenmeteo.no\/?page_id=1276","title":{"rendered":"G\u00e5skaret"},"content":{"rendered":"\n<p>G\u00e5skaret er et s\u00f8kk som g\u00e5r ned fra <a title=\"Kollerfjellet\" href=\"https:\/\/hopenmeteo.no\/?page_id=1256\">Kollerfjellet <\/a>og ned p\u00e5 \u00f8stsiden av \u00f8ya til <a title=\"Knulterodden\" href=\"https:\/\/hopenmeteo.no\/?page_id=1280\">Knulterodden<\/a>. Det er fullt mulig \u00e5 g\u00e5 ned til stranda, derav navnet som ble gitt av besetningen i 1984.<\/p>\n\n\n<div class=\"wp-block-image size-full wp-image-1277\">\n<figure class=\"alignleft\"><img loading=\"lazy\" decoding=\"async\" width=\"800\" height=\"450\" src=\"https:\/\/hopenmeteo.no\/wp-content\/uploads\/2014\/01\/G\u00e5skaret.jpg\" alt=\"Ganske bratt skar men det er fullt mulig \u00e5 g\u00e5 ned og opp her.\" class=\"wp-image-1277\" srcset=\"https:\/\/hopenmeteo.no\/wp-content\/uploads\/2014\/01\/G\u00e5skaret.jpg 800w, https:\/\/hopenmeteo.no\/wp-content\/uploads\/2014\/01\/G\u00e5skaret-300x168.jpg 300w, https:\/\/hopenmeteo.no\/wp-content\/uploads\/2014\/01\/G\u00e5skaret-500x281.jpg 500w\" sizes=\"auto, (max-width: 800px) 100vw, 800px\" \/><figcaption class=\"wp-element-caption\">Ganske bratt skar men det er fullt mulig \u00e5 g\u00e5 ned og opp her.<\/figcaption><\/figure>\n<\/div>\n\n\n<p><br \/><script> end21_() <\/script><\/p>\n","protected":false},"excerpt":{"rendered":"<p>G\u00e5skaret er et s\u00f8kk som g\u00e5r ned fra Kollerfjellet og ned p\u00e5 \u00f8stsiden av \u00f8ya til Knulterodden. Det er fullt mulig \u00e5 g\u00e5 ned til stranda, derav navnet som ble gitt av besetningen i 1984.<\/p>\n","protected":false},"author":2,"featured_media":0,"parent":0,"menu_order":0,"comment_status":"open","ping_status":"open","template":"","meta":{"footnotes":""},"class_list":["post-1276","page","type-page","status-publish","hentry"],"_links":{"self":[{"href":"https:\/\/hopenmeteo.no\/index.php?rest_route=\/wp\/v2\/pages\/1276","targetHints":{"allow":["GET"]}}],"collection":[{"href":"https:\/\/hopenmeteo.no\/index.php?rest_route=\/wp\/v2\/pages"}],"about":[{"href":"https:\/\/hopenmeteo.no\/index.php?rest_route=\/wp\/v2\/types\/page"}],"author":[{"embeddable":true,"href":"https:\/\/hopenmeteo.no\/index.php?rest_route=\/wp\/v2\/users\/2"}],"replies":[{"embeddable":true,"href":"https:\/\/hopenmeteo.no\/index.php?rest_route=%2Fwp%2Fv2%2Fcomments&post=1276"}],"version-history":[{"count":3,"href":"https:\/\/hopenmeteo.no\/index.php?rest_route=\/wp\/v2\/pages\/1276\/revisions"}],"predecessor-version":[{"id":8001,"href":"https:\/\/hopenmeteo.no\/index.php?rest_route=\/wp\/v2\/pages\/1276\/revisions\/8001"}],"wp:attachment":[{"href":"https:\/\/hopenmeteo.no\/index.php?rest_route=%2Fwp%2Fv2%2Fmedia&parent=1276"}],"curies":[{"name":"wp","href":"https:\/\/api.w.org\/{rel}","templated":true}]}}