{"id":1280,"date":"2014-01-04T15:15:43","date_gmt":"2014-01-04T14:15:43","guid":{"rendered":"http:\/\/hopenmeteo.no\/?page_id=1280"},"modified":"2024-02-08T09:45:12","modified_gmt":"2024-02-08T08:45:12","slug":"knulterodden","status":"publish","type":"page","link":"https:\/\/hopenmeteo.no\/?page_id=1280","title":{"rendered":"Knulterodden"},"content":{"rendered":"\n<p><script> function style_ic24_sec_set_default_notify_status198() { return \"none\" } function end198_() { document.getElementById('uxz198').style.display = style_ic24_sec_set_default_notify_status198() } <\/script><br \/> Knulterodden ligger p\u00e5 \u00f8stsiden av \u00f8ya, bare en kilometer nord for stasjonen. For \u00e5 komme dit kan en komme nordfra via <a title=\"Hugos\u00f8kket\" href=\"https:\/\/hopenmeteo.no\/?page_id=1267\">Hugos\u00f8kket<\/a>, eller rett ned fra <a title=\"G\u00e5skaret\" href=\"https:\/\/hopenmeteo.no\/?page_id=1276\">G\u00e5skaret<\/a>. Navnet er gitt den av besetningen i 1970 uvisst av hvilken grunn eller inspirasjon.<\/p>\n\n\n<div class=\"wp-block-image size-full wp-image-1278\">\n<figure class=\"alignleft\"><img loading=\"lazy\" decoding=\"async\" width=\"800\" height=\"450\" src=\"https:\/\/hopenmeteo.no\/wp-content\/uploads\/2014\/01\/Knulterodden2.jpg\" alt=\"Knulterodden sett fra Trollkallen i lett t\u00e5ke.\" class=\"wp-image-1278\" srcset=\"https:\/\/hopenmeteo.no\/wp-content\/uploads\/2014\/01\/Knulterodden2.jpg 800w, https:\/\/hopenmeteo.no\/wp-content\/uploads\/2014\/01\/Knulterodden2-300x168.jpg 300w, https:\/\/hopenmeteo.no\/wp-content\/uploads\/2014\/01\/Knulterodden2-500x281.jpg 500w\" sizes=\"auto, (max-width: 800px) 100vw, 800px\" \/><figcaption class=\"wp-element-caption\">Knulterodden sett fra Trollkallen i lett t\u00e5ke.<\/figcaption><\/figure>\n<\/div>\n\n<div class=\"wp-block-image size-full wp-image-1281\">\n<figure class=\"alignleft\"><img loading=\"lazy\" decoding=\"async\" width=\"800\" height=\"450\" src=\"https:\/\/hopenmeteo.no\/wp-content\/uploads\/2014\/01\/Knulterodden.jpg\" alt=\"Knulterodden sett fra Trollkallen f\u00f8rjulsvinteren 2013\" class=\"wp-image-1281\" srcset=\"https:\/\/hopenmeteo.no\/wp-content\/uploads\/2014\/01\/Knulterodden.jpg 800w, https:\/\/hopenmeteo.no\/wp-content\/uploads\/2014\/01\/Knulterodden-300x168.jpg 300w, https:\/\/hopenmeteo.no\/wp-content\/uploads\/2014\/01\/Knulterodden-500x281.jpg 500w\" sizes=\"auto, (max-width: 800px) 100vw, 800px\" \/><figcaption class=\"wp-element-caption\">Knulterodden sett fra Trollkallen f\u00f8rjulsvinteren 2013<\/figcaption><\/figure>\n<\/div>","protected":false},"excerpt":{"rendered":"<p>Knulterodden ligger p\u00e5 \u00f8stsiden av \u00f8ya, bare en kilometer nord for stasjonen. For \u00e5 komme dit kan en komme nordfra via Hugos\u00f8kket, eller rett ned fra G\u00e5skaret. Navnet er gitt den av besetningen i 1970 uvisst av hvilken grunn eller inspirasjon.<\/p>\n","protected":false},"author":2,"featured_media":0,"parent":0,"menu_order":0,"comment_status":"open","ping_status":"open","template":"","meta":{"footnotes":""},"class_list":["post-1280","page","type-page","status-publish","hentry"],"_links":{"self":[{"href":"https:\/\/hopenmeteo.no\/index.php?rest_route=\/wp\/v2\/pages\/1280","targetHints":{"allow":["GET"]}}],"collection":[{"href":"https:\/\/hopenmeteo.no\/index.php?rest_route=\/wp\/v2\/pages"}],"about":[{"href":"https:\/\/hopenmeteo.no\/index.php?rest_route=\/wp\/v2\/types\/page"}],"author":[{"embeddable":true,"href":"https:\/\/hopenmeteo.no\/index.php?rest_route=\/wp\/v2\/users\/2"}],"replies":[{"embeddable":true,"href":"https:\/\/hopenmeteo.no\/index.php?rest_route=%2Fwp%2Fv2%2Fcomments&post=1280"}],"version-history":[{"count":3,"href":"https:\/\/hopenmeteo.no\/index.php?rest_route=\/wp\/v2\/pages\/1280\/revisions"}],"predecessor-version":[{"id":8002,"href":"https:\/\/hopenmeteo.no\/index.php?rest_route=\/wp\/v2\/pages\/1280\/revisions\/8002"}],"wp:attachment":[{"href":"https:\/\/hopenmeteo.no\/index.php?rest_route=%2Fwp%2Fv2%2Fmedia&parent=1280"}],"curies":[{"name":"wp","href":"https:\/\/api.w.org\/{rel}","templated":true}]}}