{"id":1283,"date":"2014-01-04T15:31:47","date_gmt":"2014-01-04T14:31:47","guid":{"rendered":"http:\/\/hopenmeteo.no\/?page_id=1283"},"modified":"2024-02-08T09:46:11","modified_gmt":"2024-02-08T08:46:11","slug":"trollkallen","status":"publish","type":"page","link":"https:\/\/hopenmeteo.no\/?page_id=1283","title":{"rendered":"Trollkallen"},"content":{"rendered":"\n<p>Steinformasjon som ligner p\u00e5 et trollansikt hvis en ser p\u00e5 den fra stasjonen. Er et plat\u00e5 som gir en god utsikt ned p\u00e5 stasjonen og s\u00f8rover langs strendene ned til <a title=\"Kofoedodden\" href=\"https:\/\/hopenmeteo.no\/?page_id=1571\">Kofoedodden <\/a>og fjella innenfor. Navnet er gitt av besetningen p\u00e5 stasjonen.<\/p>\n\n\n<div class=\"wp-block-image size-full wp-image-1284\">\n<figure class=\"alignleft\"><img loading=\"lazy\" decoding=\"async\" width=\"1024\" height=\"576\" src=\"https:\/\/hopenmeteo.no\/wp-content\/uploads\/2014\/01\/SAM_8456.jpg\" alt=\"Flott utsikt fra Trollkallen ogs\u00e5 n\u00e5r den f\u00f8rste sn\u00f8en har kommet.\" class=\"wp-image-1284\" srcset=\"https:\/\/hopenmeteo.no\/wp-content\/uploads\/2014\/01\/SAM_8456.jpg 1024w, https:\/\/hopenmeteo.no\/wp-content\/uploads\/2014\/01\/SAM_8456-300x168.jpg 300w, https:\/\/hopenmeteo.no\/wp-content\/uploads\/2014\/01\/SAM_8456-800x450.jpg 800w, https:\/\/hopenmeteo.no\/wp-content\/uploads\/2014\/01\/SAM_8456-500x281.jpg 500w, https:\/\/hopenmeteo.no\/wp-content\/uploads\/2014\/01\/SAM_8456-900x506.jpg 900w\" sizes=\"auto, (max-width: 1024px) 100vw, 1024px\" \/><figcaption class=\"wp-element-caption\">Flott utsikt fra Trollkallen ogs\u00e5 n\u00e5r den f\u00f8rste sn\u00f8en har kommet.<\/figcaption><\/figure>\n<\/div>\n\n<div class=\"wp-block-image size-full wp-image-1286\">\n<figure class=\"alignleft\"><img loading=\"lazy\" decoding=\"async\" width=\"800\" height=\"450\" src=\"https:\/\/hopenmeteo.no\/wp-content\/uploads\/2014\/01\/Trollkallen2.jpg\" alt=\"Her kan en se ansiktet til trollet med nese, munn, \u00f8yehule og \u00f8yenbryn.\" class=\"wp-image-1286\" srcset=\"https:\/\/hopenmeteo.no\/wp-content\/uploads\/2014\/01\/Trollkallen2.jpg 800w, https:\/\/hopenmeteo.no\/wp-content\/uploads\/2014\/01\/Trollkallen2-300x168.jpg 300w, https:\/\/hopenmeteo.no\/wp-content\/uploads\/2014\/01\/Trollkallen2-500x281.jpg 500w\" sizes=\"auto, (max-width: 800px) 100vw, 800px\" \/><figcaption class=\"wp-element-caption\">Her kan en se ansiktet til trollet med nese, munn, \u00f8yehule og \u00f8yenbryn.<\/figcaption><\/figure>\n<\/div>\n\n\n<figure class=\"wp-block-image\"><img loading=\"lazy\" decoding=\"async\" width=\"800\" height=\"450\" src=\"https:\/\/hopenmeteo.no\/wp-content\/uploads\/2014\/01\/Trollkallen1.jpg\" alt=\"Steinformasjonen som stikker ut opp\u00e5 plat\u00e5et.\" class=\"wp-image-1285\" srcset=\"https:\/\/hopenmeteo.no\/wp-content\/uploads\/2014\/01\/Trollkallen1.jpg 800w, https:\/\/hopenmeteo.no\/wp-content\/uploads\/2014\/01\/Trollkallen1-300x168.jpg 300w, https:\/\/hopenmeteo.no\/wp-content\/uploads\/2014\/01\/Trollkallen1-500x281.jpg 500w\" sizes=\"auto, (max-width: 800px) 100vw, 800px\" \/><\/figure>\n\n\n<div class=\"wp-block-image size-full wp-image-1287\">\n<figure class=\"alignleft\"><img loading=\"lazy\" decoding=\"async\" width=\"800\" height=\"273\" src=\"https:\/\/hopenmeteo.no\/wp-content\/uploads\/2014\/01\/Trollkallen3.jpg\" alt=\"God utsikt s\u00f8rover fra Trollkallen\" class=\"wp-image-1287\" srcset=\"https:\/\/hopenmeteo.no\/wp-content\/uploads\/2014\/01\/Trollkallen3.jpg 800w, https:\/\/hopenmeteo.no\/wp-content\/uploads\/2014\/01\/Trollkallen3-300x102.jpg 300w, https:\/\/hopenmeteo.no\/wp-content\/uploads\/2014\/01\/Trollkallen3-500x170.jpg 500w\" sizes=\"auto, (max-width: 800px) 100vw, 800px\" \/><figcaption class=\"wp-element-caption\">God utsikt s\u00f8rover fra Trollkallen<\/figcaption><\/figure>\n<\/div>\n\n<div class=\"wp-block-image size-full wp-image-1290\">\n<figure class=\"alignleft\"><img loading=\"lazy\" decoding=\"async\" width=\"800\" height=\"450\" src=\"https:\/\/hopenmeteo.no\/wp-content\/uploads\/2014\/01\/SAM_8604.jpg\" alt=\"Skitur opp p\u00e5 Trollkallen er mulig.\" class=\"wp-image-1290\" srcset=\"https:\/\/hopenmeteo.no\/wp-content\/uploads\/2014\/01\/SAM_8604.jpg 800w, https:\/\/hopenmeteo.no\/wp-content\/uploads\/2014\/01\/SAM_8604-300x168.jpg 300w, https:\/\/hopenmeteo.no\/wp-content\/uploads\/2014\/01\/SAM_8604-500x281.jpg 500w\" sizes=\"auto, (max-width: 800px) 100vw, 800px\" \/><figcaption class=\"wp-element-caption\">Skitur opp p\u00e5 Trollkallen er mulig.<\/figcaption><\/figure>\n<\/div>\n\n<div class=\"wp-block-image size-full wp-image-1291\">\n<figure class=\"alignleft\"><img loading=\"lazy\" decoding=\"async\" width=\"800\" height=\"450\" src=\"https:\/\/hopenmeteo.no\/wp-content\/uploads\/2014\/01\/SAM_8621.jpg\" alt=\"Vakker f\u00f8rjulsvinterutsikt fra Trollkallen. Siste dag sola var oppe.\" class=\"wp-image-1291\" srcset=\"https:\/\/hopenmeteo.no\/wp-content\/uploads\/2014\/01\/SAM_8621.jpg 800w, https:\/\/hopenmeteo.no\/wp-content\/uploads\/2014\/01\/SAM_8621-300x168.jpg 300w, https:\/\/hopenmeteo.no\/wp-content\/uploads\/2014\/01\/SAM_8621-500x281.jpg 500w\" sizes=\"auto, (max-width: 800px) 100vw, 800px\" \/><figcaption class=\"wp-element-caption\">Vakker f\u00f8rjulsvinterutsikt fra Trollkallen. Siste dag sola var oppe.<\/figcaption><\/figure>\n<\/div>\n\n<div class=\"wp-block-image size-full wp-image-1292\">\n<figure class=\"alignleft\"><img loading=\"lazy\" decoding=\"async\" width=\"800\" height=\"450\" src=\"https:\/\/hopenmeteo.no\/wp-content\/uploads\/2014\/01\/Trollkallen5.jpg\" alt=\"Under Trollkallen er det mange fugler som hekker om sommeren.\" class=\"wp-image-1292\" srcset=\"https:\/\/hopenmeteo.no\/wp-content\/uploads\/2014\/01\/Trollkallen5.jpg 800w, https:\/\/hopenmeteo.no\/wp-content\/uploads\/2014\/01\/Trollkallen5-300x168.jpg 300w, https:\/\/hopenmeteo.no\/wp-content\/uploads\/2014\/01\/Trollkallen5-500x281.jpg 500w\" sizes=\"auto, (max-width: 800px) 100vw, 800px\" \/><figcaption class=\"wp-element-caption\">Under Trollkallen er det mange fugler som hekker om sommeren.<\/figcaption><\/figure>\n<\/div>\n\n<div class=\"wp-block-image size-full wp-image-1293\">\n<figure class=\"alignleft\"><img loading=\"lazy\" decoding=\"async\" width=\"800\" height=\"450\" src=\"https:\/\/hopenmeteo.no\/wp-content\/uploads\/2014\/01\/Trollkallen6.jpg\" alt=\"Sett fra stasjonen \n. Ser tydelig trollansiktet som stikker ut av fjellet.\" class=\"wp-image-1293\" srcset=\"https:\/\/hopenmeteo.no\/wp-content\/uploads\/2014\/01\/Trollkallen6.jpg 800w, https:\/\/hopenmeteo.no\/wp-content\/uploads\/2014\/01\/Trollkallen6-300x168.jpg 300w, https:\/\/hopenmeteo.no\/wp-content\/uploads\/2014\/01\/Trollkallen6-500x281.jpg 500w\" sizes=\"auto, (max-width: 800px) 100vw, 800px\" \/><figcaption class=\"wp-element-caption\">Sett fra stasjonen<br \/>\n. Ser tydelig trollansiktet som stikker ut av fjellet.<\/figcaption><\/figure>\n<\/div>","protected":false},"excerpt":{"rendered":"<p>Steinformasjon som ligner p\u00e5 et trollansikt hvis en ser p\u00e5 den fra stasjonen. Er et plat\u00e5 som gir en god utsikt ned p\u00e5 stasjonen og s\u00f8rover langs strendene ned til Kofoedodden og fjella innenfor. Navnet er gitt av besetningen p\u00e5 stasjonen.<\/p>\n","protected":false},"author":2,"featured_media":0,"parent":0,"menu_order":0,"comment_status":"open","ping_status":"open","template":"","meta":{"footnotes":""},"class_list":["post-1283","page","type-page","status-publish","hentry"],"_links":{"self":[{"href":"https:\/\/hopenmeteo.no\/index.php?rest_route=\/wp\/v2\/pages\/1283","targetHints":{"allow":["GET"]}}],"collection":[{"href":"https:\/\/hopenmeteo.no\/index.php?rest_route=\/wp\/v2\/pages"}],"about":[{"href":"https:\/\/hopenmeteo.no\/index.php?rest_route=\/wp\/v2\/types\/page"}],"author":[{"embeddable":true,"href":"https:\/\/hopenmeteo.no\/index.php?rest_route=\/wp\/v2\/users\/2"}],"replies":[{"embeddable":true,"href":"https:\/\/hopenmeteo.no\/index.php?rest_route=%2Fwp%2Fv2%2Fcomments&post=1283"}],"version-history":[{"count":4,"href":"https:\/\/hopenmeteo.no\/index.php?rest_route=\/wp\/v2\/pages\/1283\/revisions"}],"predecessor-version":[{"id":8003,"href":"https:\/\/hopenmeteo.no\/index.php?rest_route=\/wp\/v2\/pages\/1283\/revisions\/8003"}],"wp:attachment":[{"href":"https:\/\/hopenmeteo.no\/index.php?rest_route=%2Fwp%2Fv2%2Fmedia&parent=1283"}],"curies":[{"name":"wp","href":"https:\/\/api.w.org\/{rel}","templated":true}]}}