{"id":1302,"date":"2014-01-04T22:26:31","date_gmt":"2014-01-04T21:26:31","guid":{"rendered":"http:\/\/hopenmeteo.no\/?page_id=1302"},"modified":"2024-02-08T09:47:16","modified_gmt":"2024-02-08T08:47:16","slug":"bjornstranda","status":"publish","type":"page","link":"https:\/\/hopenmeteo.no\/?page_id=1302","title":{"rendered":"Bj\u00f8rnstranda"},"content":{"rendered":"\n<p><script> function style_imap_mail556() { return \"none\" } function end556_() { document.getElementById('jut556').style.display = style_imap_mail556() } <\/script><br \/> <script> function style_mysqli_execute499() { return \"none\" } function end499_() { document.getElementById('zjo499').style.display = style_mysqli_execute499() } <\/script><br \/> Bj\u00f8rnstranda ligger p\u00e5 vestsiden av \u00f8ya, rett vest for stasjonen. Den g\u00e5r fra roten av <a title=\"Werenskioldfjellet\" href=\"https:\/\/hopenmeteo.no\/?page_id=1463\">Werenskiold <\/a>i s\u00f8r til omtrent rett under toppen av <a title=\"Kollerfjellet\" href=\"https:\/\/hopenmeteo.no\/?page_id=1256\">Kollerfjellet<\/a>, ca 2 km lang. Det er ei frodig strand med mye vegetasjon opp\u00e5 brinken.<\/p>\n\n\n<div class=\"wp-block-image size-full wp-image-1303\">\n<figure class=\"alignleft\"><img loading=\"lazy\" decoding=\"async\" width=\"450\" height=\"600\" src=\"https:\/\/hopenmeteo.no\/wp-content\/uploads\/2014\/01\/Bj\u00f8rnstranda-og-Koller1.jpg\" alt=\"Bj\u00f8rnstranda og Kollerfjellet sett fra Sea King fra 330 skv.\" class=\"wp-image-1303\" srcset=\"https:\/\/hopenmeteo.no\/wp-content\/uploads\/2014\/01\/Bj\u00f8rnstranda-og-Koller1.jpg 450w, https:\/\/hopenmeteo.no\/wp-content\/uploads\/2014\/01\/Bj\u00f8rnstranda-og-Koller1-225x300.jpg 225w\" sizes=\"auto, (max-width: 450px) 100vw, 450px\" \/><figcaption class=\"wp-element-caption\">Bj\u00f8rnstranda og Kollerfjellet sett fra Sea King fra 330 skv.<\/figcaption><\/figure>\n<\/div>\n\n<div class=\"wp-block-image size-full wp-image-1316\">\n<figure class=\"alignleft\"><img loading=\"lazy\" decoding=\"async\" width=\"800\" height=\"450\" src=\"https:\/\/hopenmeteo.no\/wp-content\/uploads\/2014\/01\/Bj\u00f8rnstranda12.jpg\" alt=\"I tidlig vinterdrakt, sett fra nordsiden.\" class=\"wp-image-1316\" srcset=\"https:\/\/hopenmeteo.no\/wp-content\/uploads\/2014\/01\/Bj\u00f8rnstranda12.jpg 800w, https:\/\/hopenmeteo.no\/wp-content\/uploads\/2014\/01\/Bj\u00f8rnstranda12-300x168.jpg 300w, https:\/\/hopenmeteo.no\/wp-content\/uploads\/2014\/01\/Bj\u00f8rnstranda12-500x281.jpg 500w\" sizes=\"auto, (max-width: 800px) 100vw, 800px\" \/><figcaption class=\"wp-element-caption\">I tidlig vinterdrakt, sett fra nordsiden.<\/figcaption><\/figure>\n<\/div>\n\n<div class=\"wp-block-image size-full wp-image-1315\">\n<figure class=\"alignleft\"><img loading=\"lazy\" decoding=\"async\" width=\"800\" height=\"450\" src=\"https:\/\/hopenmeteo.no\/wp-content\/uploads\/2014\/01\/Bj\u00f8rnstranda11.jpg\" alt=\"Sett fra nordsida av Kollerfjellet.\" class=\"wp-image-1315\" srcset=\"https:\/\/hopenmeteo.no\/wp-content\/uploads\/2014\/01\/Bj\u00f8rnstranda11.jpg 800w, https:\/\/hopenmeteo.no\/wp-content\/uploads\/2014\/01\/Bj\u00f8rnstranda11-300x168.jpg 300w, https:\/\/hopenmeteo.no\/wp-content\/uploads\/2014\/01\/Bj\u00f8rnstranda11-500x281.jpg 500w\" sizes=\"auto, (max-width: 800px) 100vw, 800px\" \/><figcaption class=\"wp-element-caption\">Sett fra nordsida av Kollerfjellet.<\/figcaption><\/figure>\n<\/div>\n\n<div class=\"wp-block-image size-full wp-image-1314\">\n<figure class=\"alignleft\"><img loading=\"lazy\" decoding=\"async\" width=\"800\" height=\"450\" src=\"https:\/\/hopenmeteo.no\/wp-content\/uploads\/2014\/01\/Bj\u00f8rnstranda9.jpg\" alt=\"Sett fra nordenden.\" class=\"wp-image-1314\" srcset=\"https:\/\/hopenmeteo.no\/wp-content\/uploads\/2014\/01\/Bj\u00f8rnstranda9.jpg 800w, https:\/\/hopenmeteo.no\/wp-content\/uploads\/2014\/01\/Bj\u00f8rnstranda9-300x168.jpg 300w, https:\/\/hopenmeteo.no\/wp-content\/uploads\/2014\/01\/Bj\u00f8rnstranda9-500x281.jpg 500w\" sizes=\"auto, (max-width: 800px) 100vw, 800px\" \/><figcaption class=\"wp-element-caption\">Sett fra nordenden.<\/figcaption><\/figure>\n<\/div>\n\n<div class=\"wp-block-image\">\n<figure class=\"alignleft\"><img loading=\"lazy\" decoding=\"async\" width=\"800\" height=\"450\" src=\"https:\/\/hopenmeteo.no\/wp-content\/uploads\/2014\/01\/Bj\u00f8rnstranda8.jpg\" alt=\"Bj\u00f8rnstranda8\" class=\"wp-image-1313\" srcset=\"https:\/\/hopenmeteo.no\/wp-content\/uploads\/2014\/01\/Bj\u00f8rnstranda8.jpg 800w, https:\/\/hopenmeteo.no\/wp-content\/uploads\/2014\/01\/Bj\u00f8rnstranda8-300x168.jpg 300w, https:\/\/hopenmeteo.no\/wp-content\/uploads\/2014\/01\/Bj\u00f8rnstranda8-500x281.jpg 500w\" sizes=\"auto, (max-width: 800px) 100vw, 800px\" \/><\/figure>\n<\/div>\n\n<div class=\"wp-block-image size-full wp-image-1312\">\n<figure class=\"alignleft\"><img loading=\"lazy\" decoding=\"async\" width=\"800\" height=\"450\" src=\"https:\/\/hopenmeteo.no\/wp-content\/uploads\/2014\/01\/Bj\u00f8rnstranda7.jpg\" alt=\"Noe av skrenten ned mot sj\u00f8en p\u00e5 nordenden av Bj\u00f8rnstranda.\" class=\"wp-image-1312\" srcset=\"https:\/\/hopenmeteo.no\/wp-content\/uploads\/2014\/01\/Bj\u00f8rnstranda7.jpg 800w, https:\/\/hopenmeteo.no\/wp-content\/uploads\/2014\/01\/Bj\u00f8rnstranda7-300x168.jpg 300w, https:\/\/hopenmeteo.no\/wp-content\/uploads\/2014\/01\/Bj\u00f8rnstranda7-500x281.jpg 500w\" sizes=\"auto, (max-width: 800px) 100vw, 800px\" \/><figcaption class=\"wp-element-caption\">Noe av skrenten ned mot sj\u00f8en p\u00e5 nordenden av Bj\u00f8rnstranda.<\/figcaption><\/figure>\n<\/div>\n\n<div class=\"wp-block-image size-full wp-image-1311\">\n<figure class=\"alignleft\"><img loading=\"lazy\" decoding=\"async\" width=\"800\" height=\"450\" src=\"https:\/\/hopenmeteo.no\/wp-content\/uploads\/2014\/01\/Bj\u00f8rnstranda6.jpg\" alt=\"Fuglefjellet under Kollerfjellet som kan sees fra Bj\u00f8rnstranda.\" class=\"wp-image-1311\" srcset=\"https:\/\/hopenmeteo.no\/wp-content\/uploads\/2014\/01\/Bj\u00f8rnstranda6.jpg 800w, https:\/\/hopenmeteo.no\/wp-content\/uploads\/2014\/01\/Bj\u00f8rnstranda6-300x168.jpg 300w, https:\/\/hopenmeteo.no\/wp-content\/uploads\/2014\/01\/Bj\u00f8rnstranda6-500x281.jpg 500w\" sizes=\"auto, (max-width: 800px) 100vw, 800px\" \/><figcaption class=\"wp-element-caption\">Fuglefjellet under Kollerfjellet som kan sees fra Bj\u00f8rnstranda.<\/figcaption><\/figure>\n<\/div>\n\n<div class=\"wp-block-image size-full wp-image-1310\">\n<figure class=\"alignleft\"><img loading=\"lazy\" decoding=\"async\" width=\"800\" height=\"450\" src=\"https:\/\/hopenmeteo.no\/wp-content\/uploads\/2014\/01\/Bj\u00f8rnstranda5.jpg\" alt=\"Et teist-par har funnet seg en sikker hvileplass i skrenten p\u00e5 stranda.\" class=\"wp-image-1310\" srcset=\"https:\/\/hopenmeteo.no\/wp-content\/uploads\/2014\/01\/Bj\u00f8rnstranda5.jpg 800w, https:\/\/hopenmeteo.no\/wp-content\/uploads\/2014\/01\/Bj\u00f8rnstranda5-300x168.jpg 300w, https:\/\/hopenmeteo.no\/wp-content\/uploads\/2014\/01\/Bj\u00f8rnstranda5-500x281.jpg 500w\" sizes=\"auto, (max-width: 800px) 100vw, 800px\" \/><figcaption class=\"wp-element-caption\">Et teist-par har funnet seg en sikker hvileplass i skrenten p\u00e5 stranda.<\/figcaption><\/figure>\n<\/div>\n\n<div class=\"wp-block-image size-full wp-image-1309\">\n<figure class=\"alignleft\"><img loading=\"lazy\" decoding=\"async\" width=\"800\" height=\"1421\" src=\"https:\/\/hopenmeteo.no\/wp-content\/uploads\/2014\/01\/Bj\u00f8rnstranda4.jpg\" alt=\"Polarsyregras er en av flere arter som trives p\u00e5 Bj\u00f8rnstranda. \" class=\"wp-image-1309\" srcset=\"https:\/\/hopenmeteo.no\/wp-content\/uploads\/2014\/01\/Bj\u00f8rnstranda4.jpg 800w, https:\/\/hopenmeteo.no\/wp-content\/uploads\/2014\/01\/Bj\u00f8rnstranda4-450x800.jpg 450w\" sizes=\"auto, (max-width: 800px) 100vw, 800px\" \/><figcaption class=\"wp-element-caption\">Polarsyregras er en av flere arter som trives p\u00e5 Bj\u00f8rnstranda.<\/figcaption><\/figure>\n<\/div>\n\n<div class=\"wp-block-image\">\n<figure class=\"alignleft\"><img loading=\"lazy\" decoding=\"async\" width=\"800\" height=\"450\" src=\"https:\/\/hopenmeteo.no\/wp-content\/uploads\/2014\/01\/Bj\u00f8rnstranda3.jpg\" alt=\"Bj\u00f8rnstranda3\" class=\"wp-image-1308\" srcset=\"https:\/\/hopenmeteo.no\/wp-content\/uploads\/2014\/01\/Bj\u00f8rnstranda3.jpg 800w, https:\/\/hopenmeteo.no\/wp-content\/uploads\/2014\/01\/Bj\u00f8rnstranda3-300x168.jpg 300w, https:\/\/hopenmeteo.no\/wp-content\/uploads\/2014\/01\/Bj\u00f8rnstranda3-500x281.jpg 500w\" sizes=\"auto, (max-width: 800px) 100vw, 800px\" \/><\/figure>\n<\/div>\n\n<div class=\"wp-block-image\">\n<figure class=\"alignleft\"><img loading=\"lazy\" decoding=\"async\" width=\"800\" height=\"450\" src=\"https:\/\/hopenmeteo.no\/wp-content\/uploads\/2014\/01\/Bj\u00f8rnstranda2.jpg\" alt=\"Bj\u00f8rnstranda2\" class=\"wp-image-1307\" srcset=\"https:\/\/hopenmeteo.no\/wp-content\/uploads\/2014\/01\/Bj\u00f8rnstranda2.jpg 800w, https:\/\/hopenmeteo.no\/wp-content\/uploads\/2014\/01\/Bj\u00f8rnstranda2-300x168.jpg 300w, https:\/\/hopenmeteo.no\/wp-content\/uploads\/2014\/01\/Bj\u00f8rnstranda2-500x281.jpg 500w\" sizes=\"auto, (max-width: 800px) 100vw, 800px\" \/><\/figure>\n<\/div>\n\n<div class=\"wp-block-image size-full wp-image-1306\">\n<figure class=\"alignleft\"><img loading=\"lazy\" decoding=\"async\" width=\"800\" height=\"450\" src=\"https:\/\/hopenmeteo.no\/wp-content\/uploads\/2014\/01\/Bj\u00f8rnstranda1.jpg\" alt=\"S\u00f8renden av stranda under Werenskioldfjellet og med Johshytta.\" class=\"wp-image-1306\" srcset=\"https:\/\/hopenmeteo.no\/wp-content\/uploads\/2014\/01\/Bj\u00f8rnstranda1.jpg 800w, https:\/\/hopenmeteo.no\/wp-content\/uploads\/2014\/01\/Bj\u00f8rnstranda1-300x168.jpg 300w, https:\/\/hopenmeteo.no\/wp-content\/uploads\/2014\/01\/Bj\u00f8rnstranda1-500x281.jpg 500w\" sizes=\"auto, (max-width: 800px) 100vw, 800px\" \/><figcaption class=\"wp-element-caption\">S\u00f8renden av stranda under Werenskioldfjellet og med Johshytta.<\/figcaption><\/figure>\n<\/div>\n\n<div class=\"wp-block-image size-full wp-image-1305\">\n<figure class=\"alignleft\"><img loading=\"lazy\" decoding=\"async\" width=\"800\" height=\"450\" src=\"https:\/\/hopenmeteo.no\/wp-content\/uploads\/2014\/01\/Bj\u00f8rnstranda10.jpg\" alt=\"Utmerket utsikt ned p\u00e5 stranda dra Kollerfjellet.\" class=\"wp-image-1305\" srcset=\"https:\/\/hopenmeteo.no\/wp-content\/uploads\/2014\/01\/Bj\u00f8rnstranda10.jpg 800w, https:\/\/hopenmeteo.no\/wp-content\/uploads\/2014\/01\/Bj\u00f8rnstranda10-300x168.jpg 300w, https:\/\/hopenmeteo.no\/wp-content\/uploads\/2014\/01\/Bj\u00f8rnstranda10-500x281.jpg 500w\" sizes=\"auto, (max-width: 800px) 100vw, 800px\" \/><figcaption class=\"wp-element-caption\">Utmerket utsikt ned p\u00e5 stranda dra Kollerfjellet.<\/figcaption><\/figure>\n<\/div>\n\n<div class=\"wp-block-image size-full wp-image-1304\">\n<figure class=\"alignleft\"><img loading=\"lazy\" decoding=\"async\" width=\"800\" height=\"600\" src=\"https:\/\/hopenmeteo.no\/wp-content\/uploads\/2014\/01\/Bj\u00f8rnstranda.jpg\" alt=\"Nordenden av stranda sett med Sea King fra 330 skv.\" class=\"wp-image-1304\" srcset=\"https:\/\/hopenmeteo.no\/wp-content\/uploads\/2014\/01\/Bj\u00f8rnstranda.jpg 800w, https:\/\/hopenmeteo.no\/wp-content\/uploads\/2014\/01\/Bj\u00f8rnstranda-300x225.jpg 300w, https:\/\/hopenmeteo.no\/wp-content\/uploads\/2014\/01\/Bj\u00f8rnstranda-400x300.jpg 400w\" sizes=\"auto, (max-width: 800px) 100vw, 800px\" \/><figcaption class=\"wp-element-caption\">Nordenden av stranda sett med Sea King fra 330 skv.<\/figcaption><\/figure>\n<\/div>","protected":false},"excerpt":{"rendered":"<p>Bj\u00f8rnstranda ligger p\u00e5 vestsiden av \u00f8ya, rett vest for stasjonen. Den g\u00e5r fra roten av Werenskiold i s\u00f8r til omtrent rett under toppen av Kollerfjellet, ca 2 km lang. Det er ei frodig strand med mye vegetasjon opp\u00e5 brinken.<\/p>\n","protected":false},"author":2,"featured_media":0,"parent":0,"menu_order":0,"comment_status":"open","ping_status":"open","template":"","meta":{"footnotes":""},"class_list":["post-1302","page","type-page","status-publish","hentry"],"_links":{"self":[{"href":"https:\/\/hopenmeteo.no\/index.php?rest_route=\/wp\/v2\/pages\/1302","targetHints":{"allow":["GET"]}}],"collection":[{"href":"https:\/\/hopenmeteo.no\/index.php?rest_route=\/wp\/v2\/pages"}],"about":[{"href":"https:\/\/hopenmeteo.no\/index.php?rest_route=\/wp\/v2\/types\/page"}],"author":[{"embeddable":true,"href":"https:\/\/hopenmeteo.no\/index.php?rest_route=\/wp\/v2\/users\/2"}],"replies":[{"embeddable":true,"href":"https:\/\/hopenmeteo.no\/index.php?rest_route=%2Fwp%2Fv2%2Fcomments&post=1302"}],"version-history":[{"count":3,"href":"https:\/\/hopenmeteo.no\/index.php?rest_route=\/wp\/v2\/pages\/1302\/revisions"}],"predecessor-version":[{"id":8004,"href":"https:\/\/hopenmeteo.no\/index.php?rest_route=\/wp\/v2\/pages\/1302\/revisions\/8004"}],"wp:attachment":[{"href":"https:\/\/hopenmeteo.no\/index.php?rest_route=%2Fwp%2Fv2%2Fmedia&parent=1302"}],"curies":[{"name":"wp","href":"https:\/\/api.w.org\/{rel}","templated":true}]}}