{"id":1319,"date":"2014-01-04T22:57:29","date_gmt":"2014-01-04T21:57:29","guid":{"rendered":"http:\/\/hopenmeteo.no\/?page_id=1319"},"modified":"2024-02-08T09:49:23","modified_gmt":"2024-02-08T08:49:23","slug":"johshytta","status":"publish","type":"page","link":"https:\/\/hopenmeteo.no\/?page_id=1319","title":{"rendered":"Johshytta"},"content":{"rendered":"\n<p>Johshytta eller vesthytta som den ogs\u00e5 kalles, ligger flott til p\u00e5 Bj\u00f8rnstranda, rett vest for stasjonen. Det er p\u00e5begynt et n\u00f8dvendig restaureringsarbeide for at den skal kunne vare framover.<\/p>\n\n\n<div class=\"wp-block-image size-full wp-image-755\">\n<figure class=\"alignleft\"><img loading=\"lazy\" decoding=\"async\" width=\"800\" height=\"448\" src=\"https:\/\/hopenmeteo.no\/wp-content\/uploads\/2013\/10\/CIMG4010.jpg\" alt=\"Johshytta med inngangen p\u00e5 vestsiden.  (Foto: Stig Paulsen)\" class=\"wp-image-755\" srcset=\"https:\/\/hopenmeteo.no\/wp-content\/uploads\/2013\/10\/CIMG4010.jpg 800w, https:\/\/hopenmeteo.no\/wp-content\/uploads\/2013\/10\/CIMG4010-300x168.jpg 300w, https:\/\/hopenmeteo.no\/wp-content\/uploads\/2013\/10\/CIMG4010-500x280.jpg 500w\" sizes=\"auto, (max-width: 800px) 100vw, 800px\" \/><figcaption class=\"wp-element-caption\">Johshytta med inngangen p\u00e5 vestsiden.<br \/>(Foto: Stig Paulsen)<\/figcaption><\/figure>\n<\/div>\n\n<div class=\"wp-block-image size-full wp-image-1305\">\n<figure class=\"alignleft\"><img loading=\"lazy\" decoding=\"async\" width=\"800\" height=\"450\" src=\"https:\/\/hopenmeteo.no\/wp-content\/uploads\/2014\/01\/Bj\u00f8rnstranda10.jpg\" alt=\"Utmerket utsikt ned p\u00e5 stranda dra Kollerfjellet.\" class=\"wp-image-1305\" srcset=\"https:\/\/hopenmeteo.no\/wp-content\/uploads\/2014\/01\/Bj\u00f8rnstranda10.jpg 800w, https:\/\/hopenmeteo.no\/wp-content\/uploads\/2014\/01\/Bj\u00f8rnstranda10-300x168.jpg 300w, https:\/\/hopenmeteo.no\/wp-content\/uploads\/2014\/01\/Bj\u00f8rnstranda10-500x281.jpg 500w\" sizes=\"auto, (max-width: 800px) 100vw, 800px\" \/><figcaption class=\"wp-element-caption\">Utmerket utsikt ned p\u00e5 stranda fra Kollerfjellet, der Johshytta kan sees som en liten gr\u00e5 kloss opp mot enden av stranda..<\/figcaption><\/figure>\n<\/div>\n\n\n<dl class=\"wp-caption alignleft\" id=\"attachment_1303\" style=\"width: 460px;\">\n<dt class=\"wp-caption-dt\"><img loading=\"lazy\" decoding=\"async\" class=\"size-full wp-image-1303\" alt=\"Bj\u00f8rnstranda og Kollerfjellet sett fra Sea King fra 330 skv.\" src=\"https:\/\/hopenmeteo.no\/wp-content\/uploads\/2014\/01\/Bj\u00f8rnstranda-og-Koller1.jpg\" width=\"450\" height=\"600\" srcset=\"https:\/\/hopenmeteo.no\/wp-content\/uploads\/2014\/01\/Bj\u00f8rnstranda-og-Koller1.jpg 450w, https:\/\/hopenmeteo.no\/wp-content\/uploads\/2014\/01\/Bj\u00f8rnstranda-og-Koller1-225x300.jpg 225w\" sizes=\"auto, (max-width: 450px) 100vw, 450px\" \/>Bj\u00f8rnstranda og Kollerfjellet sett fra Sea King fra 330 skv<br \/>\n. Johshytta lyser opp av midnattssola.\n<\/dt><\/dl>\n\n\n\n<p><\/p>\n\n\n\n<figure class=\"wp-block-image\"><img loading=\"lazy\" decoding=\"async\" width=\"800\" height=\"450\" src=\"https:\/\/hopenmeteo.no\/wp-content\/uploads\/2014\/01\/Johshytta3.jpg\" alt=\"S\u00f8rsida av hytta.\" class=\"wp-image-1322\" srcset=\"https:\/\/hopenmeteo.no\/wp-content\/uploads\/2014\/01\/Johshytta3.jpg 800w, https:\/\/hopenmeteo.no\/wp-content\/uploads\/2014\/01\/Johshytta3-300x168.jpg 300w, https:\/\/hopenmeteo.no\/wp-content\/uploads\/2014\/01\/Johshytta3-500x281.jpg 500w\" sizes=\"auto, (max-width: 800px) 100vw, 800px\" \/><\/figure>\n\n\n\n<p><img loading=\"lazy\" decoding=\"async\" class=\"size-full wp-image-241\" alt=\"Johshytta. Den eneste hytta p\u00e5 vestsiden av \u00f8ya.\" src=\"https:\/\/hopenmeteo.no\/wp-content\/uploads\/2013\/08\/Johshytta.jpg\" width=\"800\" height=\"600\" srcset=\"https:\/\/hopenmeteo.no\/wp-content\/uploads\/2013\/08\/Johshytta.jpg 800w, https:\/\/hopenmeteo.no\/wp-content\/uploads\/2013\/08\/Johshytta-300x225.jpg 300w, https:\/\/hopenmeteo.no\/wp-content\/uploads\/2013\/08\/Johshytta-400x300.jpg 400w\" sizes=\"auto, (max-width: 800px) 100vw, 800px\" \/><br \/>\n<script type=\"text\/javascript\"> end403_() <\/script><\/p>\n","protected":false},"excerpt":{"rendered":"<p>Johshytta eller vesthytta som den ogs\u00e5 kalles, ligger flott til p\u00e5 Bj\u00f8rnstranda, rett vest for stasjonen. Det er p\u00e5begynt et n\u00f8dvendig restaureringsarbeide for at den skal kunne vare framover. Bj\u00f8rnstranda og Kollerfjellet sett fra Sea King fra 330 skv . Johshytta lyser opp av midnattssola.<\/p>\n","protected":false},"author":2,"featured_media":0,"parent":0,"menu_order":0,"comment_status":"open","ping_status":"open","template":"","meta":{"footnotes":""},"class_list":["post-1319","page","type-page","status-publish","hentry"],"_links":{"self":[{"href":"https:\/\/hopenmeteo.no\/index.php?rest_route=\/wp\/v2\/pages\/1319","targetHints":{"allow":["GET"]}}],"collection":[{"href":"https:\/\/hopenmeteo.no\/index.php?rest_route=\/wp\/v2\/pages"}],"about":[{"href":"https:\/\/hopenmeteo.no\/index.php?rest_route=\/wp\/v2\/types\/page"}],"author":[{"embeddable":true,"href":"https:\/\/hopenmeteo.no\/index.php?rest_route=\/wp\/v2\/users\/2"}],"replies":[{"embeddable":true,"href":"https:\/\/hopenmeteo.no\/index.php?rest_route=%2Fwp%2Fv2%2Fcomments&post=1319"}],"version-history":[{"count":5,"href":"https:\/\/hopenmeteo.no\/index.php?rest_route=\/wp\/v2\/pages\/1319\/revisions"}],"predecessor-version":[{"id":8006,"href":"https:\/\/hopenmeteo.no\/index.php?rest_route=\/wp\/v2\/pages\/1319\/revisions\/8006"}],"wp:attachment":[{"href":"https:\/\/hopenmeteo.no\/index.php?rest_route=%2Fwp%2Fv2%2Fmedia&parent=1319"}],"curies":[{"name":"wp","href":"https:\/\/api.w.org\/{rel}","templated":true}]}}