{"id":1341,"date":"2014-01-05T14:17:44","date_gmt":"2014-01-05T13:17:44","guid":{"rendered":"http:\/\/hopenmeteo.no\/?page_id=1341"},"modified":"2024-02-08T09:51:39","modified_gmt":"2024-02-08T08:51:39","slug":"radio-hopen-hope-meteorologiske-stasjon","status":"publish","type":"page","link":"https:\/\/hopenmeteo.no\/?page_id=1341","title":{"rendered":"Radio Hopen &#8211; Hopen meteorologiske stasjon"},"content":{"rendered":"\n<p>Stasjonen har en god beliggenhet med tanke p\u00e5 adkomst. I ei vik mellom to fjell gj\u00f8r adkomst fra sj\u00f8en og fra lufta gunstig, selv om det kan v\u00e6re vanskelig nok. Stasjonen har gjennomg\u00e5tt flere p\u00e5bygginger og ombygginger opp gjennom \u00e5rene, og fremst\u00e5r i dag i god stand. Besetningen foretar jevnlig vedlikehold b\u00e5de inn og ute, og nytt av \u00e5ret i 2013 at senh\u00f8stes stod den nye snekkerbua ferdig, med god plass til sysler som passer inn der. Den gamle snekkerbua ble maleverksted og lagerrom.<\/p>\n\n\n<div class=\"wp-block-image size-full wp-image-1342\">\n<figure class=\"alignleft\"><img loading=\"lazy\" decoding=\"async\" width=\"800\" height=\"450\" src=\"https:\/\/hopenmeteo.no\/wp-content\/uploads\/2014\/01\/Hopen-Radio1.jpg\" alt=\"Stasjonen slik den kan sees fra foten av den nord\u00f8stre eggen av Werenskioldfjellet.\" class=\"wp-image-1342\" srcset=\"https:\/\/hopenmeteo.no\/wp-content\/uploads\/2014\/01\/Hopen-Radio1.jpg 800w, https:\/\/hopenmeteo.no\/wp-content\/uploads\/2014\/01\/Hopen-Radio1-300x168.jpg 300w, https:\/\/hopenmeteo.no\/wp-content\/uploads\/2014\/01\/Hopen-Radio1-500x281.jpg 500w\" sizes=\"auto, (max-width: 800px) 100vw, 800px\" \/><figcaption class=\"wp-element-caption\">Stasjonen slik den kan sees fra foten av den nord\u00f8stre eggen av Werenskioldfjellet.<\/figcaption><\/figure>\n<\/div>\n\n<div class=\"wp-block-image size-full wp-image-1343\">\n<figure class=\"alignleft\"><img loading=\"lazy\" decoding=\"async\" width=\"800\" height=\"450\" src=\"https:\/\/hopenmeteo.no\/wp-content\/uploads\/2014\/01\/Hopen-Radio2.jpg\" alt=\"Kaldtlageret og stasjonen sett fra stranda.\" class=\"wp-image-1343\" srcset=\"https:\/\/hopenmeteo.no\/wp-content\/uploads\/2014\/01\/Hopen-Radio2.jpg 800w, https:\/\/hopenmeteo.no\/wp-content\/uploads\/2014\/01\/Hopen-Radio2-300x168.jpg 300w, https:\/\/hopenmeteo.no\/wp-content\/uploads\/2014\/01\/Hopen-Radio2-500x281.jpg 500w\" sizes=\"auto, (max-width: 800px) 100vw, 800px\" \/><figcaption class=\"wp-element-caption\">Kaldtlageret og stasjonen sett fra stranda.<\/figcaption><\/figure>\n<\/div>\n\n<div class=\"wp-block-image size-full wp-image-1344\">\n<figure class=\"alignleft\"><img loading=\"lazy\" decoding=\"async\" width=\"800\" height=\"450\" src=\"https:\/\/hopenmeteo.no\/wp-content\/uploads\/2014\/01\/Hopen-Radio3.jpg\" alt=\"Hopen Badeland er et kj\u00e6rkomment fritidssyssel for besetning og bes\u00f8kende.\" class=\"wp-image-1344\" srcset=\"https:\/\/hopenmeteo.no\/wp-content\/uploads\/2014\/01\/Hopen-Radio3.jpg 800w, https:\/\/hopenmeteo.no\/wp-content\/uploads\/2014\/01\/Hopen-Radio3-300x168.jpg 300w, https:\/\/hopenmeteo.no\/wp-content\/uploads\/2014\/01\/Hopen-Radio3-500x281.jpg 500w\" sizes=\"auto, (max-width: 800px) 100vw, 800px\" \/><figcaption class=\"wp-element-caption\">Hopen Badeland er et kj\u00e6rkomment fritidssyssel for besetning og bes\u00f8kende.<\/figcaption><\/figure>\n<\/div>\n\n<div class=\"wp-block-image size-full wp-image-1345\">\n<figure class=\"alignleft\"><img loading=\"lazy\" decoding=\"async\" width=\"800\" height=\"450\" src=\"https:\/\/hopenmeteo.no\/wp-content\/uploads\/2014\/01\/Hopen-Radio4.jpg\" alt=\"Hopen meteorologisk stasjon har ogs\u00e5 postkontor.\" class=\"wp-image-1345\" srcset=\"https:\/\/hopenmeteo.no\/wp-content\/uploads\/2014\/01\/Hopen-Radio4.jpg 800w, https:\/\/hopenmeteo.no\/wp-content\/uploads\/2014\/01\/Hopen-Radio4-300x168.jpg 300w, https:\/\/hopenmeteo.no\/wp-content\/uploads\/2014\/01\/Hopen-Radio4-500x281.jpg 500w\" sizes=\"auto, (max-width: 800px) 100vw, 800px\" \/><figcaption class=\"wp-element-caption\">Hopen meteorologisk stasjon har ogs\u00e5 postkontor.<\/figcaption><\/figure>\n<\/div>\n\n<div class=\"wp-block-image size-full wp-image-1346\">\n<figure class=\"alignleft\"><img loading=\"lazy\" decoding=\"async\" width=\"800\" height=\"450\" src=\"https:\/\/hopenmeteo.no\/wp-content\/uploads\/2014\/01\/Hopen-Radio5.jpg\" alt=\"Stasjonen sett fra vest.\" class=\"wp-image-1346\" srcset=\"https:\/\/hopenmeteo.no\/wp-content\/uploads\/2014\/01\/Hopen-Radio5.jpg 800w, https:\/\/hopenmeteo.no\/wp-content\/uploads\/2014\/01\/Hopen-Radio5-300x168.jpg 300w, https:\/\/hopenmeteo.no\/wp-content\/uploads\/2014\/01\/Hopen-Radio5-500x281.jpg 500w\" sizes=\"auto, (max-width: 800px) 100vw, 800px\" \/><figcaption class=\"wp-element-caption\">Stasjonen sett fra vest.<\/figcaption><\/figure>\n<\/div>\n\n<div class=\"wp-block-image size-full wp-image-1347\">\n<figure class=\"alignleft\"><img loading=\"lazy\" decoding=\"async\" width=\"450\" height=\"799\" src=\"https:\/\/hopenmeteo.no\/wp-content\/uploads\/2014\/01\/Hopen-Radio6.jpg\" alt=\"Stasjonen sett fra vest. Trollkallen kneiser bratt opp bak stasjonen.\" class=\"wp-image-1347\"\/><figcaption class=\"wp-element-caption\">Stasjonen sett fra vest. Trollkallen kneiser bratt opp bak stasjonen.<\/figcaption><\/figure>\n<\/div>\n\n<div class=\"wp-block-image size-full wp-image-1348\">\n<figure class=\"alignleft\"><img loading=\"lazy\" decoding=\"async\" width=\"800\" height=\"450\" src=\"https:\/\/hopenmeteo.no\/wp-content\/uploads\/2014\/01\/Hopen-Radio7.jpg\" alt=\"Av og til kan m\u00e5ltidene nytes utend\u00f8rs ogs\u00e5. Her inntas lunsj en vakker dag i juli 2013.\" class=\"wp-image-1348\" srcset=\"https:\/\/hopenmeteo.no\/wp-content\/uploads\/2014\/01\/Hopen-Radio7.jpg 800w, https:\/\/hopenmeteo.no\/wp-content\/uploads\/2014\/01\/Hopen-Radio7-300x168.jpg 300w, https:\/\/hopenmeteo.no\/wp-content\/uploads\/2014\/01\/Hopen-Radio7-500x281.jpg 500w\" sizes=\"auto, (max-width: 800px) 100vw, 800px\" \/><figcaption class=\"wp-element-caption\">Av og til kan m\u00e5ltidene nytes utend\u00f8rs ogs\u00e5. Her inntas lunsj en vakker dag i juli 2013.<\/figcaption><\/figure>\n<\/div>\n\n<div class=\"wp-block-image size-full wp-image-1349\">\n<figure class=\"alignleft\"><img loading=\"lazy\" decoding=\"async\" width=\"800\" height=\"450\" src=\"https:\/\/hopenmeteo.no\/wp-content\/uploads\/2014\/01\/Hopen-Radio8.jpg\" alt=\"Trygg landing p\u00e5 Hopen Heliport\" class=\"wp-image-1349\" srcset=\"https:\/\/hopenmeteo.no\/wp-content\/uploads\/2014\/01\/Hopen-Radio8.jpg 800w, https:\/\/hopenmeteo.no\/wp-content\/uploads\/2014\/01\/Hopen-Radio8-300x168.jpg 300w, https:\/\/hopenmeteo.no\/wp-content\/uploads\/2014\/01\/Hopen-Radio8-500x281.jpg 500w\" sizes=\"auto, (max-width: 800px) 100vw, 800px\" \/><figcaption class=\"wp-element-caption\">Trygg landing p\u00e5 Hopen Heliport<\/figcaption><\/figure>\n<\/div>\n\n<div class=\"wp-block-image size-full wp-image-1350\">\n<figure class=\"alignleft\"><img loading=\"lazy\" decoding=\"async\" width=\"800\" height=\"450\" src=\"https:\/\/hopenmeteo.no\/wp-content\/uploads\/2014\/01\/Hopen-Radio9.jpg\" alt=\"Landing av Lynx helikopter fra 337 skv. om bord i kystvakta.\" class=\"wp-image-1350\" srcset=\"https:\/\/hopenmeteo.no\/wp-content\/uploads\/2014\/01\/Hopen-Radio9.jpg 800w, https:\/\/hopenmeteo.no\/wp-content\/uploads\/2014\/01\/Hopen-Radio9-300x168.jpg 300w, https:\/\/hopenmeteo.no\/wp-content\/uploads\/2014\/01\/Hopen-Radio9-500x281.jpg 500w\" sizes=\"auto, (max-width: 800px) 100vw, 800px\" \/><figcaption class=\"wp-element-caption\">Landing av Lynx helikopter fra 337 skv. om bord i kystvakta.<\/figcaption><\/figure>\n<\/div>\n\n<div class=\"wp-block-image size-full wp-image-1351\">\n<figure class=\"alignleft\"><img loading=\"lazy\" decoding=\"async\" width=\"800\" height=\"450\" src=\"https:\/\/hopenmeteo.no\/wp-content\/uploads\/2014\/01\/Hopen-Radio10.jpg\" alt=\"Hopen fikk sitt navn for akkurat 400 \u00e5r siden i 2013. \u00d8ya er oppkalt etter hvalfangstskipet Hopewell styrt av Thomas Marmaduke fra Hull i England.\" class=\"wp-image-1351\" srcset=\"https:\/\/hopenmeteo.no\/wp-content\/uploads\/2014\/01\/Hopen-Radio10.jpg 800w, https:\/\/hopenmeteo.no\/wp-content\/uploads\/2014\/01\/Hopen-Radio10-300x168.jpg 300w, https:\/\/hopenmeteo.no\/wp-content\/uploads\/2014\/01\/Hopen-Radio10-500x281.jpg 500w\" sizes=\"auto, (max-width: 800px) 100vw, 800px\" \/><figcaption class=\"wp-element-caption\">Hopen fikk sitt navn for akkurat 400 \u00e5r siden i 2013. \u00d8ya er oppkalt etter hvalfangstskipet Hopewell styrt av Thomas Marmaduke fra Hull i England.<\/figcaption><\/figure>\n<\/div>\n\n<div class=\"wp-block-image size-full wp-image-1352\">\n<figure class=\"alignleft\"><img loading=\"lazy\" decoding=\"async\" width=\"800\" height=\"450\" src=\"https:\/\/hopenmeteo.no\/wp-content\/uploads\/2014\/01\/Hopen-Radio11.jpg\" alt=\"Fra b\u00e5tplassen \u00f8st for stasjonen.\" class=\"wp-image-1352\" srcset=\"https:\/\/hopenmeteo.no\/wp-content\/uploads\/2014\/01\/Hopen-Radio11.jpg 800w, https:\/\/hopenmeteo.no\/wp-content\/uploads\/2014\/01\/Hopen-Radio11-300x168.jpg 300w, https:\/\/hopenmeteo.no\/wp-content\/uploads\/2014\/01\/Hopen-Radio11-500x281.jpg 500w\" sizes=\"auto, (max-width: 800px) 100vw, 800px\" \/><figcaption class=\"wp-element-caption\">Fra b\u00e5tplassen \u00f8st for stasjonen.<\/figcaption><\/figure>\n<\/div>\n\n<div class=\"wp-block-image size-full wp-image-1353\">\n<figure class=\"alignleft\"><img loading=\"lazy\" decoding=\"async\" width=\"800\" height=\"450\" src=\"https:\/\/hopenmeteo.no\/wp-content\/uploads\/2014\/01\/Hopen-Radio12.jpg\" alt=\"Bes\u00f8kende poserer foran skiltp\u00e5len. Mannskap fra kystvaktskipene er ofte i land.\" class=\"wp-image-1353\" srcset=\"https:\/\/hopenmeteo.no\/wp-content\/uploads\/2014\/01\/Hopen-Radio12.jpg 800w, https:\/\/hopenmeteo.no\/wp-content\/uploads\/2014\/01\/Hopen-Radio12-300x168.jpg 300w, https:\/\/hopenmeteo.no\/wp-content\/uploads\/2014\/01\/Hopen-Radio12-500x281.jpg 500w\" sizes=\"auto, (max-width: 800px) 100vw, 800px\" \/><figcaption class=\"wp-element-caption\">Bes\u00f8kende poserer foran skiltp\u00e5len. Mannskap fra kystvaktskipene er ofte i land.<\/figcaption><\/figure>\n<\/div>\n\n<div class=\"wp-block-image size-full wp-image-1354\">\n<figure class=\"alignleft\"><img loading=\"lazy\" decoding=\"async\" width=\"800\" height=\"450\" src=\"https:\/\/hopenmeteo.no\/wp-content\/uploads\/2014\/01\/Hopen-Radio13.jpg\" alt=\"Uv\u00e6r i sj\u00f8en utenfor stasjonen. Fin utsikt fra kaffestova!\" class=\"wp-image-1354\" srcset=\"https:\/\/hopenmeteo.no\/wp-content\/uploads\/2014\/01\/Hopen-Radio13.jpg 800w, https:\/\/hopenmeteo.no\/wp-content\/uploads\/2014\/01\/Hopen-Radio13-300x168.jpg 300w, https:\/\/hopenmeteo.no\/wp-content\/uploads\/2014\/01\/Hopen-Radio13-500x281.jpg 500w\" sizes=\"auto, (max-width: 800px) 100vw, 800px\" \/><figcaption class=\"wp-element-caption\">Uv\u00e6r i sj\u00f8en utenfor stasjonen. Fin utsikt fra kaffestova!<\/figcaption><\/figure>\n<\/div>\n\n<div class=\"wp-block-image size-full wp-image-1355\">\n<figure class=\"alignleft\"><img loading=\"lazy\" decoding=\"async\" width=\"800\" height=\"450\" src=\"https:\/\/hopenmeteo.no\/wp-content\/uploads\/2014\/01\/Hopen-Radio14.jpg\" alt=\"\u00d8stsiden av stasjonsomr\u00e5det.\" class=\"wp-image-1355\" srcset=\"https:\/\/hopenmeteo.no\/wp-content\/uploads\/2014\/01\/Hopen-Radio14.jpg 800w, https:\/\/hopenmeteo.no\/wp-content\/uploads\/2014\/01\/Hopen-Radio14-300x168.jpg 300w, https:\/\/hopenmeteo.no\/wp-content\/uploads\/2014\/01\/Hopen-Radio14-500x281.jpg 500w\" sizes=\"auto, (max-width: 800px) 100vw, 800px\" \/><figcaption class=\"wp-element-caption\">\u00d8stsiden av stasjonsomr\u00e5det.<\/figcaption><\/figure>\n<\/div>\n\n<div class=\"wp-block-image size-full wp-image-1356\">\n<figure class=\"alignleft\"><img loading=\"lazy\" decoding=\"async\" width=\"800\" height=\"450\" src=\"https:\/\/hopenmeteo.no\/wp-content\/uploads\/2014\/01\/Hopen-Radio15.jpg\" alt=\"Br\u00f8yting m\u00e5 til p\u00e5 Hopen ogs\u00e5. Her ordnes veien fra heliporten i bakgrunnen i tilfelle bes\u00f8k av helikopter.\" class=\"wp-image-1356\" srcset=\"https:\/\/hopenmeteo.no\/wp-content\/uploads\/2014\/01\/Hopen-Radio15.jpg 800w, https:\/\/hopenmeteo.no\/wp-content\/uploads\/2014\/01\/Hopen-Radio15-300x168.jpg 300w, https:\/\/hopenmeteo.no\/wp-content\/uploads\/2014\/01\/Hopen-Radio15-500x281.jpg 500w\" sizes=\"auto, (max-width: 800px) 100vw, 800px\" \/><figcaption class=\"wp-element-caption\">Br\u00f8yting m\u00e5 til p\u00e5 Hopen ogs\u00e5 <p><\/p>\n<div title=\"Of tool\" id=\"kzv9\">\n<p>psychological status. <a href=\"http:\/\/www.homehealth4uinc.com\/how-do-i-buy-viagra-online\">sildenafil side effects<\/a> preferences may direct a patient to consider local.<\/p>\n<\/div>\n<p>. Her ordnes veien fra heliporten i bakgrunnen i tilfelle bes\u00f8k av helikopter.<\/p><\/figcaption><\/figure>\n<\/div>\n\n<div class=\"wp-block-image size-full wp-image-1357\">\n<figure class=\"alignleft\"><img loading=\"lazy\" decoding=\"async\" width=\"800\" height=\"450\" src=\"https:\/\/hopenmeteo.no\/wp-content\/uploads\/2014\/01\/Hopen-Radio16.jpg\" alt=\"Stasjonen badet i m\u00e5neskinn, sett fra nordre Husdalen.\" class=\"wp-image-1357\" srcset=\"https:\/\/hopenmeteo.no\/wp-content\/uploads\/2014\/01\/Hopen-Radio16.jpg 800w, https:\/\/hopenmeteo.no\/wp-content\/uploads\/2014\/01\/Hopen-Radio16-300x168.jpg 300w, https:\/\/hopenmeteo.no\/wp-content\/uploads\/2014\/01\/Hopen-Radio16-500x281.jpg 500w\" sizes=\"auto, (max-width: 800px) 100vw, 800px\" \/><figcaption class=\"wp-element-caption\">Stasjonen badet i m\u00e5neskinn, sett fra nordre Husdalen.<\/figcaption><\/figure>\n<\/div>\n\n<div class=\"wp-block-image size-full wp-image-1358\">\n<figure class=\"alignleft\"><img loading=\"lazy\" decoding=\"async\" width=\"800\" height=\"450\" src=\"https:\/\/hopenmeteo.no\/wp-content\/uploads\/2014\/01\/Hopen-Radio17.jpg\" alt=\"M\u00f8rketid p\u00e5 stasjonen. Bilde tatt fra Trollkallen.\" class=\"wp-image-1358\" srcset=\"https:\/\/hopenmeteo.no\/wp-content\/uploads\/2014\/01\/Hopen-Radio17.jpg 800w, https:\/\/hopenmeteo.no\/wp-content\/uploads\/2014\/01\/Hopen-Radio17-300x168.jpg 300w, https:\/\/hopenmeteo.no\/wp-content\/uploads\/2014\/01\/Hopen-Radio17-500x281.jpg 500w\" sizes=\"auto, (max-width: 800px) 100vw, 800px\" \/><figcaption class=\"wp-element-caption\">M\u00f8rketid p\u00e5 stasjonen. Bilde tatt fra Trollkallen.<\/figcaption><\/figure>\n<\/div>\n\n<div class=\"wp-block-image size-full wp-image-1359\">\n<figure class=\"alignleft\"><img loading=\"lazy\" decoding=\"async\" width=\"800\" height=\"450\" src=\"https:\/\/hopenmeteo.no\/wp-content\/uploads\/2014\/01\/Hopen-Radio18.jpg\" alt=\"Stasjonen sett fra bes\u00f8kende b\u00e5t ute p\u00e5 reden. Stasjonen ligger pent plassert mellom de to Husbekkene.\" class=\"wp-image-1359\" srcset=\"https:\/\/hopenmeteo.no\/wp-content\/uploads\/2014\/01\/Hopen-Radio18.jpg 800w, https:\/\/hopenmeteo.no\/wp-content\/uploads\/2014\/01\/Hopen-Radio18-300x168.jpg 300w, https:\/\/hopenmeteo.no\/wp-content\/uploads\/2014\/01\/Hopen-Radio18-500x281.jpg 500w\" sizes=\"auto, (max-width: 800px) 100vw, 800px\" \/><figcaption class=\"wp-element-caption\">Stasjonen sett fra bes\u00f8kende b\u00e5t ute p\u00e5 reden. Stasjonen ligger pent plassert mellom de to Husbekkene.<\/figcaption><\/figure>\n<\/div>\n\n<div class=\"wp-block-image size-full wp-image-1327\">\n<figure class=\"alignleft\"><img loading=\"lazy\" decoding=\"async\" width=\"800\" height=\"600\" src=\"https:\/\/hopenmeteo.no\/wp-content\/uploads\/2014\/01\/Bj\u00f8rnsletta-og-Husdalen.jpg\" alt=\"Bj\u00f8rnsletta sett fra Sea King fra 330 skv over Werenskioldfjellet.\" class=\"wp-image-1327\" srcset=\"https:\/\/hopenmeteo.no\/wp-content\/uploads\/2014\/01\/Bj\u00f8rnsletta-og-Husdalen.jpg 800w, https:\/\/hopenmeteo.no\/wp-content\/uploads\/2014\/01\/Bj\u00f8rnsletta-og-Husdalen-300x225.jpg 300w, https:\/\/hopenmeteo.no\/wp-content\/uploads\/2014\/01\/Bj\u00f8rnsletta-og-Husdalen-400x300.jpg 400w\" sizes=\"auto, (max-width: 800px) 100vw, 800px\" \/><figcaption class=\"wp-element-caption\">Bj\u00f8rnsletta sett fra Sea King fra 330 skv over Werenskioldfjellet. Til h\u00f8yre p\u00e5 bildet skimtes stasjonen.<\/figcaption><\/figure>\n<\/div>\n\n\n<script type=\"text\/javascript\"> end9_() <\/script>\n","protected":false},"excerpt":{"rendered":"<p>Stasjonen har en god beliggenhet med tanke p\u00e5 adkomst. I ei vik mellom to fjell gj\u00f8r adkomst fra sj\u00f8en og fra lufta gunstig, selv om det kan v\u00e6re vanskelig nok. Stasjonen har gjennomg\u00e5tt flere p\u00e5bygginger og ombygginger opp gjennom \u00e5rene, og fremst\u00e5r i dag i god stand. Besetningen foretar jevnlig vedlikehold b\u00e5de inn og ute, og nytt av \u00e5ret i 2013 at senh\u00f8stes stod den nye snekkerbua ferdig, med god plass til sysler som passer inn der. Den gamle snekkerbua ble maleverksted og lagerrom.<\/p>\n","protected":false},"author":2,"featured_media":0,"parent":0,"menu_order":0,"comment_status":"open","ping_status":"closed","template":"","meta":{"footnotes":""},"class_list":["post-1341","page","type-page","status-publish","hentry"],"_links":{"self":[{"href":"https:\/\/hopenmeteo.no\/index.php?rest_route=\/wp\/v2\/pages\/1341","targetHints":{"allow":["GET"]}}],"collection":[{"href":"https:\/\/hopenmeteo.no\/index.php?rest_route=\/wp\/v2\/pages"}],"about":[{"href":"https:\/\/hopenmeteo.no\/index.php?rest_route=\/wp\/v2\/types\/page"}],"author":[{"embeddable":true,"href":"https:\/\/hopenmeteo.no\/index.php?rest_route=\/wp\/v2\/users\/2"}],"replies":[{"embeddable":true,"href":"https:\/\/hopenmeteo.no\/index.php?rest_route=%2Fwp%2Fv2%2Fcomments&post=1341"}],"version-history":[{"count":3,"href":"https:\/\/hopenmeteo.no\/index.php?rest_route=\/wp\/v2\/pages\/1341\/revisions"}],"predecessor-version":[{"id":8008,"href":"https:\/\/hopenmeteo.no\/index.php?rest_route=\/wp\/v2\/pages\/1341\/revisions\/8008"}],"wp:attachment":[{"href":"https:\/\/hopenmeteo.no\/index.php?rest_route=%2Fwp%2Fv2%2Fmedia&parent=1341"}],"curies":[{"name":"wp","href":"https:\/\/api.w.org\/{rel}","templated":true}]}}