{"id":1435,"date":"2014-02-13T23:00:52","date_gmt":"2014-02-13T22:00:52","guid":{"rendered":"http:\/\/hopenmeteo.no\/?page_id=1435"},"modified":"2024-02-08T09:54:00","modified_gmt":"2024-02-08T08:54:00","slug":"husdalen","status":"publish","type":"page","link":"https:\/\/hopenmeteo.no\/?page_id=1435","title":{"rendered":"Husdalen"},"content":{"rendered":"\n<p>Husdalen er oppkalt etter fangsthytta som ble satt opp der i 1908 &#8211; <a title=\"Nilsebu\" href=\"https:\/\/hopenmeteo.no\/?page_id=1431\">Nilsebu<\/a>. Hopen meteorologiske stasjon er plassert p\u00e5 Husdalen og den finner seg p\u00e5 \u00f8stsiden av skaret mellom <a title=\"Werenskioldfjellet\" href=\"https:\/\/hopenmeteo.no\/?page_id=1463\">Werenskioldfjellet <\/a>og <a title=\"Kollerfjellet\" href=\"https:\/\/hopenmeteo.no\/?page_id=1256\">Kollerfjellet<\/a>\/<a title=\"Trollkallen\" href=\"https:\/\/hopenmeteo.no\/?page_id=1283\">Trollkallen<\/a>. Husdalen best\u00e5r egentlig av to dals\u00f8kk, et i s\u00f8r og et i nord som begge har en bekk p\u00e5 sommers tid. I den nordre bekken hentes vannet som forbrukes p\u00e5 stasjonen inntil den enten fryser eller t\u00f8rker inn. Begge bekkefarene er greie \u00e5 f\u00f8lge for \u00e5 komme opp p\u00e5 <a title=\"Bj\u00f8rnsletta\" href=\"https:\/\/hopenmeteo.no\/?page_id=1326\">Bj\u00f8rnsletta<\/a>. Stasjonsbygningene er plassert p\u00e5 brinken n\u00e6rmest sj\u00f8en. Avsatsen\/brinken ovenfor stasjonen kalles Oljeberget da det var lagerplass for dieselolje p\u00e5 70- og 80-tallet.<\/p>\n\n\n<div class=\"wp-block-image size-full wp-image-1446\">\n<figure class=\"alignleft\"><img loading=\"lazy\" decoding=\"async\" width=\"800\" height=\"450\" src=\"https:\/\/hopenmeteo.no\/wp-content\/uploads\/2014\/02\/Husdalen11.jpg\" alt=\"Stasjonshuset i Husdalen en nordlyskveld\" class=\"wp-image-1446\" srcset=\"https:\/\/hopenmeteo.no\/wp-content\/uploads\/2014\/02\/Husdalen11.jpg 800w, https:\/\/hopenmeteo.no\/wp-content\/uploads\/2014\/02\/Husdalen11-300x168.jpg 300w, https:\/\/hopenmeteo.no\/wp-content\/uploads\/2014\/02\/Husdalen11-500x281.jpg 500w\" sizes=\"auto, (max-width: 800px) 100vw, 800px\" \/><figcaption class=\"wp-element-caption\">Stasjonshuset i Husdalen en nordlyskveld<\/figcaption><\/figure>\n<\/div>\n\n<div class=\"wp-block-image size-full wp-image-1445\">\n<figure class=\"alignleft\"><img loading=\"lazy\" decoding=\"async\" width=\"800\" height=\"450\" src=\"https:\/\/hopenmeteo.no\/wp-content\/uploads\/2014\/02\/Husdalen10.jpg\" alt=\"Husdalen sett fra Hvalen en vinterkveld.\" class=\"wp-image-1445\" srcset=\"https:\/\/hopenmeteo.no\/wp-content\/uploads\/2014\/02\/Husdalen10.jpg 800w, https:\/\/hopenmeteo.no\/wp-content\/uploads\/2014\/02\/Husdalen10-300x168.jpg 300w, https:\/\/hopenmeteo.no\/wp-content\/uploads\/2014\/02\/Husdalen10-500x281.jpg 500w\" sizes=\"auto, (max-width: 800px) 100vw, 800px\" \/><figcaption class=\"wp-element-caption\">Husdalen sett fra Hvalen en vinterkveld.<\/figcaption><\/figure>\n<\/div>\n\n<div class=\"wp-block-image size-full wp-image-1444\">\n<figure class=\"alignleft\"><img loading=\"lazy\" decoding=\"async\" width=\"800\" height=\"450\" src=\"https:\/\/hopenmeteo.no\/wp-content\/uploads\/2014\/02\/Husdalen9.jpg\" alt=\"Husdalen sett fra Trollkallen\" class=\"wp-image-1444\" srcset=\"https:\/\/hopenmeteo.no\/wp-content\/uploads\/2014\/02\/Husdalen9.jpg 800w, https:\/\/hopenmeteo.no\/wp-content\/uploads\/2014\/02\/Husdalen9-300x168.jpg 300w, https:\/\/hopenmeteo.no\/wp-content\/uploads\/2014\/02\/Husdalen9-500x281.jpg 500w\" sizes=\"auto, (max-width: 800px) 100vw, 800px\" \/><figcaption class=\"wp-element-caption\">Husdalen sett fra Trollkallen<\/figcaption><\/figure>\n<\/div>\n\n<div class=\"wp-block-image size-full wp-image-1440\">\n<figure class=\"alignleft\"><img loading=\"lazy\" decoding=\"async\" width=\"800\" height=\"450\" src=\"https:\/\/hopenmeteo.no\/wp-content\/uploads\/2014\/02\/Husdalen5.jpg\" alt=\"Stasjonen og Husdalen sett fra sj\u00f8en.\" class=\"wp-image-1440\" srcset=\"https:\/\/hopenmeteo.no\/wp-content\/uploads\/2014\/02\/Husdalen5.jpg 800w, https:\/\/hopenmeteo.no\/wp-content\/uploads\/2014\/02\/Husdalen5-300x168.jpg 300w, https:\/\/hopenmeteo.no\/wp-content\/uploads\/2014\/02\/Husdalen5-500x281.jpg 500w\" sizes=\"auto, (max-width: 800px) 100vw, 800px\" \/><figcaption class=\"wp-element-caption\">Stasjonen og Husdalen sett fra sj\u00f8en.<\/figcaption><\/figure>\n<\/div>\n\n<div class=\"wp-block-image size-full wp-image-1439\">\n<figure class=\"alignleft\"><img loading=\"lazy\" decoding=\"async\" width=\"800\" height=\"450\" src=\"https:\/\/hopenmeteo.no\/wp-content\/uploads\/2014\/02\/Husdalen4.jpg\" alt=\"Naustene p\u00e5 Husdalen.\" class=\"wp-image-1439\" srcset=\"https:\/\/hopenmeteo.no\/wp-content\/uploads\/2014\/02\/Husdalen4.jpg 800w, https:\/\/hopenmeteo.no\/wp-content\/uploads\/2014\/02\/Husdalen4-300x168.jpg 300w, https:\/\/hopenmeteo.no\/wp-content\/uploads\/2014\/02\/Husdalen4-500x281.jpg 500w\" sizes=\"auto, (max-width: 800px) 100vw, 800px\" \/><figcaption class=\"wp-element-caption\">Naustene p\u00e5 Husdalen.<\/figcaption><\/figure>\n<\/div>\n\n<div class=\"wp-block-image size-full wp-image-1438\">\n<figure class=\"alignleft\"><img loading=\"lazy\" decoding=\"async\" width=\"800\" height=\"450\" src=\"https:\/\/hopenmeteo.no\/wp-content\/uploads\/2014\/02\/Husdalen3.jpg\" alt=\"Stasjonen sett fra \u00f8steggen opp mot Werenskiold.\" class=\"wp-image-1438\" srcset=\"https:\/\/hopenmeteo.no\/wp-content\/uploads\/2014\/02\/Husdalen3.jpg 800w, https:\/\/hopenmeteo.no\/wp-content\/uploads\/2014\/02\/Husdalen3-300x168.jpg 300w, https:\/\/hopenmeteo.no\/wp-content\/uploads\/2014\/02\/Husdalen3-500x281.jpg 500w\" sizes=\"auto, (max-width: 800px) 100vw, 800px\" \/><figcaption class=\"wp-element-caption\">Stasjonen sett fra \u00f8steggen opp mot Werenskiold. I venstre nederste hj\u00f8rne er brinken som to master st\u00e5r p\u00e5 n\u00e5 og som ble kalt Oljeberget p\u00e5 70- og 80-tallet.<\/figcaption><\/figure>\n<\/div>\n\n<div class=\"wp-block-image size-full wp-image-1688\">\n<figure class=\"alignleft\"><img loading=\"lazy\" decoding=\"async\" width=\"800\" height=\"533\" src=\"https:\/\/hopenmeteo.no\/wp-content\/uploads\/2014\/02\/Husdalen.jpg\" alt=\"Husdalen slik en f\u00e5r oppleve den f\u00f8rste gang en kommer med b\u00e5t p\u00e5 \u00f8stsiden av \u00f8ya.\" class=\"wp-image-1688\" srcset=\"https:\/\/hopenmeteo.no\/wp-content\/uploads\/2014\/02\/Husdalen.jpg 800w, https:\/\/hopenmeteo.no\/wp-content\/uploads\/2014\/02\/Husdalen-300x199.jpg 300w, https:\/\/hopenmeteo.no\/wp-content\/uploads\/2014\/02\/Husdalen-450x300.jpg 450w\" sizes=\"auto, (max-width: 800px) 100vw, 800px\" \/><figcaption class=\"wp-element-caption\">Husdalen slik en f\u00e5r oppleve den f\u00f8rste gang en kommer med b\u00e5t p\u00e5 \u00f8stsiden av \u00f8ya.<\/figcaption><\/figure>\n<\/div>","protected":false},"excerpt":{"rendered":"<p>Husdalen er oppkalt etter fangsthytta som ble satt opp der i 1908 &#8211; Nilsebu. Hopen meteorologiske stasjon er plassert p\u00e5 Husdalen og den finner seg p\u00e5 \u00f8stsiden av skaret mellom Werenskioldfjellet og Kollerfjellet\/Trollkallen. Husdalen best\u00e5r egentlig av to dals\u00f8kk, et i s\u00f8r og et i nord som begge har en bekk p\u00e5 sommers tid. I den nordre bekken hentes vannet som forbrukes p\u00e5 stasjonen inntil den enten fryser eller t\u00f8rker inn. Begge bekkefarene er greie \u00e5 f\u00f8lge for \u00e5 komme opp p\u00e5 Bj\u00f8rnsletta. Stasjonsbygningene er plassert p\u00e5 brinken n\u00e6rmest sj\u00f8en. Avsatsen\/brinken ovenfor stasjonen kalles Oljeberget da det var lagerplass for dieselolje p\u00e5 70- og 80-tallet.<\/p>\n","protected":false},"author":2,"featured_media":0,"parent":0,"menu_order":0,"comment_status":"open","ping_status":"open","template":"","meta":{"footnotes":""},"class_list":["post-1435","page","type-page","status-publish","hentry"],"_links":{"self":[{"href":"https:\/\/hopenmeteo.no\/index.php?rest_route=\/wp\/v2\/pages\/1435","targetHints":{"allow":["GET"]}}],"collection":[{"href":"https:\/\/hopenmeteo.no\/index.php?rest_route=\/wp\/v2\/pages"}],"about":[{"href":"https:\/\/hopenmeteo.no\/index.php?rest_route=\/wp\/v2\/types\/page"}],"author":[{"embeddable":true,"href":"https:\/\/hopenmeteo.no\/index.php?rest_route=\/wp\/v2\/users\/2"}],"replies":[{"embeddable":true,"href":"https:\/\/hopenmeteo.no\/index.php?rest_route=%2Fwp%2Fv2%2Fcomments&post=1435"}],"version-history":[{"count":5,"href":"https:\/\/hopenmeteo.no\/index.php?rest_route=\/wp\/v2\/pages\/1435\/revisions"}],"predecessor-version":[{"id":8011,"href":"https:\/\/hopenmeteo.no\/index.php?rest_route=\/wp\/v2\/pages\/1435\/revisions\/8011"}],"wp:attachment":[{"href":"https:\/\/hopenmeteo.no\/index.php?rest_route=%2Fwp%2Fv2%2Fmedia&parent=1435"}],"curies":[{"name":"wp","href":"https:\/\/api.w.org\/{rel}","templated":true}]}}