{"id":1463,"date":"2014-02-15T19:16:49","date_gmt":"2014-02-15T18:16:49","guid":{"rendered":"http:\/\/hopenmeteo.no\/?page_id=1463"},"modified":"2024-02-08T09:55:29","modified_gmt":"2024-02-08T08:55:29","slug":"werenskioldfjellet","status":"publish","type":"page","link":"https:\/\/hopenmeteo.no\/?page_id=1463","title":{"rendered":"Werenskioldfjellet"},"content":{"rendered":"\n<p>Werenskioldfjellet er kalt opp etter professor i geografi, Werner Werenskiold. Fjellet ligger rett s\u00f8r for <a title=\"Bj\u00f8rnsletta\" href=\"https:\/\/hopenmeteo.no\/?page_id=1326\">Bj\u00f8rnsletta <\/a>og nord\u00f8stveggen sees godt fra stasjonen . Eggen som g\u00e5r opp fra Bj\u00f8rnsletta p\u00e5 \u00f8stsiden er den enkleste oppstigningen en kan velge opp p\u00e5 fjellet fra nord. De som vil ha mer utfordring kan g\u00e5 opp p\u00e5 vestsiden, eller renne ned i et av de to skarene der p\u00e5 alpinski. Toppen er med sine 318 meter h\u00f8y, \u00f8yas nest h\u00f8yeste og et kj\u00e6rkomment turm\u00e5l for besetningen p\u00e5 \u00f8ya.<\/p>\n\n\n<div class=\"wp-block-image size-full wp-image-1509\">\n<figure class=\"alignleft\"><img loading=\"lazy\" decoding=\"async\" width=\"800\" height=\"450\" src=\"https:\/\/hopenmeteo.no\/wp-content\/uploads\/2014\/02\/Werenskioldfjellet11.jpg\" alt=\"Werenskioldfjellet omringet av nordlys.\" class=\"wp-image-1509\" srcset=\"https:\/\/hopenmeteo.no\/wp-content\/uploads\/2014\/02\/Werenskioldfjellet11.jpg 800w, https:\/\/hopenmeteo.no\/wp-content\/uploads\/2014\/02\/Werenskioldfjellet11-300x168.jpg 300w, https:\/\/hopenmeteo.no\/wp-content\/uploads\/2014\/02\/Werenskioldfjellet11-500x281.jpg 500w\" sizes=\"auto, (max-width: 800px) 100vw, 800px\" \/><figcaption class=\"wp-element-caption\">Werenskioldfjellet omringet av nordlys.<\/figcaption><\/figure>\n<\/div>\n\n<div class=\"wp-block-image size-full wp-image-1508\">\n<figure class=\"alignleft\"><img loading=\"lazy\" decoding=\"async\" width=\"800\" height=\"450\" src=\"https:\/\/hopenmeteo.no\/wp-content\/uploads\/2014\/02\/Werenskioldfjellet10.jpg\" alt=\"Werenskioldfjellet og Iversenfjellet i nordlys og m\u00e5nen er i ferd med \u00e5 forsvinne bak Werenskiold.\" class=\"wp-image-1508\" srcset=\"https:\/\/hopenmeteo.no\/wp-content\/uploads\/2014\/02\/Werenskioldfjellet10.jpg 800w, https:\/\/hopenmeteo.no\/wp-content\/uploads\/2014\/02\/Werenskioldfjellet10-300x168.jpg 300w, https:\/\/hopenmeteo.no\/wp-content\/uploads\/2014\/02\/Werenskioldfjellet10-500x281.jpg 500w\" sizes=\"auto, (max-width: 800px) 100vw, 800px\" \/><figcaption class=\"wp-element-caption\">Werenskioldfjellet og Iversenfjellet i nordlys og m\u00e5nen er i ferd med \u00e5 forsvinne bak Werenskiold.<\/figcaption><\/figure>\n<\/div>\n\n<div class=\"wp-block-image size-full wp-image-1472\">\n<figure class=\"alignleft\"><img loading=\"lazy\" decoding=\"async\" width=\"800\" height=\"450\" src=\"https:\/\/hopenmeteo.no\/wp-content\/uploads\/2014\/02\/Werenskioldfjellet9.jpg\" alt=\"Werenskioldfjellet sett fra Trollkallen\" class=\"wp-image-1472\" srcset=\"https:\/\/hopenmeteo.no\/wp-content\/uploads\/2014\/02\/Werenskioldfjellet9.jpg 800w, https:\/\/hopenmeteo.no\/wp-content\/uploads\/2014\/02\/Werenskioldfjellet9-300x168.jpg 300w, https:\/\/hopenmeteo.no\/wp-content\/uploads\/2014\/02\/Werenskioldfjellet9-500x281.jpg 500w\" sizes=\"auto, (max-width: 800px) 100vw, 800px\" \/><figcaption class=\"wp-element-caption\">Werenskioldfjellet sett fra Trollkallen<\/figcaption><\/figure>\n<\/div>\n\n<div class=\"wp-block-image size-full wp-image-1471\">\n<figure class=\"alignleft\"><img loading=\"lazy\" decoding=\"async\" width=\"800\" height=\"450\" src=\"https:\/\/hopenmeteo.no\/wp-content\/uploads\/2014\/02\/Werenskioldfjellet8.jpg\" alt=\"Her er fjellet sett fra Iversenfjellet med en flott skyformasjon over Werenskiold.\" class=\"wp-image-1471\" srcset=\"https:\/\/hopenmeteo.no\/wp-content\/uploads\/2014\/02\/Werenskioldfjellet8.jpg 800w, https:\/\/hopenmeteo.no\/wp-content\/uploads\/2014\/02\/Werenskioldfjellet8-300x168.jpg 300w, https:\/\/hopenmeteo.no\/wp-content\/uploads\/2014\/02\/Werenskioldfjellet8-500x281.jpg 500w\" sizes=\"auto, (max-width: 800px) 100vw, 800px\" \/><figcaption class=\"wp-element-caption\">Her er fjellet sett fra Iversenfjellet med en flott skyformasjon over Werenskiold.<\/figcaption><\/figure>\n<\/div>\n\n<div class=\"wp-block-image size-full wp-image-1470\">\n<figure class=\"alignleft\"><img loading=\"lazy\" decoding=\"async\" width=\"800\" height=\"450\" src=\"https:\/\/hopenmeteo.no\/wp-content\/uploads\/2014\/02\/Werenskioldfjellet7.jpg\" alt=\"Den kjente og umiskjennelige nord\u00f8steggen p\u00e5 Werenskiold.\" class=\"wp-image-1470\" srcset=\"https:\/\/hopenmeteo.no\/wp-content\/uploads\/2014\/02\/Werenskioldfjellet7.jpg 800w, https:\/\/hopenmeteo.no\/wp-content\/uploads\/2014\/02\/Werenskioldfjellet7-300x168.jpg 300w, https:\/\/hopenmeteo.no\/wp-content\/uploads\/2014\/02\/Werenskioldfjellet7-500x281.jpg 500w\" sizes=\"auto, (max-width: 800px) 100vw, 800px\" \/><figcaption class=\"wp-element-caption\">Den kjente og umiskjennelige nord\u00f8steggen p\u00e5 Werenskiold.<\/figcaption><\/figure>\n<\/div>\n\n<div class=\"wp-block-image size-full wp-image-1469\">\n<figure class=\"alignleft\"><img loading=\"lazy\" decoding=\"async\" width=\"800\" height=\"450\" src=\"https:\/\/hopenmeteo.no\/wp-content\/uploads\/2014\/02\/Werenskioldfjellet6.jpg\" alt=\"Vestsiden av fjellet med det h\u00f8yeste punktet kneisende ut p\u00e5 skrenten.\" class=\"wp-image-1469\" srcset=\"https:\/\/hopenmeteo.no\/wp-content\/uploads\/2014\/02\/Werenskioldfjellet6.jpg 800w, https:\/\/hopenmeteo.no\/wp-content\/uploads\/2014\/02\/Werenskioldfjellet6-300x168.jpg 300w, https:\/\/hopenmeteo.no\/wp-content\/uploads\/2014\/02\/Werenskioldfjellet6-500x281.jpg 500w\" sizes=\"auto, (max-width: 800px) 100vw, 800px\" \/><figcaption class=\"wp-element-caption\">Vestsiden av fjellet med det h\u00f8yeste punktet kneisende ut p\u00e5 skrenten.<\/figcaption><\/figure>\n<\/div>\n\n<div class=\"wp-block-image size-full wp-image-1468\">\n<figure class=\"alignleft\"><img loading=\"lazy\" decoding=\"async\" width=\"800\" height=\"450\" src=\"https:\/\/hopenmeteo.no\/wp-content\/uploads\/2014\/02\/Werenskioldfjellet5.jpg\" alt=\"Vestsiden av fjellet. Sett fra Johshytta.\" class=\"wp-image-1468\" srcset=\"https:\/\/hopenmeteo.no\/wp-content\/uploads\/2014\/02\/Werenskioldfjellet5.jpg 800w, https:\/\/hopenmeteo.no\/wp-content\/uploads\/2014\/02\/Werenskioldfjellet5-300x168.jpg 300w, https:\/\/hopenmeteo.no\/wp-content\/uploads\/2014\/02\/Werenskioldfjellet5-500x281.jpg 500w\" sizes=\"auto, (max-width: 800px) 100vw, 800px\" \/><figcaption class=\"wp-element-caption\">Vestsiden av fjellet. Sett fra Johshytta.<\/figcaption><\/figure>\n<\/div>\n\n<div class=\"wp-block-image size-full wp-image-1467\">\n<figure class=\"alignleft\"><img loading=\"lazy\" decoding=\"async\" width=\"800\" height=\"1421\" src=\"https:\/\/hopenmeteo.no\/wp-content\/uploads\/2014\/02\/Werenskioldfjellet4.jpg\" alt=\"Werenskioldfjellet kan by p\u00e5 utmerkete alpinl\u00f8yper for dem som liker slikt. Det er nordveggen som egner seg mest og i bekkeskarene ligger sn\u00f8fonna til langt uti juli og august.\" class=\"wp-image-1467\" srcset=\"https:\/\/hopenmeteo.no\/wp-content\/uploads\/2014\/02\/Werenskioldfjellet4.jpg 800w, https:\/\/hopenmeteo.no\/wp-content\/uploads\/2014\/02\/Werenskioldfjellet4-450x800.jpg 450w\" sizes=\"auto, (max-width: 800px) 100vw, 800px\" \/><figcaption class=\"wp-element-caption\">Werenskioldfjellet kan by p\u00e5 utmerkete alpinl\u00f8yper for dem som liker slikt. Det er nordveggen som egner seg mest og i bekkeskarene ligger sn\u00f8fonna til langt uti juli og august.<\/figcaption><\/figure>\n<\/div>\n\n<div class=\"wp-block-image size-full wp-image-1466\">\n<figure class=\"alignleft\"><img loading=\"lazy\" decoding=\"async\" width=\"450\" height=\"799\" src=\"https:\/\/hopenmeteo.no\/wp-content\/uploads\/2014\/02\/Werenskioldfjellet3.jpg\" alt=\"Toppen sett fra s\u00f8rsiden.\" class=\"wp-image-1466\"\/><figcaption class=\"wp-element-caption\">Toppen sett fra s\u00f8rsiden.<\/figcaption><\/figure>\n<\/div>\n\n<div class=\"wp-block-image size-full wp-image-1465\">\n<figure class=\"alignleft\"><img loading=\"lazy\" decoding=\"async\" width=\"800\" height=\"450\" src=\"https:\/\/hopenmeteo.no\/wp-content\/uploads\/2014\/02\/Werenskioldfjellet2.jpg\" alt=\"Toppunktet med restene av en varde som var satt opp her for en god del \u00e5r siden.\" class=\"wp-image-1465\" srcset=\"https:\/\/hopenmeteo.no\/wp-content\/uploads\/2014\/02\/Werenskioldfjellet2.jpg 800w, https:\/\/hopenmeteo.no\/wp-content\/uploads\/2014\/02\/Werenskioldfjellet2-300x168.jpg 300w, https:\/\/hopenmeteo.no\/wp-content\/uploads\/2014\/02\/Werenskioldfjellet2-500x281.jpg 500w\" sizes=\"auto, (max-width: 800px) 100vw, 800px\" \/><figcaption class=\"wp-element-caption\">Toppunktet med restene av en varde som var satt opp her for en god del \u00e5r siden.<\/figcaption><\/figure>\n<\/div>\n\n<div class=\"wp-block-image size-full wp-image-1464\">\n<figure class=\"alignleft\"><img loading=\"lazy\" decoding=\"async\" width=\"800\" height=\"361\" src=\"https:\/\/hopenmeteo.no\/wp-content\/uploads\/2014\/02\/Werenskioldfjellet1.jpg\" alt=\"Utsikt fra toppen over mot Iversenfjellet.\" class=\"wp-image-1464\" srcset=\"https:\/\/hopenmeteo.no\/wp-content\/uploads\/2014\/02\/Werenskioldfjellet1.jpg 800w, https:\/\/hopenmeteo.no\/wp-content\/uploads\/2014\/02\/Werenskioldfjellet1-300x135.jpg 300w, https:\/\/hopenmeteo.no\/wp-content\/uploads\/2014\/02\/Werenskioldfjellet1-500x225.jpg 500w\" sizes=\"auto, (max-width: 800px) 100vw, 800px\" \/><figcaption class=\"wp-element-caption\">Utsikt fra toppen over mot Iversenfjellet.<\/figcaption><\/figure>\n<\/div>","protected":false},"excerpt":{"rendered":"<p>Werenskioldfjellet er kalt opp etter professor i geografi, Werner Werenskiold. Fjellet ligger rett s\u00f8r for Bj\u00f8rnsletta og nord\u00f8stveggen sees godt fra stasjonen . Eggen som g\u00e5r opp fra Bj\u00f8rnsletta p\u00e5 \u00f8stsiden er den enkleste oppstigningen en kan velge opp p\u00e5 fjellet fra nord. De som vil ha mer utfordring kan g\u00e5 opp p\u00e5 vestsiden, eller renne ned i et av de to skarene der p\u00e5 alpinski. Toppen er med sine 318 meter h\u00f8y, \u00f8yas nest h\u00f8yeste og et kj\u00e6rkomment turm\u00e5l for besetningen p\u00e5 \u00f8ya.<\/p>\n","protected":false},"author":2,"featured_media":0,"parent":0,"menu_order":0,"comment_status":"open","ping_status":"open","template":"","meta":{"footnotes":""},"class_list":["post-1463","page","type-page","status-publish","hentry"],"_links":{"self":[{"href":"https:\/\/hopenmeteo.no\/index.php?rest_route=\/wp\/v2\/pages\/1463","targetHints":{"allow":["GET"]}}],"collection":[{"href":"https:\/\/hopenmeteo.no\/index.php?rest_route=\/wp\/v2\/pages"}],"about":[{"href":"https:\/\/hopenmeteo.no\/index.php?rest_route=\/wp\/v2\/types\/page"}],"author":[{"embeddable":true,"href":"https:\/\/hopenmeteo.no\/index.php?rest_route=\/wp\/v2\/users\/2"}],"replies":[{"embeddable":true,"href":"https:\/\/hopenmeteo.no\/index.php?rest_route=%2Fwp%2Fv2%2Fcomments&post=1463"}],"version-history":[{"count":5,"href":"https:\/\/hopenmeteo.no\/index.php?rest_route=\/wp\/v2\/pages\/1463\/revisions"}],"predecessor-version":[{"id":8013,"href":"https:\/\/hopenmeteo.no\/index.php?rest_route=\/wp\/v2\/pages\/1463\/revisions\/8013"}],"wp:attachment":[{"href":"https:\/\/hopenmeteo.no\/index.php?rest_route=%2Fwp%2Fv2%2Fmedia&parent=1463"}],"curies":[{"name":"wp","href":"https:\/\/api.w.org\/{rel}","templated":true}]}}