{"id":1474,"date":"2014-02-15T19:30:40","date_gmt":"2014-02-15T18:30:40","guid":{"rendered":"http:\/\/hopenmeteo.no\/?page_id=1474"},"modified":"2024-02-08T09:58:29","modified_gmt":"2024-02-08T08:58:29","slug":"kvalen","status":"publish","type":"page","link":"https:\/\/hopenmeteo.no\/?page_id=1474","title":{"rendered":"Kvalen"},"content":{"rendered":"\n<p>P\u00e5 nordenden av <a title=\"Egsetstranda\" href=\"https:\/\/hopenmeteo.no\/?page_id=1512\">Egsetstranda<\/a>, der den g\u00e5r over i ei bukt mot fuglefjellet under <a title=\"Werenskioldfjellet\" href=\"https:\/\/hopenmeteo.no\/?page_id=1463\">Werenskioldfjellet<\/a>, danner den en odde. P\u00e5 nordsiden av odden ligger det en steinformasjon som minner mye om en hval. Den er riktignok brukket i to n\u00e5, men en kan fortsatt se at den ligner p\u00e5 en hval. Den er godt synlig fra stasjonsomr\u00e5det ogs\u00e5. Ved siden av kvalen finnes det andre underlige steinformasjoner.<\/p>\n\n\n<div class=\"wp-block-image size-full wp-image-1475\">\n<figure class=\"alignleft\"><img loading=\"lazy\" decoding=\"async\" width=\"800\" height=\"450\" src=\"https:\/\/hopenmeteo.no\/wp-content\/uploads\/2014\/02\/Kvalen1.jpg\" alt=\"Kvalen sett fra nord\u00f8steggen av Werenskioldfjellet.\" class=\"wp-image-1475\" srcset=\"https:\/\/hopenmeteo.no\/wp-content\/uploads\/2014\/02\/Kvalen1.jpg 800w, https:\/\/hopenmeteo.no\/wp-content\/uploads\/2014\/02\/Kvalen1-300x168.jpg 300w, https:\/\/hopenmeteo.no\/wp-content\/uploads\/2014\/02\/Kvalen1-500x281.jpg 500w\" sizes=\"auto, (max-width: 800px) 100vw, 800px\" \/><figcaption class=\"wp-element-caption\">Kvalen sett fra nord\u00f8steggen av Werenskioldfjellet.<\/figcaption><\/figure>\n<\/div>\n\n<div class=\"wp-block-image size-full wp-image-1482\">\n<figure class=\"alignleft\"><img loading=\"lazy\" decoding=\"async\" width=\"800\" height=\"450\" src=\"https:\/\/hopenmeteo.no\/wp-content\/uploads\/2014\/02\/Kvalen8.jpg\" alt=\"Om vinteren\" class=\"wp-image-1482\" srcset=\"https:\/\/hopenmeteo.no\/wp-content\/uploads\/2014\/02\/Kvalen8.jpg 800w, https:\/\/hopenmeteo.no\/wp-content\/uploads\/2014\/02\/Kvalen8-300x168.jpg 300w, https:\/\/hopenmeteo.no\/wp-content\/uploads\/2014\/02\/Kvalen8-500x281.jpg 500w\" sizes=\"auto, (max-width: 800px) 100vw, 800px\" \/><figcaption class=\"wp-element-caption\">Om vinteren<\/figcaption><\/figure>\n<\/div>\n\n<div class=\"wp-block-image\">\n<figure class=\"alignleft\"><img loading=\"lazy\" decoding=\"async\" width=\"800\" height=\"450\" src=\"https:\/\/hopenmeteo.no\/wp-content\/uploads\/2014\/02\/Kvalen7.jpg\" alt=\"Kvalen7\" class=\"wp-image-1481\" srcset=\"https:\/\/hopenmeteo.no\/wp-content\/uploads\/2014\/02\/Kvalen7.jpg 800w, https:\/\/hopenmeteo.no\/wp-content\/uploads\/2014\/02\/Kvalen7-300x168.jpg 300w, https:\/\/hopenmeteo.no\/wp-content\/uploads\/2014\/02\/Kvalen7-500x281.jpg 500w\" sizes=\"auto, (max-width: 800px) 100vw, 800px\" \/><\/figure>\n<\/div>\n\n<div class=\"wp-block-image\">\n<figure class=\"alignleft\"><img loading=\"lazy\" decoding=\"async\" width=\"800\" height=\"450\" src=\"https:\/\/hopenmeteo.no\/wp-content\/uploads\/2014\/02\/Kvalen6.jpg\" alt=\"Kvalen6\" class=\"wp-image-1480\" srcset=\"https:\/\/hopenmeteo.no\/wp-content\/uploads\/2014\/02\/Kvalen6.jpg 800w, https:\/\/hopenmeteo.no\/wp-content\/uploads\/2014\/02\/Kvalen6-300x168.jpg 300w, https:\/\/hopenmeteo.no\/wp-content\/uploads\/2014\/02\/Kvalen6-500x281.jpg 500w\" sizes=\"auto, (max-width: 800px) 100vw, 800px\" \/><\/figure>\n<\/div>\n\n<div class=\"wp-block-image size-full wp-image-1479\">\n<figure class=\"alignleft\"><img loading=\"lazy\" decoding=\"async\" width=\"800\" height=\"450\" src=\"https:\/\/hopenmeteo.no\/wp-content\/uploads\/2014\/02\/Kvalen5.jpg\" alt=\"Annen formasjon p\u00e5 stedet.\" class=\"wp-image-1479\" srcset=\"https:\/\/hopenmeteo.no\/wp-content\/uploads\/2014\/02\/Kvalen5.jpg 800w, https:\/\/hopenmeteo.no\/wp-content\/uploads\/2014\/02\/Kvalen5-300x168.jpg 300w, https:\/\/hopenmeteo.no\/wp-content\/uploads\/2014\/02\/Kvalen5-500x281.jpg 500w\" sizes=\"auto, (max-width: 800px) 100vw, 800px\" \/><figcaption class=\"wp-element-caption\">Andre klippeformasjon p\u00e5 stedet.<\/figcaption><\/figure>\n<\/div>\n\n<div class=\"wp-block-image size-full wp-image-1478\">\n<figure class=\"alignleft\"><img loading=\"lazy\" decoding=\"async\" width=\"800\" height=\"450\" src=\"https:\/\/hopenmeteo.no\/wp-content\/uploads\/2014\/02\/Kvalen4.jpg\" alt=\"Andre steinformasjoner ved Kvalen.\" class=\"wp-image-1478\" srcset=\"https:\/\/hopenmeteo.no\/wp-content\/uploads\/2014\/02\/Kvalen4.jpg 800w, https:\/\/hopenmeteo.no\/wp-content\/uploads\/2014\/02\/Kvalen4-300x168.jpg 300w, https:\/\/hopenmeteo.no\/wp-content\/uploads\/2014\/02\/Kvalen4-500x281.jpg 500w\" sizes=\"auto, (max-width: 800px) 100vw, 800px\" \/><figcaption class=\"wp-element-caption\">Andre steinformasjoner ved Kvalen.<\/figcaption><\/figure>\n<\/div>\n\n<div class=\"wp-block-image size-full wp-image-1477\">\n<figure class=\"alignleft\"><img loading=\"lazy\" decoding=\"async\" width=\"800\" height=\"450\" src=\"https:\/\/hopenmeteo.no\/wp-content\/uploads\/2014\/02\/Kvalen3.jpg\" alt=\"Formasjonen er brukket i to av naturkreftene.\" class=\"wp-image-1477\" srcset=\"https:\/\/hopenmeteo.no\/wp-content\/uploads\/2014\/02\/Kvalen3.jpg 800w, https:\/\/hopenmeteo.no\/wp-content\/uploads\/2014\/02\/Kvalen3-300x168.jpg 300w, https:\/\/hopenmeteo.no\/wp-content\/uploads\/2014\/02\/Kvalen3-500x281.jpg 500w\" sizes=\"auto, (max-width: 800px) 100vw, 800px\" \/><figcaption class=\"wp-element-caption\">Formasjonen er brukket i to av naturkreftene.<\/figcaption><\/figure>\n<\/div>\n\n<div class=\"wp-block-image\">\n<figure class=\"alignleft\"><img loading=\"lazy\" decoding=\"async\" width=\"800\" height=\"450\" src=\"https:\/\/hopenmeteo.no\/wp-content\/uploads\/2014\/02\/Kvalen2.jpg\" alt=\"Kvalen2\" class=\"wp-image-1476\" srcset=\"https:\/\/hopenmeteo.no\/wp-content\/uploads\/2014\/02\/Kvalen2.jpg 800w, https:\/\/hopenmeteo.no\/wp-content\/uploads\/2014\/02\/Kvalen2-300x168.jpg 300w, https:\/\/hopenmeteo.no\/wp-content\/uploads\/2014\/02\/Kvalen2-500x281.jpg 500w\" sizes=\"auto, (max-width: 800px) 100vw, 800px\" \/><\/figure>\n<\/div>\n\n<div class=\"wp-block-image\">\n<figure class=\"alignleft\"><a href=\"Kvalen\"><img loading=\"lazy\" decoding=\"async\" width=\"800\" height=\"450\" src=\"https:\/\/hopenmeteo.no\/wp-content\/uploads\/2014\/02\/Kvalen9.jpg\" alt=\"Odden med steinformasjonen sett fra Werenskioldfjellet.\" class=\"wp-image-1505\" srcset=\"https:\/\/hopenmeteo.no\/wp-content\/uploads\/2014\/02\/Kvalen9.jpg 800w, https:\/\/hopenmeteo.no\/wp-content\/uploads\/2014\/02\/Kvalen9-300x168.jpg 300w, https:\/\/hopenmeteo.no\/wp-content\/uploads\/2014\/02\/Kvalen9-500x281.jpg 500w\" sizes=\"auto, (max-width: 800px) 100vw, 800px\" \/><\/a><figcaption class=\"wp-element-caption\">Odden med steinformasjonen sett fra Werenskioldfjellet.<\/figcaption><\/figure>\n<\/div>\n\n\n<p>\u00a0<br \/><script> end870_() <\/script><\/p>\n","protected":false},"excerpt":{"rendered":"<p>P\u00e5 nordenden av Egsetstranda, der den g\u00e5r over i ei bukt mot fuglefjellet under Werenskioldfjellet, danner den en odde. P\u00e5 nordsiden av odden ligger det en steinformasjon som minner mye om en hval. Den er riktignok brukket i to n\u00e5, men en kan fortsatt se at den ligner p\u00e5 en hval. Den er godt synlig fra stasjonsomr\u00e5det ogs\u00e5. Ved siden av kvalen finnes det andre underlige steinformasjoner. \u00a0<\/p>\n","protected":false},"author":2,"featured_media":0,"parent":0,"menu_order":0,"comment_status":"open","ping_status":"open","template":"","meta":{"footnotes":""},"class_list":["post-1474","page","type-page","status-publish","hentry"],"_links":{"self":[{"href":"https:\/\/hopenmeteo.no\/index.php?rest_route=\/wp\/v2\/pages\/1474","targetHints":{"allow":["GET"]}}],"collection":[{"href":"https:\/\/hopenmeteo.no\/index.php?rest_route=\/wp\/v2\/pages"}],"about":[{"href":"https:\/\/hopenmeteo.no\/index.php?rest_route=\/wp\/v2\/types\/page"}],"author":[{"embeddable":true,"href":"https:\/\/hopenmeteo.no\/index.php?rest_route=\/wp\/v2\/users\/2"}],"replies":[{"embeddable":true,"href":"https:\/\/hopenmeteo.no\/index.php?rest_route=%2Fwp%2Fv2%2Fcomments&post=1474"}],"version-history":[{"count":4,"href":"https:\/\/hopenmeteo.no\/index.php?rest_route=\/wp\/v2\/pages\/1474\/revisions"}],"predecessor-version":[{"id":8015,"href":"https:\/\/hopenmeteo.no\/index.php?rest_route=\/wp\/v2\/pages\/1474\/revisions\/8015"}],"wp:attachment":[{"href":"https:\/\/hopenmeteo.no\/index.php?rest_route=%2Fwp%2Fv2%2Fmedia&parent=1474"}],"curies":[{"name":"wp","href":"https:\/\/api.w.org\/{rel}","templated":true}]}}