{"id":1484,"date":"2014-02-15T19:45:21","date_gmt":"2014-02-15T18:45:21","guid":{"rendered":"http:\/\/hopenmeteo.no\/?page_id=1484"},"modified":"2024-02-08T09:59:08","modified_gmt":"2024-02-08T08:59:08","slug":"skakkbu","status":"publish","type":"page","link":"https:\/\/hopenmeteo.no\/?page_id=1484","title":{"rendered":"Skakkbu"},"content":{"rendered":"\n<p>Skakkbu er en liten, enkel bygning der en brukte \u00e5 oppbevare skinn etter fangst. Den ble bygget i 1963 av besetningen p\u00e5 stasjonen og kalles ogs\u00e5 for Camp Skakk. Den er \u00e5 finne p\u00e5 <a title=\"Egsetstranda\" href=\"https:\/\/hopenmeteo.no\/?page_id=1512\">Egsetstrandas <\/a>nordlige del, et par hundre meter s\u00f8r for <a title=\"Kvalen\" href=\"https:\/\/hopenmeteo.no\/?page_id=1474\">Kvalen<\/a>.<\/p>\n\n\n<div class=\"wp-block-image\">\n<figure class=\"alignleft\"><img loading=\"lazy\" decoding=\"async\" width=\"800\" height=\"450\" src=\"https:\/\/hopenmeteo.no\/wp-content\/uploads\/2014\/02\/Skakkbu1.jpg\" alt=\"Skakkbu1\" class=\"wp-image-1485\" srcset=\"https:\/\/hopenmeteo.no\/wp-content\/uploads\/2014\/02\/Skakkbu1.jpg 800w, https:\/\/hopenmeteo.no\/wp-content\/uploads\/2014\/02\/Skakkbu1-300x168.jpg 300w, https:\/\/hopenmeteo.no\/wp-content\/uploads\/2014\/02\/Skakkbu1-500x281.jpg 500w\" sizes=\"auto, (max-width: 800px) 100vw, 800px\" \/><\/figure>\n<\/div>\n\n<div class=\"wp-block-image\">\n<figure class=\"alignleft\"><img loading=\"lazy\" decoding=\"async\" width=\"800\" height=\"450\" src=\"https:\/\/hopenmeteo.no\/wp-content\/uploads\/2014\/02\/Skakkbu2.jpg\" alt=\"Skakkbu2\" class=\"wp-image-1486\" srcset=\"https:\/\/hopenmeteo.no\/wp-content\/uploads\/2014\/02\/Skakkbu2.jpg 800w, https:\/\/hopenmeteo.no\/wp-content\/uploads\/2014\/02\/Skakkbu2-300x168.jpg 300w, https:\/\/hopenmeteo.no\/wp-content\/uploads\/2014\/02\/Skakkbu2-500x281.jpg 500w\" sizes=\"auto, (max-width: 800px) 100vw, 800px\" \/><\/figure>\n<\/div>\n\n<div class=\"wp-block-image\">\n<figure class=\"alignleft\"><img loading=\"lazy\" decoding=\"async\" width=\"800\" height=\"450\" src=\"https:\/\/hopenmeteo.no\/wp-content\/uploads\/2014\/02\/Skakkbu3.jpg\" alt=\"Skakkbu3\" class=\"wp-image-1487\" srcset=\"https:\/\/hopenmeteo.no\/wp-content\/uploads\/2014\/02\/Skakkbu3.jpg 800w, https:\/\/hopenmeteo.no\/wp-content\/uploads\/2014\/02\/Skakkbu3-300x168.jpg 300w, https:\/\/hopenmeteo.no\/wp-content\/uploads\/2014\/02\/Skakkbu3-500x281.jpg 500w\" sizes=\"auto, (max-width: 800px) 100vw, 800px\" \/><\/figure>\n<\/div>\n\n<div class=\"wp-block-image\">\n<figure class=\"alignleft\"><img loading=\"lazy\" decoding=\"async\" width=\"800\" height=\"450\" src=\"https:\/\/hopenmeteo.no\/wp-content\/uploads\/2014\/02\/Skakkbu4.jpg\" alt=\"Skakkbu4\" class=\"wp-image-1488\" srcset=\"https:\/\/hopenmeteo.no\/wp-content\/uploads\/2014\/02\/Skakkbu4.jpg 800w, https:\/\/hopenmeteo.no\/wp-content\/uploads\/2014\/02\/Skakkbu4-300x168.jpg 300w, https:\/\/hopenmeteo.no\/wp-content\/uploads\/2014\/02\/Skakkbu4-500x281.jpg 500w\" sizes=\"auto, (max-width: 800px) 100vw, 800px\" \/><\/figure>\n<\/div>\n\n<div class=\"wp-block-image\">\n<figure class=\"alignleft\"><img loading=\"lazy\" decoding=\"async\" width=\"800\" height=\"450\" src=\"https:\/\/hopenmeteo.no\/wp-content\/uploads\/2014\/02\/Skakkbu5.jpg\" alt=\"Skakkbu5\" class=\"wp-image-1489\" srcset=\"https:\/\/hopenmeteo.no\/wp-content\/uploads\/2014\/02\/Skakkbu5.jpg 800w, https:\/\/hopenmeteo.no\/wp-content\/uploads\/2014\/02\/Skakkbu5-300x168.jpg 300w, https:\/\/hopenmeteo.no\/wp-content\/uploads\/2014\/02\/Skakkbu5-500x281.jpg 500w\" sizes=\"auto, (max-width: 800px) 100vw, 800px\" \/><\/figure>\n<\/div>\n\n\n<p>    <br \/>\n<script type=\"text\/javascript\"> end721_() <\/script><\/p>\n","protected":false},"excerpt":{"rendered":"<p>Skakkbu er en liten, enkel bygning der en brukte \u00e5 oppbevare skinn etter fangst. Den ble bygget i 1963 av besetningen p\u00e5 stasjonen og kalles ogs\u00e5 for Camp Skakk. Den er \u00e5 finne p\u00e5 Egsetstrandas nordlige del, et par hundre meter s\u00f8r for Kvalen.<\/p>\n","protected":false},"author":2,"featured_media":0,"parent":0,"menu_order":0,"comment_status":"open","ping_status":"open","template":"","meta":{"footnotes":""},"class_list":["post-1484","page","type-page","status-publish","hentry"],"_links":{"self":[{"href":"https:\/\/hopenmeteo.no\/index.php?rest_route=\/wp\/v2\/pages\/1484","targetHints":{"allow":["GET"]}}],"collection":[{"href":"https:\/\/hopenmeteo.no\/index.php?rest_route=\/wp\/v2\/pages"}],"about":[{"href":"https:\/\/hopenmeteo.no\/index.php?rest_route=\/wp\/v2\/types\/page"}],"author":[{"embeddable":true,"href":"https:\/\/hopenmeteo.no\/index.php?rest_route=\/wp\/v2\/users\/2"}],"replies":[{"embeddable":true,"href":"https:\/\/hopenmeteo.no\/index.php?rest_route=%2Fwp%2Fv2%2Fcomments&post=1484"}],"version-history":[{"count":3,"href":"https:\/\/hopenmeteo.no\/index.php?rest_route=\/wp\/v2\/pages\/1484\/revisions"}],"predecessor-version":[{"id":8016,"href":"https:\/\/hopenmeteo.no\/index.php?rest_route=\/wp\/v2\/pages\/1484\/revisions\/8016"}],"wp:attachment":[{"href":"https:\/\/hopenmeteo.no\/index.php?rest_route=%2Fwp%2Fv2%2Fmedia&parent=1484"}],"curies":[{"name":"wp","href":"https:\/\/api.w.org\/{rel}","templated":true}]}}