{"id":1492,"date":"2014-02-15T20:26:05","date_gmt":"2014-02-15T19:26:05","guid":{"rendered":"http:\/\/hopenmeteo.no\/?page_id=1492"},"modified":"2024-02-08T09:50:22","modified_gmt":"2024-02-08T08:50:22","slug":"marmadukeskaret","status":"publish","type":"page","link":"https:\/\/hopenmeteo.no\/?page_id=1492","title":{"rendered":"Marmadukeskaret"},"content":{"rendered":"\n<p>Marmadukeskaret er det nyeste navnsatte stedet p\u00e5 Hopen. Etter forslag av sommerbesetningen 2013 i forbindelse med 400-\u00e5rsdagen for oppdagelsen av \u00f8ya, vedtok navnekomiteen til Norsk Polarinstitutt \u00e5 navnsette et skar som g\u00e5r ned s\u00f8rvest p\u00e5 <a title=\"Bj\u00f8rnsletta\" href=\"https:\/\/hopenmeteo.no\/?page_id=1326\">Bj\u00f8rnsletta<\/a>. Thomas Marmaduke var en hvalfanger og oppdagelsesreisende som oppdaget og navnga \u00f8ya i 1613. \u00d8ya er oppkalt etter skipet han seilte med, Hopewell.<\/p>\n\n\n\n<p>Marmadukeskaret starter omtrent midt inne p\u00e5 Bj\u00f8rnsletta og g\u00e5r s\u00f8rvestover mot vestkanten og graver seg dypt ned i brinken og bekken renner ned p\u00e5 stranda s\u00f8r for <a title=\"Johshytta\" href=\"https:\/\/hopenmeteo.no\/?page_id=1319\">Johshytta<\/a>. Det raser ofte i skaret.<\/p>\n\n\n<div class=\"wp-block-image size-full wp-image-1502\">\n<figure class=\"alignleft\"><img loading=\"lazy\" decoding=\"async\" width=\"800\" height=\"450\" src=\"https:\/\/hopenmeteo.no\/wp-content\/uploads\/2014\/02\/Marmadukeskaret10.jpg\" alt=\"Skaret sett fra sj\u00f8siden nord p\u00e5 Bj\u00f8rnstranda\" class=\"wp-image-1502\" srcset=\"https:\/\/hopenmeteo.no\/wp-content\/uploads\/2014\/02\/Marmadukeskaret10.jpg 800w, https:\/\/hopenmeteo.no\/wp-content\/uploads\/2014\/02\/Marmadukeskaret10-300x168.jpg 300w, https:\/\/hopenmeteo.no\/wp-content\/uploads\/2014\/02\/Marmadukeskaret10-500x281.jpg 500w\" sizes=\"auto, (max-width: 800px) 100vw, 800px\" \/><figcaption class=\"wp-element-caption\">Skaret sett fra sj\u00f8siden nord p\u00e5 Bj\u00f8rnstranda<\/figcaption><\/figure>\n<\/div>\n\n<div class=\"wp-block-image\">\n<figure class=\"alignleft\"><img loading=\"lazy\" decoding=\"async\" width=\"800\" height=\"450\" src=\"https:\/\/hopenmeteo.no\/wp-content\/uploads\/2014\/02\/Marmadukeskaret9.jpg\" alt=\"Marmadukeskaret9\" class=\"wp-image-1501\" srcset=\"https:\/\/hopenmeteo.no\/wp-content\/uploads\/2014\/02\/Marmadukeskaret9.jpg 800w, https:\/\/hopenmeteo.no\/wp-content\/uploads\/2014\/02\/Marmadukeskaret9-300x168.jpg 300w, https:\/\/hopenmeteo.no\/wp-content\/uploads\/2014\/02\/Marmadukeskaret9-500x281.jpg 500w\" sizes=\"auto, (max-width: 800px) 100vw, 800px\" \/><\/figure>\n<\/div>\n\n<div class=\"wp-block-image\">\n<figure class=\"alignleft\"><img loading=\"lazy\" decoding=\"async\" width=\"800\" height=\"450\" src=\"https:\/\/hopenmeteo.no\/wp-content\/uploads\/2014\/02\/Marmadukeskaret8.jpg\" alt=\"Marmadukeskaret8\" class=\"wp-image-1500\" srcset=\"https:\/\/hopenmeteo.no\/wp-content\/uploads\/2014\/02\/Marmadukeskaret8.jpg 800w, https:\/\/hopenmeteo.no\/wp-content\/uploads\/2014\/02\/Marmadukeskaret8-300x168.jpg 300w, https:\/\/hopenmeteo.no\/wp-content\/uploads\/2014\/02\/Marmadukeskaret8-500x281.jpg 500w\" sizes=\"auto, (max-width: 800px) 100vw, 800px\" \/><\/figure>\n<\/div>\n\n<div class=\"wp-block-image\">\n<figure class=\"alignleft\"><img loading=\"lazy\" decoding=\"async\" width=\"800\" height=\"450\" src=\"https:\/\/hopenmeteo.no\/wp-content\/uploads\/2014\/02\/Marmadukeskaret7.jpg\" alt=\"Marmadukeskaret7\" class=\"wp-image-1499\" srcset=\"https:\/\/hopenmeteo.no\/wp-content\/uploads\/2014\/02\/Marmadukeskaret7.jpg 800w, https:\/\/hopenmeteo.no\/wp-content\/uploads\/2014\/02\/Marmadukeskaret7-300x168.jpg 300w, https:\/\/hopenmeteo.no\/wp-content\/uploads\/2014\/02\/Marmadukeskaret7-500x281.jpg 500w\" sizes=\"auto, (max-width: 800px) 100vw, 800px\" \/><\/figure>\n<\/div>\n\n<div class=\"wp-block-image size-full wp-image-1498\">\n<figure class=\"alignleft\"><img loading=\"lazy\" decoding=\"async\" width=\"800\" height=\"450\" src=\"https:\/\/hopenmeteo.no\/wp-content\/uploads\/2014\/02\/Marmadukeskaret6.jpg\" alt=\"Sj\u00f8en i sikte\" class=\"wp-image-1498\" srcset=\"https:\/\/hopenmeteo.no\/wp-content\/uploads\/2014\/02\/Marmadukeskaret6.jpg 800w, https:\/\/hopenmeteo.no\/wp-content\/uploads\/2014\/02\/Marmadukeskaret6-300x168.jpg 300w, https:\/\/hopenmeteo.no\/wp-content\/uploads\/2014\/02\/Marmadukeskaret6-500x281.jpg 500w\" sizes=\"auto, (max-width: 800px) 100vw, 800px\" \/><figcaption class=\"wp-element-caption\">Sj\u00f8en i sikte<\/figcaption><\/figure>\n<\/div>\n\n<div class=\"wp-block-image size-full wp-image-1497\">\n<figure class=\"alignleft\"><img loading=\"lazy\" decoding=\"async\" width=\"800\" height=\"450\" src=\"https:\/\/hopenmeteo.no\/wp-content\/uploads\/2014\/02\/Marmadukeskaret5.jpg\" alt=\"Skaret graver seg dypere og dypere ned i brinken.\" class=\"wp-image-1497\" srcset=\"https:\/\/hopenmeteo.no\/wp-content\/uploads\/2014\/02\/Marmadukeskaret5.jpg 800w, https:\/\/hopenmeteo.no\/wp-content\/uploads\/2014\/02\/Marmadukeskaret5-300x168.jpg 300w, https:\/\/hopenmeteo.no\/wp-content\/uploads\/2014\/02\/Marmadukeskaret5-500x281.jpg 500w\" sizes=\"auto, (max-width: 800px) 100vw, 800px\" \/><figcaption class=\"wp-element-caption\">Skaret graver seg dypere og dypere ned i brinken.<\/figcaption><\/figure>\n<\/div>\n\n<div class=\"wp-block-image size-full wp-image-1494\">\n<figure class=\"alignleft\"><img loading=\"lazy\" decoding=\"async\" width=\"800\" height=\"450\" src=\"https:\/\/hopenmeteo.no\/wp-content\/uploads\/2014\/02\/Marmadukeskaret2.jpg\" alt=\"Bes\u00f8kende klatrer opp sn\u00f8fonna i bunnen av skaret.\" class=\"wp-image-1494\" srcset=\"https:\/\/hopenmeteo.no\/wp-content\/uploads\/2014\/02\/Marmadukeskaret2.jpg 800w, https:\/\/hopenmeteo.no\/wp-content\/uploads\/2014\/02\/Marmadukeskaret2-300x168.jpg 300w, https:\/\/hopenmeteo.no\/wp-content\/uploads\/2014\/02\/Marmadukeskaret2-500x281.jpg 500w\" sizes=\"auto, (max-width: 800px) 100vw, 800px\" \/><figcaption class=\"wp-element-caption\">Bes\u00f8kende klatrer opp sn\u00f8fonna i bunnen av skaret.<\/figcaption><\/figure>\n<\/div>\n\n<div class=\"wp-block-image size-full wp-image-1495\">\n<figure class=\"alignleft\"><img loading=\"lazy\" decoding=\"async\" width=\"800\" height=\"533\" src=\"https:\/\/hopenmeteo.no\/wp-content\/uploads\/2014\/02\/Marmadukeskaret3.jpg\" alt=\"Ei sn\u00f8fonn bruker \u00e5 ligge igjen i skaret tidlig p\u00e5 sommeren men smelter som regel utp\u00e5 h\u00f8sten.\" class=\"wp-image-1495\" srcset=\"https:\/\/hopenmeteo.no\/wp-content\/uploads\/2014\/02\/Marmadukeskaret3.jpg 800w, https:\/\/hopenmeteo.no\/wp-content\/uploads\/2014\/02\/Marmadukeskaret3-300x199.jpg 300w, https:\/\/hopenmeteo.no\/wp-content\/uploads\/2014\/02\/Marmadukeskaret3-450x300.jpg 450w\" sizes=\"auto, (max-width: 800px) 100vw, 800px\" \/><figcaption class=\"wp-element-caption\">Ei sn\u00f8fonn bruker \u00e5 ligge igjen i skaret tidlig p\u00e5 sommeren men smelter som regel utp\u00e5 h\u00f8sten.<\/figcaption><\/figure>\n<\/div>\n\n<div class=\"wp-block-image size-full wp-image-1496\">\n<figure class=\"alignleft\"><img loading=\"lazy\" decoding=\"async\" width=\"800\" height=\"450\" src=\"https:\/\/hopenmeteo.no\/wp-content\/uploads\/2014\/02\/Marmadukeskaret4.jpg\" alt=\"Sett fra siden p\u00e5 Werenskioldfjellet\" class=\"wp-image-1496\" srcset=\"https:\/\/hopenmeteo.no\/wp-content\/uploads\/2014\/02\/Marmadukeskaret4.jpg 800w, https:\/\/hopenmeteo.no\/wp-content\/uploads\/2014\/02\/Marmadukeskaret4-300x168.jpg 300w, https:\/\/hopenmeteo.no\/wp-content\/uploads\/2014\/02\/Marmadukeskaret4-500x281.jpg 500w\" sizes=\"auto, (max-width: 800px) 100vw, 800px\" \/><figcaption class=\"wp-element-caption\">Sett fra siden p\u00e5 Werenskioldfjellet<\/figcaption><\/figure>\n<\/div>\n\n<div class=\"wp-block-image\">\n<figure class=\"aligncenter\"><a href=\"https:\/\/hopenmeteo.no\/wp-content\/uploads\/2014\/02\/DSC_5199.jpg\"><img loading=\"lazy\" decoding=\"async\" width=\"500\" height=\"331\" src=\"https:\/\/hopenmeteo.no\/wp-content\/uploads\/2014\/02\/DSC_5199.jpg\" alt=\"DSC_5199\" class=\"wp-image-1782\" srcset=\"https:\/\/hopenmeteo.no\/wp-content\/uploads\/2014\/02\/DSC_5199.jpg 500w, https:\/\/hopenmeteo.no\/wp-content\/uploads\/2014\/02\/DSC_5199-300x198.jpg 300w, https:\/\/hopenmeteo.no\/wp-content\/uploads\/2014\/02\/DSC_5199-453x300.jpg 453w\" sizes=\"auto, (max-width: 500px) 100vw, 500px\" \/><\/a><figcaption class=\"wp-element-caption\">Marmadukeskaret i januar.<br \/>Foto: K\u00e5re Holter Solhjell<\/figcaption><\/figure>\n<\/div>\n\n\n<p class=\"has-text-align-center\"><script> end963_() <\/script><\/p>\n","protected":false},"excerpt":{"rendered":"<p>Marmadukeskaret er det nyeste navnsatte stedet p\u00e5 Hopen. Etter forslag av sommerbesetningen 2013 i forbindelse med 400-\u00e5rsdagen for oppdagelsen av \u00f8ya, vedtok navnekomiteen til Norsk Polarinstitutt \u00e5 navnsette et skar som g\u00e5r ned s\u00f8rvest p\u00e5 Bj\u00f8rnsletta. Thomas Marmaduke var en hvalfanger og oppdagelsesreisende som oppdaget og navnga \u00f8ya i 1613. \u00d8ya er oppkalt etter skipet han seilte med, Hopewell. Marmadukeskaret starter omtrent midt inne p\u00e5 Bj\u00f8rnsletta og g\u00e5r s\u00f8rvestover mot vestkanten og graver seg dypt ned i brinken og bekken renner ned p\u00e5 stranda s\u00f8r for Johshytta. Det raser ofte i skaret.<\/p>\n","protected":false},"author":2,"featured_media":0,"parent":0,"menu_order":0,"comment_status":"open","ping_status":"open","template":"","meta":{"footnotes":""},"class_list":["post-1492","page","type-page","status-publish","hentry"],"_links":{"self":[{"href":"https:\/\/hopenmeteo.no\/index.php?rest_route=\/wp\/v2\/pages\/1492","targetHints":{"allow":["GET"]}}],"collection":[{"href":"https:\/\/hopenmeteo.no\/index.php?rest_route=\/wp\/v2\/pages"}],"about":[{"href":"https:\/\/hopenmeteo.no\/index.php?rest_route=\/wp\/v2\/types\/page"}],"author":[{"embeddable":true,"href":"https:\/\/hopenmeteo.no\/index.php?rest_route=\/wp\/v2\/users\/2"}],"replies":[{"embeddable":true,"href":"https:\/\/hopenmeteo.no\/index.php?rest_route=%2Fwp%2Fv2%2Fcomments&post=1492"}],"version-history":[{"count":4,"href":"https:\/\/hopenmeteo.no\/index.php?rest_route=\/wp\/v2\/pages\/1492\/revisions"}],"predecessor-version":[{"id":8007,"href":"https:\/\/hopenmeteo.no\/index.php?rest_route=\/wp\/v2\/pages\/1492\/revisions\/8007"}],"wp:attachment":[{"href":"https:\/\/hopenmeteo.no\/index.php?rest_route=%2Fwp%2Fv2%2Fmedia&parent=1492"}],"curies":[{"name":"wp","href":"https:\/\/api.w.org\/{rel}","templated":true}]}}