{"id":1526,"date":"2014-02-15T23:42:31","date_gmt":"2014-02-15T22:42:31","guid":{"rendered":"http:\/\/hopenmeteo.no\/?page_id=1526"},"modified":"2024-02-09T07:26:51","modified_gmt":"2024-02-09T06:26:51","slug":"heniesalen","status":"publish","type":"page","link":"https:\/\/hopenmeteo.no\/?page_id=1526","title":{"rendered":"Heniesalen"},"content":{"rendered":"\n<p>Heniesalen er en forsenkning mellom <a title=\"Kvasstoppen\" href=\"https:\/\/hopenmeteo.no\/?page_id=1532\">Kvasstoppen <\/a>og <a title=\"Werenskioldfjellet\" href=\"https:\/\/hopenmeteo.no\/?page_id=1463\">Werenskioldfjellet<\/a>. Omr\u00e5det er oppkalt etter astronomen dr. Hans Henie ved Norsk Polarinstitutt. I omr\u00e5det finnes rester etter det sovjetiske tupolevflyet som styrtet i 1978. Vrakrester er spredd over et st\u00f8rre omr\u00e5de.<\/p>\n\n\n<div class=\"wp-block-image size-full wp-image-1527\">\n<figure class=\"alignleft\"><img loading=\"lazy\" decoding=\"async\" width=\"800\" height=\"450\" src=\"https:\/\/hopenmeteo.no\/wp-content\/uploads\/2014\/02\/Heniesalen1.jpg\" alt=\"\u00d8stdelen av Heniesalen sett i retning av Kofoedodden og Iversenfjellet.\" class=\"wp-image-1527\" srcset=\"https:\/\/hopenmeteo.no\/wp-content\/uploads\/2014\/02\/Heniesalen1.jpg 800w, https:\/\/hopenmeteo.no\/wp-content\/uploads\/2014\/02\/Heniesalen1-300x168.jpg 300w, https:\/\/hopenmeteo.no\/wp-content\/uploads\/2014\/02\/Heniesalen1-500x281.jpg 500w\" sizes=\"auto, (max-width: 800px) 100vw, 800px\" \/><figcaption class=\"wp-element-caption\">\u00d8stdelen av Heniesalen sett i retning av Kofoedodden og Iversenfjellet.<\/figcaption><\/figure>\n<\/div>\n\n<div class=\"wp-block-image\">\n<figure class=\"alignleft\"><img loading=\"lazy\" decoding=\"async\" width=\"800\" height=\"533\" src=\"https:\/\/hopenmeteo.no\/wp-content\/uploads\/2014\/02\/Heniesalen.jpg\" alt=\"Heniesalen\" class=\"wp-image-1686\" srcset=\"https:\/\/hopenmeteo.no\/wp-content\/uploads\/2014\/02\/Heniesalen.jpg 800w, https:\/\/hopenmeteo.no\/wp-content\/uploads\/2014\/02\/Heniesalen-300x199.jpg 300w, https:\/\/hopenmeteo.no\/wp-content\/uploads\/2014\/02\/Heniesalen-450x300.jpg 450w\" sizes=\"auto, (max-width: 800px) 100vw, 800px\" \/><\/figure>\n<\/div>\n\n\n<p><\/p>\n","protected":false},"excerpt":{"rendered":"<p>Heniesalen er en forsenkning mellom Kvasstoppen og Werenskioldfjellet. Omr\u00e5det er oppkalt etter astronomen dr. Hans Henie ved Norsk Polarinstitutt. I omr\u00e5det finnes rester etter det sovjetiske tupolevflyet som styrtet i 1978. Vrakrester er spredd over et st\u00f8rre omr\u00e5de.<\/p>\n","protected":false},"author":2,"featured_media":0,"parent":0,"menu_order":0,"comment_status":"open","ping_status":"open","template":"","meta":{"footnotes":""},"class_list":["post-1526","page","type-page","status-publish","hentry"],"_links":{"self":[{"href":"https:\/\/hopenmeteo.no\/index.php?rest_route=\/wp\/v2\/pages\/1526","targetHints":{"allow":["GET"]}}],"collection":[{"href":"https:\/\/hopenmeteo.no\/index.php?rest_route=\/wp\/v2\/pages"}],"about":[{"href":"https:\/\/hopenmeteo.no\/index.php?rest_route=\/wp\/v2\/types\/page"}],"author":[{"embeddable":true,"href":"https:\/\/hopenmeteo.no\/index.php?rest_route=\/wp\/v2\/users\/2"}],"replies":[{"embeddable":true,"href":"https:\/\/hopenmeteo.no\/index.php?rest_route=%2Fwp%2Fv2%2Fcomments&post=1526"}],"version-history":[{"count":6,"href":"https:\/\/hopenmeteo.no\/index.php?rest_route=\/wp\/v2\/pages\/1526\/revisions"}],"predecessor-version":[{"id":8021,"href":"https:\/\/hopenmeteo.no\/index.php?rest_route=\/wp\/v2\/pages\/1526\/revisions\/8021"}],"wp:attachment":[{"href":"https:\/\/hopenmeteo.no\/index.php?rest_route=%2Fwp%2Fv2%2Fmedia&parent=1526"}],"curies":[{"name":"wp","href":"https:\/\/api.w.org\/{rel}","templated":true}]}}