{"id":1532,"date":"2014-02-16T00:11:05","date_gmt":"2014-02-15T23:11:05","guid":{"rendered":"http:\/\/hopenmeteo.no\/?page_id=1532"},"modified":"2024-02-09T07:36:16","modified_gmt":"2024-02-09T06:36:16","slug":"kvasstoppen","status":"publish","type":"page","link":"https:\/\/hopenmeteo.no\/?page_id=1532","title":{"rendered":"Kvasstoppen"},"content":{"rendered":"\n<p>Kvasstoppen er en formasjon som ender i en spiss topp, med bratt side ned p\u00e5 vestsiden av \u00f8ya. Den ligger mellom <a title=\"Werenskioldfjellet\" href=\"https:\/\/hopenmeteo.no\/?page_id=1463\">Werenskioldfjellet<\/a>\/<a title=\"Heniesalen\" href=\"https:\/\/hopenmeteo.no\/?page_id=1526\">Heniesalen <\/a>og <a title=\"Iversenfjellet\" href=\"https:\/\/hopenmeteo.no\/?page_id=1584\">Iversenfjellet<\/a>. Den avgrenses av <a title=\"Bekkeskaret\" href=\"https:\/\/hopenmeteo.no\/?page_id=1541\">Bekkeskaret <\/a>i s\u00f8r og Heinesalen i nord og har en svak helling mot \u00f8st. Det h\u00f8yeste punktet er 199 moh og p\u00e5 vestsiden g\u00e5r den rett ned i havet.<\/p>\n\n\n<div class=\"wp-block-image size-full wp-image-1681\">\n<figure class=\"alignleft\"><img loading=\"lazy\" decoding=\"async\" width=\"800\" height=\"533\" src=\"https:\/\/hopenmeteo.no\/wp-content\/uploads\/2014\/02\/Kvasstoppen.jpg\" alt=\"Kvasstoppen sett fra sj\u00f8siden vest for Hopen om bord i KV Svalbard\" class=\"wp-image-1681\" srcset=\"https:\/\/hopenmeteo.no\/wp-content\/uploads\/2014\/02\/Kvasstoppen.jpg 800w, https:\/\/hopenmeteo.no\/wp-content\/uploads\/2014\/02\/Kvasstoppen-300x199.jpg 300w, https:\/\/hopenmeteo.no\/wp-content\/uploads\/2014\/02\/Kvasstoppen-450x300.jpg 450w\" sizes=\"auto, (max-width: 800px) 100vw, 800px\" \/><figcaption class=\"wp-element-caption\">Kvasstoppen sett fra sj\u00f8siden vest for Hopen om bord i KV Svalbard<\/figcaption><\/figure>\n<\/div>\n\n<div class=\"wp-block-image size-full wp-image-1538\">\n<figure class=\"alignleft\"><img loading=\"lazy\" decoding=\"async\" width=\"800\" height=\"450\" src=\"https:\/\/hopenmeteo.no\/wp-content\/uploads\/2014\/02\/Kvasstoppen6.jpg\" alt=\"Kvasstoppen stikker opp p\u00e5 h\u00f8yre side. Iversenfjellet bakerst.\" class=\"wp-image-1538\" srcset=\"https:\/\/hopenmeteo.no\/wp-content\/uploads\/2014\/02\/Kvasstoppen6.jpg 800w, https:\/\/hopenmeteo.no\/wp-content\/uploads\/2014\/02\/Kvasstoppen6-300x168.jpg 300w, https:\/\/hopenmeteo.no\/wp-content\/uploads\/2014\/02\/Kvasstoppen6-500x281.jpg 500w\" sizes=\"auto, (max-width: 800px) 100vw, 800px\" \/><figcaption class=\"wp-element-caption\">Kvasstoppen stikker opp p\u00e5 h\u00f8yre side <span style=\"font-size: revert;\">. Iversenfjellet bakerst.<\/span><\/figcaption><\/figure>\n<\/div>\n\n<div class=\"wp-block-image\">\n<figure class=\"alignleft\"><img loading=\"lazy\" decoding=\"async\" width=\"800\" height=\"450\" src=\"https:\/\/hopenmeteo.no\/wp-content\/uploads\/2014\/02\/Kvasstoppen5.jpg\" alt=\"Kvasstoppen5\" class=\"wp-image-1537\" srcset=\"https:\/\/hopenmeteo.no\/wp-content\/uploads\/2014\/02\/Kvasstoppen5.jpg 800w, https:\/\/hopenmeteo.no\/wp-content\/uploads\/2014\/02\/Kvasstoppen5-300x168.jpg 300w, https:\/\/hopenmeteo.no\/wp-content\/uploads\/2014\/02\/Kvasstoppen5-500x281.jpg 500w\" sizes=\"auto, (max-width: 800px) 100vw, 800px\" \/><\/figure>\n<\/div>\n\n<div class=\"wp-block-image\">\n<figure class=\"alignleft\"><img loading=\"lazy\" decoding=\"async\" width=\"800\" height=\"450\" src=\"https:\/\/hopenmeteo.no\/wp-content\/uploads\/2014\/02\/Kvasstoppen4.jpg\" alt=\"Kvasstoppen4\" class=\"wp-image-1536\" srcset=\"https:\/\/hopenmeteo.no\/wp-content\/uploads\/2014\/02\/Kvasstoppen4.jpg 800w, https:\/\/hopenmeteo.no\/wp-content\/uploads\/2014\/02\/Kvasstoppen4-300x168.jpg 300w, https:\/\/hopenmeteo.no\/wp-content\/uploads\/2014\/02\/Kvasstoppen4-500x281.jpg 500w\" sizes=\"auto, (max-width: 800px) 100vw, 800px\" \/><\/figure>\n<\/div>\n\n<div class=\"wp-block-image size-full wp-image-1535\">\n<figure class=\"alignleft\"><img loading=\"lazy\" decoding=\"async\" width=\"800\" height=\"450\" src=\"https:\/\/hopenmeteo.no\/wp-content\/uploads\/2014\/02\/Kvasstoppen3.jpg\" alt=\"Vestveggen av Kvasstoppen, 199 meter rett ned i havet.\" class=\"wp-image-1535\" srcset=\"https:\/\/hopenmeteo.no\/wp-content\/uploads\/2014\/02\/Kvasstoppen3.jpg 800w, https:\/\/hopenmeteo.no\/wp-content\/uploads\/2014\/02\/Kvasstoppen3-300x168.jpg 300w, https:\/\/hopenmeteo.no\/wp-content\/uploads\/2014\/02\/Kvasstoppen3-500x281.jpg 500w\" sizes=\"auto, (max-width: 800px) 100vw, 800px\" \/><figcaption class=\"wp-element-caption\">Vestveggen av Kvasstoppen, 199 meter rett ned i havet.<\/figcaption><\/figure>\n<\/div>\n\n<div class=\"wp-block-image\">\n<figure class=\"alignleft\"><img loading=\"lazy\" decoding=\"async\" width=\"800\" height=\"450\" src=\"https:\/\/hopenmeteo.no\/wp-content\/uploads\/2014\/02\/Kvasstoppen2.jpg\" alt=\"Kvasstoppen2\" class=\"wp-image-1534\" srcset=\"https:\/\/hopenmeteo.no\/wp-content\/uploads\/2014\/02\/Kvasstoppen2.jpg 800w, https:\/\/hopenmeteo.no\/wp-content\/uploads\/2014\/02\/Kvasstoppen2-300x168.jpg 300w, https:\/\/hopenmeteo.no\/wp-content\/uploads\/2014\/02\/Kvasstoppen2-500x281.jpg 500w\" sizes=\"auto, (max-width: 800px) 100vw, 800px\" \/><\/figure>\n<\/div>\n\n<div class=\"wp-block-image\">\n<figure class=\"alignleft\"><img loading=\"lazy\" decoding=\"async\" width=\"800\" height=\"450\" src=\"https:\/\/hopenmeteo.no\/wp-content\/uploads\/2014\/02\/Kvasstoppen1.jpg\" alt=\"Kvasstoppen1\" class=\"wp-image-1533\" srcset=\"https:\/\/hopenmeteo.no\/wp-content\/uploads\/2014\/02\/Kvasstoppen1.jpg 800w, https:\/\/hopenmeteo.no\/wp-content\/uploads\/2014\/02\/Kvasstoppen1-300x168.jpg 300w, https:\/\/hopenmeteo.no\/wp-content\/uploads\/2014\/02\/Kvasstoppen1-500x281.jpg 500w\" sizes=\"auto, (max-width: 800px) 100vw, 800px\" \/><\/figure>\n<\/div>\n\n\n<p> <br \/>\n<script type=\"text\/javascript\"> end90_() <\/script><\/p>\n","protected":false},"excerpt":{"rendered":"<p>Kvasstoppen er en formasjon som ender i en spiss topp, med bratt side ned p\u00e5 vestsiden av \u00f8ya. Den ligger mellom Werenskioldfjellet\/Heniesalen og Iversenfjellet. Den avgrenses av Bekkeskaret i s\u00f8r og Heinesalen i nord og har en svak helling mot \u00f8st. Det h\u00f8yeste punktet er 199 moh og p\u00e5 vestsiden g\u00e5r den rett ned i havet.<\/p>\n","protected":false},"author":2,"featured_media":0,"parent":0,"menu_order":0,"comment_status":"open","ping_status":"open","template":"","meta":{"footnotes":""},"class_list":["post-1532","page","type-page","status-publish","hentry"],"_links":{"self":[{"href":"https:\/\/hopenmeteo.no\/index.php?rest_route=\/wp\/v2\/pages\/1532","targetHints":{"allow":["GET"]}}],"collection":[{"href":"https:\/\/hopenmeteo.no\/index.php?rest_route=\/wp\/v2\/pages"}],"about":[{"href":"https:\/\/hopenmeteo.no\/index.php?rest_route=\/wp\/v2\/types\/page"}],"author":[{"embeddable":true,"href":"https:\/\/hopenmeteo.no\/index.php?rest_route=\/wp\/v2\/users\/2"}],"replies":[{"embeddable":true,"href":"https:\/\/hopenmeteo.no\/index.php?rest_route=%2Fwp%2Fv2%2Fcomments&post=1532"}],"version-history":[{"count":7,"href":"https:\/\/hopenmeteo.no\/index.php?rest_route=\/wp\/v2\/pages\/1532\/revisions"}],"predecessor-version":[{"id":8024,"href":"https:\/\/hopenmeteo.no\/index.php?rest_route=\/wp\/v2\/pages\/1532\/revisions\/8024"}],"wp:attachment":[{"href":"https:\/\/hopenmeteo.no\/index.php?rest_route=%2Fwp%2Fv2%2Fmedia&parent=1532"}],"curies":[{"name":"wp","href":"https:\/\/api.w.org\/{rel}","templated":true}]}}