{"id":1564,"date":"2014-02-17T22:51:27","date_gmt":"2014-02-17T21:51:27","guid":{"rendered":"http:\/\/hopenmeteo.no\/?page_id=1564"},"modified":"2024-02-09T08:09:14","modified_gmt":"2024-02-09T07:09:14","slug":"tovikbukta","status":"publish","type":"page","link":"https:\/\/hopenmeteo.no\/?page_id=1564","title":{"rendered":"Tovikbukta"},"content":{"rendered":"\n<p>Bukta mellom <a title=\"Bekkeskaret\" href=\"https:\/\/hopenmeteo.no\/?page_id=1541\">Bekkeskaret <\/a>og <a title=\"Kofoedodden\" href=\"https:\/\/hopenmeteo.no\/?page_id=1571\">Kofoedodden<\/a>, den s\u00f8rligste strandplat\u00e5et p\u00e5 \u00f8ya, er oppkalt etter motorkutteren &laquo;Tovik&raquo;. Bukta er ganske grunn og har en god del undervannsskj\u00e6r som kan v\u00e6re vanskelig \u00e5 forsere. Et par-tre steder finnes det muligheter for passasje for lettb\u00e5t, gjerne assistert av mannskap g\u00e5ende ved siden av i overlevingsdrakter.<\/p>\n\n\n<div class=\"wp-block-image size-full wp-image-1565\">\n<figure class=\"alignleft\"><img loading=\"lazy\" decoding=\"async\" width=\"800\" height=\"450\" src=\"https:\/\/hopenmeteo.no\/wp-content\/uploads\/2014\/02\/Tovikbukta1.jpg\" alt=\"Tovikbukta sett fra Heniesalen \n. Kofoedodden rett bak.\" class=\"wp-image-1565\" srcset=\"https:\/\/hopenmeteo.no\/wp-content\/uploads\/2014\/02\/Tovikbukta1.jpg 800w, https:\/\/hopenmeteo.no\/wp-content\/uploads\/2014\/02\/Tovikbukta1-300x168.jpg 300w, https:\/\/hopenmeteo.no\/wp-content\/uploads\/2014\/02\/Tovikbukta1-500x281.jpg 500w\" sizes=\"auto, (max-width: 800px) 100vw, 800px\" \/><figcaption class=\"wp-element-caption\">Tovikbukta sett fra Heniesalen. Kofoedodden rett bak.<\/figcaption><\/figure>\n<\/div>\n\n<div class=\"wp-block-image size-full wp-image-1566\">\n<figure class=\"alignleft\"><img loading=\"lazy\" decoding=\"async\" width=\"800\" height=\"450\" src=\"https:\/\/hopenmeteo.no\/wp-content\/uploads\/2014\/02\/Tovikbukta2.jpg\" alt=\"Langs stranda ved Tovikbukta.\" class=\"wp-image-1566\" srcset=\"https:\/\/hopenmeteo.no\/wp-content\/uploads\/2014\/02\/Tovikbukta2.jpg 800w, https:\/\/hopenmeteo.no\/wp-content\/uploads\/2014\/02\/Tovikbukta2-300x168.jpg 300w, https:\/\/hopenmeteo.no\/wp-content\/uploads\/2014\/02\/Tovikbukta2-500x281.jpg 500w\" sizes=\"auto, (max-width: 800px) 100vw, 800px\" \/><figcaption class=\"wp-element-caption\">Langs stranda ved Tovikbukta.<\/figcaption><\/figure>\n<\/div>\n\n<div class=\"wp-block-image size-full wp-image-1567\">\n<figure class=\"alignleft\"><img loading=\"lazy\" decoding=\"async\" width=\"800\" height=\"450\" src=\"https:\/\/hopenmeteo.no\/wp-content\/uploads\/2014\/02\/Tovikbukta3.jpg\" alt=\"Bukta sett fra Rudihytta mot Bekkeskaret (nordover).\" class=\"wp-image-1567\" srcset=\"https:\/\/hopenmeteo.no\/wp-content\/uploads\/2014\/02\/Tovikbukta3.jpg 800w, https:\/\/hopenmeteo.no\/wp-content\/uploads\/2014\/02\/Tovikbukta3-300x168.jpg 300w, https:\/\/hopenmeteo.no\/wp-content\/uploads\/2014\/02\/Tovikbukta3-500x281.jpg 500w\" sizes=\"auto, (max-width: 800px) 100vw, 800px\" \/><figcaption class=\"wp-element-caption\">Bukta sett fra Rudihytta mot Bekkeskaret (nordover).<\/figcaption><\/figure>\n<\/div>\n\n<div class=\"wp-block-image size-full wp-image-1568\">\n<figure class=\"alignleft\"><img loading=\"lazy\" decoding=\"async\" width=\"800\" height=\"450\" src=\"https:\/\/hopenmeteo.no\/wp-content\/uploads\/2014\/02\/Tovikbukta4.jpg\" alt=\"Bukta sett fra Werenskioldfjellet \n. Gibraltar skimtes rett ned til venstre.\" class=\"wp-image-1568\" srcset=\"https:\/\/hopenmeteo.no\/wp-content\/uploads\/2014\/02\/Tovikbukta4.jpg 800w, https:\/\/hopenmeteo.no\/wp-content\/uploads\/2014\/02\/Tovikbukta4-300x168.jpg 300w, https:\/\/hopenmeteo.no\/wp-content\/uploads\/2014\/02\/Tovikbukta4-500x281.jpg 500w\" sizes=\"auto, (max-width: 800px) 100vw, 800px\" \/><figcaption class=\"wp-element-caption\">Bukta sett fra Werenskioldfjellet. Gibraltar skimtes rett ned til venstre.<\/figcaption><\/figure>\n<\/div>\n\n<div class=\"wp-block-image size-full wp-image-1569\">\n<figure class=\"alignleft\"><img loading=\"lazy\" decoding=\"async\" width=\"800\" height=\"450\" src=\"https:\/\/hopenmeteo.no\/wp-content\/uploads\/2014\/02\/Tovikbukta5.jpg\" alt=\"Tovikbukta og Kodoedodden sett fra plat\u00e5et mellom Bekkeskaret og Malmskaret.\" class=\"wp-image-1569\" srcset=\"https:\/\/hopenmeteo.no\/wp-content\/uploads\/2014\/02\/Tovikbukta5.jpg 800w, https:\/\/hopenmeteo.no\/wp-content\/uploads\/2014\/02\/Tovikbukta5-300x168.jpg 300w, https:\/\/hopenmeteo.no\/wp-content\/uploads\/2014\/02\/Tovikbukta5-500x281.jpg 500w\" sizes=\"auto, (max-width: 800px) 100vw, 800px\" \/><figcaption class=\"wp-element-caption\">Tovikbukta og Kofoedodden sett fra plat\u00e5et mellom Bekkeskaret og Malmskaret.<\/figcaption><\/figure>\n<\/div>","protected":false},"excerpt":{"rendered":"<p>Bukta mellom Bekkeskaret og Kofoedodden, den s\u00f8rligste strandplat\u00e5et p\u00e5 \u00f8ya, er oppkalt etter motorkutteren &laquo;Tovik&raquo;. Bukta er ganske grunn og har en god del undervannsskj\u00e6r som kan v\u00e6re vanskelig \u00e5 forsere. Et par-tre steder finnes det muligheter for passasje for lettb\u00e5t, gjerne assistert av mannskap g\u00e5ende ved siden av i overlevingsdrakter.<\/p>\n","protected":false},"author":2,"featured_media":0,"parent":0,"menu_order":0,"comment_status":"open","ping_status":"open","template":"","meta":{"footnotes":""},"class_list":["post-1564","page","type-page","status-publish","hentry"],"_links":{"self":[{"href":"https:\/\/hopenmeteo.no\/index.php?rest_route=\/wp\/v2\/pages\/1564","targetHints":{"allow":["GET"]}}],"collection":[{"href":"https:\/\/hopenmeteo.no\/index.php?rest_route=\/wp\/v2\/pages"}],"about":[{"href":"https:\/\/hopenmeteo.no\/index.php?rest_route=\/wp\/v2\/types\/page"}],"author":[{"embeddable":true,"href":"https:\/\/hopenmeteo.no\/index.php?rest_route=\/wp\/v2\/users\/2"}],"replies":[{"embeddable":true,"href":"https:\/\/hopenmeteo.no\/index.php?rest_route=%2Fwp%2Fv2%2Fcomments&post=1564"}],"version-history":[{"count":4,"href":"https:\/\/hopenmeteo.no\/index.php?rest_route=\/wp\/v2\/pages\/1564\/revisions"}],"predecessor-version":[{"id":8029,"href":"https:\/\/hopenmeteo.no\/index.php?rest_route=\/wp\/v2\/pages\/1564\/revisions\/8029"}],"wp:attachment":[{"href":"https:\/\/hopenmeteo.no\/index.php?rest_route=%2Fwp%2Fv2%2Fmedia&parent=1564"}],"curies":[{"name":"wp","href":"https:\/\/api.w.org\/{rel}","templated":true}]}}