{"id":1571,"date":"2014-02-17T23:17:00","date_gmt":"2014-02-17T22:17:00","guid":{"rendered":"http:\/\/hopenmeteo.no\/?page_id=1571"},"modified":"2024-02-09T08:32:27","modified_gmt":"2024-02-09T07:32:27","slug":"kofoedodden","status":"publish","type":"page","link":"https:\/\/hopenmeteo.no\/?page_id=1571","title":{"rendered":"Kofoedodden"},"content":{"rendered":"\n<p>Kofoedodden er den s\u00f8rligste og videste gresslette med strandlinje p\u00e5 \u00f8ya. Odden er oppkalt etter zoolog Einar Kofoed, men hadde f\u00f8rst navnet Kapp Olofsen etter August Olofson fra Sm\u00e5land i Sverige, et av besetningsmedlemmene som kom til Hopen sammen med Henry Rudi i 1907.\u00a0De bygget blant annet <a title=\"Rudihytta\" href=\"https:\/\/hopenmeteo.no\/?page_id=1579\">Rudihytta<\/a>. Den ligger ved <a title=\"Tovikbukta\" href=\"https:\/\/hopenmeteo.no\/?page_id=1564\">Tovikbuktas <\/a>s\u00f8ndre del, opp\u00e5 sletta ved stranda, og er som andre fornminner, fredet.<br \/> De var ikke de f\u00f8rste som fangstet p\u00e5 \u00f8ya. Ressursene ble utnyttet fra f\u00f8rste stund fra \u00f8ya ble oppdaget til fredningen i 1973. Rester etter spekkovner er \u00e5 finne p\u00e5 Kofoedodden sammen med ansamlinger av hvalrossbein.<\/p>\n\n\n\n<p>Litt lenger innp\u00e5 sletta og noe s\u00f8rover ligger <a title=\"S\u00f8rhytta\" href=\"https:\/\/hopenmeteo.no\/?page_id=1574\">S\u00f8rhytta<\/a>, som brukes som turm\u00e5l, sommer som vinter. Den er godt utstyrt med sengebrinker, ovn og et matforr\u00e5d. <\/p>\n\n\n\n<p>Innenfor S\u00f8rhytta er det satt opp ei fyrlykt. Den ble satt opp i begynnelsen av 2020-tallet og erstattet ei fyrlykt som var montert oppe p\u00e5 taket av S\u00f8rhytta. Den gamle fyrlykta lagde lyd hver gang den sendt ut et blink og kunne forstyrre nattes\u00f8vnen til de som valgte \u00e5 ta en overnattingstur der.<\/p>\n\n\n\n<p>I begynnelsen av 1970-tallet ble det foretatt pr\u00f8veboringer etter olje p\u00e5 Kofoedodden uten at det ble funnet noen drivverdige forekomster.<\/p>\n\n\n<div class=\"wp-block-image size-full wp-image-1569\">\n<figure class=\"alignleft\"><img loading=\"lazy\" decoding=\"async\" width=\"800\" height=\"450\" src=\"https:\/\/hopenmeteo.no\/wp-content\/uploads\/2014\/02\/Tovikbukta5.jpg\" alt=\"Tovikbukta og Kodoedodden sett fra plat\u00e5et mellom Bekkeskaret og Malmskaret.\" class=\"wp-image-1569\" srcset=\"https:\/\/hopenmeteo.no\/wp-content\/uploads\/2014\/02\/Tovikbukta5.jpg 800w, https:\/\/hopenmeteo.no\/wp-content\/uploads\/2014\/02\/Tovikbukta5-300x168.jpg 300w, https:\/\/hopenmeteo.no\/wp-content\/uploads\/2014\/02\/Tovikbukta5-500x281.jpg 500w\" sizes=\"auto, (max-width: 800px) 100vw, 800px\" \/><figcaption class=\"wp-element-caption\">Tovikbukta og Kofoedodden sett fra plat\u00e5et mellom Bekkeskaret og Malmskaret. Vi kan skimte Rudihytta s\u00e5 vidt ute p\u00e5 den spisse odden. I bakkant ser vi silhuetten av S\u00f8rhytta.<\/figcaption><\/figure>\n<\/div>\n\n\n<figure class=\"wp-block-image\"><img loading=\"lazy\" decoding=\"async\" width=\"800\" height=\"450\" src=\"https:\/\/hopenmeteo.no\/wp-content\/uploads\/2014\/02\/Tovikbukta4.jpg\" alt=\"Bukta sett fra Werenskioldfjellet. Gibraltar skimtes rett ned til venstre.\" class=\"wp-image-1568\" srcset=\"https:\/\/hopenmeteo.no\/wp-content\/uploads\/2014\/02\/Tovikbukta4.jpg 800w, https:\/\/hopenmeteo.no\/wp-content\/uploads\/2014\/02\/Tovikbukta4-300x168.jpg 300w, https:\/\/hopenmeteo.no\/wp-content\/uploads\/2014\/02\/Tovikbukta4-500x281.jpg 500w\" sizes=\"auto, (max-width: 800px) 100vw, 800px\" \/><\/figure>\n\n\n\n<figure class=\"wp-block-image\"><img loading=\"lazy\" decoding=\"async\" width=\"800\" height=\"450\" src=\"https:\/\/hopenmeteo.no\/wp-content\/uploads\/2014\/02\/Tovikbukta2.jpg\" alt=\"Langs stranda ved Tovikbukta.\" class=\"wp-image-1566\" srcset=\"https:\/\/hopenmeteo.no\/wp-content\/uploads\/2014\/02\/Tovikbukta2.jpg 800w, https:\/\/hopenmeteo.no\/wp-content\/uploads\/2014\/02\/Tovikbukta2-300x168.jpg 300w, https:\/\/hopenmeteo.no\/wp-content\/uploads\/2014\/02\/Tovikbukta2-500x281.jpg 500w\" sizes=\"auto, (max-width: 800px) 100vw, 800px\" \/><\/figure>\n\n\n<div class=\"wp-block-image size-full wp-image-1675\">\n<figure class=\"alignleft\"><img loading=\"lazy\" decoding=\"async\" width=\"800\" height=\"533\" src=\"https:\/\/hopenmeteo.no\/wp-content\/uploads\/2014\/02\/Kofoedodden.jpg\" alt=\"Kofoedodden sett fra sj\u00f8en \u00f8st for odden om bord i KV Svalbard\" class=\"wp-image-1675\" srcset=\"https:\/\/hopenmeteo.no\/wp-content\/uploads\/2014\/02\/Kofoedodden.jpg 800w, https:\/\/hopenmeteo.no\/wp-content\/uploads\/2014\/02\/Kofoedodden-300x199.jpg 300w, https:\/\/hopenmeteo.no\/wp-content\/uploads\/2014\/02\/Kofoedodden-450x300.jpg 450w\" sizes=\"auto, (max-width: 800px) 100vw, 800px\" \/><figcaption class=\"wp-element-caption\">Kofoedodden sett fra sj\u00f8en s\u00f8r\u00f8st for odden om bord i KV Svalbard<\/figcaption><\/figure>\n<\/div>\n\n<div class=\"wp-block-image size-full wp-image-1565\">\n<figure class=\"alignleft\"><img loading=\"lazy\" decoding=\"async\" width=\"800\" height=\"450\" src=\"https:\/\/hopenmeteo.no\/wp-content\/uploads\/2014\/02\/Tovikbukta1.jpg\" alt=\"Tovikbukta sett fra Heniesalen. Kofoedodden rett bak.\" class=\"wp-image-1565\" srcset=\"https:\/\/hopenmeteo.no\/wp-content\/uploads\/2014\/02\/Tovikbukta1.jpg 800w, https:\/\/hopenmeteo.no\/wp-content\/uploads\/2014\/02\/Tovikbukta1-300x168.jpg 300w, https:\/\/hopenmeteo.no\/wp-content\/uploads\/2014\/02\/Tovikbukta1-500x281.jpg 500w\" sizes=\"auto, (max-width: 800px) 100vw, 800px\" \/><figcaption class=\"wp-element-caption\">Kofoedodden&nbsp;sett fra Heniesalen. S\u00f8rhytta vises godt.<\/figcaption><\/figure>\n<\/div>","protected":false},"excerpt":{"rendered":"<p>Kofoedodden er den s\u00f8rligste og videste gresslette med strandlinje p\u00e5 \u00f8ya. Odden er oppkalt etter zoolog Einar Kofoed, men hadde f\u00f8rst navnet Kapp Olofsen etter August Olofson fra Sm\u00e5land i Sverige, et av besetningsmedlemmene som kom til Hopen sammen med Henry Rudi i 1907.\u00a0De bygget blant annet Rudihytta. Den ligger ved Tovikbuktas s\u00f8ndre del, opp\u00e5 sletta ved stranda, og er som andre fornminner, fredet. De var ikke de f\u00f8rste som fangstet p\u00e5 \u00f8ya. Ressursene ble utnyttet fra f\u00f8rste stund fra \u00f8ya ble oppdaget til fredningen i 1973. Rester etter spekkovner er \u00e5 finne p\u00e5 Kofoedodden sammen med ansamlinger av hvalrossbein. Litt lenger innp\u00e5 sletta og noe s\u00f8rover ligger S\u00f8rhytta, som &hellip; <a href=\"https:\/\/hopenmeteo.no\/?page_id=1571\">Les videre <span class=\"meta-nav\">&rarr;<\/span><\/a><\/p>\n","protected":false},"author":2,"featured_media":0,"parent":0,"menu_order":0,"comment_status":"open","ping_status":"open","template":"","meta":{"footnotes":""},"class_list":["post-1571","page","type-page","status-publish","hentry"],"_links":{"self":[{"href":"https:\/\/hopenmeteo.no\/index.php?rest_route=\/wp\/v2\/pages\/1571","targetHints":{"allow":["GET"]}}],"collection":[{"href":"https:\/\/hopenmeteo.no\/index.php?rest_route=\/wp\/v2\/pages"}],"about":[{"href":"https:\/\/hopenmeteo.no\/index.php?rest_route=\/wp\/v2\/types\/page"}],"author":[{"embeddable":true,"href":"https:\/\/hopenmeteo.no\/index.php?rest_route=\/wp\/v2\/users\/2"}],"replies":[{"embeddable":true,"href":"https:\/\/hopenmeteo.no\/index.php?rest_route=%2Fwp%2Fv2%2Fcomments&post=1571"}],"version-history":[{"count":6,"href":"https:\/\/hopenmeteo.no\/index.php?rest_route=\/wp\/v2\/pages\/1571\/revisions"}],"predecessor-version":[{"id":8031,"href":"https:\/\/hopenmeteo.no\/index.php?rest_route=\/wp\/v2\/pages\/1571\/revisions\/8031"}],"wp:attachment":[{"href":"https:\/\/hopenmeteo.no\/index.php?rest_route=%2Fwp%2Fv2%2Fmedia&parent=1571"}],"curies":[{"name":"wp","href":"https:\/\/api.w.org\/{rel}","templated":true}]}}