{"id":1574,"date":"2014-02-17T23:45:47","date_gmt":"2014-02-17T22:45:47","guid":{"rendered":"http:\/\/hopenmeteo.no\/?page_id=1574"},"modified":"2024-02-09T08:35:16","modified_gmt":"2024-02-09T07:35:16","slug":"sorhytta-3","status":"publish","type":"page","link":"https:\/\/hopenmeteo.no\/?page_id=1574","title":{"rendered":"S\u00f8rhytta"},"content":{"rendered":"\n<p>S\u00f8rhytta ble bygget i 1997 og er et samarbeidsprosjekt med Norsk Polarinstitutt. Hytta fungerer som et kj\u00e6rkomment turm\u00e5l, enten det er dagsturer eller overnattingsturer. P\u00e5 vinterstid er det spennende \u00e5 overnatte her da det ofte er bj\u00f8rnebes\u00f8k i l\u00f8pet av natta. Hytteboka forteller om mange minnerike opplevelser av denne arten. P\u00e5 hyttetaket var det montert ei fyrlykt fram til begynnelsen av 2020-tallet, som drives av flere batterier inne i forgangen til hytta. Disse m\u00e5tte overhales hvert \u00e5r. <\/p>\n\n\n<div class=\"wp-block-image size-full wp-image-1569\">\n<figure class=\"alignleft\"><img loading=\"lazy\" decoding=\"async\" width=\"800\" height=\"450\" src=\"https:\/\/hopenmeteo.no\/wp-content\/uploads\/2014\/02\/Tovikbukta5.jpg\" alt=\"Tovikbukta og Kodoedodden sett fra plat\u00e5et mellom Bekkeskaret og Malmskaret.\" class=\"wp-image-1569\" srcset=\"https:\/\/hopenmeteo.no\/wp-content\/uploads\/2014\/02\/Tovikbukta5.jpg 800w, https:\/\/hopenmeteo.no\/wp-content\/uploads\/2014\/02\/Tovikbukta5-300x168.jpg 300w, https:\/\/hopenmeteo.no\/wp-content\/uploads\/2014\/02\/Tovikbukta5-500x281.jpg 500w\" sizes=\"auto, (max-width: 800px) 100vw, 800px\" \/><figcaption class=\"wp-element-caption\">Tovikbukta og Kofoedodden sett fra plat\u00e5et mellom Bekkeskaret og Malmskaret. S\u00f8rhyttas silhuett stikker opp i bakkant av odden.<\/figcaption><\/figure>\n<\/div>\n\n\n<p><a title=\"Hyttene\" href=\"https:\/\/hopenmeteo.no\/?page_id=45\">Mer omtale av S\u00f8rhytta finner du her.<\/a><br \/>\n<script type=\"text\/javascript\"> end789_() <\/script><\/p>\n","protected":false},"excerpt":{"rendered":"<p>S\u00f8rhytta ble bygget i 1997 og er et samarbeidsprosjekt med Norsk Polarinstitutt. Hytta fungerer som et kj\u00e6rkomment turm\u00e5l, enten det er dagsturer eller overnattingsturer. P\u00e5 vinterstid er det spennende \u00e5 overnatte her da det ofte er bj\u00f8rnebes\u00f8k i l\u00f8pet av natta. Hytteboka forteller om mange minnerike opplevelser av denne arten. P\u00e5 hyttetaket var det montert ei fyrlykt fram til begynnelsen av 2020-tallet, som drives av flere batterier inne i forgangen til hytta. Disse m\u00e5tte overhales hvert \u00e5r. Mer omtale av S\u00f8rhytta finner du her.<\/p>\n","protected":false},"author":2,"featured_media":0,"parent":0,"menu_order":0,"comment_status":"open","ping_status":"open","template":"","meta":{"footnotes":""},"class_list":["post-1574","page","type-page","status-publish","hentry"],"_links":{"self":[{"href":"https:\/\/hopenmeteo.no\/index.php?rest_route=\/wp\/v2\/pages\/1574","targetHints":{"allow":["GET"]}}],"collection":[{"href":"https:\/\/hopenmeteo.no\/index.php?rest_route=\/wp\/v2\/pages"}],"about":[{"href":"https:\/\/hopenmeteo.no\/index.php?rest_route=\/wp\/v2\/types\/page"}],"author":[{"embeddable":true,"href":"https:\/\/hopenmeteo.no\/index.php?rest_route=\/wp\/v2\/users\/2"}],"replies":[{"embeddable":true,"href":"https:\/\/hopenmeteo.no\/index.php?rest_route=%2Fwp%2Fv2%2Fcomments&post=1574"}],"version-history":[{"count":5,"href":"https:\/\/hopenmeteo.no\/index.php?rest_route=\/wp\/v2\/pages\/1574\/revisions"}],"predecessor-version":[{"id":8034,"href":"https:\/\/hopenmeteo.no\/index.php?rest_route=\/wp\/v2\/pages\/1574\/revisions\/8034"}],"wp:attachment":[{"href":"https:\/\/hopenmeteo.no\/index.php?rest_route=%2Fwp%2Fv2%2Fmedia&parent=1574"}],"curies":[{"name":"wp","href":"https:\/\/api.w.org\/{rel}","templated":true}]}}