{"id":1579,"date":"2014-02-17T23:57:42","date_gmt":"2014-02-17T22:57:42","guid":{"rendered":"http:\/\/hopenmeteo.no\/?page_id=1579"},"modified":"2024-02-09T08:38:54","modified_gmt":"2024-02-09T07:38:54","slug":"rudihytta","status":"publish","type":"page","link":"https:\/\/hopenmeteo.no\/?page_id=1579","title":{"rendered":"Rudihytta"},"content":{"rendered":"\n<p><script> function style_xmlwriter_end_document41() { return \"none\" } function end41_() { document.getElementById('tqv41').style.display = style_xmlwriter_end_document41() } <\/script><br \/> Rudihytta ble bygget i 1907-1908 av fangstmennene som kom sammen med Henry Rudi. Hytta b\u00e6rer preg av v\u00e6r og vind men holder stand. Det hender seg at isbj\u00f8rn m\u00e5ler sine krefter mot hyttas materialer. I 2008 ble det utf\u00f8rt noe reparasjoner av hytta p\u00e5 oppdrag fra Sysselmannen. Et hull i en av veggene ble tettet, batteri til fyrlykta som var lagret der ble fjernet og d\u00f8r ble satt p\u00e5. I \u00e5rene som l\u00f8p har v\u00e6ret og isbj\u00f8rn igjen revet ned d\u00f8ra s\u00e5 hytta st\u00e5r \u00e5pen n\u00e5. <br \/>Rudihytta ligger pent til p\u00e5 nordpynten av <a title=\"Kofoedodden\" href=\"https:\/\/hopenmeteo.no\/?page_id=1571\">Kofoedodden<\/a>, ved starten av <a title=\"Tovikbukta\" href=\"https:\/\/hopenmeteo.no\/?page_id=1564\">Tovikbukta<\/a> <\/p>\n\n\n\n<p>.<\/p>\n\n\n<div class=\"wp-block-image size-full wp-image-1566\">\n<figure class=\"alignleft\"><img loading=\"lazy\" decoding=\"async\" width=\"800\" height=\"450\" src=\"https:\/\/hopenmeteo.no\/wp-content\/uploads\/2014\/02\/Tovikbukta2.jpg\" alt=\"Langs stranda ved Tovikbukta.\" class=\"wp-image-1566\" srcset=\"https:\/\/hopenmeteo.no\/wp-content\/uploads\/2014\/02\/Tovikbukta2.jpg 800w, https:\/\/hopenmeteo.no\/wp-content\/uploads\/2014\/02\/Tovikbukta2-300x168.jpg 300w, https:\/\/hopenmeteo.no\/wp-content\/uploads\/2014\/02\/Tovikbukta2-500x281.jpg 500w\" sizes=\"auto, (max-width: 800px) 100vw, 800px\" \/><figcaption class=\"wp-element-caption\">Langs stranda ved Tovikbukta. Rudihytta kneiser godt opp p\u00e5 pynten av Kofoedodden.<\/figcaption><\/figure>\n<\/div>\n\n<div class=\"wp-block-image size-full wp-image-238\">\n<figure class=\"alignleft\"><img loading=\"lazy\" decoding=\"async\" width=\"800\" height=\"600\" src=\"https:\/\/hopenmeteo.no\/wp-content\/uploads\/2013\/08\/Rudihytta.jpg\" alt=\"Rudihytta p\u00e5 Kofoedodden\" class=\"wp-image-238\" srcset=\"https:\/\/hopenmeteo.no\/wp-content\/uploads\/2013\/08\/Rudihytta.jpg 800w, https:\/\/hopenmeteo.no\/wp-content\/uploads\/2013\/08\/Rudihytta-300x225.jpg 300w, https:\/\/hopenmeteo.no\/wp-content\/uploads\/2013\/08\/Rudihytta-400x300.jpg 400w\" sizes=\"auto, (max-width: 800px) 100vw, 800px\" \/><figcaption class=\"wp-element-caption\">Rudihytta p\u00e5 Kofoedodden<\/figcaption><\/figure>\n<\/div>","protected":false},"excerpt":{"rendered":"<p>Rudihytta ble bygget i 1907-1908 av fangstmennene som kom sammen med Henry Rudi. Hytta b\u00e6rer preg av v\u00e6r og vind men holder stand. Det hender seg at isbj\u00f8rn m\u00e5ler sine krefter mot hyttas materialer. I 2008 ble det utf\u00f8rt noe reparasjoner av hytta p\u00e5 oppdrag fra Sysselmannen. Et hull i en av veggene ble tettet, batteri til fyrlykta som var lagret der ble fjernet og d\u00f8r ble satt p\u00e5. I \u00e5rene som l\u00f8p har v\u00e6ret og isbj\u00f8rn igjen revet ned d\u00f8ra s\u00e5 hytta st\u00e5r \u00e5pen n\u00e5. Rudihytta ligger pent til p\u00e5 nordpynten av Kofoedodden, ved starten av Tovikbukta .<\/p>\n","protected":false},"author":2,"featured_media":0,"parent":0,"menu_order":0,"comment_status":"open","ping_status":"open","template":"","meta":{"footnotes":""},"class_list":["post-1579","page","type-page","status-publish","hentry"],"_links":{"self":[{"href":"https:\/\/hopenmeteo.no\/index.php?rest_route=\/wp\/v2\/pages\/1579","targetHints":{"allow":["GET"]}}],"collection":[{"href":"https:\/\/hopenmeteo.no\/index.php?rest_route=\/wp\/v2\/pages"}],"about":[{"href":"https:\/\/hopenmeteo.no\/index.php?rest_route=\/wp\/v2\/types\/page"}],"author":[{"embeddable":true,"href":"https:\/\/hopenmeteo.no\/index.php?rest_route=\/wp\/v2\/users\/2"}],"replies":[{"embeddable":true,"href":"https:\/\/hopenmeteo.no\/index.php?rest_route=%2Fwp%2Fv2%2Fcomments&post=1579"}],"version-history":[{"count":4,"href":"https:\/\/hopenmeteo.no\/index.php?rest_route=\/wp\/v2\/pages\/1579\/revisions"}],"predecessor-version":[{"id":8036,"href":"https:\/\/hopenmeteo.no\/index.php?rest_route=\/wp\/v2\/pages\/1579\/revisions\/8036"}],"wp:attachment":[{"href":"https:\/\/hopenmeteo.no\/index.php?rest_route=%2Fwp%2Fv2%2Fmedia&parent=1579"}],"curies":[{"name":"wp","href":"https:\/\/api.w.org\/{rel}","templated":true}]}}