{"id":1596,"date":"2014-02-18T16:48:40","date_gmt":"2014-02-18T15:48:40","guid":{"rendered":"http:\/\/hopenmeteo.no\/?page_id=1596"},"modified":"2024-02-09T08:42:06","modified_gmt":"2024-02-09T07:42:06","slug":"vesterodden","status":"publish","type":"page","link":"https:\/\/hopenmeteo.no\/?page_id=1596","title":{"rendered":"Vesterodden"},"content":{"rendered":"\n<p>Det s\u00f8rvestligste punktet p\u00e5 \u00f8ya er Vesterodden og befinner seg p\u00e5 vestsiden av <a title=\"Iversenfjellet\" href=\"https:\/\/hopenmeteo.no\/?page_id=1584\">Iversenfjellet<\/a>. Den er ganske s\u00e5 utilgjengelig, bortsett fra en lettb\u00e5t.<\/p>\n","protected":false},"excerpt":{"rendered":"<p>Det s\u00f8rvestligste punktet p\u00e5 \u00f8ya er Vesterodden og befinner seg p\u00e5 vestsiden av Iversenfjellet. Den er ganske s\u00e5 utilgjengelig, bortsett fra en lettb\u00e5t.<\/p>\n","protected":false},"author":2,"featured_media":0,"parent":0,"menu_order":0,"comment_status":"open","ping_status":"open","template":"","meta":{"footnotes":""},"class_list":["post-1596","page","type-page","status-publish","hentry"],"_links":{"self":[{"href":"https:\/\/hopenmeteo.no\/index.php?rest_route=\/wp\/v2\/pages\/1596","targetHints":{"allow":["GET"]}}],"collection":[{"href":"https:\/\/hopenmeteo.no\/index.php?rest_route=\/wp\/v2\/pages"}],"about":[{"href":"https:\/\/hopenmeteo.no\/index.php?rest_route=\/wp\/v2\/types\/page"}],"author":[{"embeddable":true,"href":"https:\/\/hopenmeteo.no\/index.php?rest_route=\/wp\/v2\/users\/2"}],"replies":[{"embeddable":true,"href":"https:\/\/hopenmeteo.no\/index.php?rest_route=%2Fwp%2Fv2%2Fcomments&post=1596"}],"version-history":[{"count":4,"href":"https:\/\/hopenmeteo.no\/index.php?rest_route=\/wp\/v2\/pages\/1596\/revisions"}],"predecessor-version":[{"id":8040,"href":"https:\/\/hopenmeteo.no\/index.php?rest_route=\/wp\/v2\/pages\/1596\/revisions\/8040"}],"wp:attachment":[{"href":"https:\/\/hopenmeteo.no\/index.php?rest_route=%2Fwp%2Fv2%2Fmedia&parent=1596"}],"curies":[{"name":"wp","href":"https:\/\/api.w.org\/{rel}","templated":true}]}}