{"id":1598,"date":"2014-02-18T16:50:54","date_gmt":"2014-02-18T15:50:54","guid":{"rendered":"http:\/\/hopenmeteo.no\/?page_id=1598"},"modified":"2024-02-09T08:42:32","modified_gmt":"2024-02-09T07:42:32","slug":"kapp-thor","status":"publish","type":"page","link":"https:\/\/hopenmeteo.no\/?page_id=1598","title":{"rendered":"Kapp Thor"},"content":{"rendered":"\n<p>Kapp Thor er \u00f8yas s\u00f8rligste punkt og er oppkalt etter fiskerikonsulent Thor Iversen. Den befinner seg litt \u00f8st for det h\u00f8yeste punktet p\u00e5 <a title=\"Iversenfjellet\" href=\"https:\/\/hopenmeteo.no\/?page_id=1584\">Iversenfjellet <\/a>og kan sees fra den s\u00f8rligste delen av <a title=\"Kofoedodden\" href=\"https:\/\/hopenmeteo.no\/?page_id=1571\">Kofoedodden <\/a>og <a title=\"S\u00f8rhytta\" href=\"https:\/\/hopenmeteo.no\/?page_id=1574\">S\u00f8rhytta<\/a>.<\/p>\n\n\n<div class=\"wp-block-image size-full wp-image-1697\">\n<figure class=\"alignleft\"><img loading=\"lazy\" decoding=\"async\" width=\"800\" height=\"533\" src=\"https:\/\/hopenmeteo.no\/wp-content\/uploads\/2014\/02\/Kapp-Thor.jpg\" alt=\"Kapp Thor sett fra sj\u00f8en s\u00f8r\u00f8st for Kofoedodden og Skumskj\u00e6ra.\" class=\"wp-image-1697\" srcset=\"https:\/\/hopenmeteo.no\/wp-content\/uploads\/2014\/02\/Kapp-Thor.jpg 800w, https:\/\/hopenmeteo.no\/wp-content\/uploads\/2014\/02\/Kapp-Thor-300x199.jpg 300w, https:\/\/hopenmeteo.no\/wp-content\/uploads\/2014\/02\/Kapp-Thor-450x300.jpg 450w\" sizes=\"auto, (max-width: 800px) 100vw, 800px\" \/><figcaption class=\"wp-element-caption\">Kapp Thor sett fra sj\u00f8en s\u00f8r\u00f8st for Kofoedodden og Skumskj\u00e6ra.<\/figcaption><\/figure>\n<\/div>","protected":false},"excerpt":{"rendered":"<p>Kapp Thor er \u00f8yas s\u00f8rligste punkt og er oppkalt etter fiskerikonsulent Thor Iversen. Den befinner seg litt \u00f8st for det h\u00f8yeste punktet p\u00e5 Iversenfjellet og kan sees fra den s\u00f8rligste delen av Kofoedodden og S\u00f8rhytta.<\/p>\n","protected":false},"author":2,"featured_media":0,"parent":0,"menu_order":0,"comment_status":"open","ping_status":"open","template":"","meta":{"footnotes":""},"class_list":["post-1598","page","type-page","status-publish","hentry"],"_links":{"self":[{"href":"https:\/\/hopenmeteo.no\/index.php?rest_route=\/wp\/v2\/pages\/1598","targetHints":{"allow":["GET"]}}],"collection":[{"href":"https:\/\/hopenmeteo.no\/index.php?rest_route=\/wp\/v2\/pages"}],"about":[{"href":"https:\/\/hopenmeteo.no\/index.php?rest_route=\/wp\/v2\/types\/page"}],"author":[{"embeddable":true,"href":"https:\/\/hopenmeteo.no\/index.php?rest_route=\/wp\/v2\/users\/2"}],"replies":[{"embeddable":true,"href":"https:\/\/hopenmeteo.no\/index.php?rest_route=%2Fwp%2Fv2%2Fcomments&post=1598"}],"version-history":[{"count":4,"href":"https:\/\/hopenmeteo.no\/index.php?rest_route=\/wp\/v2\/pages\/1598\/revisions"}],"predecessor-version":[{"id":8041,"href":"https:\/\/hopenmeteo.no\/index.php?rest_route=\/wp\/v2\/pages\/1598\/revisions\/8041"}],"wp:attachment":[{"href":"https:\/\/hopenmeteo.no\/index.php?rest_route=%2Fwp%2Fv2%2Fmedia&parent=1598"}],"curies":[{"name":"wp","href":"https:\/\/api.w.org\/{rel}","templated":true}]}}