{"id":1605,"date":"2014-02-18T17:15:27","date_gmt":"2014-02-18T16:15:27","guid":{"rendered":"http:\/\/hopenmeteo.no\/?page_id=1605"},"modified":"2024-02-08T09:37:26","modified_gmt":"2024-02-08T08:37:26","slug":"kapp-beljaev","status":"publish","type":"page","link":"https:\/\/hopenmeteo.no\/?page_id=1605","title":{"rendered":"Kapp Beljaev"},"content":{"rendered":"\n<p>Kapp Beljaev er oppkalt etter det russiske skipet som ble senket utenfor Hopen under den andre verdenskrig. Les mer om den historien\u00a0p\u00e5 siden om <a title=\"Russehytta\" href=\"https:\/\/hopenmeteo.no\/?page_id=1222\">Russehytta<\/a>.\u00a0Odden befinner seg rett \u00f8st for <a title=\"Johan Hjortfjellet\" href=\"https:\/\/hopenmeteo.no\/?page_id=1234\">Johan Hjortfjellet<\/a>, nede ved sj\u00f8en. En kan se odden stikke ut av fjellsiden fra <a title=\"Bj\u00f8rnebo\" href=\"https:\/\/hopenmeteo.no\/?page_id=1228\">Bj\u00f8rnebo<\/a>\/<a title=\"Russehytta\" href=\"https:\/\/hopenmeteo.no\/?page_id=1222\">Russehytta<\/a>.<\/p>\n\n\n<div class=\"wp-block-image size-full wp-image-1606\">\n<figure class=\"alignleft\"><img loading=\"lazy\" decoding=\"async\" width=\"800\" height=\"450\" src=\"https:\/\/hopenmeteo.no\/wp-content\/uploads\/2014\/02\/Kapp-Beljaev1.jpg\" alt=\"Kapp Beljaev kan sees helt bakerst langs sj\u00f8en \n. Bj\u00f8rnebo og Russehytta foran. Bildet er tatt fra toppen av Sm\u00e5humpen.\" class=\"wp-image-1606\" srcset=\"https:\/\/hopenmeteo.no\/wp-content\/uploads\/2014\/02\/Kapp-Beljaev1.jpg 800w, https:\/\/hopenmeteo.no\/wp-content\/uploads\/2014\/02\/Kapp-Beljaev1-300x168.jpg 300w, https:\/\/hopenmeteo.no\/wp-content\/uploads\/2014\/02\/Kapp-Beljaev1-500x281.jpg 500w\" sizes=\"auto, (max-width: 800px) 100vw, 800px\" \/><figcaption class=\"wp-element-caption\">Kapp Beljaev kan sees helt bakerst langs sj\u00f8en. Bj\u00f8rnebo og Russehytta foran. Bildet er tatt fra toppen av Sm\u00e5humpen.<\/figcaption><\/figure>\n<\/div>","protected":false},"excerpt":{"rendered":"<p>Kapp Beljaev er oppkalt etter det russiske skipet som ble senket utenfor Hopen under den andre verdenskrig. Les mer om den historien\u00a0p\u00e5 siden om Russehytta.\u00a0Odden befinner seg rett \u00f8st for Johan Hjortfjellet, nede ved sj\u00f8en. En kan se odden stikke ut av fjellsiden fra Bj\u00f8rnebo\/Russehytta.<\/p>\n","protected":false},"author":2,"featured_media":0,"parent":0,"menu_order":0,"comment_status":"open","ping_status":"open","template":"","meta":{"footnotes":""},"class_list":["post-1605","page","type-page","status-publish","hentry"],"_links":{"self":[{"href":"https:\/\/hopenmeteo.no\/index.php?rest_route=\/wp\/v2\/pages\/1605","targetHints":{"allow":["GET"]}}],"collection":[{"href":"https:\/\/hopenmeteo.no\/index.php?rest_route=\/wp\/v2\/pages"}],"about":[{"href":"https:\/\/hopenmeteo.no\/index.php?rest_route=\/wp\/v2\/types\/page"}],"author":[{"embeddable":true,"href":"https:\/\/hopenmeteo.no\/index.php?rest_route=\/wp\/v2\/users\/2"}],"replies":[{"embeddable":true,"href":"https:\/\/hopenmeteo.no\/index.php?rest_route=%2Fwp%2Fv2%2Fcomments&post=1605"}],"version-history":[{"count":3,"href":"https:\/\/hopenmeteo.no\/index.php?rest_route=\/wp\/v2\/pages\/1605\/revisions"}],"predecessor-version":[{"id":7993,"href":"https:\/\/hopenmeteo.no\/index.php?rest_route=\/wp\/v2\/pages\/1605\/revisions\/7993"}],"wp:attachment":[{"href":"https:\/\/hopenmeteo.no\/index.php?rest_route=%2Fwp%2Fv2%2Fmedia&parent=1605"}],"curies":[{"name":"wp","href":"https:\/\/api.w.org\/{rel}","templated":true}]}}