{"id":1611,"date":"2014-02-18T17:57:06","date_gmt":"2014-02-18T16:57:06","guid":{"rendered":"http:\/\/hopenmeteo.no\/?page_id=1611"},"modified":"2024-02-08T09:56:35","modified_gmt":"2024-02-08T08:56:35","slug":"fuglefjellet-under-werenskiolds-ostside-og-naermeste-nabo-til-stasjonen","status":"publish","type":"page","link":"https:\/\/hopenmeteo.no\/?page_id=1611","title":{"rendered":"Fuglefjellet under Werenskiolds \u00f8stside og n\u00e6rmeste nabo til stasjonen"},"content":{"rendered":"\n<p>Hvis en g\u00e5r stranda s\u00f8rover fra <a title=\"Husdalen\" href=\"https:\/\/hopenmeteo.no\/?page_id=1435\">Husdalen <\/a>og stasjonen er det ikke mange meterne fra S\u00f8re Husbekken f\u00f8r en kommer til en klippevegg som er bosatt av krykjer. En og annen teist, polarm\u00e5ke og storjo finnes i omr\u00e5det ogs\u00e5. Det er litt av en opplevelse \u00e5 g\u00e5 under fuglefjellet og se det yrende livet som er der. Fuglefjellet ligger p\u00e5 <a title=\"Werenskioldfjellet\" href=\"https:\/\/hopenmeteo.no\/?page_id=1463\">Werenskioldfjellets <\/a>\u00f8stlige del.<\/p>\n\n\n<div class=\"wp-block-image size-full wp-image-1630\">\n<figure class=\"alignleft\"><img loading=\"lazy\" decoding=\"async\" width=\"800\" height=\"450\" src=\"https:\/\/hopenmeteo.no\/wp-content\/uploads\/2014\/02\/Fuglefjell19.jpg\" alt=\"S\u00e5 var kyllingene til krykja kommet ut og ser nysgjerrig p\u00e5 alt som er rundt dem. Dessverre faller noen utfor og blir mat for polarm\u00e5ke, tjuvjo, storjo eller polarrev.\" class=\"wp-image-1630\" srcset=\"https:\/\/hopenmeteo.no\/wp-content\/uploads\/2014\/02\/Fuglefjell19.jpg 800w, https:\/\/hopenmeteo.no\/wp-content\/uploads\/2014\/02\/Fuglefjell19-300x168.jpg 300w, https:\/\/hopenmeteo.no\/wp-content\/uploads\/2014\/02\/Fuglefjell19-500x281.jpg 500w\" sizes=\"auto, (max-width: 800px) 100vw, 800px\" \/><figcaption class=\"wp-element-caption\">S\u00e5 var kyllingene til krykja kommet ut og ser nysgjerrig p\u00e5 alt som er rundt dem<span style=\"font-size: revert;\">. Dessverre faller noen utfor og blir mat for polarm\u00e5ke, tjuvjo, storjo eller polarrev.<\/span><\/figcaption><\/figure>\n<\/div>\n\n<div class=\"wp-block-image\">\n<figure class=\"alignleft\"><img loading=\"lazy\" decoding=\"async\" width=\"800\" height=\"450\" src=\"https:\/\/hopenmeteo.no\/wp-content\/uploads\/2014\/02\/Fuglefjell18.jpg\" alt=\"Fuglefjell18\" class=\"wp-image-1629\" srcset=\"https:\/\/hopenmeteo.no\/wp-content\/uploads\/2014\/02\/Fuglefjell18.jpg 800w, https:\/\/hopenmeteo.no\/wp-content\/uploads\/2014\/02\/Fuglefjell18-300x168.jpg 300w, https:\/\/hopenmeteo.no\/wp-content\/uploads\/2014\/02\/Fuglefjell18-500x281.jpg 500w\" sizes=\"auto, (max-width: 800px) 100vw, 800px\" \/><\/figure>\n<\/div>\n\n<div class=\"wp-block-image\">\n<figure class=\"alignleft\"><img loading=\"lazy\" decoding=\"async\" width=\"800\" height=\"450\" src=\"https:\/\/hopenmeteo.no\/wp-content\/uploads\/2014\/02\/Fuglefjell17.jpg\" alt=\"Fuglefjell17\" class=\"wp-image-1628\" srcset=\"https:\/\/hopenmeteo.no\/wp-content\/uploads\/2014\/02\/Fuglefjell17.jpg 800w, https:\/\/hopenmeteo.no\/wp-content\/uploads\/2014\/02\/Fuglefjell17-300x168.jpg 300w, https:\/\/hopenmeteo.no\/wp-content\/uploads\/2014\/02\/Fuglefjell17-500x281.jpg 500w\" sizes=\"auto, (max-width: 800px) 100vw, 800px\" \/><\/figure>\n<\/div>\n\n<div class=\"wp-block-image\">\n<figure class=\"alignleft\"><img loading=\"lazy\" decoding=\"async\" width=\"800\" height=\"450\" src=\"https:\/\/hopenmeteo.no\/wp-content\/uploads\/2014\/02\/Fuglefjell16.jpg\" alt=\"Fuglefjell16\" class=\"wp-image-1627\" srcset=\"https:\/\/hopenmeteo.no\/wp-content\/uploads\/2014\/02\/Fuglefjell16.jpg 800w, https:\/\/hopenmeteo.no\/wp-content\/uploads\/2014\/02\/Fuglefjell16-300x168.jpg 300w, https:\/\/hopenmeteo.no\/wp-content\/uploads\/2014\/02\/Fuglefjell16-500x281.jpg 500w\" sizes=\"auto, (max-width: 800px) 100vw, 800px\" \/><\/figure>\n<\/div>\n\n<div class=\"wp-block-image size-full wp-image-1626\">\n<figure class=\"alignleft\"><img loading=\"lazy\" decoding=\"async\" width=\"800\" height=\"450\" src=\"https:\/\/hopenmeteo.no\/wp-content\/uploads\/2014\/02\/Fuglefjell15.jpg\" alt=\"En flokk med \u00e6rfugl flyr forbi.\" class=\"wp-image-1626\" srcset=\"https:\/\/hopenmeteo.no\/wp-content\/uploads\/2014\/02\/Fuglefjell15.jpg 800w, https:\/\/hopenmeteo.no\/wp-content\/uploads\/2014\/02\/Fuglefjell15-300x168.jpg 300w, https:\/\/hopenmeteo.no\/wp-content\/uploads\/2014\/02\/Fuglefjell15-500x281.jpg 500w\" sizes=\"auto, (max-width: 800px) 100vw, 800px\" \/><figcaption class=\"wp-element-caption\">En flokk med \u00e6rfugl flyr forbi.<\/figcaption><\/figure>\n<\/div>\n\n<div class=\"wp-block-image size-full wp-image-1625\">\n<figure class=\"alignleft\"><img loading=\"lazy\" decoding=\"async\" width=\"800\" height=\"450\" src=\"https:\/\/hopenmeteo.no\/wp-content\/uploads\/2014\/02\/Fuglefjell14.jpg\" alt=\"Fjellet er her som andre steder lagdelt og det raser ofte i fjellet.\" class=\"wp-image-1625\" srcset=\"https:\/\/hopenmeteo.no\/wp-content\/uploads\/2014\/02\/Fuglefjell14.jpg 800w, https:\/\/hopenmeteo.no\/wp-content\/uploads\/2014\/02\/Fuglefjell14-300x168.jpg 300w, https:\/\/hopenmeteo.no\/wp-content\/uploads\/2014\/02\/Fuglefjell14-500x281.jpg 500w\" sizes=\"auto, (max-width: 800px) 100vw, 800px\" \/><figcaption class=\"wp-element-caption\">Fjellet er her som andre steder p\u00e5 Hopen, &nbsp;lagdelt og det raser ofte i fjellet.<\/figcaption><\/figure>\n<\/div>\n\n<div class=\"wp-block-image size-full wp-image-1624\">\n<figure class=\"alignleft\"><img loading=\"lazy\" decoding=\"async\" width=\"800\" height=\"450\" src=\"https:\/\/hopenmeteo.no\/wp-content\/uploads\/2014\/02\/Fuglefjell13.jpg\" alt=\"Trangt om plassen s\u00e5 det er om \u00e5 gj\u00f8re \u00e5 v\u00e6re p\u00e5 godfot med naboen.\" class=\"wp-image-1624\" srcset=\"https:\/\/hopenmeteo.no\/wp-content\/uploads\/2014\/02\/Fuglefjell13.jpg 800w, https:\/\/hopenmeteo.no\/wp-content\/uploads\/2014\/02\/Fuglefjell13-300x168.jpg 300w, https:\/\/hopenmeteo.no\/wp-content\/uploads\/2014\/02\/Fuglefjell13-500x281.jpg 500w\" sizes=\"auto, (max-width: 800px) 100vw, 800px\" \/><figcaption class=\"wp-element-caption\">Trangt om plassen s\u00e5 det er om \u00e5 gj\u00f8re \u00e5 v\u00e6re p\u00e5 godfot med naboen.<\/figcaption><\/figure>\n<\/div>\n\n<div class=\"wp-block-image size-full wp-image-1623\">\n<figure class=\"alignleft\"><img loading=\"lazy\" decoding=\"async\" width=\"800\" height=\"450\" src=\"https:\/\/hopenmeteo.no\/wp-content\/uploads\/2014\/02\/Fuglefjell12.jpg\" alt=\"Turtelduer eller krykjer?\" class=\"wp-image-1623\" srcset=\"https:\/\/hopenmeteo.no\/wp-content\/uploads\/2014\/02\/Fuglefjell12.jpg 800w, https:\/\/hopenmeteo.no\/wp-content\/uploads\/2014\/02\/Fuglefjell12-300x168.jpg 300w, https:\/\/hopenmeteo.no\/wp-content\/uploads\/2014\/02\/Fuglefjell12-500x281.jpg 500w\" sizes=\"auto, (max-width: 800px) 100vw, 800px\" \/><figcaption class=\"wp-element-caption\">Turtelduer eller krykjer?<\/figcaption><\/figure>\n<\/div>\n\n<div class=\"wp-block-image\">\n<figure class=\"alignleft\"><img loading=\"lazy\" decoding=\"async\" width=\"800\" height=\"450\" src=\"https:\/\/hopenmeteo.no\/wp-content\/uploads\/2014\/02\/Fuglefjell11.jpg\" alt=\"Fuglefjell11\" class=\"wp-image-1622\" srcset=\"https:\/\/hopenmeteo.no\/wp-content\/uploads\/2014\/02\/Fuglefjell11.jpg 800w, https:\/\/hopenmeteo.no\/wp-content\/uploads\/2014\/02\/Fuglefjell11-300x168.jpg 300w, https:\/\/hopenmeteo.no\/wp-content\/uploads\/2014\/02\/Fuglefjell11-500x281.jpg 500w\" sizes=\"auto, (max-width: 800px) 100vw, 800px\" \/><\/figure>\n<\/div>\n\n<div class=\"wp-block-image\">\n<figure class=\"alignleft\"><img loading=\"lazy\" decoding=\"async\" width=\"800\" height=\"450\" src=\"https:\/\/hopenmeteo.no\/wp-content\/uploads\/2014\/02\/Fuglefjell10.jpg\" alt=\"Fuglefjell10\" class=\"wp-image-1621\" srcset=\"https:\/\/hopenmeteo.no\/wp-content\/uploads\/2014\/02\/Fuglefjell10.jpg 800w, https:\/\/hopenmeteo.no\/wp-content\/uploads\/2014\/02\/Fuglefjell10-300x168.jpg 300w, https:\/\/hopenmeteo.no\/wp-content\/uploads\/2014\/02\/Fuglefjell10-500x281.jpg 500w\" sizes=\"auto, (max-width: 800px) 100vw, 800px\" \/><\/figure>\n<\/div>\n\n<div class=\"wp-block-image size-full wp-image-1620\">\n<figure class=\"alignleft\"><img loading=\"lazy\" decoding=\"async\" width=\"800\" height=\"450\" src=\"https:\/\/hopenmeteo.no\/wp-content\/uploads\/2014\/02\/Fuglefjell9.jpg\" alt=\"En teist strekker hals for \u00e5 lokke p\u00e5 maken.\" class=\"wp-image-1620\" srcset=\"https:\/\/hopenmeteo.no\/wp-content\/uploads\/2014\/02\/Fuglefjell9.jpg 800w, https:\/\/hopenmeteo.no\/wp-content\/uploads\/2014\/02\/Fuglefjell9-300x168.jpg 300w, https:\/\/hopenmeteo.no\/wp-content\/uploads\/2014\/02\/Fuglefjell9-500x281.jpg 500w\" sizes=\"auto, (max-width: 800px) 100vw, 800px\" \/><figcaption class=\"wp-element-caption\">En teist strekker hals for \u00e5 lokke p\u00e5 maken.<\/figcaption><\/figure>\n<\/div>\n\n<div class=\"wp-block-image\">\n<figure class=\"alignleft\"><img loading=\"lazy\" decoding=\"async\" width=\"800\" height=\"450\" src=\"https:\/\/hopenmeteo.no\/wp-content\/uploads\/2014\/02\/Fuglefjell8.jpg\" alt=\"Fuglefjell8\" class=\"wp-image-1619\" srcset=\"https:\/\/hopenmeteo.no\/wp-content\/uploads\/2014\/02\/Fuglefjell8.jpg 800w, https:\/\/hopenmeteo.no\/wp-content\/uploads\/2014\/02\/Fuglefjell8-300x168.jpg 300w, https:\/\/hopenmeteo.no\/wp-content\/uploads\/2014\/02\/Fuglefjell8-500x281.jpg 500w\" sizes=\"auto, (max-width: 800px) 100vw, 800px\" \/><\/figure>\n<\/div>\n\n<div class=\"wp-block-image\">\n<figure class=\"alignleft\"><img loading=\"lazy\" decoding=\"async\" width=\"800\" height=\"450\" src=\"https:\/\/hopenmeteo.no\/wp-content\/uploads\/2014\/02\/Fuglefjell7.jpg\" alt=\"Fuglefjell7\" class=\"wp-image-1618\" srcset=\"https:\/\/hopenmeteo.no\/wp-content\/uploads\/2014\/02\/Fuglefjell7.jpg 800w, https:\/\/hopenmeteo.no\/wp-content\/uploads\/2014\/02\/Fuglefjell7-300x168.jpg 300w, https:\/\/hopenmeteo.no\/wp-content\/uploads\/2014\/02\/Fuglefjell7-500x281.jpg 500w\" sizes=\"auto, (max-width: 800px) 100vw, 800px\" \/><\/figure>\n<\/div>\n\n<div class=\"wp-block-image size-full wp-image-1617\">\n<figure class=\"alignleft\"><img loading=\"lazy\" decoding=\"async\" width=\"800\" height=\"450\" src=\"https:\/\/hopenmeteo.no\/wp-content\/uploads\/2014\/02\/Fuglefjell6.jpg\" alt=\"Storjoen holder utkikk etter noen godbiter.\" class=\"wp-image-1617\" srcset=\"https:\/\/hopenmeteo.no\/wp-content\/uploads\/2014\/02\/Fuglefjell6.jpg 800w, https:\/\/hopenmeteo.no\/wp-content\/uploads\/2014\/02\/Fuglefjell6-300x168.jpg 300w, https:\/\/hopenmeteo.no\/wp-content\/uploads\/2014\/02\/Fuglefjell6-500x281.jpg 500w\" sizes=\"auto, (max-width: 800px) 100vw, 800px\" \/><figcaption class=\"wp-element-caption\">Storjoen holder utkikk etter noen godbiter.<\/figcaption><\/figure>\n<\/div>\n\n<div class=\"wp-block-image size-full wp-image-1616\">\n<figure class=\"alignleft\"><img loading=\"lazy\" decoding=\"async\" width=\"800\" height=\"450\" src=\"https:\/\/hopenmeteo.no\/wp-content\/uploads\/2014\/02\/Fuglefjell5.jpg\" alt=\"\u00c6rfugl legger egg p\u00e5 stranda under\/ved fuglefjellet men er utsatt for rovfugler som polarm\u00e5ke og tjuvjo.\" class=\"wp-image-1616\" srcset=\"https:\/\/hopenmeteo.no\/wp-content\/uploads\/2014\/02\/Fuglefjell5.jpg 800w, https:\/\/hopenmeteo.no\/wp-content\/uploads\/2014\/02\/Fuglefjell5-300x168.jpg 300w, https:\/\/hopenmeteo.no\/wp-content\/uploads\/2014\/02\/Fuglefjell5-500x281.jpg 500w\" sizes=\"auto, (max-width: 800px) 100vw, 800px\" \/><figcaption class=\"wp-element-caption\">\u00c6rfugl legger egg p\u00e5 stranda under\/ved fuglefjellet men er utsatt for rovfugler som polarm\u00e5ke og tjuvjo.<\/figcaption><\/figure>\n<\/div>\n\n<div class=\"wp-block-image size-full wp-image-1615\">\n<figure class=\"alignleft\"><img loading=\"lazy\" decoding=\"async\" width=\"800\" height=\"450\" src=\"https:\/\/hopenmeteo.no\/wp-content\/uploads\/2014\/02\/Fuglefjell4.jpg\" alt=\"Tett om reirplassene.\" class=\"wp-image-1615\" srcset=\"https:\/\/hopenmeteo.no\/wp-content\/uploads\/2014\/02\/Fuglefjell4.jpg 800w, https:\/\/hopenmeteo.no\/wp-content\/uploads\/2014\/02\/Fuglefjell4-300x168.jpg 300w, https:\/\/hopenmeteo.no\/wp-content\/uploads\/2014\/02\/Fuglefjell4-500x281.jpg 500w\" sizes=\"auto, (max-width: 800px) 100vw, 800px\" \/><figcaption class=\"wp-element-caption\">Tett om reirplassene.<\/figcaption><\/figure>\n<\/div>\n\n<div class=\"wp-block-image size-full wp-image-1614\">\n<figure class=\"alignleft\"><img loading=\"lazy\" decoding=\"async\" width=\"800\" height=\"450\" src=\"https:\/\/hopenmeteo.no\/wp-content\/uploads\/2014\/02\/Fuglefjell3.jpg\" alt=\"B\u00e5de polarm\u00e5ke og teist er \u00e5 finne i og ved fuglefjellet.\" class=\"wp-image-1614\" srcset=\"https:\/\/hopenmeteo.no\/wp-content\/uploads\/2014\/02\/Fuglefjell3.jpg 800w, https:\/\/hopenmeteo.no\/wp-content\/uploads\/2014\/02\/Fuglefjell3-300x168.jpg 300w, https:\/\/hopenmeteo.no\/wp-content\/uploads\/2014\/02\/Fuglefjell3-500x281.jpg 500w\" sizes=\"auto, (max-width: 800px) 100vw, 800px\" \/><figcaption class=\"wp-element-caption\">B\u00e5de polarm\u00e5ke og teist er \u00e5 finne i og ved fuglefjellet.<\/figcaption><\/figure>\n<\/div>\n\n<div class=\"wp-block-image size-full wp-image-1613\">\n<figure class=\"alignleft\"><img loading=\"lazy\" decoding=\"async\" width=\"800\" height=\"450\" src=\"https:\/\/hopenmeteo.no\/wp-content\/uploads\/2014\/02\/Fuglefjell2.jpg\" alt=\"Polarrev p\u00e5 tokt ved fuglefjellet. Se mer p\u00e5 video i Youtube.\" class=\"wp-image-1613\" srcset=\"https:\/\/hopenmeteo.no\/wp-content\/uploads\/2014\/02\/Fuglefjell2.jpg 800w, https:\/\/hopenmeteo.no\/wp-content\/uploads\/2014\/02\/Fuglefjell2-300x168.jpg 300w, https:\/\/hopenmeteo.no\/wp-content\/uploads\/2014\/02\/Fuglefjell2-500x281.jpg 500w\" sizes=\"auto, (max-width: 800px) 100vw, 800px\" \/><figcaption class=\"wp-element-caption\">Polarrev p\u00e5 tokt ved fuglefjellet. Se mer p\u00e5 video i Youtube.<\/figcaption><\/figure>\n<\/div>\n\n<div class=\"wp-block-image size-full wp-image-1612\">\n<figure class=\"alignleft\"><img loading=\"lazy\" decoding=\"async\" width=\"800\" height=\"533\" src=\"https:\/\/hopenmeteo.no\/wp-content\/uploads\/2014\/02\/Fuglefjell1.jpg\" alt=\"Fuglefjellet sett fra 2 \n. etasje p\u00e5 stasjonen.\" class=\"wp-image-1612\" srcset=\"https:\/\/hopenmeteo.no\/wp-content\/uploads\/2014\/02\/Fuglefjell1.jpg 800w, https:\/\/hopenmeteo.no\/wp-content\/uploads\/2014\/02\/Fuglefjell1-300x199.jpg 300w, https:\/\/hopenmeteo.no\/wp-content\/uploads\/2014\/02\/Fuglefjell1-450x300.jpg 450w\" sizes=\"auto, (max-width: 800px) 100vw, 800px\" \/><figcaption class=\"wp-element-caption\">Fuglefjellet sett fra 2. etasje p\u00e5 stasjonen.<\/figcaption><\/figure>\n<\/div>\n\n\n<p><\/p>\n\n\n\n<p><iframe loading=\"lazy\" src=\"\/\/www.youtube.com\/embed\/Vb9uSf0kric\" height=\"315\" width=\"560\" allowfullscreen=\"\" frameborder=\"0\"><\/iframe><\/p>\n","protected":false},"excerpt":{"rendered":"<p>Hvis en g\u00e5r stranda s\u00f8rover fra Husdalen og stasjonen er det ikke mange meterne fra S\u00f8re Husbekken f\u00f8r en kommer til en klippevegg som er bosatt av krykjer. En og annen teist, polarm\u00e5ke og storjo finnes i omr\u00e5det ogs\u00e5. Det er litt av en opplevelse \u00e5 g\u00e5 under fuglefjellet og se det yrende livet som er der. Fuglefjellet ligger p\u00e5 Werenskioldfjellets \u00f8stlige del.<\/p>\n","protected":false},"author":2,"featured_media":0,"parent":0,"menu_order":0,"comment_status":"open","ping_status":"open","template":"","meta":{"footnotes":""},"class_list":["post-1611","page","type-page","status-publish","hentry"],"_links":{"self":[{"href":"https:\/\/hopenmeteo.no\/index.php?rest_route=\/wp\/v2\/pages\/1611","targetHints":{"allow":["GET"]}}],"collection":[{"href":"https:\/\/hopenmeteo.no\/index.php?rest_route=\/wp\/v2\/pages"}],"about":[{"href":"https:\/\/hopenmeteo.no\/index.php?rest_route=\/wp\/v2\/types\/page"}],"author":[{"embeddable":true,"href":"https:\/\/hopenmeteo.no\/index.php?rest_route=\/wp\/v2\/users\/2"}],"replies":[{"embeddable":true,"href":"https:\/\/hopenmeteo.no\/index.php?rest_route=%2Fwp%2Fv2%2Fcomments&post=1611"}],"version-history":[{"count":9,"href":"https:\/\/hopenmeteo.no\/index.php?rest_route=\/wp\/v2\/pages\/1611\/revisions"}],"predecessor-version":[{"id":8014,"href":"https:\/\/hopenmeteo.no\/index.php?rest_route=\/wp\/v2\/pages\/1611\/revisions\/8014"}],"wp:attachment":[{"href":"https:\/\/hopenmeteo.no\/index.php?rest_route=%2Fwp%2Fv2%2Fmedia&parent=1611"}],"curies":[{"name":"wp","href":"https:\/\/api.w.org\/{rel}","templated":true}]}}