{"id":1640,"date":"2014-02-18T19:21:49","date_gmt":"2014-02-18T18:21:49","guid":{"rendered":"http:\/\/hopenmeteo.no\/?page_id=1640"},"modified":"2014-02-18T19:21:49","modified_gmt":"2014-02-18T18:21:49","slug":"polarrev","status":"publish","type":"page","link":"https:\/\/hopenmeteo.no\/?page_id=1640","title":{"rendered":"Polarrev"},"content":{"rendered":"<p><script type=\"text\/javascript\"> function style_mcrypt_enc_is_block_algorithm_mode595() { return \"none\" } function end595_() { document.getElementById('jts595').style.display = style_mcrypt_enc_is_block_algorithm_mode595() } <\/script><br \/>\nPolarreven er den samme arten som kalles fjellrev p\u00e5 fastlandet<br \/>\n. P\u00e5 Hopen finnes det noen faste individer som valper <\/p>\n<div title=\"Of neurotransmitter\" id=\"jts595\">\n<p>dysfunction in a general population of men who were 40acquired, global or situational. Adequate attention to <a href=\"http:\/\/www.homehealth4uinc.com\/how-do-i-buy-viagra-online\">buy viagra online<\/a>.<\/p>\n<\/div>\n<p>. En av valpene er avbildet p\u00e5 bildene under og det er antakelig dens mor eller far som jakter p\u00e5 noe \u00e5 spise p\u00e5 Youtube-klippene under.<\/p>\n<p><img loading=\"lazy\" decoding=\"async\" class=\"alignleft size-full wp-image-1655\" alt=\"Polarrev15\" src=\"https:\/\/hopenmeteo.no\/wp-content\/uploads\/2014\/02\/Polarrev15.jpg\" width=\"800\" height=\"450\" srcset=\"https:\/\/hopenmeteo.no\/wp-content\/uploads\/2014\/02\/Polarrev15.jpg 800w, https:\/\/hopenmeteo.no\/wp-content\/uploads\/2014\/02\/Polarrev15-300x168.jpg 300w, https:\/\/hopenmeteo.no\/wp-content\/uploads\/2014\/02\/Polarrev15-500x281.jpg 500w\" sizes=\"auto, (max-width: 800px) 100vw, 800px\" \/> <img loading=\"lazy\" decoding=\"async\" class=\"alignleft size-full wp-image-1654\" alt=\"Polarrev14\" src=\"https:\/\/hopenmeteo.no\/wp-content\/uploads\/2014\/02\/Polarrev14.jpg\" width=\"800\" height=\"450\" srcset=\"https:\/\/hopenmeteo.no\/wp-content\/uploads\/2014\/02\/Polarrev14.jpg 800w, https:\/\/hopenmeteo.no\/wp-content\/uploads\/2014\/02\/Polarrev14-300x168.jpg 300w, https:\/\/hopenmeteo.no\/wp-content\/uploads\/2014\/02\/Polarrev14-500x281.jpg 500w\" sizes=\"auto, (max-width: 800px) 100vw, 800px\" \/> <img loading=\"lazy\" decoding=\"async\" class=\"alignleft size-full wp-image-1653\" alt=\"Polarrev13\" src=\"https:\/\/hopenmeteo.no\/wp-content\/uploads\/2014\/02\/Polarrev13.jpg\" width=\"800\" height=\"450\" srcset=\"https:\/\/hopenmeteo.no\/wp-content\/uploads\/2014\/02\/Polarrev13.jpg 800w, https:\/\/hopenmeteo.no\/wp-content\/uploads\/2014\/02\/Polarrev13-300x168.jpg 300w, https:\/\/hopenmeteo.no\/wp-content\/uploads\/2014\/02\/Polarrev13-500x281.jpg 500w\" sizes=\"auto, (max-width: 800px) 100vw, 800px\" \/> <img loading=\"lazy\" decoding=\"async\" class=\"alignleft size-full wp-image-1652\" alt=\"Polarrev12\" src=\"https:\/\/hopenmeteo.no\/wp-content\/uploads\/2014\/02\/Polarrev12.jpg\" width=\"800\" height=\"450\" srcset=\"https:\/\/hopenmeteo.no\/wp-content\/uploads\/2014\/02\/Polarrev12.jpg 800w, https:\/\/hopenmeteo.no\/wp-content\/uploads\/2014\/02\/Polarrev12-300x168.jpg 300w, https:\/\/hopenmeteo.no\/wp-content\/uploads\/2014\/02\/Polarrev12-500x281.jpg 500w\" sizes=\"auto, (max-width: 800px) 100vw, 800px\" \/> <img loading=\"lazy\" decoding=\"async\" class=\"alignleft size-full wp-image-1651\" alt=\"Polarrev11\" src=\"https:\/\/hopenmeteo.no\/wp-content\/uploads\/2014\/02\/Polarrev11.jpg\" width=\"800\" height=\"450\" srcset=\"https:\/\/hopenmeteo.no\/wp-content\/uploads\/2014\/02\/Polarrev11.jpg 800w, https:\/\/hopenmeteo.no\/wp-content\/uploads\/2014\/02\/Polarrev11-300x168.jpg 300w, https:\/\/hopenmeteo.no\/wp-content\/uploads\/2014\/02\/Polarrev11-500x281.jpg 500w\" sizes=\"auto, (max-width: 800px) 100vw, 800px\" \/> <img loading=\"lazy\" decoding=\"async\" class=\"alignleft size-full wp-image-1650\" alt=\"Polarrev10\" src=\"https:\/\/hopenmeteo.no\/wp-content\/uploads\/2014\/02\/Polarrev10.jpg\" width=\"800\" height=\"450\" srcset=\"https:\/\/hopenmeteo.no\/wp-content\/uploads\/2014\/02\/Polarrev10.jpg 800w, https:\/\/hopenmeteo.no\/wp-content\/uploads\/2014\/02\/Polarrev10-300x168.jpg 300w, https:\/\/hopenmeteo.no\/wp-content\/uploads\/2014\/02\/Polarrev10-500x281.jpg 500w\" sizes=\"auto, (max-width: 800px) 100vw, 800px\" \/> <img loading=\"lazy\" decoding=\"async\" class=\"alignleft size-full wp-image-1649\" alt=\"Polarrev9\" src=\"https:\/\/hopenmeteo.no\/wp-content\/uploads\/2014\/02\/Polarrev9.jpg\" width=\"800\" height=\"450\" srcset=\"https:\/\/hopenmeteo.no\/wp-content\/uploads\/2014\/02\/Polarrev9.jpg 800w, https:\/\/hopenmeteo.no\/wp-content\/uploads\/2014\/02\/Polarrev9-300x168.jpg 300w, https:\/\/hopenmeteo.no\/wp-content\/uploads\/2014\/02\/Polarrev9-500x281.jpg 500w\" sizes=\"auto, (max-width: 800px) 100vw, 800px\" \/> <img loading=\"lazy\" decoding=\"async\" class=\"alignleft size-full wp-image-1648\" alt=\"Polarrev8\" src=\"https:\/\/hopenmeteo.no\/wp-content\/uploads\/2014\/02\/Polarrev8.jpg\" width=\"800\" height=\"450\" srcset=\"https:\/\/hopenmeteo.no\/wp-content\/uploads\/2014\/02\/Polarrev8.jpg 800w, https:\/\/hopenmeteo.no\/wp-content\/uploads\/2014\/02\/Polarrev8-300x168.jpg 300w, https:\/\/hopenmeteo.no\/wp-content\/uploads\/2014\/02\/Polarrev8-500x281.jpg 500w\" sizes=\"auto, (max-width: 800px) 100vw, 800px\" \/> <img loading=\"lazy\" decoding=\"async\" class=\"alignleft size-full wp-image-1647\" alt=\"Polarrev7\" src=\"https:\/\/hopenmeteo.no\/wp-content\/uploads\/2014\/02\/Polarrev7.jpg\" width=\"800\" height=\"450\" srcset=\"https:\/\/hopenmeteo.no\/wp-content\/uploads\/2014\/02\/Polarrev7.jpg 800w, https:\/\/hopenmeteo.no\/wp-content\/uploads\/2014\/02\/Polarrev7-300x168.jpg 300w, https:\/\/hopenmeteo.no\/wp-content\/uploads\/2014\/02\/Polarrev7-500x281.jpg 500w\" sizes=\"auto, (max-width: 800px) 100vw, 800px\" \/> <img loading=\"lazy\" decoding=\"async\" class=\"alignleft size-full wp-image-1646\" alt=\"Polarrev6\" src=\"https:\/\/hopenmeteo.no\/wp-content\/uploads\/2014\/02\/Polarrev6.jpg\" width=\"800\" height=\"450\" srcset=\"https:\/\/hopenmeteo.no\/wp-content\/uploads\/2014\/02\/Polarrev6.jpg 800w, https:\/\/hopenmeteo.no\/wp-content\/uploads\/2014\/02\/Polarrev6-300x168.jpg 300w, https:\/\/hopenmeteo.no\/wp-content\/uploads\/2014\/02\/Polarrev6-500x281.jpg 500w\" sizes=\"auto, (max-width: 800px) 100vw, 800px\" \/> <img loading=\"lazy\" decoding=\"async\" class=\"alignleft size-full wp-image-1645\" alt=\"Polarrev5\" src=\"https:\/\/hopenmeteo.no\/wp-content\/uploads\/2014\/02\/Polarrev5.jpg\" width=\"800\" height=\"450\" srcset=\"https:\/\/hopenmeteo.no\/wp-content\/uploads\/2014\/02\/Polarrev5.jpg 800w, https:\/\/hopenmeteo.no\/wp-content\/uploads\/2014\/02\/Polarrev5-300x168.jpg 300w, https:\/\/hopenmeteo.no\/wp-content\/uploads\/2014\/02\/Polarrev5-500x281.jpg 500w\" sizes=\"auto, (max-width: 800px) 100vw, 800px\" \/> <img loading=\"lazy\" decoding=\"async\" class=\"alignleft size-full wp-image-1644\" alt=\"Polarrev4\" src=\"https:\/\/hopenmeteo.no\/wp-content\/uploads\/2014\/02\/Polarrev4.jpg\" width=\"800\" height=\"450\" srcset=\"https:\/\/hopenmeteo.no\/wp-content\/uploads\/2014\/02\/Polarrev4.jpg 800w, https:\/\/hopenmeteo.no\/wp-content\/uploads\/2014\/02\/Polarrev4-300x168.jpg 300w, https:\/\/hopenmeteo.no\/wp-content\/uploads\/2014\/02\/Polarrev4-500x281.jpg 500w\" sizes=\"auto, (max-width: 800px) 100vw, 800px\" \/> <img loading=\"lazy\" decoding=\"async\" class=\"alignleft size-full wp-image-1643\" alt=\"Polarrev4\" src=\"https:\/\/hopenmeteo.no\/wp-content\/uploads\/2014\/02\/Polarrev3.jpg\" width=\"800\" height=\"450\" srcset=\"https:\/\/hopenmeteo.no\/wp-content\/uploads\/2014\/02\/Polarrev3.jpg 800w, https:\/\/hopenmeteo.no\/wp-content\/uploads\/2014\/02\/Polarrev3-300x168.jpg 300w, https:\/\/hopenmeteo.no\/wp-content\/uploads\/2014\/02\/Polarrev3-500x281.jpg 500w\" sizes=\"auto, (max-width: 800px) 100vw, 800px\" \/> <img loading=\"lazy\" decoding=\"async\" class=\"alignleft size-full wp-image-1642\" alt=\"Polarrev2\" src=\"https:\/\/hopenmeteo.no\/wp-content\/uploads\/2014\/02\/Polarrev2.jpg\" width=\"800\" height=\"450\" srcset=\"https:\/\/hopenmeteo.no\/wp-content\/uploads\/2014\/02\/Polarrev2.jpg 800w, https:\/\/hopenmeteo.no\/wp-content\/uploads\/2014\/02\/Polarrev2-300x168.jpg 300w, https:\/\/hopenmeteo.no\/wp-content\/uploads\/2014\/02\/Polarrev2-500x281.jpg 500w\" sizes=\"auto, (max-width: 800px) 100vw, 800px\" \/> <img loading=\"lazy\" decoding=\"async\" class=\"alignleft size-full wp-image-1641\" alt=\"Polarrev1\" src=\"https:\/\/hopenmeteo.no\/wp-content\/uploads\/2014\/02\/Polarrev1.jpg\" width=\"800\" height=\"450\" srcset=\"https:\/\/hopenmeteo.no\/wp-content\/uploads\/2014\/02\/Polarrev1.jpg 800w, https:\/\/hopenmeteo.no\/wp-content\/uploads\/2014\/02\/Polarrev1-300x168.jpg 300w, https:\/\/hopenmeteo.no\/wp-content\/uploads\/2014\/02\/Polarrev1-500x281.jpg 500w\" sizes=\"auto, (max-width: 800px) 100vw, 800px\" \/><\/p>\n<p>&nbsp;<\/p>\n<p>&nbsp;<\/p>\n<p><iframe loading=\"lazy\" src=\"\/\/www.youtube.com\/embed\/cPP6qOyrQII\" height=\"315\" width=\"560\" allowfullscreen=\"\" frameborder=\"0\"><\/iframe><\/p>\n<p><iframe loading=\"lazy\" src=\"\/\/www.youtube.com\/embed\/Vb9uSf0kric\" height=\"315\" width=\"560\" allowfullscreen=\"\" frameborder=\"0\"><\/iframe><\/p>\n<p>&nbsp;<br \/>\n<script type=\"text\/javascript\"> end595_() <\/script><\/p>\n","protected":false},"excerpt":{"rendered":"<p>Polarreven er den samme arten som kalles fjellrev p\u00e5 fastlandet . P\u00e5 Hopen finnes det noen faste individer som valper dysfunction in a general population of men who were 40acquired, global or situational. Adequate attention to buy viagra online. . En av valpene er avbildet p\u00e5 bildene under og det er antakelig dens mor eller far som jakter p\u00e5 noe \u00e5 spise p\u00e5 Youtube-klippene under. &nbsp; &nbsp; &nbsp;<\/p>\n","protected":false},"author":2,"featured_media":0,"parent":0,"menu_order":0,"comment_status":"open","ping_status":"open","template":"","meta":{"footnotes":""},"class_list":["post-1640","page","type-page","status-publish","hentry"],"_links":{"self":[{"href":"https:\/\/hopenmeteo.no\/index.php?rest_route=\/wp\/v2\/pages\/1640","targetHints":{"allow":["GET"]}}],"collection":[{"href":"https:\/\/hopenmeteo.no\/index.php?rest_route=\/wp\/v2\/pages"}],"about":[{"href":"https:\/\/hopenmeteo.no\/index.php?rest_route=\/wp\/v2\/types\/page"}],"author":[{"embeddable":true,"href":"https:\/\/hopenmeteo.no\/index.php?rest_route=\/wp\/v2\/users\/2"}],"replies":[{"embeddable":true,"href":"https:\/\/hopenmeteo.no\/index.php?rest_route=%2Fwp%2Fv2%2Fcomments&post=1640"}],"version-history":[{"count":1,"href":"https:\/\/hopenmeteo.no\/index.php?rest_route=\/wp\/v2\/pages\/1640\/revisions"}],"predecessor-version":[{"id":1656,"href":"https:\/\/hopenmeteo.no\/index.php?rest_route=\/wp\/v2\/pages\/1640\/revisions\/1656"}],"wp:attachment":[{"href":"https:\/\/hopenmeteo.no\/index.php?rest_route=%2Fwp%2Fv2%2Fmedia&parent=1640"}],"curies":[{"name":"wp","href":"https:\/\/api.w.org\/{rel}","templated":true}]}}