{"id":1762,"date":"2014-02-26T22:35:17","date_gmt":"2014-02-26T21:35:17","guid":{"rendered":"http:\/\/hopenmeteo.no\/?page_id=1762"},"modified":"2024-02-09T07:35:08","modified_gmt":"2024-02-09T06:35:08","slug":"gibraltar","status":"publish","type":"page","link":"https:\/\/hopenmeteo.no\/?page_id=1762","title":{"rendered":"Gibraltar"},"content":{"rendered":"\n<p>Gibraltar er en klippeformasjon s\u00f8r for <a title=\"Egsetstranda\" href=\"https:\/\/hopenmeteo.no\/?page_id=1512\">Egsetstranda <\/a>der havet har gravd inn viker. Igjen st\u00e5r noen store odder. Det er mulig\u00a0\u00e5 passere klippene p\u00e5 oversiden, men det er viktig at en passer for, fordi det g\u00e5r stadige utrasninger ned i klippene.<\/p>\n\n\n\n<p>Navnet er gitt av besetningen p\u00e5 Hopen i 1954, men er ikke et offisielt navn i henhold til Norsk Polarinstitutt. Oddmund S\u00f8reide sendte inn navneforslag p\u00e5 Gibraltar i 2002, men ble ikke godkjent. Men folket p\u00e5 Hopen bruker navnet i dagligtale.<\/p>\n\n\n<div class=\"wp-block-image\">\n<figure class=\"alignleft\"><img loading=\"lazy\" decoding=\"async\" width=\"800\" height=\"450\" src=\"https:\/\/hopenmeteo.no\/wp-content\/uploads\/2014\/02\/Gibraltar1.jpg\" alt=\"Gibraltar1\" class=\"wp-image-1763\" srcset=\"https:\/\/hopenmeteo.no\/wp-content\/uploads\/2014\/02\/Gibraltar1.jpg 800w, https:\/\/hopenmeteo.no\/wp-content\/uploads\/2014\/02\/Gibraltar1-300x168.jpg 300w, https:\/\/hopenmeteo.no\/wp-content\/uploads\/2014\/02\/Gibraltar1-500x281.jpg 500w\" sizes=\"auto, (max-width: 800px) 100vw, 800px\" \/><\/figure>\n<\/div>\n\n<div class=\"wp-block-image\">\n<figure class=\"alignleft\"><img loading=\"lazy\" decoding=\"async\" width=\"800\" height=\"450\" src=\"https:\/\/hopenmeteo.no\/wp-content\/uploads\/2014\/02\/Gibraltar2.jpg\" alt=\"Gibraltar2\" class=\"wp-image-1764\" srcset=\"https:\/\/hopenmeteo.no\/wp-content\/uploads\/2014\/02\/Gibraltar2.jpg 800w, https:\/\/hopenmeteo.no\/wp-content\/uploads\/2014\/02\/Gibraltar2-300x168.jpg 300w, https:\/\/hopenmeteo.no\/wp-content\/uploads\/2014\/02\/Gibraltar2-500x281.jpg 500w\" sizes=\"auto, (max-width: 800px) 100vw, 800px\" \/><\/figure>\n<\/div>\n\n<div class=\"wp-block-image\">\n<figure class=\"alignleft\"><img loading=\"lazy\" decoding=\"async\" width=\"800\" height=\"450\" src=\"https:\/\/hopenmeteo.no\/wp-content\/uploads\/2014\/02\/Gibraltar3.jpg\" alt=\"Gibraltar3\" class=\"wp-image-1765\" srcset=\"https:\/\/hopenmeteo.no\/wp-content\/uploads\/2014\/02\/Gibraltar3.jpg 800w, https:\/\/hopenmeteo.no\/wp-content\/uploads\/2014\/02\/Gibraltar3-300x168.jpg 300w, https:\/\/hopenmeteo.no\/wp-content\/uploads\/2014\/02\/Gibraltar3-500x281.jpg 500w\" sizes=\"auto, (max-width: 800px) 100vw, 800px\" \/><\/figure>\n<\/div>\n\n<div class=\"wp-block-image\">\n<figure class=\"alignleft\"><img loading=\"lazy\" decoding=\"async\" width=\"450\" height=\"799\" src=\"https:\/\/hopenmeteo.no\/wp-content\/uploads\/2014\/02\/Gibraltar4.jpg\" alt=\"Gibraltar4\" class=\"wp-image-1766\"\/><\/figure>\n<\/div>\n\n<div class=\"wp-block-image\">\n<figure class=\"alignleft\"><img loading=\"lazy\" decoding=\"async\" width=\"800\" height=\"1421\" src=\"https:\/\/hopenmeteo.no\/wp-content\/uploads\/2014\/02\/Gibraltar5.jpg\" alt=\"Gibraltar5\" class=\"wp-image-1767\" srcset=\"https:\/\/hopenmeteo.no\/wp-content\/uploads\/2014\/02\/Gibraltar5.jpg 800w, https:\/\/hopenmeteo.no\/wp-content\/uploads\/2014\/02\/Gibraltar5-450x800.jpg 450w\" sizes=\"auto, (max-width: 800px) 100vw, 800px\" \/><\/figure>\n<\/div>\n\n<div class=\"wp-block-image\">\n<figure class=\"alignleft\"><img loading=\"lazy\" decoding=\"async\" width=\"800\" height=\"1421\" src=\"https:\/\/hopenmeteo.no\/wp-content\/uploads\/2014\/02\/Gibraltar6.jpg\" alt=\"Gibraltar6\" class=\"wp-image-1768\" srcset=\"https:\/\/hopenmeteo.no\/wp-content\/uploads\/2014\/02\/Gibraltar6.jpg 800w, https:\/\/hopenmeteo.no\/wp-content\/uploads\/2014\/02\/Gibraltar6-450x800.jpg 450w\" sizes=\"auto, (max-width: 800px) 100vw, 800px\" \/><\/figure>\n<\/div>\n\n<div class=\"wp-block-image\">\n<figure class=\"alignleft\"><img loading=\"lazy\" decoding=\"async\" width=\"800\" height=\"450\" src=\"https:\/\/hopenmeteo.no\/wp-content\/uploads\/2014\/02\/Gibraltar7.jpg\" alt=\"Gibraltar7\" class=\"wp-image-1769\" srcset=\"https:\/\/hopenmeteo.no\/wp-content\/uploads\/2014\/02\/Gibraltar7.jpg 800w, https:\/\/hopenmeteo.no\/wp-content\/uploads\/2014\/02\/Gibraltar7-300x168.jpg 300w, https:\/\/hopenmeteo.no\/wp-content\/uploads\/2014\/02\/Gibraltar7-500x281.jpg 500w\" sizes=\"auto, (max-width: 800px) 100vw, 800px\" \/><\/figure>\n<\/div>\n\n<div class=\"wp-block-image\">\n<figure class=\"alignleft\"><img loading=\"lazy\" decoding=\"async\" width=\"800\" height=\"450\" src=\"https:\/\/hopenmeteo.no\/wp-content\/uploads\/2014\/02\/Gibraltar8.jpg\" alt=\"Gibraltar8\" class=\"wp-image-1770\" srcset=\"https:\/\/hopenmeteo.no\/wp-content\/uploads\/2014\/02\/Gibraltar8.jpg 800w, https:\/\/hopenmeteo.no\/wp-content\/uploads\/2014\/02\/Gibraltar8-300x168.jpg 300w, https:\/\/hopenmeteo.no\/wp-content\/uploads\/2014\/02\/Gibraltar8-500x281.jpg 500w\" sizes=\"auto, (max-width: 800px) 100vw, 800px\" \/><\/figure>\n<\/div>\n\n<div class=\"wp-block-image size-full wp-image-1771\">\n<figure class=\"alignleft\"><img loading=\"lazy\" decoding=\"async\" width=\"800\" height=\"450\" src=\"https:\/\/hopenmeteo.no\/wp-content\/uploads\/2014\/02\/Gibraltar9.jpg\" alt=\"Klippene sett fra fjellskr\u00e5ningen opp mot Heniesalen.\" class=\"wp-image-1771\" srcset=\"https:\/\/hopenmeteo.no\/wp-content\/uploads\/2014\/02\/Gibraltar9.jpg 800w, https:\/\/hopenmeteo.no\/wp-content\/uploads\/2014\/02\/Gibraltar9-300x168.jpg 300w, https:\/\/hopenmeteo.no\/wp-content\/uploads\/2014\/02\/Gibraltar9-500x281.jpg 500w\" sizes=\"auto, (max-width: 800px) 100vw, 800px\" \/><figcaption class=\"wp-element-caption\">Klippene sett fra fjellskr\u00e5ningen opp mot Heniesalen.<\/figcaption><\/figure>\n<\/div>","protected":false},"excerpt":{"rendered":"<p>Gibraltar er en klippeformasjon s\u00f8r for Egsetstranda der havet har gravd inn viker. Igjen st\u00e5r noen store odder. Det er mulig\u00a0\u00e5 passere klippene p\u00e5 oversiden, men det er viktig at en passer for, fordi det g\u00e5r stadige utrasninger ned i klippene. Navnet er gitt av besetningen p\u00e5 Hopen i 1954, men er ikke et offisielt navn i henhold til Norsk Polarinstitutt. Oddmund S\u00f8reide sendte inn navneforslag p\u00e5 Gibraltar i 2002, men ble ikke godkjent. Men folket p\u00e5 Hopen bruker navnet i dagligtale.<\/p>\n","protected":false},"author":2,"featured_media":0,"parent":0,"menu_order":0,"comment_status":"open","ping_status":"open","template":"","meta":{"footnotes":""},"class_list":["post-1762","page","type-page","status-publish","hentry"],"_links":{"self":[{"href":"https:\/\/hopenmeteo.no\/index.php?rest_route=\/wp\/v2\/pages\/1762","targetHints":{"allow":["GET"]}}],"collection":[{"href":"https:\/\/hopenmeteo.no\/index.php?rest_route=\/wp\/v2\/pages"}],"about":[{"href":"https:\/\/hopenmeteo.no\/index.php?rest_route=\/wp\/v2\/types\/page"}],"author":[{"embeddable":true,"href":"https:\/\/hopenmeteo.no\/index.php?rest_route=\/wp\/v2\/users\/2"}],"replies":[{"embeddable":true,"href":"https:\/\/hopenmeteo.no\/index.php?rest_route=%2Fwp%2Fv2%2Fcomments&post=1762"}],"version-history":[{"count":4,"href":"https:\/\/hopenmeteo.no\/index.php?rest_route=\/wp\/v2\/pages\/1762\/revisions"}],"predecessor-version":[{"id":8023,"href":"https:\/\/hopenmeteo.no\/index.php?rest_route=\/wp\/v2\/pages\/1762\/revisions\/8023"}],"wp:attachment":[{"href":"https:\/\/hopenmeteo.no\/index.php?rest_route=%2Fwp%2Fv2%2Fmedia&parent=1762"}],"curies":[{"name":"wp","href":"https:\/\/api.w.org\/{rel}","templated":true}]}}