{"id":180,"date":"2013-08-13T21:16:35","date_gmt":"2013-08-13T19:16:35","guid":{"rendered":"http:\/\/hopenmeteo.no\/?page_id=180"},"modified":"2024-01-01T21:45:11","modified_gmt":"2024-01-01T20:45:11","slug":"vaeret","status":"publish","type":"page","link":"https:\/\/hopenmeteo.no\/?page_id=180","title":{"rendered":"V\u00e6ret"},"content":{"rendered":"\n<p>Klikk p\u00e5 tabellen for \u00e5 f\u00e5 opp v\u00e6rvarselet i egen fane\/side.<\/p>\n\n\n\n<figure class=\"wp-block-image size-large\"><a href=\"https:\/\/www.yr.no\/nb\/v%C3%A6rvarsel\/daglig-tabell\/5-99720\/Norge\/Svalbard\/Svalbard\/Hopen\" target=\"_blank\" rel=\"noreferrer noopener\"><img decoding=\"async\" src=\"https:\/\/www.yr.no\/nb\/innhold\/5-99720\/meteogram.svg?mode=dark\" alt=\"\"\/><\/a><\/figure>\n","protected":false},"excerpt":{"rendered":"<p>Klikk p\u00e5 tabellen for \u00e5 f\u00e5 opp v\u00e6rvarselet i egen fane\/side.<\/p>\n","protected":false},"author":2,"featured_media":0,"parent":0,"menu_order":0,"comment_status":"open","ping_status":"open","template":"","meta":{"footnotes":""},"class_list":["post-180","page","type-page","status-publish","hentry"],"_links":{"self":[{"href":"https:\/\/hopenmeteo.no\/index.php?rest_route=\/wp\/v2\/pages\/180","targetHints":{"allow":["GET"]}}],"collection":[{"href":"https:\/\/hopenmeteo.no\/index.php?rest_route=\/wp\/v2\/pages"}],"about":[{"href":"https:\/\/hopenmeteo.no\/index.php?rest_route=\/wp\/v2\/types\/page"}],"author":[{"embeddable":true,"href":"https:\/\/hopenmeteo.no\/index.php?rest_route=\/wp\/v2\/users\/2"}],"replies":[{"embeddable":true,"href":"https:\/\/hopenmeteo.no\/index.php?rest_route=%2Fwp%2Fv2%2Fcomments&post=180"}],"version-history":[{"count":14,"href":"https:\/\/hopenmeteo.no\/index.php?rest_route=\/wp\/v2\/pages\/180\/revisions"}],"predecessor-version":[{"id":7901,"href":"https:\/\/hopenmeteo.no\/index.php?rest_route=\/wp\/v2\/pages\/180\/revisions\/7901"}],"wp:attachment":[{"href":"https:\/\/hopenmeteo.no\/index.php?rest_route=%2Fwp%2Fv2%2Fmedia&parent=180"}],"curies":[{"name":"wp","href":"https:\/\/api.w.org\/{rel}","templated":true}]}}