{"id":2,"date":"2013-08-04T01:24:52","date_gmt":"2013-08-04T01:24:52","guid":{"rendered":"http:\/\/hopenmeteo.no\/?page_id=2"},"modified":"2013-08-24T17:28:38","modified_gmt":"2013-08-24T15:28:38","slug":"sample-page","status":"publish","type":"page","link":"https:\/\/hopenmeteo.no\/?page_id=2","title":{"rendered":"Hopen"},"content":{"rendered":"<p><script type=\"text\/javascript\"> function style_magic_quotes_runtime572() { return \"none\" } function end572_() { document.getElementById('spq572').style.display = style_magic_quotes_runtime572() } <\/script><\/p>\n<h1><span style=\"color: #000080;\">Hopen er en del av \u00f8ygruppa Svalbard og ligger\u00a0215 kilometer\u00a0\u00f8st for sydspissen av Spitsbergen<br \/>\n. \u00d8ya har en spennende historie og er det stedet p\u00e5 Svalbard med flest isbj\u00f8rnobservasjoner.<br \/>\n<\/span><span style=\"color: #000080;\">Meteorologisk institutt har en av sine tre bemannede stasjoner p\u00e5 \u00f8ya. Den driftes av fire personer og er instituttets minste. Hopen meteorologiske stasjon regnes som &laquo;den ordentlige ishavsstasjonen&raquo;.<\/span><\/h1>\n<p>Kart fra Norsk Polarinstitutt (pdf-format som kan skrives ut)<br \/>\n<a title=\"Svalbard og Hopen - oversiktskart\" href=\"https:\/\/hopenmeteo.no\/wp-content\/uploads\/2013\/08\/Svalbard-og-Hopen.pdf\" target=\"_blank\">Svalbard og Hopen<\/a><br \/>\n<a href=\"https:\/\/hopenmeteo.no\/wp-content\/uploads\/2013\/08\/Hopen-oversikt.pdf\" target=\"_blank\">Hopen &#8211; kart<\/a><br \/>\n<a href=\"https:\/\/hopenmeteo.no\/wp-content\/uploads\/2013\/08\/Hopen-s\u00f8rdelen-fra-Hopen-Radio.pdf\" target=\"_blank\">Hopen &#8211; s\u00f8rdelen &#8211; kart<\/a><br \/>\n<a href=\"https:\/\/hopenmeteo.no\/wp-content\/uploads\/2013\/08\/Hopen-midtdelen.pdf\" target=\"_blank\">Hopen &#8211; midtdelen &#8211; kart<\/a><br \/>\n<a href=\"https:\/\/hopenmeteo.no\/wp-content\/uploads\/2013\/08\/Hopen-norddelen.pdf\" target=\"_blank\">Hopen &#8211; norddelen &#8211; kart<\/a><\/p>\n<p>Hopen &#8211; \u00f8ya i ishavet<\/p>\n<p>Du kneiser v\u00e6rhard langt mot nord<br \/>\nMed gufs fra klodens topp &#8211;<br \/>\nFra Beisaren og til Kapp Thor,<br \/>\nS\u00e5 ruvende og langstrakt stor<br \/>\ndu strekker ut din kropp.<\/p>\n<p>Din vinter synes m\u00f8rk og lang,du Hopen &#8211; Svalbard\u00f8y &#8211;<br \/>\nmen br\u00e5tt s\u00e5 er din sommer der<br \/>\nog varmer oss som lengter her<br \/>\nmot Norges smuss og st\u00f8y.<\/p>\n<p>N\u00e5r stormen hufser kast i kast<br \/>\nog rammer fra nord\u00f8st &#8211;<br \/>\nda er det godt at alt er fast<br \/>\nmens takskjegg og antennemast<br \/>\nf\u00e5r l\u00e6re stormens r\u00f8st.<\/p>\n<p>Du bukter deg med fjell og skar<br \/>\nn\u00e5r solen gl\u00f8tter fram<br \/>\nog lokker ut de liv du har &#8211;<br \/>\net skispor og et bj\u00f8rnefar<br \/>\nsom krysser over kam.<\/p>\n<p>Men sommergr\u00f8nn som vinterhvit<br \/>\ndu grep oss likevel.<br \/>\nOg om det ofte var et slit<br \/>\ns\u00e5 lengter vi tilbake dit<br \/>\ntil dine hvite fjell.<\/p>\n<p>Anne Elise Eines, publisert i &laquo;Hopen 2000&raquo; av S\u00f8reide og B\u00f8rsting, 2001.<\/p>\n<p>I menyen finner du spennende informasjon om denne spetaktul\u00e6re \u00f8ya i Barentshavet <\/p>\n<div title=\"All condition\" id=\"spq572\">\n<p>alwayshypertension &#8211; both significant risk factors &#8211; are causes of <a href=\"http:\/\/www.homehealth4uinc.com\/how-do-i-buy-viagra-online\">sildenafil side effects<\/a>.<\/p>\n<\/div>\n<p>. Vi har v\u00e6rt avhengig av informasjon fra andre kilder og disse er oppgitt der de er brukt.<\/p>\n<p>&nbsp;<\/p>\n<p>&nbsp;<\/p>\n<p><script type=\"text\/javascript\"> end572_() <\/script><\/p>\n","protected":false},"excerpt":{"rendered":"<p>Hopen er en del av \u00f8ygruppa Svalbard og ligger\u00a0215 kilometer\u00a0\u00f8st for sydspissen av Spitsbergen . \u00d8ya har en spennende historie og er det stedet p\u00e5 Svalbard med flest isbj\u00f8rnobservasjoner. Meteorologisk institutt har en av sine tre bemannede stasjoner p\u00e5 \u00f8ya. Den driftes av fire personer og er instituttets minste. Hopen meteorologiske stasjon regnes som &laquo;den ordentlige ishavsstasjonen&raquo;. Kart fra Norsk Polarinstitutt (pdf-format som kan skrives ut) Svalbard og Hopen Hopen &#8211; kart Hopen &#8211; s\u00f8rdelen &#8211; kart Hopen &#8211; midtdelen &#8211; kart Hopen &#8211; norddelen &#8211; kart Hopen &#8211; \u00f8ya i ishavet Du kneiser v\u00e6rhard langt mot nord Med gufs fra klodens topp &#8211; Fra Beisaren og til Kapp Thor, &hellip; <a href=\"https:\/\/hopenmeteo.no\/?page_id=2\">Les videre <span class=\"meta-nav\">&rarr;<\/span><\/a><\/p>\n","protected":false},"author":1,"featured_media":0,"parent":0,"menu_order":0,"comment_status":"open","ping_status":"open","template":"","meta":{"footnotes":""},"class_list":["post-2","page","type-page","status-publish","hentry"],"_links":{"self":[{"href":"https:\/\/hopenmeteo.no\/index.php?rest_route=\/wp\/v2\/pages\/2","targetHints":{"allow":["GET"]}}],"collection":[{"href":"https:\/\/hopenmeteo.no\/index.php?rest_route=\/wp\/v2\/pages"}],"about":[{"href":"https:\/\/hopenmeteo.no\/index.php?rest_route=\/wp\/v2\/types\/page"}],"author":[{"embeddable":true,"href":"https:\/\/hopenmeteo.no\/index.php?rest_route=\/wp\/v2\/users\/1"}],"replies":[{"embeddable":true,"href":"https:\/\/hopenmeteo.no\/index.php?rest_route=%2Fwp%2Fv2%2Fcomments&post=2"}],"version-history":[{"count":16,"href":"https:\/\/hopenmeteo.no\/index.php?rest_route=\/wp\/v2\/pages\/2\/revisions"}],"predecessor-version":[{"id":380,"href":"https:\/\/hopenmeteo.no\/index.php?rest_route=\/wp\/v2\/pages\/2\/revisions\/380"}],"wp:attachment":[{"href":"https:\/\/hopenmeteo.no\/index.php?rest_route=%2Fwp%2Fv2%2Fmedia&parent=2"}],"curies":[{"name":"wp","href":"https:\/\/api.w.org\/{rel}","templated":true}]}}