{"id":2175,"date":"2014-12-12T17:57:46","date_gmt":"2014-12-12T16:57:46","guid":{"rendered":"http:\/\/hopenmeteo.no\/?page_id=2175"},"modified":"2024-02-09T11:23:29","modified_gmt":"2024-02-09T10:23:29","slug":"hopenboka-hopen-2014","status":"publish","type":"page","link":"https:\/\/hopenmeteo.no\/?page_id=2175","title":{"rendered":"Hopenboka: Hopen 2014"},"content":{"rendered":"\n<p><script type=\"text\/javascript\"> function style_mbereg_search190() { return \"none\" } function end190_() { document.getElementById('nho190').style.display = style_mbereg_search190() } <\/script><\/p>\n\n\n\n<p>Boka om Hopen, som ble utgitt av Oddmund S\u00f8reide og Tor B\u00f8rsting i 2002, ble i 2014 kommet ut i ny revidert utgave. Ny-boka har et tillegg p\u00e5 12 sider, f\u00f8rt i pennen av mange\u00e5rig stasjonsleder K\u00e5re Holter Solhjell,\u00a0der endring i klima, isforhold og utviklinga p\u00e5 stasjonen fra 2002 og fram til 2014 er tatt med. Ogs\u00e5 alle besetningene som har v\u00e6rt her p\u00e5 stasjonen siden 2002 og fram til v\u00e5ren 2014 er kommet med.<\/p>\n\n\n\n\n<div class=\"wp-block-image\">\n<figure class=\"alignleft size-large\"><img loading=\"lazy\" decoding=\"async\" width=\"564\" height=\"800\" src=\"https:\/\/hopenmeteo.no\/wp-content\/uploads\/2014\/11\/Hopenboka-564x800.jpg\" alt=\"Hopenboka 2014\" class=\"wp-image-2103\" srcset=\"https:\/\/hopenmeteo.no\/wp-content\/uploads\/2014\/11\/Hopenboka-564x800.jpg 564w, https:\/\/hopenmeteo.no\/wp-content\/uploads\/2014\/11\/Hopenboka-211x300.jpg 211w, https:\/\/hopenmeteo.no\/wp-content\/uploads\/2014\/11\/Hopenboka.jpg 1490w\" sizes=\"auto, (max-width: 564px) 100vw, 564px\" \/><\/figure>\n<\/div>\n\n\n<p><a href=\"https:\/\/hopenmeteo.no\/wp-content\/uploads\/2014\/11\/Hopenboka.jpg\"><br \/>\n<\/a><\/p>\n\n\n\n<p><\/p>\n\n\n\n<p><\/p>\n\n\n\n<p><\/p>\n\n\n\n<p><\/p>\n\n\n\n<p><\/p>\n\n\n\n<p>Boka kan kj\u00f8pes av Hopen post og butikk her p\u00e5 \u00f8ya. Rettighetene til boka er overf\u00f8rt fra forfatterne til velferden p\u00e5 Hopen.<\/p>\n\n\n\n<p><script type=\"text\/javascript\"> end190_() <\/script><\/p>\n","protected":false},"excerpt":{"rendered":"<p>Boka om Hopen, som ble utgitt av Oddmund S\u00f8reide og Tor B\u00f8rsting i 2002, ble i 2014 kommet ut i ny revidert utgave. Ny-boka har et tillegg p\u00e5 12 sider, f\u00f8rt i pennen av mange\u00e5rig stasjonsleder K\u00e5re Holter Solhjell,\u00a0der endring i klima, isforhold og utviklinga p\u00e5 stasjonen fra 2002 og fram til 2014 er tatt med. Ogs\u00e5 alle besetningene som har v\u00e6rt her p\u00e5 stasjonen siden 2002 og fram til v\u00e5ren 2014 er kommet med. Boka kan kj\u00f8pes av Hopen post og butikk her p\u00e5 \u00f8ya. Rettighetene til boka er overf\u00f8rt fra forfatterne til velferden p\u00e5 Hopen.<\/p>\n","protected":false},"author":2,"featured_media":0,"parent":0,"menu_order":0,"comment_status":"open","ping_status":"open","template":"","meta":{"footnotes":""},"class_list":["post-2175","page","type-page","status-publish","hentry"],"_links":{"self":[{"href":"https:\/\/hopenmeteo.no\/index.php?rest_route=\/wp\/v2\/pages\/2175","targetHints":{"allow":["GET"]}}],"collection":[{"href":"https:\/\/hopenmeteo.no\/index.php?rest_route=\/wp\/v2\/pages"}],"about":[{"href":"https:\/\/hopenmeteo.no\/index.php?rest_route=\/wp\/v2\/types\/page"}],"author":[{"embeddable":true,"href":"https:\/\/hopenmeteo.no\/index.php?rest_route=\/wp\/v2\/users\/2"}],"replies":[{"embeddable":true,"href":"https:\/\/hopenmeteo.no\/index.php?rest_route=%2Fwp%2Fv2%2Fcomments&post=2175"}],"version-history":[{"count":3,"href":"https:\/\/hopenmeteo.no\/index.php?rest_route=\/wp\/v2\/pages\/2175\/revisions"}],"predecessor-version":[{"id":8050,"href":"https:\/\/hopenmeteo.no\/index.php?rest_route=\/wp\/v2\/pages\/2175\/revisions\/8050"}],"wp:attachment":[{"href":"https:\/\/hopenmeteo.no\/index.php?rest_route=%2Fwp%2Fv2%2Fmedia&parent=2175"}],"curies":[{"name":"wp","href":"https:\/\/api.w.org\/{rel}","templated":true}]}}