{"id":232,"date":"2013-08-14T20:39:12","date_gmt":"2013-08-14T18:39:12","guid":{"rendered":"http:\/\/hopenmeteo.no\/?page_id=232"},"modified":"2024-02-08T08:39:42","modified_gmt":"2024-02-08T07:39:42","slug":"stasjonen-2","status":"publish","type":"page","link":"https:\/\/hopenmeteo.no\/?page_id=232","title":{"rendered":"Stasjonen"},"content":{"rendered":"\n<p><\/p>\n\n\n<div class=\"wp-block-image\">\n<figure class=\"alignleft\"><a href=\"https:\/\/hopenmeteo.no\/wp-content\/uploads\/2013\/08\/Stasjonen.jpg\"><img loading=\"lazy\" decoding=\"async\" width=\"300\" height=\"225\" src=\"https:\/\/hopenmeteo.no\/wp-content\/uploads\/2013\/08\/Stasjonen-300x225.jpg\" alt=\"Stasjonen sett fra nord\" class=\"wp-image-235\" srcset=\"https:\/\/hopenmeteo.no\/wp-content\/uploads\/2013\/08\/Stasjonen-300x225.jpg 300w, https:\/\/hopenmeteo.no\/wp-content\/uploads\/2013\/08\/Stasjonen-400x300.jpg 400w, https:\/\/hopenmeteo.no\/wp-content\/uploads\/2013\/08\/Stasjonen.jpg 800w\" sizes=\"auto, (max-width: 300px) 100vw, 300px\" \/><\/a><figcaption class=\"wp-element-caption\">Stasjonen sett fra nord<\/figcaption><\/figure>\n<\/div>\n\n\n<p>Hopen meteorologiske stasjon har jo forandret seg mye opp gjennom \u00e5rene selv om hovedoppgaven, nemlig v\u00e6robservasjon alltid har v\u00e6rt den samme.<\/p>\n\n\n\n<p><\/p>\n\n\n\n<p><\/p>\n\n\n\n<p><\/p>\n\n\n\n<p><\/p>\n\n\n\n<p>I menyen for historie vil de fleste tidligere utvidelser og ombygginger v\u00e6re beskrevet.<br \/>Pr i dag er det Statsbygg som eier bygningene og Meteorologisk Institutt er leietager.<\/p>\n\n\n\n<p>Selve hjertet i stasjonen er hovedhuset. Her er det kj\u00f8kken m\/ kj\u00f8le og fryserom, oppholdsrom, arbeidsrom og gang i 1. etg. En trapp opp finner vi 5 soverom og bad i tillegg til en stor gang.<\/p>\n\n\n\n<p>Rett nord for hovedhuset ligger garasjen. Dette er ikke bare garasje for stasjonens traktor men ogs\u00e5 varmtlager, verksted, tinekar (mer om dette senere), vanntank og ikke minst to aggregater.<\/p>\n\n\n\n<p>Videre nordover p\u00e5 plassen finner vi tankanlegget. Bygningen huser stasjonens 8 store dieseltanker med en kapasitet p\u00e5 til sammen 120 m3.<\/p>\n\n\n\n<p>Ned mot sj\u00f8en ligger reservestasjonen. Dette er et hus som er ment \u00e5 kunne ta over for hovedbygningen dersom det skulle oppst\u00e5 for eksempel brann i denne. Her er det overnattingsplass for fire, kombinert stue og kj\u00f8kken, lite lager, vaskerom\/ bad og reserve sambandsutstyr.<\/p>\n\n\n\n<p>Rett syd for \u201dreserven\u201d ligger naustet. Her er det plass til to b\u00e5ter i tillegg til diverse utstyr som hundesleder, ved, tauverk m.m.<\/p>\n\n\n\n<p>Ved siden av naustet finner vi stasjonens gjestehytte \u2013 \u201dKulturhytta\u201d. Denne er i bruk n\u00e5r stasjonen f\u00e5r sine hovedforsyninger, har bes\u00f8k av forskere eller om det er redningsaksjoner som trekker ut i tid.<\/p>\n\n\n\n<p>Vegg i vegg med kaldtlageret ligger ei lita hytte som opprinnelig var bygd som reservestasjon. Denne er pr i dag i bruk som malerverksted og utstyrslager. <\/p>\n\n\n\n<p>Kaldtlageret eller \u201dFlerbrukshallen\u201d som den etter hvert vil bli kalt inneholder stort lager, trimrom og snekkerverksted. Lageret brukes og til sortering og oppbevaring av s\u00f8ppel.<\/p>\n\n\n\n<p>P\u00e5 oversiden av hovedhuset og garasjen finnes &laquo;Badeland\u201d. <br \/>Her finnes stasjonens badstue og vedfyrte badestamp.<\/p>\n\n\n\n<p>Helt i syd p\u00e5 stasjonsomr\u00e5det finner vi helikopterlandingsplassen. Selve&nbsp;landingsplassen ble flyttet noen meter lenger opp&nbsp;fra kanten av brinken&nbsp;da sj\u00f8en&nbsp;har&nbsp;begynt \u00e5 grave seg innp\u00e5. Samtidig ble det bygget et helt nytt bygg som rommer 3 tanker som rommer 10 kubikk helifuel hver. Her finnes brannvernutstyr til bruk ved helikopterankomst og -avgang, samt pumpestasjon. Dette arbeidet ble p\u00e5begynt og ferdigstilt sommeren 2014 og gir fagarbeideren en mye bedre arbeidssituasjon ved n\u00f8dvendig kontroll og vedlikehold av anlegget.<\/p>\n\n\n\n<p>P\u00e5 stasjonsomr\u00e5det er det og flere store antenner.<br \/>Disse s\u00f8rger for god radio- og satellittkommunikasjon til og fra stasjonen.<\/p>\n\n\n\n<p>Hva s\u00e5 med str\u00f8m, kloakk og vann ?<\/p>\n\n\n\n<p>Str\u00f8m produseres ved hjelp av to dieselaggregater. Disse har mer enn nok kapasitet til \u00e5 forsyne stasjonen med str\u00f8m. Drivstoff til aggregatene kommer normalt en gang i \u00e5ret med sommerb\u00e5ten og blir da pumpet fra kystvaktskipet via en flere hundre meter lang slange.<\/p>\n\n\n\n<p>Stasjonen har sin egen septikkum i brinken ned mot sj\u00f8en. <br \/>P\u00e5 kj\u00f8kkenet er det montert avfallskvern men selv med \u00f8kt mengde slam fra denne er det ikke behov for \u00e5 t\u00f8mme kummen mer enn en gang i \u00e5ret.<br \/>Dette gj\u00f8res i godt samarbeid med h\u00f8y sj\u00f8, store b\u00f8lger og riktig vindretning.<br \/>Denne seansen er gjerne betegnet som \u201dsommerens vakreste eventyr\u201d.<\/p>\n\n\n\n<p>Mange har stilt sp\u00f8rsm\u00e5l om hvor vi f\u00e5r vannet fra da det p\u00e5 Hopen ikke er noen innsj\u00f8er, dammer eller tjern.<br \/>I sommerhalv\u00e5ret er ikke dette noe problem da det er store mengder vann i bakken som renner ut i sm\u00e5 bekker. B\u00e5de nord og syd for stasjonen er det bekker som har tilstrekkelig vannf\u00f8ring hele sommeren til \u00e5 forsyne stasjonen med vann.  Det er f\u00f8rst p\u00e5 seinh\u00f8sten at frost kan lage litt utfordring. P\u00e5 vinteren er det sn\u00f8 som blir tinet og brukt som vann til stasjonen. Og det er her tinekaret kommer inn.  Dette er rett og slett et stort basseng som blir varmet opp av kj\u00f8levannet fra aggregatene. Inn til bassenget er det en stor port slik at man ved hjelp av traktoren kan fylle bassenget med sn\u00f8 som sakte men sikkert tiner og deretter kan pumpes inn i vanntanken. Det samme bassenget brukes p\u00e5 sommeren og fylles da fra en tykk \u201dhageslange\u201d. Drikkevannet blir filtrert bl.a. med UV-filter og er av god kvalitet.<\/p>\n\n\n\n<p>Selve stasjonsomr\u00e5det er en god del st\u00f8rre enn \u201dg\u00e5rdstunet\u201d rundt bygningene. Det strekker seg bl.a. nordover og det meste av stranda mot nord ligger innenfor grensene til stasjonen. Omr\u00e5det er innrettet slik at man i den daglige driften av stasjonen ikke skal komme i konflikt med fredningsbestemmelsene som gjelder for resten av \u00f8ya. De eneste fredede objektene innenfor omr\u00e5det er fangsthytta \u201dNilsebu\u201d, en gravplass og et monument.<br \/><br \/><script> end928_() <\/script><\/p>\n","protected":false},"excerpt":{"rendered":"<p>Hopen meteorologiske stasjon har jo forandret seg mye opp gjennom \u00e5rene selv om hovedoppgaven, nemlig v\u00e6robservasjon alltid har v\u00e6rt den samme. I menyen for historie vil de fleste tidligere utvidelser og ombygginger v\u00e6re beskrevet.Pr i dag er det Statsbygg som eier bygningene og Meteorologisk Institutt er leietager. Selve hjertet i stasjonen er hovedhuset. Her er det kj\u00f8kken m\/ kj\u00f8le og fryserom, oppholdsrom, arbeidsrom og gang i 1. etg. En trapp opp finner vi 5 soverom og bad i tillegg til en stor gang. Rett nord for hovedhuset ligger garasjen. Dette er ikke bare garasje for stasjonens traktor men ogs\u00e5 varmtlager, verksted, tinekar (mer om dette senere), vanntank og ikke minst &hellip; <a href=\"https:\/\/hopenmeteo.no\/?page_id=232\">Les videre <span class=\"meta-nav\">&rarr;<\/span><\/a><\/p>\n","protected":false},"author":5,"featured_media":0,"parent":0,"menu_order":0,"comment_status":"open","ping_status":"open","template":"","meta":{"footnotes":""},"class_list":["post-232","page","type-page","status-publish","hentry"],"_links":{"self":[{"href":"https:\/\/hopenmeteo.no\/index.php?rest_route=\/wp\/v2\/pages\/232","targetHints":{"allow":["GET"]}}],"collection":[{"href":"https:\/\/hopenmeteo.no\/index.php?rest_route=\/wp\/v2\/pages"}],"about":[{"href":"https:\/\/hopenmeteo.no\/index.php?rest_route=\/wp\/v2\/types\/page"}],"author":[{"embeddable":true,"href":"https:\/\/hopenmeteo.no\/index.php?rest_route=\/wp\/v2\/users\/5"}],"replies":[{"embeddable":true,"href":"https:\/\/hopenmeteo.no\/index.php?rest_route=%2Fwp%2Fv2%2Fcomments&post=232"}],"version-history":[{"count":6,"href":"https:\/\/hopenmeteo.no\/index.php?rest_route=\/wp\/v2\/pages\/232\/revisions"}],"predecessor-version":[{"id":7963,"href":"https:\/\/hopenmeteo.no\/index.php?rest_route=\/wp\/v2\/pages\/232\/revisions\/7963"}],"wp:attachment":[{"href":"https:\/\/hopenmeteo.no\/index.php?rest_route=%2Fwp%2Fv2%2Fmedia&parent=232"}],"curies":[{"name":"wp","href":"https:\/\/api.w.org\/{rel}","templated":true}]}}