{"id":25,"date":"2013-08-06T22:36:03","date_gmt":"2013-08-06T20:36:03","guid":{"rendered":"http:\/\/hopenmeteo.no\/?page_id=25"},"modified":"2014-02-26T22:36:19","modified_gmt":"2014-02-26T21:36:19","slug":"kart","status":"publish","type":"page","link":"https:\/\/hopenmeteo.no\/?page_id=25","title":{"rendered":"Steder p\u00e5 Hopen"},"content":{"rendered":"<p>Fra denne siden vil du finne alle steder som er navngitte p\u00e5 Hopen. Hvert sted har f\u00e5tt sin egen side med en liten beskrivelse samt bilder fra stedet. Kartene er hentet fra Norsk Polarinstitutt sitt kartverk: <a title=\"Norsk Polarinstitutt\" href=\"http:\/\/toposvalbard.npolar.no\/?lat=76.5831&amp;long=25.1650&amp;zoom=4\" target=\"_blank\">http:\/\/toposvalbard.npolar.no\/?lat=76.5831&amp;long=25.1650&amp;zoom=4<\/a><\/p>\n<p>Klikk p\u00e5 stedsnavnene for \u00e5 f\u00e5 mer forklaring og se bilder fra stedene.<\/p>\n<p><img loading=\"lazy\" decoding=\"async\" class=\"alignleft size-full wp-image-963\" alt=\"Beisarhytta-Beisaren\" src=\"https:\/\/hopenmeteo.no\/wp-content\/uploads\/2013\/08\/Beisarhytta-Beisaren.jpg\" width=\"493\" height=\"809\" srcset=\"https:\/\/hopenmeteo.no\/wp-content\/uploads\/2013\/08\/Beisarhytta-Beisaren.jpg 493w, https:\/\/hopenmeteo.no\/wp-content\/uploads\/2013\/08\/Beisarhytta-Beisaren-182x300.jpg 182w, https:\/\/hopenmeteo.no\/wp-content\/uploads\/2013\/08\/Beisarhytta-Beisaren-487x800.jpg 487w\" sizes=\"auto, (max-width: 493px) 100vw, 493px\" \/><\/p>\n<p>&nbsp;<\/p>\n<p>&nbsp;<\/p>\n<p>&nbsp;<\/p>\n<p>&nbsp;<\/p>\n<p>&nbsp;<\/p>\n<p>&nbsp;<\/p>\n<p>&nbsp;<\/p>\n<p>&nbsp;<\/p>\n<p>&nbsp;<\/p>\n<p>&nbsp;<\/p>\n<p>&nbsp;<\/p>\n<p>&nbsp;<\/p>\n<p>&nbsp;<\/p>\n<p>&nbsp;<\/p>\n<p>&nbsp;<\/p>\n<p>&nbsp;<\/p>\n<p>&nbsp;<\/p>\n<p>&nbsp;<\/p>\n<p><a title=\"Beisaren\" href=\"https:\/\/hopenmeteo.no\/?page_id=973\">Beisaren<\/a>, <a title=\"N\u00f8rdstefjellet\" href=\"https:\/\/hopenmeteo.no\/?page_id=995\">N\u00f8rdstefjellet<\/a>, <a title=\"Flatsalen\" href=\"https:\/\/hopenmeteo.no\/?page_id=1014\">Flatsalen<\/a>, <a title=\"Binnedalen\" href=\"https:\/\/hopenmeteo.no\/?page_id=1012\">Binnedalen<\/a>, <a title=\"Lyngefjellet\" href=\"https:\/\/hopenmeteo.no\/?page_id=1002\">Lyngefellet<\/a>, <a title=\"Braastadskaret\" href=\"https:\/\/hopenmeteo.no\/?page_id=1023\">Braastadskaret<\/a>, <a title=\"Beisarstua\" href=\"https:\/\/hopenmeteo.no\/?page_id=1032\">Beisarhytta<\/a>.<\/p>\n<p><img loading=\"lazy\" decoding=\"async\" class=\"alignleft size-full wp-image-964\" alt=\"Thorkelsenskaret-Garstadstranda\" src=\"https:\/\/hopenmeteo.no\/wp-content\/uploads\/2013\/08\/Thorkelsenskaret-Garstadstranda.jpg\" width=\"548\" height=\"756\" srcset=\"https:\/\/hopenmeteo.no\/wp-content\/uploads\/2013\/08\/Thorkelsenskaret-Garstadstranda.jpg 548w, https:\/\/hopenmeteo.no\/wp-content\/uploads\/2013\/08\/Thorkelsenskaret-Garstadstranda-217x300.jpg 217w\" sizes=\"auto, (max-width: 548px) 100vw, 548px\" \/><\/p>\n<p><a title=\"Garstadstranda\" href=\"https:\/\/hopenmeteo.no\/?page_id=1054\">Garstadstranda<\/a>, <a title=\"Bl\u00e5fjell\" href=\"https:\/\/hopenmeteo.no\/?page_id=1065\">Bl\u00e5fjell<\/a>, <a title=\"Thorkilsenskaret\" href=\"https:\/\/hopenmeteo.no\/?page_id=1080\">Thorkilsenskaret<\/a>, <a title=\"Thorkilsenskaret\" href=\"https:\/\/hopenmeteo.no\/?page_id=1080\">Casa Blanca<\/a>.<\/p>\n<p><img loading=\"lazy\" decoding=\"async\" class=\"alignleft size-full wp-image-965\" alt=\"Namnl\u00f8ysa-Sm\u00e5humpen\" src=\"https:\/\/hopenmeteo.no\/wp-content\/uploads\/2013\/08\/Namnl\u00f8ysa-Sm\u00e5humpen.jpg\" width=\"573\" height=\"770\" srcset=\"https:\/\/hopenmeteo.no\/wp-content\/uploads\/2013\/08\/Namnl\u00f8ysa-Sm\u00e5humpen.jpg 573w, https:\/\/hopenmeteo.no\/wp-content\/uploads\/2013\/08\/Namnl\u00f8ysa-Sm\u00e5humpen-223x300.jpg 223w\" sizes=\"auto, (max-width: 573px) 100vw, 573px\" \/><\/p>\n<p><a title=\"Sm\u00e5humpen\" href=\"https:\/\/hopenmeteo.no\/?page_id=1174\">Sm\u00e5humpen<\/a>, <a title=\"Sm\u00e5humpen Airport\" href=\"https:\/\/hopenmeteo.no\/?page_id=1200\">Sm\u00e5humpen Airport<\/a>, <a title=\"Hermansenskaret\" href=\"https:\/\/hopenmeteo.no\/?page_id=1194\">Hermansenskaret<\/a>, <a title=\"Russevika\" href=\"https:\/\/hopenmeteo.no\/?page_id=1210\">Russevika<\/a>, <a title=\"Russehytta\" href=\"https:\/\/hopenmeteo.no\/?page_id=1222\">Russehytta<\/a>, <a title=\"Bj\u00f8rnebo\" href=\"https:\/\/hopenmeteo.no\/?page_id=1228\">Bj\u00f8rnebo<\/a>, <a title=\"Styggdalen\" href=\"https:\/\/hopenmeteo.no\/?page_id=1231\">Styggdalen<\/a>, <a title=\"Johan Hjortfjellet\" href=\"https:\/\/hopenmeteo.no\/?page_id=1234\">Johan Hjortfjellet<\/a>, <a title=\"Kapp Beljaev\" href=\"https:\/\/hopenmeteo.no\/?page_id=1605\">Kapp Beljaev<\/a>, <a title=\"Djupsalen\" href=\"https:\/\/hopenmeteo.no\/?page_id=1246\">Djupsalen<\/a>, <a title=\"Namnl\u00f8ysa\" href=\"https:\/\/hopenmeteo.no\/?page_id=1251\">Namnl\u00f8ysa<\/a> <\/p>\n<p>.<\/p>\n<p><img loading=\"lazy\" decoding=\"async\" class=\"alignleft size-full wp-image-966\" alt=\"Werenskiold-Kollerfjellet\" src=\"https:\/\/hopenmeteo.no\/wp-content\/uploads\/2013\/08\/Werenskiold-Kollerfjellet.jpg\" width=\"652\" height=\"803\" srcset=\"https:\/\/hopenmeteo.no\/wp-content\/uploads\/2013\/08\/Werenskiold-Kollerfjellet.jpg 652w, https:\/\/hopenmeteo.no\/wp-content\/uploads\/2013\/08\/Werenskiold-Kollerfjellet-243x300.jpg 243w, https:\/\/hopenmeteo.no\/wp-content\/uploads\/2013\/08\/Werenskiold-Kollerfjellet-649x800.jpg 649w\" sizes=\"auto, (max-width: 652px) 100vw, 652px\" \/><\/p>\n<p><a title=\"Kollerfjellet\" href=\"https:\/\/hopenmeteo.no\/?page_id=1256\">Kollerfjellet<\/a>, <a title=\"Hugos\u00f8kket\" href=\"https:\/\/hopenmeteo.no\/?page_id=1267\">Hugos\u00f8kket<\/a>, <a title=\"Livb\u00e5tstranda\" href=\"https:\/\/hopenmeteo.no\/?page_id=1273\">Livb\u00e5tstranda<\/a>, <a title=\"G\u00e5skaret\" href=\"https:\/\/hopenmeteo.no\/?page_id=1276\">G\u00e5skaret<\/a>, <a title=\"Knulterodden\" href=\"https:\/\/hopenmeteo.no\/?page_id=1280\">Knulterodden<\/a>, <a title=\"Trollkallen\" href=\"https:\/\/hopenmeteo.no\/?page_id=1283\">Trollkallen<\/a>, <a title=\"Bj\u00f8rnstranda\" href=\"https:\/\/hopenmeteo.no\/?page_id=1302\">Bj\u00f8rnstranda<\/a>, <a title=\"Johshytta\" href=\"https:\/\/hopenmeteo.no\/?page_id=1319\">Johshytta\/Vesthytta<\/a>, <a title=\"Marmadukeskaret\" href=\"https:\/\/hopenmeteo.no\/?page_id=1492\">Marmadukeskaret<\/a>,\u00a0<a title=\"Radio Hopen \u2013 Hope meteorologiske stasjon\" href=\"https:\/\/hopenmeteo.no\/?page_id=1341\">Hopen Radio<\/a>, <a title=\"Nilsebu\" href=\"https:\/\/hopenmeteo.no\/?page_id=1431\">Nilsebu<\/a>, <a title=\"Bj\u00f8rnsletta\" href=\"https:\/\/hopenmeteo.no\/?page_id=1326\">Bj\u00f8rnsletta<\/a>, <a title=\"Husdalen\" href=\"https:\/\/hopenmeteo.no\/?page_id=1435\">Husdalen<\/a>, <a title=\"Askheimodden\" href=\"https:\/\/hopenmeteo.no\/?page_id=1456\">Askheimodden<\/a>, <a title=\"Werenskioldfjellet\" href=\"https:\/\/hopenmeteo.no\/?page_id=1463\">Werenskioldfjellet<\/a>, <a title=\"Fuglefjellet under Werenskiolds \u00f8stside og n\u00e6rmeste nabo til stasjonen\" href=\"https:\/\/hopenmeteo.no\/?page_id=1611\">Fuglefjellet<\/a>, <a title=\"Kvalen\" href=\"https:\/\/hopenmeteo.no\/?page_id=1474\">Kvalen<\/a>, <a title=\"Skakkbu\" href=\"https:\/\/hopenmeteo.no\/?page_id=1484\">Skakkbu\/Camp Skakk.<\/a><\/p>\n<p><img loading=\"lazy\" decoding=\"async\" class=\"alignleft size-full wp-image-962\" alt=\"S\u00f8rdelen\" src=\"https:\/\/hopenmeteo.no\/wp-content\/uploads\/2013\/08\/S\u00f8rdelen.jpg\" width=\"485\" height=\"782\" srcset=\"https:\/\/hopenmeteo.no\/wp-content\/uploads\/2013\/08\/S\u00f8rdelen.jpg 485w, https:\/\/hopenmeteo.no\/wp-content\/uploads\/2013\/08\/S\u00f8rdelen-186x300.jpg 186w\" sizes=\"auto, (max-width: 485px) 100vw, 485px\" \/><\/p>\n<p>&nbsp;<\/p>\n<p>&nbsp;<\/p>\n<p>&nbsp;<\/p>\n<p>&nbsp;<\/p>\n<p>&nbsp;<\/p>\n<p>&nbsp;<\/p>\n<p>&nbsp;<\/p>\n<p>&nbsp;<\/p>\n<p>&nbsp;<\/p>\n<p>&nbsp;<\/p>\n<p>&nbsp;<\/p>\n<p>&nbsp;<\/p>\n<p>&nbsp;<\/p>\n<p>&nbsp;<\/p>\n<p>&nbsp;<\/p>\n<p>&nbsp;<\/p>\n<p><a title=\"Egsetstranda\" href=\"https:\/\/hopenmeteo.no\/?page_id=1512\">Egsetstranda<\/a>, <a title=\"Heniesalen\" href=\"https:\/\/hopenmeteo.no\/?page_id=1526\">Heniesalen<\/a>, <a title=\"Gibraltar\" href=\"https:\/\/hopenmeteo.no\/?page_id=1762\">Gibraltar<\/a>, <a title=\"Kvasstoppen\" href=\"https:\/\/hopenmeteo.no\/?page_id=1532\">Kvasstoppen<\/a>, <a title=\"Bekkeskaret\" href=\"https:\/\/hopenmeteo.no\/?page_id=1541\">Bekkeskaret<\/a>, <a title=\"Malmskaret\" href=\"https:\/\/hopenmeteo.no\/?page_id=1558\">Malmskaret<\/a>, <a title=\"Tovikbukta\" href=\"https:\/\/hopenmeteo.no\/?page_id=1564\">Tovikbukta<\/a>, <a title=\"Kofoedodden\" href=\"https:\/\/hopenmeteo.no\/?page_id=1571\">Kofoedodden<\/a>, <a title=\"S\u00f8rhytta\" href=\"https:\/\/hopenmeteo.no\/?page_id=1574\">S\u00f8rhytta<\/a>, <a title=\"Rudihytta\" href=\"https:\/\/hopenmeteo.no\/?page_id=1579\">Rudihytta<\/a>, <a title=\"Skumskj\u00e6ra\" href=\"https:\/\/hopenmeteo.no\/?page_id=1582\">Skumskj\u00e6ra<\/a>, <a title=\"Iversenfjellet\" href=\"https:\/\/hopenmeteo.no\/?page_id=1584\">Iversenfjellet<\/a>, <a title=\"Vesterodden\" href=\"https:\/\/hopenmeteo.no\/?page_id=1596\">Vesterodden<\/a>, <a title=\"Kapp Thor\" href=\"https:\/\/hopenmeteo.no\/?page_id=1598\">Kapp Thor.<\/a><\/p>\n<p>&nbsp;<\/p>\n<p>&nbsp;<\/p>\n","protected":false},"excerpt":{"rendered":"<p>Fra denne siden vil du finne alle steder som er navngitte p\u00e5 Hopen. Hvert sted har f\u00e5tt sin egen side med en liten beskrivelse samt bilder fra stedet. Kartene er hentet fra Norsk Polarinstitutt sitt kartverk: http:\/\/toposvalbard.npolar.no\/?lat=76.5831&amp;long=25.1650&amp;zoom=4 Klikk p\u00e5 stedsnavnene for \u00e5 f\u00e5 mer forklaring og se bilder fra stedene. &nbsp; &nbsp; &nbsp; &nbsp; &nbsp; &nbsp; &nbsp; &nbsp; &nbsp; &nbsp; &nbsp; &nbsp; &nbsp; &nbsp; &nbsp; &nbsp; &nbsp; &nbsp; Beisaren, N\u00f8rdstefjellet, Flatsalen, Binnedalen, Lyngefellet, Braastadskaret, Beisarhytta. Garstadstranda, Bl\u00e5fjell, Thorkilsenskaret, Casa Blanca. Sm\u00e5humpen, Sm\u00e5humpen Airport, Hermansenskaret, Russevika, Russehytta, Bj\u00f8rnebo, Styggdalen, Johan Hjortfjellet, Kapp Beljaev, Djupsalen, Namnl\u00f8ysa . Kollerfjellet, Hugos\u00f8kket, Livb\u00e5tstranda, G\u00e5skaret, Knulterodden, Trollkallen, Bj\u00f8rnstranda, Johshytta\/Vesthytta, Marmadukeskaret,\u00a0Hopen Radio, Nilsebu, Bj\u00f8rnsletta, Husdalen, Askheimodden, Werenskioldfjellet, &hellip; <a href=\"https:\/\/hopenmeteo.no\/?page_id=25\">Les videre <span class=\"meta-nav\">&rarr;<\/span><\/a><\/p>\n","protected":false},"author":1,"featured_media":0,"parent":0,"menu_order":0,"comment_status":"open","ping_status":"closed","template":"","meta":{"footnotes":""},"class_list":["post-25","page","type-page","status-publish","hentry"],"_links":{"self":[{"href":"https:\/\/hopenmeteo.no\/index.php?rest_route=\/wp\/v2\/pages\/25","targetHints":{"allow":["GET"]}}],"collection":[{"href":"https:\/\/hopenmeteo.no\/index.php?rest_route=\/wp\/v2\/pages"}],"about":[{"href":"https:\/\/hopenmeteo.no\/index.php?rest_route=\/wp\/v2\/types\/page"}],"author":[{"embeddable":true,"href":"https:\/\/hopenmeteo.no\/index.php?rest_route=\/wp\/v2\/users\/1"}],"replies":[{"embeddable":true,"href":"https:\/\/hopenmeteo.no\/index.php?rest_route=%2Fwp%2Fv2%2Fcomments&post=25"}],"version-history":[{"count":38,"href":"https:\/\/hopenmeteo.no\/index.php?rest_route=\/wp\/v2\/pages\/25\/revisions"}],"predecessor-version":[{"id":1774,"href":"https:\/\/hopenmeteo.no\/index.php?rest_route=\/wp\/v2\/pages\/25\/revisions\/1774"}],"wp:attachment":[{"href":"https:\/\/hopenmeteo.no\/index.php?rest_route=%2Fwp%2Fv2%2Fmedia&parent=25"}],"curies":[{"name":"wp","href":"https:\/\/api.w.org\/{rel}","templated":true}]}}