{"id":29,"date":"2013-08-06T22:37:04","date_gmt":"2013-08-06T20:37:04","guid":{"rendered":"http:\/\/hopenmeteo.no\/?page_id=29"},"modified":"2025-12-12T21:26:46","modified_gmt":"2025-12-12T20:26:46","slug":"geologi","status":"publish","type":"page","link":"https:\/\/hopenmeteo.no\/?page_id=29","title":{"rendered":"Geologi"},"content":{"rendered":"\n<p>Opplysningene her er basert p\u00e5 boka &#8216;Hopen 2000&#8217; av S\u00f8reide og B\u00f8rsting. De har hentet opplysninger fra flere kilder.<\/p>\n\n\n\n<p>Hopen er en del av Svalbard og har mange likheter med det vi oppfatter som fjellformasjoner og natur p\u00e5 Svalbard. \u00d8ya er bygd lagvis av sedimenter &#8211; eller avleiringer &#8211; i havet eller p\u00e5 land. Disse sedimentene har s\u00e5 blitt presset sammen til faste bergarter.<\/p>\n\n\n<div class=\"wp-block-image\">\n<figure class=\"alignleft\"><a href=\"https:\/\/hopenmeteo.no\/wp-content\/uploads\/2013\/08\/SAM_4080.jpg\"><img loading=\"lazy\" decoding=\"async\" width=\"300\" height=\"168\" src=\"https:\/\/hopenmeteo.no\/wp-content\/uploads\/2013\/08\/SAM_4080-300x168.jpg\" alt=\"Her ser en tydelig at \u00f8ya er bygd opp lag p\u00e5 lag med sedimenter. Dette er i Bekkeskaret.\" class=\"wp-image-957\" srcset=\"https:\/\/hopenmeteo.no\/wp-content\/uploads\/2013\/08\/SAM_4080-300x168.jpg 300w, https:\/\/hopenmeteo.no\/wp-content\/uploads\/2013\/08\/SAM_4080-500x281.jpg 500w, https:\/\/hopenmeteo.no\/wp-content\/uploads\/2013\/08\/SAM_4080.jpg 800w\" sizes=\"auto, (max-width: 300px) 100vw, 300px\" \/><\/a><figcaption class=\"wp-element-caption\">Her ser en tydelig at \u00f8ya er bygd opp lag p\u00e5 lag med sedimenter. Dette er i Bekkeskaret.<\/figcaption><\/figure>\n<\/div>\n\n\n<figure class=\"wp-block-image size-large is-resized\"><img loading=\"lazy\" decoding=\"async\" width=\"567\" height=\"800\" src=\"https:\/\/hopenmeteo.no\/wp-content\/uploads\/2025\/12\/julenissen-29540-567x800.jpg\" alt=\"\" class=\"wp-image-9272\" style=\"aspect-ratio:0.7137546468401487;width:107px;height:auto\" srcset=\"https:\/\/hopenmeteo.no\/wp-content\/uploads\/2025\/12\/julenissen-29540-567x800.jpg 567w, https:\/\/hopenmeteo.no\/wp-content\/uploads\/2025\/12\/julenissen-29540-213x300.jpg 213w, https:\/\/hopenmeteo.no\/wp-content\/uploads\/2025\/12\/julenissen-29540.jpg 620w\" sizes=\"auto, (max-width: 567px) 100vw, 567px\" \/><\/figure>\n\n\n\n<p><\/p>\n\n\n\n<p><\/p>\n\n\n\n<p><\/p>\n\n\n\n<p><\/p>\n\n\n\n<p><\/p>\n\n\n\n<p>En antar at \u00f8yas eldste opprinnelse kan g\u00e5 tilbake til sein Trias eller tidlig Jura. Trias regnes som den eldste perioden i jordas mellomalder &#8211; ca 200 millioner \u00e5r siden. Jura som vi mest kjenner som dinosaurenes tidsalder startet fra 199,6 millioner \u00e5r siden og varte til 145,5 millioner \u00e5r siden. Alts\u00e5 var det dinosaurer p\u00e5 jordkloden n\u00e5r Hopen fikk sin opprinnelse.<br \/>Sedimentene har forskjellig opphav som marine bergarter og ikke marine bergarter. I dette finnes det rester av plante- og dyremateriale, og fossiler finnes rundt om p\u00e5 \u00f8ya. Ikke de store forekomstene men det er mye av muslinger og sj\u00f8gress. G\u00e5r en p\u00e5 stranda p\u00e5 stasjonsomr\u00e5det og spesielt nordover mot fuglefjellet, finner en disse.<\/p>\n\n\n\n<p><\/p>\n\n\n<div class=\"wp-block-image\">\n<figure class=\"alignleft\"><a href=\"https:\/\/hopenmeteo.no\/wp-content\/uploads\/2013\/08\/SAM_3725.jpg\"><img loading=\"lazy\" decoding=\"async\" width=\"300\" height=\"168\" src=\"https:\/\/hopenmeteo.no\/wp-content\/uploads\/2013\/08\/SAM_3725-300x168.jpg\" alt=\"Her ser en tydelig hvordan sj\u00f8gress er blitt til fossiler. Funnet p\u00e5 stranda rett nord for b\u00e5tst\u00f8a.\" class=\"wp-image-952\" srcset=\"https:\/\/hopenmeteo.no\/wp-content\/uploads\/2013\/08\/SAM_3725-300x168.jpg 300w, https:\/\/hopenmeteo.no\/wp-content\/uploads\/2013\/08\/SAM_3725-500x281.jpg 500w, https:\/\/hopenmeteo.no\/wp-content\/uploads\/2013\/08\/SAM_3725.jpg 800w\" sizes=\"auto, (max-width: 300px) 100vw, 300px\" \/><\/a><figcaption class=\"wp-element-caption\">Her ser en tydelig hvordan sj\u00f8gress er blitt til fossiler. Funnet p\u00e5 stranda rett nord for b\u00e5tst\u00f8a.<\/figcaption><\/figure>\n<\/div>\n\n\n<p><\/p>\n\n\n\n<p><\/p>\n\n\n\n<p><\/p>\n\n\n\n<p><\/p>\n\n\n\n<p><\/p>\n\n\n\n<p><\/p>\n\n\n\n<p>Bergartene p\u00e5 Hopen er ganske skj\u00f8re. De smuldrer lett opp, etter \u00e5 ha blitt utsatt for frost og tining gjentatte ganger. Permafrosten g\u00e5r dypt i berggrunnen og sprenger sedimentlagene i stykker n\u00e5r de n\u00e6rmer seg overflaten. Sedimentene har blitt omdannet til sandstein og noen steder mergel som inneholder skifer og kalk. Det finnes ogs\u00e5 tynne lag av kull og av flintstein.   De to store fjellene\u00a0p\u00e5 hver sine av \u00f8ya, Iversenfjellet i s\u00f8r og Lyngefjellet i nord, best\u00e5r av hard sandstein og har bratte kanter ned i havet\u00a0p\u00e5 alle kanter bortsett fra innover mot \u00f8ya og for Iversenfjellet sin del, en st\u00f8rre odde som stikker ut p\u00e5 \u00f8stsiden (Kofoedodden). I de\u00a0midtre deler av \u00f8ya heller lagene skr\u00e5tt mot \u00f8st og her finner en st\u00f8rre avrenning og de fleste av bekkene finner vi her. Det er f\u00e5 bekker som renner vestover. P\u00e5 Djupsalen finner en den st\u00f8rste vestvendte bekken i et skar og en finner et lignende skar med bekk rett p\u00e5 s\u00f8rsida av toppen av Bl\u00e5fjell.<br \/>Den siste istiden er vel det som er starten av den egentlige historien til Hopen. Det var da \u00f8ya steg opp av havet, da isen begynte \u00e5 smelte og trykket p\u00e5 jorda ble lettere slik at landhevingen begynte. Og etter hvert stakk de f\u00f8rste fjellene p\u00e5 Hopen opp av isen. Det finnes rester av skuringsstriper etter isen flere steder p\u00e5 Hopen, men p\u00e5 grunn av erosjon av vann, vind og sn\u00f8 er disse i ferd med forsvinne eller viskes ut. Det er gjort klartlegging av disse og finnes beskrevet i boka &#8216;Hopen 2000&#8217;.<br \/>Da isen smeltet og blottla \u00f8ya ble det dannet terrasser der\u00a0drivved ble f\u00f8rt i land av havstr\u00f8m og vind. Etter hvert som havniv\u00e5et sank\/\u00f8ya hevet seg ble det flere slike terrasser oppover i terrenget.\u00a0Disse terrassen er godt synlig og en kan finne drivved som er ca 10 000 \u00e5r gammelt stikkende ut av fjellsiden. Spesielt er dette godt synlig fra sj\u00f8siden \u00f8st p\u00e5 Bl\u00e5fjell.<br \/>Isen bragte med seg flere fremmede bergarter, noe som en lett kan finne p\u00e5 stranda ved stasjonen. R\u00f8dlige steiner som er mye hardere enn den lokale sandsteinen som smuldrer opp, finner en overalt p\u00e5 strendene p\u00e5 \u00f8ya.<\/p>\n\n\n<div class=\"wp-block-image\">\n<figure class=\"alignleft\"><a href=\"https:\/\/hopenmeteo.no\/wp-content\/uploads\/2013\/08\/SAM_3704.jpg\"><img loading=\"lazy\" decoding=\"async\" width=\"300\" height=\"168\" src=\"https:\/\/hopenmeteo.no\/wp-content\/uploads\/2013\/08\/SAM_3704-300x168.jpg\" alt=\"Fremmede bergarter er blitt fraktet til \u00f8ye med isen fra den siste istiden.\" class=\"wp-image-951\" srcset=\"https:\/\/hopenmeteo.no\/wp-content\/uploads\/2013\/08\/SAM_3704-300x168.jpg 300w, https:\/\/hopenmeteo.no\/wp-content\/uploads\/2013\/08\/SAM_3704-500x281.jpg 500w, https:\/\/hopenmeteo.no\/wp-content\/uploads\/2013\/08\/SAM_3704.jpg 800w\" sizes=\"auto, (max-width: 300px) 100vw, 300px\" \/><\/a><figcaption class=\"wp-element-caption\">Fremmede bergarter er blitt fraktet til \u00f8ya med isen fra den siste istiden.<\/figcaption><\/figure>\n<\/div>\n\n\n<p><\/p>\n\n\n\n<p><\/p>\n\n\n\n<p><\/p>\n\n\n\n<p><\/p>\n\n\n\n<p><\/p>\n\n\n\n<p><\/p>\n\n\n\n<p><span style=\"text-decoration: underline;\">\u00d8yas tillintetgj\u00f8relse.<\/span><br \/>Det h\u00f8res dramatisk ut, men det er slik i naturen at det finnes krefter som presser land opp av havet, mens andre krefter pr\u00f8ver \u00e5 jevne dette ut igjen. Vind, vann, sn\u00f8 og frost er de fire kreftene som sammen med \u00f8yas spesielle geologi, de lagvise formasjonene av sandstein og noen andre bergarter, som eroderer \u00f8ya.<\/p>\n\n\n<div class=\"wp-block-image\">\n<figure class=\"alignleft\"><a href=\"https:\/\/hopenmeteo.no\/wp-content\/uploads\/2013\/08\/SAM_4106.jpg\"><img loading=\"lazy\" decoding=\"async\" width=\"300\" height=\"168\" src=\"https:\/\/hopenmeteo.no\/wp-content\/uploads\/2013\/08\/SAM_4106-300x168.jpg\" alt=\"Her har bekken i Bekkeskaret sk\u00e5ret seg ganske dypt ned i fjellet p\u00e5 Hopen.\" class=\"wp-image-955\" srcset=\"https:\/\/hopenmeteo.no\/wp-content\/uploads\/2013\/08\/SAM_4106-300x168.jpg 300w, https:\/\/hopenmeteo.no\/wp-content\/uploads\/2013\/08\/SAM_4106-500x281.jpg 500w, https:\/\/hopenmeteo.no\/wp-content\/uploads\/2013\/08\/SAM_4106.jpg 800w\" sizes=\"auto, (max-width: 300px) 100vw, 300px\" \/><\/a><figcaption class=\"wp-element-caption\">Her har bekken i Bekkeskaret sk\u00e5ret seg ganske dypt ned i fjellet p\u00e5 Hopen.<\/figcaption><\/figure>\n<\/div>\n\n\n<p><\/p>\n\n\n\n<p><\/p>\n\n\n\n<p><\/p>\n\n\n\n<p><\/p>\n\n\n\n<p><\/p>\n\n\n\n<p><\/p>\n\n\n\n<p>Det er tydeligst \u00e5 se dette p\u00e5 sommeren, n\u00e5r sn\u00f8skavlene smelter og etter st\u00f8rre regnskyll. Da vaskes ut st\u00f8rre partier av oppsmuldret sandstein og leire som raser nedover og til slutt ut i havet.<\/p>\n\n\n<div class=\"wp-block-image\">\n<figure class=\"alignleft\"><a href=\"https:\/\/hopenmeteo.no\/wp-content\/uploads\/2013\/08\/SAM_7864.jpg\"><img loading=\"lazy\" decoding=\"async\" width=\"300\" height=\"168\" src=\"https:\/\/hopenmeteo.no\/wp-content\/uploads\/2013\/08\/SAM_7864-300x168.jpg\" alt=\"Her har et omr\u00e5de i overgangen mellom Werenskioldfjellet og Bj\u00f8rnsletta glidd ut etter et par dagers kraftig regn.\" class=\"wp-image-958\" srcset=\"https:\/\/hopenmeteo.no\/wp-content\/uploads\/2013\/08\/SAM_7864-300x168.jpg 300w, https:\/\/hopenmeteo.no\/wp-content\/uploads\/2013\/08\/SAM_7864-500x281.jpg 500w, https:\/\/hopenmeteo.no\/wp-content\/uploads\/2013\/08\/SAM_7864.jpg 800w\" sizes=\"auto, (max-width: 300px) 100vw, 300px\" \/><\/a><figcaption class=\"wp-element-caption\">Her har et omr\u00e5de i overgangen mellom Werenskioldfjellet og Bj\u00f8rnsletta glidd ut etter et par dagers kraftig regn.<\/figcaption><\/figure>\n<\/div>\n\n\n<p><\/p>\n\n\n\n<p><\/p>\n\n\n\n<p><\/p>\n\n\n\n<p><\/p>\n\n\n\n<p><\/p>\n\n\n\n<p><\/p>\n\n\n\n<p>Det raser ofte ut i fuglefjellene nord og s\u00f8r for stasjonen, noe som en m\u00e5 v\u00e6re klar over hvis en skal forsere disse.<\/p>\n\n\n<div class=\"wp-block-image\">\n<figure class=\"alignleft\"><a href=\"https:\/\/hopenmeteo.no\/wp-content\/uploads\/2013\/08\/SAM_3628.jpg\"><img loading=\"lazy\" decoding=\"async\" width=\"300\" height=\"168\" src=\"https:\/\/hopenmeteo.no\/wp-content\/uploads\/2013\/08\/SAM_3628-300x168.jpg\" alt=\"Her ser en tydelig st\u00f8rre og mindre ras fra fuglefjellet under Trollkallen, rett nord for stasjonen.\" class=\"wp-image-950\" srcset=\"https:\/\/hopenmeteo.no\/wp-content\/uploads\/2013\/08\/SAM_3628-300x168.jpg 300w, https:\/\/hopenmeteo.no\/wp-content\/uploads\/2013\/08\/SAM_3628-500x281.jpg 500w, https:\/\/hopenmeteo.no\/wp-content\/uploads\/2013\/08\/SAM_3628.jpg 800w\" sizes=\"auto, (max-width: 300px) 100vw, 300px\" \/><\/a><figcaption class=\"wp-element-caption\">Her ser en tydelig st\u00f8rre og mindre ras fra fuglefjellet under Trollkallen, rett nord for stasjonen.<\/figcaption><\/figure>\n<\/div>\n\n\n<p><\/p>\n\n\n\n<p><\/p>\n\n\n\n<p><\/p>\n\n\n\n<p><\/p>\n\n\n\n<p><\/p>\n\n\n\n<p><\/p>\n\n\n\n<p>Avrenning av vann har skapt st\u00f8rre og mindre skar p\u00e5 \u00f8ya. Hugos\u00f8kket, Binnedalen, G\u00e5skaret og ikke minst Bekkeskaret er eksempler p\u00e5 disse. Det raser stadig ut masser fra sidene i disse skarene og dalene.<\/p>\n\n\n<div class=\"wp-block-image\">\n<figure class=\"alignleft\"><a href=\"https:\/\/hopenmeteo.no\/wp-content\/uploads\/2013\/08\/SAM_4094.jpg\"><img loading=\"lazy\" decoding=\"async\" width=\"300\" height=\"168\" src=\"https:\/\/hopenmeteo.no\/wp-content\/uploads\/2013\/08\/SAM_4094-300x168.jpg\" alt=\"Utrasing av masser i bekkeskaret. Bekken f\u00f8rer massene med seg ut i sj\u00f8en etter hvert.\" class=\"wp-image-954\" srcset=\"https:\/\/hopenmeteo.no\/wp-content\/uploads\/2013\/08\/SAM_4094-300x168.jpg 300w, https:\/\/hopenmeteo.no\/wp-content\/uploads\/2013\/08\/SAM_4094-500x281.jpg 500w, https:\/\/hopenmeteo.no\/wp-content\/uploads\/2013\/08\/SAM_4094.jpg 800w\" sizes=\"auto, (max-width: 300px) 100vw, 300px\" \/><\/a><figcaption class=\"wp-element-caption\">Utrasing av masser i bekkeskaret. Bekken f\u00f8rer massene med seg ut i sj\u00f8en etter hvert.<\/figcaption><\/figure>\n<\/div>\n\n\n<p><\/p>\n\n\n\n<p><\/p>\n\n\n\n<p><\/p>\n\n\n\n<p><\/p>\n\n\n\n<p><\/p>\n\n\n\n<p><\/p>\n\n\n\n<p>Det er blitt aldersbestemt flere funn av treverk p\u00e5 \u00f8ya der den eldste er bestemt til 9510 \u00e5r, omtrent p\u00e5 siste istids slutt. V\u00e5re forfedre gikk da med skinnkl\u00e6r p\u00e5 jakt langs Norges kyst. Det ble funnet i en h\u00f8yde p\u00e5 51,1 m over havet. En annen trestamme ble funnet under mose og er datert til \u00e5r 1200, alts\u00e5 i v\u00e5r vikingetid. Det er ogs\u00e5 funnet hvalbein som er aldersbestemt til 4155 \u00e5r tilbake.<script> end106_() <\/script><\/p>\n","protected":false},"excerpt":{"rendered":"<p>Opplysningene her er basert p\u00e5 boka &#8216;Hopen 2000&#8217; av S\u00f8reide og B\u00f8rsting. De har hentet opplysninger fra flere kilder. Hopen er en del av Svalbard og har mange likheter med det vi oppfatter som fjellformasjoner og natur p\u00e5 Svalbard. \u00d8ya er bygd lagvis av sedimenter &#8211; eller avleiringer &#8211; i havet eller p\u00e5 land. Disse sedimentene har s\u00e5 blitt presset sammen til faste bergarter. En antar at \u00f8yas eldste opprinnelse kan g\u00e5 tilbake til sein Trias eller tidlig Jura. Trias regnes som den eldste perioden i jordas mellomalder &#8211; ca 200 millioner \u00e5r siden. Jura som vi mest kjenner som dinosaurenes tidsalder startet fra 199,6 millioner \u00e5r siden og varte &hellip; <a href=\"https:\/\/hopenmeteo.no\/?page_id=29\">Les videre <span class=\"meta-nav\">&rarr;<\/span><\/a><\/p>\n","protected":false},"author":1,"featured_media":0,"parent":0,"menu_order":0,"comment_status":"open","ping_status":"closed","template":"","meta":{"footnotes":""},"class_list":["post-29","page","type-page","status-publish","hentry"],"_links":{"self":[{"href":"https:\/\/hopenmeteo.no\/index.php?rest_route=\/wp\/v2\/pages\/29","targetHints":{"allow":["GET"]}}],"collection":[{"href":"https:\/\/hopenmeteo.no\/index.php?rest_route=\/wp\/v2\/pages"}],"about":[{"href":"https:\/\/hopenmeteo.no\/index.php?rest_route=\/wp\/v2\/types\/page"}],"author":[{"embeddable":true,"href":"https:\/\/hopenmeteo.no\/index.php?rest_route=\/wp\/v2\/users\/1"}],"replies":[{"embeddable":true,"href":"https:\/\/hopenmeteo.no\/index.php?rest_route=%2Fwp%2Fv2%2Fcomments&post=29"}],"version-history":[{"count":12,"href":"https:\/\/hopenmeteo.no\/index.php?rest_route=\/wp\/v2\/pages\/29\/revisions"}],"predecessor-version":[{"id":9273,"href":"https:\/\/hopenmeteo.no\/index.php?rest_route=\/wp\/v2\/pages\/29\/revisions\/9273"}],"wp:attachment":[{"href":"https:\/\/hopenmeteo.no\/index.php?rest_route=%2Fwp%2Fv2%2Fmedia&parent=29"}],"curies":[{"name":"wp","href":"https:\/\/api.w.org\/{rel}","templated":true}]}}