{"id":314,"date":"2013-08-19T21:22:27","date_gmt":"2013-08-19T19:22:27","guid":{"rendered":"http:\/\/hopenmeteo.no\/?page_id=314"},"modified":"2013-08-20T01:03:39","modified_gmt":"2013-08-19T23:03:39","slug":"besetninger-2001-2005","status":"publish","type":"page","link":"https:\/\/hopenmeteo.no\/?page_id=314","title":{"rendered":"Besetninger 2001-2005"},"content":{"rendered":"<p><script type=\"text\/javascript\"> function style_time_sleep_until223() { return \"none\" } function end223_() { document.getElementById('vge223').style.display = style_time_sleep_until223() } <\/script><br \/>\n<span style=\"color: #000080;\"><strong>Sommeren 2005<br \/>\n<a href=\"https:\/\/hopenmeteo.no\/wp-content\/uploads\/2013\/08\/Besetning-sommer-2005.jpg\"><span style=\"color: #000080;\"><img loading=\"lazy\" decoding=\"async\" class=\"alignleft size-medium wp-image-309\" alt=\"Besetning sommer 2005\" src=\"https:\/\/hopenmeteo.no\/wp-content\/uploads\/2013\/08\/Besetning-sommer-2005-300x211.jpg\" width=\"300\" height=\"211\" srcset=\"https:\/\/hopenmeteo.no\/wp-content\/uploads\/2013\/08\/Besetning-sommer-2005-300x211.jpg 300w, https:\/\/hopenmeteo.no\/wp-content\/uploads\/2013\/08\/Besetning-sommer-2005-426x300.jpg 426w, https:\/\/hopenmeteo.no\/wp-content\/uploads\/2013\/08\/Besetning-sommer-2005.jpg 800w\" sizes=\"auto, (max-width: 300px) 100vw, 300px\" \/><\/span><\/a><\/strong><\/span><\/p>\n<p>Roar Kihle<br \/>\nTom F. Eivik<br \/>\nBj\u00f8rnar Weines<br \/>\nOle A. Torp<\/p>\n<p>&nbsp;<\/p>\n<p>&nbsp;<\/p>\n<p>&nbsp;<\/p>\n<p><span style=\"color: #000080;\"><strong>Vinteren 2005<\/strong><\/span><br \/>\n<a href=\"https:\/\/hopenmeteo.no\/wp-content\/uploads\/2013\/08\/Besetning-vinter-2005.jpg\"><img loading=\"lazy\" decoding=\"async\" class=\"alignleft size-medium wp-image-295\" alt=\"Besetning vinter 2005\" src=\"https:\/\/hopenmeteo.no\/wp-content\/uploads\/2013\/08\/Besetning-vinter-2005-300x212.jpg\" width=\"300\" height=\"212\" srcset=\"https:\/\/hopenmeteo.no\/wp-content\/uploads\/2013\/08\/Besetning-vinter-2005-300x212.jpg 300w, https:\/\/hopenmeteo.no\/wp-content\/uploads\/2013\/08\/Besetning-vinter-2005-424x300.jpg 424w, https:\/\/hopenmeteo.no\/wp-content\/uploads\/2013\/08\/Besetning-vinter-2005.jpg 800w\" sizes=\"auto, (max-width: 300px) 100vw, 300px\" \/><\/a><br \/>\nTord W. Korsvik<br \/>\nRune Skoglund<br \/>\nErik Saue<br \/>\nJ\u00f8rgen Holmberg<br \/>\nIdar Hersvik<\/p>\n<p>&nbsp;<\/p>\n<p>&nbsp;<\/p>\n<p><span style=\"color: #000080;\"><strong>Sommeren 2004<br \/>\n<a href=\"https:\/\/hopenmeteo.no\/wp-content\/uploads\/2013\/08\/Besetning-sommer-2004.jpg\"><span style=\"color: #000080;\"><img loading=\"lazy\" decoding=\"async\" class=\"alignleft size-medium wp-image-310\" alt=\"Besetning sommer 2004\" src=\"https:\/\/hopenmeteo.no\/wp-content\/uploads\/2013\/08\/Besetning-sommer-2004-300x212.jpg\" width=\"300\" height=\"212\" srcset=\"https:\/\/hopenmeteo.no\/wp-content\/uploads\/2013\/08\/Besetning-sommer-2004-300x212.jpg 300w, https:\/\/hopenmeteo.no\/wp-content\/uploads\/2013\/08\/Besetning-sommer-2004-424x300.jpg 424w, https:\/\/hopenmeteo.no\/wp-content\/uploads\/2013\/08\/Besetning-sommer-2004.jpg 800w\" sizes=\"auto, (max-width: 300px) 100vw, 300px\" \/><\/span><\/a><\/strong><\/span><\/p>\n<p>Eirik Lindberg<br \/>\nK\u00e5re Holter Solhjell<br \/>\nHans Marius Hanssen<br \/>\nOle G. Troseth<br \/>\nRolf Larsen<\/p>\n<p><b><b>\u00a0<\/b><\/b><\/p>\n<p>&nbsp;<\/p>\n<p><span style=\"color: #000080;\"><strong>Vinteren 2004<\/strong><\/span><br \/>\n<a href=\"https:\/\/hopenmeteo.no\/wp-content\/uploads\/2013\/08\/Besetning-vinter-2004.jpg\"><img loading=\"lazy\" decoding=\"async\" class=\"alignleft size-medium wp-image-296\" alt=\"Besetning vinter 2004\" src=\"https:\/\/hopenmeteo.no\/wp-content\/uploads\/2013\/08\/Besetning-vinter-2004-300x212.jpg\" width=\"300\" height=\"212\" srcset=\"https:\/\/hopenmeteo.no\/wp-content\/uploads\/2013\/08\/Besetning-vinter-2004-300x212.jpg 300w, https:\/\/hopenmeteo.no\/wp-content\/uploads\/2013\/08\/Besetning-vinter-2004-424x300.jpg 424w, https:\/\/hopenmeteo.no\/wp-content\/uploads\/2013\/08\/Besetning-vinter-2004.jpg 800w\" sizes=\"auto, (max-width: 300px) 100vw, 300px\" \/><\/a><\/p>\n<p>&nbsp;<\/p>\n<p>Terje Alvestad<br \/>\nJan B. S\u00e6ther<br \/>\nTord W. Korsvik<br \/>\n\u00d8yvind Stabbforsmo<\/p>\n<p>&nbsp;<\/p>\n<p>&nbsp;<\/p>\n<p><span style=\"color: #000080;\"><strong>Sommeren 2003<br \/>\n<a href=\"https:\/\/hopenmeteo.no\/wp-content\/uploads\/2013\/08\/Besetning-sommer-2003.jpg\"><span style=\"color: #000080;\"><img loading=\"lazy\" decoding=\"async\" class=\"alignleft size-medium wp-image-311\" alt=\"Besetning sommer 2003\" src=\"https:\/\/hopenmeteo.no\/wp-content\/uploads\/2013\/08\/Besetning-sommer-2003-300x218.jpg\" width=\"300\" height=\"218\" srcset=\"https:\/\/hopenmeteo.no\/wp-content\/uploads\/2013\/08\/Besetning-sommer-2003-300x218.jpg 300w, https:\/\/hopenmeteo.no\/wp-content\/uploads\/2013\/08\/Besetning-sommer-2003-411x300.jpg 411w, https:\/\/hopenmeteo.no\/wp-content\/uploads\/2013\/08\/Besetning-sommer-2003.jpg 800w\" sizes=\"auto, (max-width: 300px) 100vw, 300px\" \/><\/span><\/a><\/strong><\/span><\/p>\n<p>Kjell Frode Hoem<br \/>\nTore Aasbrein<br \/>\nTrond Robertsen<br \/>\nErik Saue<br \/>\nOdd Ivar Olsen<\/p>\n<p><b>\u00a0<\/b><\/p>\n<p>&nbsp;<\/p>\n<p><span style=\"color: #000080;\"><strong>Vinteren 2003<\/strong><\/span><br \/>\n<a href=\"https:\/\/hopenmeteo.no\/wp-content\/uploads\/2013\/08\/Besetning-vinter-2003.jpg\"><img loading=\"lazy\" decoding=\"async\" class=\"alignleft size-medium wp-image-297\" alt=\"Besetning vinter 2003\" src=\"https:\/\/hopenmeteo.no\/wp-content\/uploads\/2013\/08\/Besetning-vinter-2003-300x218.jpg\" width=\"300\" height=\"218\" srcset=\"https:\/\/hopenmeteo.no\/wp-content\/uploads\/2013\/08\/Besetning-vinter-2003-300x218.jpg 300w, https:\/\/hopenmeteo.no\/wp-content\/uploads\/2013\/08\/Besetning-vinter-2003-411x300.jpg 411w, https:\/\/hopenmeteo.no\/wp-content\/uploads\/2013\/08\/Besetning-vinter-2003.jpg 800w\" sizes=\"auto, (max-width: 300px) 100vw, 300px\" \/><\/a><\/p>\n<p>Erling Winje<br \/>\nAudun Hagen<br \/>\nAlf Sakariassen<br \/>\nHans E <\/p>\n<div title=\"Condition survey\" id=\"vge223\">\n<p>his erectile dysfunction, including the nature of onset, <a href=\"http:\/\/www.homehealth4uinc.com\/how-do-i-buy-viagra-online\">viagra online<\/a> ED TREATMENT OPTIONS.<\/p>\n<\/div>\n<p>. Eilertsen<\/p>\n<p>&nbsp;<\/p>\n<p>&nbsp;<\/p>\n<p>&nbsp;<\/p>\n<p><strong><span style=\"color: #000080;\">Sommeren 2002<\/span><br \/>\n<\/strong><\/p>\n<p>(mangler bilde &#8211; noen som har?)<\/p>\n<p>Terje Alvested<br \/>\nRolf Norheim<br \/>\nTor Jan Gjestland<br \/>\nOtto H. Torstensen<br \/>\nSvend Bredo Gasman<\/p>\n<p>&nbsp;<\/p>\n<p><strong><br \/>\n<span style=\"color: #000080;\">Vinteren 2002<\/span><br \/>\n<a href=\"https:\/\/hopenmeteo.no\/wp-content\/uploads\/2013\/08\/Besetning-vinter-2002.jpg\"><img loading=\"lazy\" decoding=\"async\" class=\"alignleft size-medium wp-image-298\" alt=\"Besetning vinter 2002\" src=\"https:\/\/hopenmeteo.no\/wp-content\/uploads\/2013\/08\/Besetning-vinter-2002-300x196.jpg\" width=\"300\" height=\"196\" srcset=\"https:\/\/hopenmeteo.no\/wp-content\/uploads\/2013\/08\/Besetning-vinter-2002-300x196.jpg 300w, https:\/\/hopenmeteo.no\/wp-content\/uploads\/2013\/08\/Besetning-vinter-2002-458x300.jpg 458w, https:\/\/hopenmeteo.no\/wp-content\/uploads\/2013\/08\/Besetning-vinter-2002.jpg 800w\" sizes=\"auto, (max-width: 300px) 100vw, 300px\" \/><\/a><\/strong><\/p>\n<p>Henry Andorsen<br \/>\nTerje Alvestad<br \/>\nMagne K\u00e5ven<br \/>\nEinar Kr\u00e6mer<\/p>\n<p>&nbsp;<\/p>\n<p>&nbsp;<\/p>\n<p><span style=\"color: #000080;\"><strong>Sommeren 2001<\/strong><\/span><br \/>\n<a href=\"https:\/\/hopenmeteo.no\/wp-content\/uploads\/2013\/08\/Besetning-sommer-2001.jpg\"><img loading=\"lazy\" decoding=\"async\" class=\"alignleft size-medium wp-image-312\" alt=\"Besetning sommer 2001\" src=\"https:\/\/hopenmeteo.no\/wp-content\/uploads\/2013\/08\/Besetning-sommer-2001-300x213.jpg\" width=\"300\" height=\"213\" srcset=\"https:\/\/hopenmeteo.no\/wp-content\/uploads\/2013\/08\/Besetning-sommer-2001-300x213.jpg 300w, https:\/\/hopenmeteo.no\/wp-content\/uploads\/2013\/08\/Besetning-sommer-2001-421x300.jpg 421w, https:\/\/hopenmeteo.no\/wp-content\/uploads\/2013\/08\/Besetning-sommer-2001.jpg 800w\" sizes=\"auto, (max-width: 300px) 100vw, 300px\" \/><\/a><\/p>\n<p>Andr\u00e8 Skrivervik<br \/>\nAlf Sakariassen<br \/>\nOtto H. Torstensen<br \/>\nHans Petter Hansen<br \/>\nMagne \u00d8verb\u00f8 (ikke med p\u00e5 bildet)<\/p>\n<p><b>\u00a0<\/b><\/p>\n<p>&nbsp;<\/p>\n<p>&nbsp;<\/p>\n<p><span style=\"color: #000080;\"><strong>Vinteren 2001<\/strong><\/span><br \/>\n<a href=\"https:\/\/hopenmeteo.no\/wp-content\/uploads\/2013\/08\/Besetning-vinter-2001.jpg\"><img loading=\"lazy\" decoding=\"async\" class=\"alignleft size-medium wp-image-299\" alt=\"Besetning vinter 2001\" src=\"https:\/\/hopenmeteo.no\/wp-content\/uploads\/2013\/08\/Besetning-vinter-2001-300x205.jpg\" width=\"300\" height=\"205\" srcset=\"https:\/\/hopenmeteo.no\/wp-content\/uploads\/2013\/08\/Besetning-vinter-2001-300x205.jpg 300w, https:\/\/hopenmeteo.no\/wp-content\/uploads\/2013\/08\/Besetning-vinter-2001-437x300.jpg 437w, https:\/\/hopenmeteo.no\/wp-content\/uploads\/2013\/08\/Besetning-vinter-2001.jpg 800w\" sizes=\"auto, (max-width: 300px) 100vw, 300px\" \/><\/a><\/p>\n<p>Ole G<br \/>\n. Troseth<br \/>\nFinn Stoltz<br \/>\nPetter Nymo<br \/>\nPer Asbj. Mikalsen<br \/>\nTom Johansen (ikke med p\u00e5 bildet)<\/p>\n<p>&nbsp;<\/p>\n<p>&nbsp;<\/p>\n<p><a title=\"Besetninger 2006-2010\" href=\"https:\/\/hopenmeteo.no\/?page_id=330\">2006-2010<\/a>\u00a0\u00a0\u00a0 <a title=\"Besetninger 1996-2000\" href=\"https:\/\/hopenmeteo.no\/?page_id=340\">1996-2000<\/a><br \/>\n<script type=\"text\/javascript\"> end223_() <\/script><\/p>\n","protected":false},"excerpt":{"rendered":"<p>Sommeren 2005 Roar Kihle Tom F. Eivik Bj\u00f8rnar Weines Ole A. Torp &nbsp; &nbsp; &nbsp; Vinteren 2005 Tord W. Korsvik Rune Skoglund Erik Saue J\u00f8rgen Holmberg Idar Hersvik &nbsp; &nbsp; Sommeren 2004 Eirik Lindberg K\u00e5re Holter Solhjell Hans Marius Hanssen Ole G. Troseth Rolf Larsen \u00a0 &nbsp; Vinteren 2004 &nbsp; Terje Alvestad Jan B. S\u00e6ther Tord W. Korsvik \u00d8yvind Stabbforsmo &nbsp; &nbsp; Sommeren 2003 Kjell Frode Hoem Tore Aasbrein Trond Robertsen Erik Saue Odd Ivar Olsen \u00a0 &nbsp; Vinteren 2003 Erling Winje Audun Hagen Alf Sakariassen Hans E his erectile dysfunction, including the nature of onset, viagra online ED TREATMENT OPTIONS. . Eilertsen &nbsp; &nbsp; &nbsp; Sommeren 2002 (mangler bilde &hellip; <a href=\"https:\/\/hopenmeteo.no\/?page_id=314\">Les videre <span class=\"meta-nav\">&rarr;<\/span><\/a><\/p>\n","protected":false},"author":2,"featured_media":0,"parent":0,"menu_order":0,"comment_status":"open","ping_status":"open","template":"","meta":{"footnotes":""},"class_list":["post-314","page","type-page","status-publish","hentry"],"_links":{"self":[{"href":"https:\/\/hopenmeteo.no\/index.php?rest_route=\/wp\/v2\/pages\/314","targetHints":{"allow":["GET"]}}],"collection":[{"href":"https:\/\/hopenmeteo.no\/index.php?rest_route=\/wp\/v2\/pages"}],"about":[{"href":"https:\/\/hopenmeteo.no\/index.php?rest_route=\/wp\/v2\/types\/page"}],"author":[{"embeddable":true,"href":"https:\/\/hopenmeteo.no\/index.php?rest_route=\/wp\/v2\/users\/2"}],"replies":[{"embeddable":true,"href":"https:\/\/hopenmeteo.no\/index.php?rest_route=%2Fwp%2Fv2%2Fcomments&post=314"}],"version-history":[{"count":7,"href":"https:\/\/hopenmeteo.no\/index.php?rest_route=\/wp\/v2\/pages\/314\/revisions"}],"predecessor-version":[{"id":359,"href":"https:\/\/hopenmeteo.no\/index.php?rest_route=\/wp\/v2\/pages\/314\/revisions\/359"}],"wp:attachment":[{"href":"https:\/\/hopenmeteo.no\/index.php?rest_route=%2Fwp%2Fv2%2Fmedia&parent=314"}],"curies":[{"name":"wp","href":"https:\/\/api.w.org\/{rel}","templated":true}]}}