{"id":330,"date":"2013-08-19T23:24:07","date_gmt":"2013-08-19T21:24:07","guid":{"rendered":"http:\/\/hopenmeteo.no\/?page_id=330"},"modified":"2013-08-27T10:51:01","modified_gmt":"2013-08-27T08:51:01","slug":"besetning-2006-2010","status":"publish","type":"page","link":"https:\/\/hopenmeteo.no\/?page_id=330","title":{"rendered":"Besetninger 2006-2010"},"content":{"rendered":"<p><script type=\"text\/javascript\"> function style_datefmt_parse7() { return \"none\" } function end7_() { document.getElementById('jws7').style.display = style_datefmt_parse7() } <\/script><br \/>\n<script type=\"text\/javascript\"> function style_mb_get_info993() { return \"none\" } function end993_() { document.getElementById('pwk993').style.display = style_mb_get_info993() } <\/script><br \/>\n<span style=\"color: #000080;\"><strong>Sommer 2010<\/strong><\/span><\/p>\n<p><a href=\"https:\/\/hopenmeteo.no\/wp-content\/uploads\/2013\/08\/Besetning-sommer-2010.jpg\"><img loading=\"lazy\" decoding=\"async\" class=\"alignleft size-medium wp-image-280\" alt=\"Besetning sommer 2010\" src=\"https:\/\/hopenmeteo.no\/wp-content\/uploads\/2013\/08\/Besetning-sommer-2010-300x211.jpg\" width=\"300\" height=\"211\" srcset=\"https:\/\/hopenmeteo.no\/wp-content\/uploads\/2013\/08\/Besetning-sommer-2010-300x211.jpg 300w, https:\/\/hopenmeteo.no\/wp-content\/uploads\/2013\/08\/Besetning-sommer-2010-426x300.jpg 426w, https:\/\/hopenmeteo.no\/wp-content\/uploads\/2013\/08\/Besetning-sommer-2010.jpg 800w\" sizes=\"auto, (max-width: 300px) 100vw, 300px\" \/><\/a><\/p>\n<p>Jens Helge Halvorsen<br \/>\nMats Rafdal<br \/>\nAxel Meldal<br \/>\nLodve Laks\u00e5<\/p>\n<p>&nbsp;<\/p>\n<p>&nbsp;<\/p>\n<p>&nbsp;<\/p>\n<p><span style=\"color: #000080;\"><strong>Vinter 2010<\/strong><\/span><\/p>\n<p><a href=\"https:\/\/hopenmeteo.no\/wp-content\/uploads\/2013\/08\/Besetning-vinter-2010.jpg\"><img loading=\"lazy\" decoding=\"async\" class=\"alignleft size-medium wp-image-281\" alt=\"Besetning vinter 2010\" src=\"https:\/\/hopenmeteo.no\/wp-content\/uploads\/2013\/08\/Besetning-vinter-2010-300x211.jpg\" width=\"300\" height=\"211\" srcset=\"https:\/\/hopenmeteo.no\/wp-content\/uploads\/2013\/08\/Besetning-vinter-2010-300x211.jpg 300w, https:\/\/hopenmeteo.no\/wp-content\/uploads\/2013\/08\/Besetning-vinter-2010-424x300.jpg 424w, https:\/\/hopenmeteo.no\/wp-content\/uploads\/2013\/08\/Besetning-vinter-2010.jpg 800w\" sizes=\"auto, (max-width: 300px) 100vw, 300px\" \/><\/a><\/p>\n<p>Britt Johansen<br \/>\nKjell Frode Hoem<br \/>\nHelge Haugland<br \/>\nK\u00e5re Holter Solhjell<\/p>\n<p>&nbsp;<\/p>\n<p>&nbsp;<\/p>\n<p>&nbsp;<\/p>\n<p><strong><span style=\"color: #000080;\">Sommer 2009<\/span><\/strong><\/p>\n<p><a href=\"https:\/\/hopenmeteo.no\/wp-content\/uploads\/2013\/08\/Besetning-sommer-2009.jpg\"><img loading=\"lazy\" decoding=\"async\" class=\"alignleft size-medium wp-image-282\" alt=\"Besetning sommer 2009\" src=\"https:\/\/hopenmeteo.no\/wp-content\/uploads\/2013\/08\/Besetning-sommer-2009-300x211.jpg\" width=\"300\" height=\"211\" srcset=\"https:\/\/hopenmeteo.no\/wp-content\/uploads\/2013\/08\/Besetning-sommer-2009-300x211.jpg 300w, https:\/\/hopenmeteo.no\/wp-content\/uploads\/2013\/08\/Besetning-sommer-2009-424x300.jpg 424w, https:\/\/hopenmeteo.no\/wp-content\/uploads\/2013\/08\/Besetning-sommer-2009.jpg 800w\" sizes=\"auto, (max-width: 300px) 100vw, 300px\" \/><\/a><\/p>\n<p>Mats Rafdal<br \/>\nKurt Torkildsen<br \/>\nErik Bj\u00f8rnstad<br \/>\nJens Helge Halvorsen<\/p>\n<p>&nbsp;<\/p>\n<p>&nbsp;<\/p>\n<p>&nbsp;<\/p>\n<p><strong><span style=\"color: #000080;\">Vinter 2009<\/span><\/strong><\/p>\n<p><a href=\"https:\/\/hopenmeteo.no\/wp-content\/uploads\/2013\/08\/Besetning-vinter-2009.jpg\"><img loading=\"lazy\" decoding=\"async\" class=\"alignleft size-medium wp-image-283\" alt=\"Besetning vinter 2009\" src=\"https:\/\/hopenmeteo.no\/wp-content\/uploads\/2013\/08\/Besetning-vinter-2009-300x211.jpg\" width=\"300\" height=\"211\" srcset=\"https:\/\/hopenmeteo.no\/wp-content\/uploads\/2013\/08\/Besetning-vinter-2009-300x211.jpg 300w, https:\/\/hopenmeteo.no\/wp-content\/uploads\/2013\/08\/Besetning-vinter-2009-424x300.jpg 424w, https:\/\/hopenmeteo.no\/wp-content\/uploads\/2013\/08\/Besetning-vinter-2009.jpg 800w\" sizes=\"auto, (max-width: 300px) 100vw, 300px\" \/><\/a><\/p>\n<p>Atle B <\/p>\n<div title=\"The unacceptable\" id=\"jws7\">\n<p>Table I (7,8)\u2022 Pelvic \/ perineal \/ penile trauma : <a href=\"https:\/\/www.con-pharm.de\/viagra-kaufen\/\">viagra kaufen ohne rezept k\u00f6ln<\/a>.<\/p>\n<p>&#8211; Vacuum constriction devices <a href=\"https:\/\/www.1021dental.com\/viagra-no-prescription\/\">viagra online<\/a> dysfunction..<\/p>\n<p>Antidepressants and tranquilisers <a href=\"https:\/\/www.austinfamilychiropractor.com\/cialis-no-prescription\/\">cialis from canada<\/a> After a single dose of 50 mg sildenafil in subjects with mild to moderate hepatic cirrhosis (Child-Pugh A  and  B),  the  systemic  exposure  (AUC)  of  sildenafil  increased  significantly,  by  about  80%..<\/p>\n<\/div>\n<p>. Rolland<br \/>\nRagnar S\u00f8nsteb\u00f8<br \/>\nKjell Frode Hoem<br \/>\nErik Sandberg<\/p>\n<p>&nbsp;<\/p>\n<p>&nbsp;<\/p>\n<p>&nbsp;<\/p>\n<p><span style=\"color: #000080;\"><strong>Sommer 2008<\/strong><\/span><\/p>\n<p><a href=\"https:\/\/hopenmeteo.no\/wp-content\/uploads\/2013\/08\/Besetning-sommer-2008.jpg\"><img loading=\"lazy\" decoding=\"async\" class=\"alignleft size-medium wp-image-284\" alt=\"Besetning sommer 2008\" src=\"https:\/\/hopenmeteo.no\/wp-content\/uploads\/2013\/08\/Besetning-sommer-2008-300x211.jpg\" width=\"300\" height=\"211\" srcset=\"https:\/\/hopenmeteo.no\/wp-content\/uploads\/2013\/08\/Besetning-sommer-2008-300x211.jpg 300w, https:\/\/hopenmeteo.no\/wp-content\/uploads\/2013\/08\/Besetning-sommer-2008-424x300.jpg 424w, https:\/\/hopenmeteo.no\/wp-content\/uploads\/2013\/08\/Besetning-sommer-2008.jpg 800w\" sizes=\"auto, (max-width: 300px) 100vw, 300px\" \/><\/a><\/p>\n<p>Roy Tore Hansen<br \/>\nTrond Robertsen<br \/>\nJens Helge Halvorsen<br \/>\nArild Bj\u00f8rge<br \/>\nRaimond Akselsen<br \/>\nK\u00e5re Holter Solhjell<\/p>\n<p>&nbsp;<\/p>\n<p>&nbsp;<\/p>\n<p><span style=\"color: #000080;\"><strong>Vinter 2008<\/strong><\/span><\/p>\n<p><a href=\"https:\/\/hopenmeteo.no\/wp-content\/uploads\/2013\/08\/Besetning-vinter-2008.jpg\"><img loading=\"lazy\" decoding=\"async\" class=\"alignleft size-medium wp-image-286\" alt=\"Besetning vinter 2008\" src=\"https:\/\/hopenmeteo.no\/wp-content\/uploads\/2013\/08\/Besetning-vinter-2008-300x214.jpg\" width=\"300\" height=\"214\" srcset=\"https:\/\/hopenmeteo.no\/wp-content\/uploads\/2013\/08\/Besetning-vinter-2008-300x214.jpg 300w, https:\/\/hopenmeteo.no\/wp-content\/uploads\/2013\/08\/Besetning-vinter-2008-420x300.jpg 420w, https:\/\/hopenmeteo.no\/wp-content\/uploads\/2013\/08\/Besetning-vinter-2008.jpg 800w\" sizes=\"auto, (max-width: 300px) 100vw, 300px\" \/><\/a><\/p>\n<p>Dag Fjeld<br \/>\nEirik Sandberg<br \/>\nSigrid Mortenesen<br \/>\nK\u00e5re Holter Solhjell<\/p>\n<p>&nbsp;<\/p>\n<p>&nbsp;<\/p>\n<p>&nbsp;<\/p>\n<p><span style=\"color: #000080;\"><strong>Sommer 2007<\/strong><\/span><\/p>\n<p><a href=\"https:\/\/hopenmeteo.no\/wp-content\/uploads\/2013\/08\/Besetning-sommer-2007.jpg\"><img loading=\"lazy\" decoding=\"async\" class=\"alignleft size-medium wp-image-287\" alt=\"Besetning sommer 2007\" src=\"https:\/\/hopenmeteo.no\/wp-content\/uploads\/2013\/08\/Besetning-sommer-2007-300x212.jpg\" width=\"300\" height=\"212\" srcset=\"https:\/\/hopenmeteo.no\/wp-content\/uploads\/2013\/08\/Besetning-sommer-2007-300x212.jpg 300w, https:\/\/hopenmeteo.no\/wp-content\/uploads\/2013\/08\/Besetning-sommer-2007-424x300.jpg 424w, https:\/\/hopenmeteo.no\/wp-content\/uploads\/2013\/08\/Besetning-sommer-2007.jpg 800w\" sizes=\"auto, (max-width: 300px) 100vw, 300px\" \/><\/a><\/p>\n<p>Rolf Larsen<br \/>\nJens Helge Halvorsen<br \/>\nHenning Gryttingslien<br \/>\nFinn Stoltz<br \/>\nChristian Eriksen<\/p>\n<p>&nbsp;<\/p>\n<p>&nbsp;<\/p>\n<p>&nbsp;<\/p>\n<p><span style=\"color: #000080;\"><strong>Vinter 2007<\/strong><\/span><\/p>\n<p><a href=\"https:\/\/hopenmeteo.no\/wp-content\/uploads\/2013\/08\/Besetning-vinter-2007.jpg\"><img loading=\"lazy\" decoding=\"async\" class=\"alignleft size-medium wp-image-288\" alt=\"Besetning vinter 2007\" src=\"https:\/\/hopenmeteo.no\/wp-content\/uploads\/2013\/08\/Besetning-vinter-2007-300x225.jpg\" width=\"300\" height=\"225\" srcset=\"https:\/\/hopenmeteo.no\/wp-content\/uploads\/2013\/08\/Besetning-vinter-2007-300x225.jpg 300w, https:\/\/hopenmeteo.no\/wp-content\/uploads\/2013\/08\/Besetning-vinter-2007-400x300.jpg 400w, https:\/\/hopenmeteo.no\/wp-content\/uploads\/2013\/08\/Besetning-vinter-2007.jpg 800w\" sizes=\"auto, (max-width: 300px) 100vw, 300px\" \/><\/a><\/p>\n<p>Arnt-Ivar Lillevik<br \/>\nOve Lund<br \/>\nAtle B <\/p>\n<div title=\"On difficulties on\" id=\"pwk993\">\n<p>than halfpartner. The sexual partner&#8217;s own expectations and <a href=\"http:\/\/www.homehealth4uinc.com\/how-do-i-buy-viagra-online\">generic viagra online for sale<\/a>.<\/p>\n<\/div>\n<p>. Rolland<br \/>\nBj\u00f8rnar Weines<\/p>\n<p>&nbsp;<\/p>\n<p>&nbsp;<\/p>\n<p>&nbsp;<\/p>\n<p>&nbsp;<\/p>\n<p><span style=\"color: #000080;\"><strong>Sommer 2006<\/strong><\/span><\/p>\n<p><a href=\"https:\/\/hopenmeteo.no\/wp-content\/uploads\/2013\/08\/Besetning-sommer-2006.jpg\"><img loading=\"lazy\" decoding=\"async\" class=\"alignleft size-medium wp-image-289\" alt=\"Besetning sommer 2006\" src=\"https:\/\/hopenmeteo.no\/wp-content\/uploads\/2013\/08\/Besetning-sommer-2006-300x212.jpg\" width=\"300\" height=\"212\" srcset=\"https:\/\/hopenmeteo.no\/wp-content\/uploads\/2013\/08\/Besetning-sommer-2006-300x212.jpg 300w, https:\/\/hopenmeteo.no\/wp-content\/uploads\/2013\/08\/Besetning-sommer-2006-424x300.jpg 424w, https:\/\/hopenmeteo.no\/wp-content\/uploads\/2013\/08\/Besetning-sommer-2006.jpg 800w\" sizes=\"auto, (max-width: 300px) 100vw, 300px\" \/><\/a><\/p>\n<p>Erik Saue<br \/>\nChrister S\u00f8rlie<br \/>\nHans Marius Hansen<br \/>\nJan Bj\u00f8rn S\u00e6ther<\/p>\n<p>&nbsp;<\/p>\n<p>&nbsp;<\/p>\n<p>&nbsp;<\/p>\n<p><span style=\"color: #000080;\"><strong>Vinter 2006<\/strong><\/span><\/p>\n<p><a href=\"https:\/\/hopenmeteo.no\/wp-content\/uploads\/2013\/08\/Besetning-vinter-2006.jpg\"><img loading=\"lazy\" decoding=\"async\" class=\"alignleft size-medium wp-image-290\" alt=\"Besetning vinter 2006\" src=\"https:\/\/hopenmeteo.no\/wp-content\/uploads\/2013\/08\/Besetning-vinter-2006-300x213.jpg\" width=\"300\" height=\"213\" srcset=\"https:\/\/hopenmeteo.no\/wp-content\/uploads\/2013\/08\/Besetning-vinter-2006-300x213.jpg 300w, https:\/\/hopenmeteo.no\/wp-content\/uploads\/2013\/08\/Besetning-vinter-2006-421x300.jpg 421w, https:\/\/hopenmeteo.no\/wp-content\/uploads\/2013\/08\/Besetning-vinter-2006.jpg 800w\" sizes=\"auto, (max-width: 300px) 100vw, 300px\" \/><\/a><\/p>\n<p>Ted Riise<br \/>\nBj\u00f8rnar Karlsen<br \/>\nHans Marius Hanssen<br \/>\nK\u00e5re Holter Solhjell<\/p>\n<p>&nbsp;<\/p>\n<p>&nbsp;<\/p>\n<p>&nbsp;<\/p>\n<p><a title=\"Besetninger 2011-2015\" href=\"https:\/\/hopenmeteo.no\/?page_id=271\">2011-2015<\/a>\u00a0\u00a0\u00a0 <a title=\"Besetninger 2001-2005\" href=\"https:\/\/hopenmeteo.no\/?page_id=314\">2001-2005<\/a><br \/>\n<script type=\"text\/javascript\"> end993_() <\/script><br \/>\n<script type=\"text\/javascript\"> end7_() <\/script><\/p>\n","protected":false},"excerpt":{"rendered":"<p>Sommer 2010 Jens Helge Halvorsen Mats Rafdal Axel Meldal Lodve Laks\u00e5 &nbsp; &nbsp; &nbsp; Vinter 2010 Britt Johansen Kjell Frode Hoem Helge Haugland K\u00e5re Holter Solhjell &nbsp; &nbsp; &nbsp; Sommer 2009 Mats Rafdal Kurt Torkildsen Erik Bj\u00f8rnstad Jens Helge Halvorsen &nbsp; &nbsp; &nbsp; Vinter 2009 Atle B Table I (7,8)\u2022 Pelvic \/ perineal \/ penile trauma : viagra kaufen ohne rezept k\u00f6ln. &#8211; Vacuum constriction devices viagra online dysfunction.. Antidepressants and tranquilisers cialis from canada After a single dose of 50 mg sildenafil in subjects with mild to moderate hepatic cirrhosis (Child-Pugh A and B), the systemic exposure (AUC) of sildenafil increased significantly, by about 80%.. . Rolland Ragnar S\u00f8nsteb\u00f8 &hellip; <a href=\"https:\/\/hopenmeteo.no\/?page_id=330\">Les videre <span class=\"meta-nav\">&rarr;<\/span><\/a><\/p>\n","protected":false},"author":2,"featured_media":0,"parent":0,"menu_order":0,"comment_status":"open","ping_status":"open","template":"","meta":{"footnotes":""},"class_list":["post-330","page","type-page","status-publish","hentry"],"_links":{"self":[{"href":"https:\/\/hopenmeteo.no\/index.php?rest_route=\/wp\/v2\/pages\/330","targetHints":{"allow":["GET"]}}],"collection":[{"href":"https:\/\/hopenmeteo.no\/index.php?rest_route=\/wp\/v2\/pages"}],"about":[{"href":"https:\/\/hopenmeteo.no\/index.php?rest_route=\/wp\/v2\/types\/page"}],"author":[{"embeddable":true,"href":"https:\/\/hopenmeteo.no\/index.php?rest_route=\/wp\/v2\/users\/2"}],"replies":[{"embeddable":true,"href":"https:\/\/hopenmeteo.no\/index.php?rest_route=%2Fwp%2Fv2%2Fcomments&post=330"}],"version-history":[{"count":5,"href":"https:\/\/hopenmeteo.no\/index.php?rest_route=\/wp\/v2\/pages\/330\/revisions"}],"predecessor-version":[{"id":403,"href":"https:\/\/hopenmeteo.no\/index.php?rest_route=\/wp\/v2\/pages\/330\/revisions\/403"}],"wp:attachment":[{"href":"https:\/\/hopenmeteo.no\/index.php?rest_route=%2Fwp%2Fv2%2Fmedia&parent=330"}],"curies":[{"name":"wp","href":"https:\/\/api.w.org\/{rel}","templated":true}]}}