{"id":3340,"date":"2016-06-04T00:08:14","date_gmt":"2016-06-03T23:08:14","guid":{"rendered":"http:\/\/hopenmeteo.no\/?page_id=3340"},"modified":"2024-01-01T18:00:13","modified_gmt":"2024-01-01T17:00:13","slug":"besetning-2016","status":"publish","type":"page","link":"https:\/\/hopenmeteo.no\/?page_id=3340","title":{"rendered":"Besetninger 2016 &#8211; 2020"},"content":{"rendered":"\n<figure class=\"wp-block-image size-medium\"><img loading=\"lazy\" decoding=\"async\" width=\"300\" height=\"202\" src=\"https:\/\/hopenmeteo.no\/wp-content\/uploads\/2020\/11\/Screenshot_20201104_102347-1-300x202.jpg\" alt=\"\" class=\"wp-image-6740\" srcset=\"https:\/\/hopenmeteo.no\/wp-content\/uploads\/2020\/11\/Screenshot_20201104_102347-1-300x202.jpg 300w, https:\/\/hopenmeteo.no\/wp-content\/uploads\/2020\/11\/Screenshot_20201104_102347-1-768x518.jpg 768w, https:\/\/hopenmeteo.no\/wp-content\/uploads\/2020\/11\/Screenshot_20201104_102347-1-800x539.jpg 800w, https:\/\/hopenmeteo.no\/wp-content\/uploads\/2020\/11\/Screenshot_20201104_102347-1-445x300.jpg 445w, https:\/\/hopenmeteo.no\/wp-content\/uploads\/2020\/11\/Screenshot_20201104_102347-1.jpg 1080w\" sizes=\"auto, (max-width: 300px) 100vw, 300px\" \/><\/figure>\n\n\n\n<p><strong>Sommer 2020<\/strong><br \/>Svenn Erik H\u00f8ylie<br \/>Haftor Lervik<br \/>Fredrik Lund<br \/>Tom Johansen<\/p>\n\n\n\n<figure class=\"wp-block-image size-medium\"><img loading=\"lazy\" decoding=\"async\" width=\"300\" height=\"190\" src=\"https:\/\/hopenmeteo.no\/wp-content\/uploads\/2020\/07\/IMG_8836-300x190.jpg\" alt=\"\" class=\"wp-image-6424\"\/><\/figure>\n\n\n\n<p><strong>Vinter 2019\/2020<\/strong><br \/>Hans-Olaf Reit\u00e5s<br \/>Tomas Eliesen<br \/>Gunnar Thorsen Liahfjell<br \/>Erland Eliesen<br \/>Tor Engh<\/p>\n\n\n\n<figure class=\"wp-block-image size-medium\"><img loading=\"lazy\" decoding=\"async\" width=\"300\" height=\"218\" src=\"https:\/\/hopenmeteo.no\/wp-content\/uploads\/2019\/11\/Hopen-sommeren-2019-endelig-300x218.jpg\" alt=\"\" class=\"wp-image-5928\"\/><\/figure>\n\n\n\n<p><strong>Sommer 2019<\/strong><br \/>Bj\u00f8rn Pollestad<br \/>Tom Johansen<br \/>Kenneth Vikane<br \/>Erland Eliesen<\/p>\n\n\n\n<figure class=\"wp-block-image size-medium\"><img loading=\"lazy\" decoding=\"async\" width=\"300\" height=\"203\" src=\"https:\/\/hopenmeteo.no\/wp-content\/uploads\/2019\/06\/Stamp-2-300x203.png\" alt=\"\" class=\"wp-image-5619\"\/><\/figure>\n\n\n\n<p><strong>Vinter 2018\/19<\/strong><br \/>Tom Erik Glomsrud<br \/>J\u00f8rn Inge Tomren<br \/>Mats Rafdal<br \/>J\u00f8rgen Kalv\u00e5 Fl\u00e5<\/p>\n\n\n\n<figure class=\"wp-block-image size-medium\"><img loading=\"lazy\" decoding=\"async\" width=\"300\" height=\"200\" src=\"https:\/\/hopenmeteo.no\/wp-content\/uploads\/2019\/06\/Besetning2018ny-300x200.jpg\" alt=\"\" class=\"wp-image-5617\"\/><\/figure>\n\n\n\n<p><strong>Sommeren 2018<\/strong><br \/>Aleksander Dekke L\u00f8berg<br \/>Tom Johansen<br \/>Eva Fuglset<br \/>Terje Grime<\/p>\n\n\n\n<p><\/p>\n\n\n\n<figure class=\"wp-block-image size-medium\"><img loading=\"lazy\" decoding=\"async\" width=\"300\" height=\"209\" src=\"https:\/\/hopenmeteo.no\/wp-content\/uploads\/2018\/06\/Besetningsbilde-vinter-2018-300x209.jpg\" alt=\"\" class=\"wp-image-5041\" srcset=\"https:\/\/hopenmeteo.no\/wp-content\/uploads\/2018\/06\/Besetningsbilde-vinter-2018-300x209.jpg 300w, https:\/\/hopenmeteo.no\/wp-content\/uploads\/2018\/06\/Besetningsbilde-vinter-2018-768x536.jpg 768w, https:\/\/hopenmeteo.no\/wp-content\/uploads\/2018\/06\/Besetningsbilde-vinter-2018.jpg 800w, https:\/\/hopenmeteo.no\/wp-content\/uploads\/2018\/06\/Besetningsbilde-vinter-2018-430x300.jpg 430w\" sizes=\"auto, (max-width: 300px) 100vw, 300px\" \/><\/figure>\n\n\n\n<p><strong>Vinter 2017\/18<\/strong><br \/>Bj\u00f8rn N. Myklebust<br \/>Ragnar S\u00f8nsteb\u00f8<br \/>Erland Eliesen<br \/>Ted Torfoss<\/p>\n\n\n\n<figure class=\"wp-block-image size-medium\"><img loading=\"lazy\" decoding=\"async\" width=\"300\" height=\"200\" src=\"https:\/\/hopenmeteo.no\/wp-content\/uploads\/2017\/11\/stasjonsbilde-final-1024x683-300x200.jpg\" alt=\"\" class=\"wp-image-4263\" srcset=\"https:\/\/hopenmeteo.no\/wp-content\/uploads\/2017\/11\/stasjonsbilde-final-1024x683-300x200.jpg 300w, https:\/\/hopenmeteo.no\/wp-content\/uploads\/2017\/11\/stasjonsbilde-final-1024x683-768x512.jpg 768w, https:\/\/hopenmeteo.no\/wp-content\/uploads\/2017\/11\/stasjonsbilde-final-1024x683-800x534.jpg 800w, https:\/\/hopenmeteo.no\/wp-content\/uploads\/2017\/11\/stasjonsbilde-final-1024x683-450x300.jpg 450w, https:\/\/hopenmeteo.no\/wp-content\/uploads\/2017\/11\/stasjonsbilde-final-1024x683.jpg 1024w\" sizes=\"auto, (max-width: 300px) 100vw, 300px\" \/><\/figure>\n\n\n\n<p><strong>Sommeren 2017<\/strong><br \/>Anstein Johansen<br \/>Joacim Bugge<br \/>Tom Johansen<br \/>John-Tore Rudborg<\/p>\n\n\n\n<figure class=\"wp-block-image size-medium\"><img loading=\"lazy\" decoding=\"async\" width=\"300\" height=\"200\" src=\"https:\/\/hopenmeteo.no\/wp-content\/uploads\/2017\/04\/Besetningsbilde-20172017-300x200.jpg\" alt=\"\" class=\"wp-image-3802\"\/><\/figure>\n\n\n\n<p><strong>Vinteren 2016\/17<\/strong><br \/>Bj\u00f8rn Ove Finseth<br \/>Erik Sommerseth<br \/>Hans-Olaf Reit\u00e5s<br \/>Trond Helland<\/p>\n\n\n\n<figure class=\"wp-block-image size-medium\"><img loading=\"lazy\" decoding=\"async\" width=\"300\" height=\"238\" src=\"https:\/\/hopenmeteo.no\/wp-content\/uploads\/2016\/06\/Stasjonsbilde-Sommer-2016-300x238.jpg\" alt=\"\" class=\"wp-image-3608\"\/><\/figure>\n\n\n\n<p><strong>Sommer 2016<\/strong><br \/>Tom Johansen<br \/>Erland Eliesen<br \/>Per Morten Arak<br \/>H\u00e5kon Eilertsen<\/p>\n\n\n\n<figure class=\"wp-block-image size-medium\"><img loading=\"lazy\" decoding=\"async\" width=\"300\" height=\"201\" src=\"https:\/\/hopenmeteo.no\/wp-content\/uploads\/2016\/06\/Besetning2016-300x201.jpg\" alt=\"\" class=\"wp-image-3342\"\/><\/figure>\n\n\n\n<p><strong>Vinter 2016<\/strong><br \/>Steinar L\u00f8vold<br \/>Rune Nilsen<br \/>Harald Berre<br \/>Kjell Grostad<br \/>Martin Arntsen<\/p>\n\n\n\n<p><a href=\"https:\/\/hopenmeteo.no\/?page_id=271\" data-type=\"page\" data-id=\"271\">2010-2015  <\/a>                     <a href=\"https:\/\/hopenmeteo.no\/?page_id=7857\" data-type=\"page\" data-id=\"7857\">2021-2025<\/a><script> end777_() <\/script><\/p>\n","protected":false},"excerpt":{"rendered":"<p>Sommer 2020Svenn Erik H\u00f8ylieHaftor LervikFredrik LundTom Johansen Vinter 2019\/2020Hans-Olaf Reit\u00e5sTomas EliesenGunnar Thorsen LiahfjellErland EliesenTor Engh Sommer 2019Bj\u00f8rn PollestadTom JohansenKenneth VikaneErland Eliesen Vinter 2018\/19Tom Erik GlomsrudJ\u00f8rn Inge TomrenMats RafdalJ\u00f8rgen Kalv\u00e5 Fl\u00e5 Sommeren 2018Aleksander Dekke L\u00f8bergTom JohansenEva FuglsetTerje Grime Vinter 2017\/18Bj\u00f8rn N. MyklebustRagnar S\u00f8nsteb\u00f8Erland EliesenTed Torfoss Sommeren 2017Anstein JohansenJoacim BuggeTom JohansenJohn-Tore Rudborg Vinteren 2016\/17Bj\u00f8rn Ove FinsethErik SommersethHans-Olaf Reit\u00e5sTrond Helland Sommer 2016Tom JohansenErland EliesenPer Morten ArakH\u00e5kon Eilertsen Vinter 2016Steinar L\u00f8voldRune NilsenHarald BerreKjell GrostadMartin Arntsen 2010-2015 2021-2025<\/p>\n","protected":false},"author":20,"featured_media":0,"parent":0,"menu_order":0,"comment_status":"open","ping_status":"closed","template":"","meta":{"footnotes":""},"class_list":["post-3340","page","type-page","status-publish","hentry"],"_links":{"self":[{"href":"https:\/\/hopenmeteo.no\/index.php?rest_route=\/wp\/v2\/pages\/3340","targetHints":{"allow":["GET"]}}],"collection":[{"href":"https:\/\/hopenmeteo.no\/index.php?rest_route=\/wp\/v2\/pages"}],"about":[{"href":"https:\/\/hopenmeteo.no\/index.php?rest_route=\/wp\/v2\/types\/page"}],"author":[{"embeddable":true,"href":"https:\/\/hopenmeteo.no\/index.php?rest_route=\/wp\/v2\/users\/20"}],"replies":[{"embeddable":true,"href":"https:\/\/hopenmeteo.no\/index.php?rest_route=%2Fwp%2Fv2%2Fcomments&post=3340"}],"version-history":[{"count":27,"href":"https:\/\/hopenmeteo.no\/index.php?rest_route=\/wp\/v2\/pages\/3340\/revisions"}],"predecessor-version":[{"id":7874,"href":"https:\/\/hopenmeteo.no\/index.php?rest_route=\/wp\/v2\/pages\/3340\/revisions\/7874"}],"wp:attachment":[{"href":"https:\/\/hopenmeteo.no\/index.php?rest_route=%2Fwp%2Fv2%2Fmedia&parent=3340"}],"curies":[{"name":"wp","href":"https:\/\/api.w.org\/{rel}","templated":true}]}}