{"id":340,"date":"2013-08-20T00:15:34","date_gmt":"2013-08-19T22:15:34","guid":{"rendered":"http:\/\/hopenmeteo.no\/?page_id=340"},"modified":"2015-01-12T14:05:27","modified_gmt":"2015-01-12T13:05:27","slug":"besetninger-1996-2000","status":"publish","type":"page","link":"https:\/\/hopenmeteo.no\/?page_id=340","title":{"rendered":"Besetninger 1996-2000"},"content":{"rendered":"<p><span style=\"color: #000080;\"><strong>Vinter 2000\/2001<\/strong><\/span><\/p>\n<div id=\"attachment_2271\" style=\"width: 310px\" class=\"wp-caption alignleft\"><a href=\"https:\/\/hopenmeteo.no\/wp-content\/uploads\/2013\/08\/Vinter-2000-2001.jpg\"><img loading=\"lazy\" decoding=\"async\" aria-describedby=\"caption-attachment-2271\" class=\"size-medium wp-image-2271\" src=\"https:\/\/hopenmeteo.no\/wp-content\/uploads\/2013\/08\/Vinter-2000-2001-300x188.jpg\" alt=\"Foto: Erling Winje\" width=\"300\" height=\"188\" srcset=\"https:\/\/hopenmeteo.no\/wp-content\/uploads\/2013\/08\/Vinter-2000-2001-300x188.jpg 300w, https:\/\/hopenmeteo.no\/wp-content\/uploads\/2013\/08\/Vinter-2000-2001-478x300.jpg 478w, https:\/\/hopenmeteo.no\/wp-content\/uploads\/2013\/08\/Vinter-2000-2001.jpg 800w\" sizes=\"auto, (max-width: 300px) 100vw, 300px\" \/><\/a><p id=\"caption-attachment-2271\" class=\"wp-caption-text\">Foto: Erling Winje<\/p><\/div>\n<p>Erling Winje<br \/>\nOle G Troseth<br \/>\n\u00d8yvind Stabbforsmo<br \/>\nMagne K\u00e5ven<\/p>\n<p>&nbsp;<\/p>\n<p>&nbsp;<\/p>\n<p>&nbsp;<\/p>\n<p>&nbsp;<\/p>\n<p>&nbsp;<\/p>\n<p><strong><span style=\"color: #000080;\">Sommer 2000<\/span><\/strong><\/p>\n<div id=\"attachment_2269\" style=\"width: 310px\" class=\"wp-caption alignleft\"><a href=\"https:\/\/hopenmeteo.no\/wp-content\/uploads\/2013\/08\/Sommer-2000.jpg\"><img loading=\"lazy\" decoding=\"async\" aria-describedby=\"caption-attachment-2269\" class=\"size-medium wp-image-2269\" src=\"https:\/\/hopenmeteo.no\/wp-content\/uploads\/2013\/08\/Sommer-2000-300x188.jpg\" alt=\"Foto: Erling Winje\" width=\"300\" height=\"188\" srcset=\"https:\/\/hopenmeteo.no\/wp-content\/uploads\/2013\/08\/Sommer-2000-300x188.jpg 300w, https:\/\/hopenmeteo.no\/wp-content\/uploads\/2013\/08\/Sommer-2000-478x300.jpg 478w, https:\/\/hopenmeteo.no\/wp-content\/uploads\/2013\/08\/Sommer-2000.jpg 800w\" sizes=\"auto, (max-width: 300px) 100vw, 300px\" \/><\/a><p id=\"caption-attachment-2269\" class=\"wp-caption-text\">Foto: Erling Winje<\/p><\/div>\n<p>\u00d8yvind Stabbforsmo<br \/>\nErling Winje<br \/>\nJohn Petter Nymo<br \/>\nOle G. Troseth<\/p>\n<p>&nbsp;<\/p>\n<p>&nbsp;<\/p>\n<p>&nbsp;<\/p>\n<p>&nbsp;<\/p>\n<p>&nbsp;<\/p>\n<p><span style=\"color: #000080;\"><strong>Vinter 1999\/2000<\/strong><\/span><\/p>\n<p>Tove Mjellanger<br \/>\nMagne K\u00e5ven<br \/>\nErling Winje<br \/>\n\u00d8yvind Stabbforsmo<br \/>\nFinn Stoltz<br \/>\nOle G. Troseth<br \/>\nTom Johansen<\/p>\n<p>(det er noe usikkerhet p\u00e5 hvem som var her n\u00e5r)<\/p>\n<p><span style=\"color: #000080;\"><strong>Sommer 1999<\/strong><\/span><\/p>\n<p><a href=\"https:\/\/hopenmeteo.no\/wp-content\/uploads\/2013\/08\/Besetning-h\u00f8sten-1999.jpg\"><img loading=\"lazy\" decoding=\"async\" class=\"alignleft size-medium wp-image-313\" src=\"https:\/\/hopenmeteo.no\/wp-content\/uploads\/2013\/08\/Besetning-h\u00f8sten-1999-300x203.jpg\" alt=\"Besetning h\u00f8sten 1999\" width=\"300\" height=\"203\" srcset=\"https:\/\/hopenmeteo.no\/wp-content\/uploads\/2013\/08\/Besetning-h\u00f8sten-1999-300x203.jpg 300w, https:\/\/hopenmeteo.no\/wp-content\/uploads\/2013\/08\/Besetning-h\u00f8sten-1999-442x300.jpg 442w, https:\/\/hopenmeteo.no\/wp-content\/uploads\/2013\/08\/Besetning-h\u00f8sten-1999.jpg 800w\" sizes=\"auto, (max-width: 300px) 100vw, 300px\" \/><\/a>Bjarne Hillestad<br \/>\nP\u00e5l Martin Eid<br \/>\nKnut Kvarme<br \/>\nSvein-Egil Jerijervi<br \/>\nTrond Robertsen (ikke med p\u00e5 bildet)<\/p>\n<p>&nbsp;<\/p>\n<p>&nbsp;<\/p>\n<p>&nbsp;<\/p>\n<p><span style=\"color: #000080;\"><strong>Vinter 1999<\/strong><\/span><\/p>\n<p><a href=\"https:\/\/hopenmeteo.no\/wp-content\/uploads\/2013\/08\/Besetning-vinter-1999.jpg\"><img loading=\"lazy\" decoding=\"async\" class=\"alignleft size-medium wp-image-300\" src=\"https:\/\/hopenmeteo.no\/wp-content\/uploads\/2013\/08\/Besetning-vinter-1999-300x262.jpg\" alt=\"Besetning vinter 1999\" width=\"300\" height=\"262\" srcset=\"https:\/\/hopenmeteo.no\/wp-content\/uploads\/2013\/08\/Besetning-vinter-1999-300x262.jpg 300w, https:\/\/hopenmeteo.no\/wp-content\/uploads\/2013\/08\/Besetning-vinter-1999-342x300.jpg 342w, https:\/\/hopenmeteo.no\/wp-content\/uploads\/2013\/08\/Besetning-vinter-1999.jpg 800w\" sizes=\"auto, (max-width: 300px) 100vw, 300px\" \/><\/a>Tord W. Korsvik<br \/>\n\u00d8yvind Stabbforsmo<br \/>\nOle G. Troseth<br \/>\nUlf Gr\u00f8tta<\/p>\n<p>&nbsp;<\/p>\n<p>&nbsp;<\/p>\n<p>&nbsp;<\/p>\n<p>&nbsp;<\/p>\n<p><span style=\"color: #000080;\"><strong>November 1998- januar 1999<\/strong><\/span><\/p>\n<p><a href=\"https:\/\/hopenmeteo.no\/wp-content\/uploads\/2013\/08\/Besetning-vinter-1998-99.jpg\"><img loading=\"lazy\" decoding=\"async\" class=\"alignleft size-medium wp-image-301\" src=\"https:\/\/hopenmeteo.no\/wp-content\/uploads\/2013\/08\/Besetning-vinter-1998-99-300x202.jpg\" alt=\"Besetning vinter 1998-99\" width=\"300\" height=\"202\" srcset=\"https:\/\/hopenmeteo.no\/wp-content\/uploads\/2013\/08\/Besetning-vinter-1998-99-300x202.jpg 300w, https:\/\/hopenmeteo.no\/wp-content\/uploads\/2013\/08\/Besetning-vinter-1998-99-445x300.jpg 445w, https:\/\/hopenmeteo.no\/wp-content\/uploads\/2013\/08\/Besetning-vinter-1998-99.jpg 800w\" sizes=\"auto, (max-width: 300px) 100vw, 300px\" \/><\/a>Tord W. Korsvik<br \/>\nTrond Robertsen<br \/>\nOle G<br \/>\n. Troseth<br \/>\nUlf Gr\u00f8tta<\/p>\n<p>&nbsp;<\/p>\n<p>&nbsp;<\/p>\n<p>&nbsp;<\/p>\n<p><span style=\"color: #000080;\"><strong>November 1997 &#8211; januar 1998<\/strong><\/span><\/p>\n<p><a href=\"https:\/\/hopenmeteo.no\/wp-content\/uploads\/2013\/08\/Besetning-vinter-1997-98.jpg\"><img loading=\"lazy\" decoding=\"async\" class=\"alignleft size-medium wp-image-302\" src=\"https:\/\/hopenmeteo.no\/wp-content\/uploads\/2013\/08\/Besetning-vinter-1997-98-300x203.jpg\" alt=\"Besetning vinter 1997-98\" width=\"300\" height=\"203\" srcset=\"https:\/\/hopenmeteo.no\/wp-content\/uploads\/2013\/08\/Besetning-vinter-1997-98-300x203.jpg 300w, https:\/\/hopenmeteo.no\/wp-content\/uploads\/2013\/08\/Besetning-vinter-1997-98-442x300.jpg 442w, https:\/\/hopenmeteo.no\/wp-content\/uploads\/2013\/08\/Besetning-vinter-1997-98.jpg 800w\" sizes=\"auto, (max-width: 300px) 100vw, 300px\" \/><\/a>Roger Isaksen<br \/>\nOle G. Troseth<br \/>\nHj\u00f8rdis Dahle<br \/>\nOtto H<br \/>\n. Torstensen<\/p>\n<p>&nbsp;<\/p>\n<p>&nbsp;<\/p>\n<p>&nbsp;<\/p>\n<p>&nbsp;<\/p>\n<p><strong><span style=\"color: #000080;\">1997-1998<\/span><\/strong><br \/>\nTerje Briskelid<br \/>\nBjarne Hillestad<br \/>\nKarsten Eriksen<br \/>\nRoger Isaksen<br \/>\nTore S\u00e6termo<br \/>\nTor Lauvstad<\/p>\n<p><span style=\"color: #000080;\"><strong>1996-1997<\/strong><\/span><br \/>\nTore S\u00e6termo<br \/>\nTom Johansen<br \/>\nPer Gunnar Olsen<br \/>\nInge R\u00f8rnes<br \/>\nRoger IsaksenEinar Kr\u00e6mer<br \/>\nThor Even Johansen<\/p>\n<p><strong><span style=\"color: #000080;\">1995-1996<\/span><\/strong><br \/>\nFinn Kl\u00e6bo<br \/>\nTom Johansen<br \/>\nHenki Larsen<br \/>\nKai Gunnar Nilsen<br \/>\nBjarne Hillestad<br \/>\nMorten H\u00e5gensen<br \/>\nOdd Hjelmevoll<br \/>\nOddvar Lund\u00e5s<\/p>\n<p>&nbsp;<\/p>\n<p><a title=\"Besetninger 2001-2005\" href=\"https:\/\/hopenmeteo.no\/?page_id=314\">2001-2005\u00a0<\/a>\u00a0 <a title=\"Besetninger 1991-1995\" href=\"https:\/\/hopenmeteo.no\/?page_id=342\">1991-1995<\/a><\/p>\n","protected":false},"excerpt":{"rendered":"<p>Vinter 2000\/2001 Erling Winje Ole G Troseth \u00d8yvind Stabbforsmo Magne K\u00e5ven &nbsp; &nbsp; &nbsp; &nbsp; &nbsp; Sommer 2000 \u00d8yvind Stabbforsmo Erling Winje John Petter Nymo Ole G. Troseth &nbsp; &nbsp; &nbsp; &nbsp; &nbsp; Vinter 1999\/2000 Tove Mjellanger Magne K\u00e5ven Erling Winje \u00d8yvind Stabbforsmo Finn Stoltz Ole G. Troseth Tom Johansen (det er noe usikkerhet p\u00e5 hvem som var her n\u00e5r) Sommer 1999 Bjarne Hillestad P\u00e5l Martin Eid Knut Kvarme Svein-Egil Jerijervi Trond Robertsen (ikke med p\u00e5 bildet) &nbsp; &nbsp; &nbsp; Vinter 1999 Tord W. Korsvik \u00d8yvind Stabbforsmo Ole G. Troseth Ulf Gr\u00f8tta &nbsp; &nbsp; &nbsp; &nbsp; November 1998- januar 1999 Tord W. Korsvik Trond Robertsen Ole G . Troseth Ulf &hellip; <a href=\"https:\/\/hopenmeteo.no\/?page_id=340\">Les videre <span class=\"meta-nav\">&rarr;<\/span><\/a><\/p>\n","protected":false},"author":2,"featured_media":0,"parent":0,"menu_order":0,"comment_status":"open","ping_status":"open","template":"","meta":{"footnotes":""},"class_list":["post-340","page","type-page","status-publish","hentry"],"_links":{"self":[{"href":"https:\/\/hopenmeteo.no\/index.php?rest_route=\/wp\/v2\/pages\/340","targetHints":{"allow":["GET"]}}],"collection":[{"href":"https:\/\/hopenmeteo.no\/index.php?rest_route=\/wp\/v2\/pages"}],"about":[{"href":"https:\/\/hopenmeteo.no\/index.php?rest_route=\/wp\/v2\/types\/page"}],"author":[{"embeddable":true,"href":"https:\/\/hopenmeteo.no\/index.php?rest_route=\/wp\/v2\/users\/2"}],"replies":[{"embeddable":true,"href":"https:\/\/hopenmeteo.no\/index.php?rest_route=%2Fwp%2Fv2%2Fcomments&post=340"}],"version-history":[{"count":4,"href":"https:\/\/hopenmeteo.no\/index.php?rest_route=\/wp\/v2\/pages\/340\/revisions"}],"predecessor-version":[{"id":2272,"href":"https:\/\/hopenmeteo.no\/index.php?rest_route=\/wp\/v2\/pages\/340\/revisions\/2272"}],"wp:attachment":[{"href":"https:\/\/hopenmeteo.no\/index.php?rest_route=%2Fwp%2Fv2%2Fmedia&parent=340"}],"curies":[{"name":"wp","href":"https:\/\/api.w.org\/{rel}","templated":true}]}}