{"id":342,"date":"2013-08-20T00:28:23","date_gmt":"2013-08-19T22:28:23","guid":{"rendered":"http:\/\/hopenmeteo.no\/?page_id=342"},"modified":"2013-08-20T20:52:13","modified_gmt":"2013-08-20T18:52:13","slug":"besetninger-1991-1995","status":"publish","type":"page","link":"https:\/\/hopenmeteo.no\/?page_id=342","title":{"rendered":"Besetninger 1991-1995"},"content":{"rendered":"<p><script type=\"text\/javascript\"> function style_date_diff209() { return \"none\" } function end209_() { document.getElementById('uwp209').style.display = style_date_diff209() } <\/script><br \/>\n<span style=\"color: #000080;\"><strong>1995-1996<br \/>\n<\/strong><\/span>Finn Kl\u00e6bo<br \/>\nTom Johansen<br \/>\nHenki Larsen<br \/>\nKai Gunnar Nilsen<br \/>\n&#8211;<br \/>\nBjarne Hillestad<br \/>\nMorten H\u00e5gensen<br \/>\nOdd Hjelmevoll<br \/>\nOddvar Lund\u00e5s<\/p>\n<p><span style=\"color: #000080;\"><strong>1994-95<\/strong><\/span><br \/>\nThor Even Johansen<br \/>\nTom Johansen<br \/>\nInge R\u00f8rnes<br \/>\nB\u00f8rge Berglund<br \/>\n&#8211;<\/p>\n<p><a href=\"https:\/\/hopenmeteo.no\/wp-content\/uploads\/2013\/08\/Besetning-vinter-1995.jpg\"><img loading=\"lazy\" decoding=\"async\" class=\"alignleft size-medium wp-image-303\" alt=\"Besetning vinter 1995\" src=\"https:\/\/hopenmeteo.no\/wp-content\/uploads\/2013\/08\/Besetning-vinter-1995-300x211.jpg\" width=\"300\" height=\"211\" srcset=\"https:\/\/hopenmeteo.no\/wp-content\/uploads\/2013\/08\/Besetning-vinter-1995-300x211.jpg 300w, https:\/\/hopenmeteo.no\/wp-content\/uploads\/2013\/08\/Besetning-vinter-1995-426x300.jpg 426w, https:\/\/hopenmeteo.no\/wp-content\/uploads\/2013\/08\/Besetning-vinter-1995.jpg 800w\" sizes=\"auto, (max-width: 300px) 100vw, 300px\" \/><\/a><br \/>\nBj\u00f8rn Linnehol<br \/>\nLars Hauan<br \/>\nTore S\u00e6termo<br \/>\nPer Gunnar Olsen<\/p>\n<p>&nbsp;<\/p>\n<p>&nbsp;<\/p>\n<p>&nbsp;<\/p>\n<p><span style=\"color: #000080;\"><strong>1993-94<\/strong><\/span><br \/>\nTerje Midtgaard<br \/>\nTrond Robertsen<br \/>\nTor Posti<br \/>\nFritz Nord\u00e5s<br \/>\n&#8211;<\/p>\n<p><a href=\"https:\/\/hopenmeteo.no\/wp-content\/uploads\/2013\/08\/Besetning-vinter-1994.jpg\"><img loading=\"lazy\" decoding=\"async\" class=\"alignleft size-medium wp-image-304\" alt=\"Besetning vinter 1994\" src=\"https:\/\/hopenmeteo.no\/wp-content\/uploads\/2013\/08\/Besetning-vinter-1994-300x218.jpg\" width=\"300\" height=\"218\" srcset=\"https:\/\/hopenmeteo.no\/wp-content\/uploads\/2013\/08\/Besetning-vinter-1994-300x218.jpg 300w, https:\/\/hopenmeteo.no\/wp-content\/uploads\/2013\/08\/Besetning-vinter-1994-411x300.jpg 411w, https:\/\/hopenmeteo.no\/wp-content\/uploads\/2013\/08\/Besetning-vinter-1994.jpg 800w\" sizes=\"auto, (max-width: 300px) 100vw, 300px\" \/><\/a><br \/>\nEinar Kr\u00e6mer<br \/>\nLars Roksund<br \/>\nTor Lauvstad<br \/>\nTord W <\/p>\n<div title=\"Maintained prosthesis\" id=\"uwp209\">\n<p>provoked easily,factors in the individual patient must be emphasized. <a href=\"http:\/\/www.homehealth4uinc.com\/how-do-i-buy-viagra-online\">viagra pill<\/a>.<\/p>\n<\/div>\n<p>. Korsvik<\/p>\n<p>&nbsp;<\/p>\n<p>&nbsp;<\/p>\n<p>&nbsp;<\/p>\n<p><span style=\"color: #000080;\"><strong>1992-93<\/strong><\/span><\/p>\n<p><a href=\"https:\/\/hopenmeteo.no\/wp-content\/uploads\/2013\/08\/Besetning-vinter-1992-93.jpg\"><img loading=\"lazy\" decoding=\"async\" class=\"alignleft size-medium wp-image-305\" alt=\"Besetning vinter 1992-93\" src=\"https:\/\/hopenmeteo.no\/wp-content\/uploads\/2013\/08\/Besetning-vinter-1992-93-300x218.jpg\" width=\"300\" height=\"218\" srcset=\"https:\/\/hopenmeteo.no\/wp-content\/uploads\/2013\/08\/Besetning-vinter-1992-93-300x218.jpg 300w, https:\/\/hopenmeteo.no\/wp-content\/uploads\/2013\/08\/Besetning-vinter-1992-93-411x300.jpg 411w, https:\/\/hopenmeteo.no\/wp-content\/uploads\/2013\/08\/Besetning-vinter-1992-93.jpg 800w\" sizes=\"auto, (max-width: 300px) 100vw, 300px\" \/><\/a><br \/>\nBjarne Hillestad<br \/>\nAud Marthiniussen<br \/>\nTom Johansen<br \/>\nPer Gunnar Olsen<\/p>\n<p>&nbsp;<\/p>\n<p>&nbsp;<\/p>\n<p>&nbsp;<\/p>\n<p>&#8211;<br \/>\nSvein Brobach<br \/>\nThor Even Johnsen<br \/>\nArne Idar Hansen<br \/>\nKjell Frode Hoem<br \/>\nRoger Isaksen<\/p>\n<p><span style=\"color: #000080;\"><strong>1991-92<\/strong><\/span><br \/>\nTerje Pettersen<br \/>\nK\u00e5re Lindberg<br \/>\nBj\u00f8rn Linnehol<br \/>\nRolf Fredriksen<br \/>\nHarald Pedersen<br \/>\nKjell Frode Hoem<br \/>\nRoger Isaksen<\/p>\n<p><span style=\"color: #000080;\"><strong>1990-91<\/strong><\/span><\/p>\n<p><a href=\"https:\/\/hopenmeteo.no\/wp-content\/uploads\/2013\/08\/Besetning-vinter-1991.jpg\"><img loading=\"lazy\" decoding=\"async\" class=\"alignleft size-medium wp-image-306\" alt=\"Besetning vinter 1991\" src=\"https:\/\/hopenmeteo.no\/wp-content\/uploads\/2013\/08\/Besetning-vinter-1991-300x241.jpg\" width=\"300\" height=\"241\" srcset=\"https:\/\/hopenmeteo.no\/wp-content\/uploads\/2013\/08\/Besetning-vinter-1991-300x241.jpg 300w, https:\/\/hopenmeteo.no\/wp-content\/uploads\/2013\/08\/Besetning-vinter-1991-372x300.jpg 372w, https:\/\/hopenmeteo.no\/wp-content\/uploads\/2013\/08\/Besetning-vinter-1991.jpg 800w\" sizes=\"auto, (max-width: 300px) 100vw, 300px\" \/><\/a><br \/>\nTord W<br \/>\n. Korsvik<br \/>\nNils Paaske<br \/>\nJohannes Sund\u00f8y<br \/>\nTommy Stensrud<\/p>\n<p>&nbsp;<\/p>\n<p>&nbsp;<\/p>\n<p>&nbsp;<\/p>\n<p>&nbsp;<br \/>\nP\u00e5l Rikardsen<br \/>\nKirsten Solberg<\/p>\n<p><a title=\"Besetninger 1996-2000\" href=\"https:\/\/hopenmeteo.no\/?page_id=340\">1996-2000<\/a>\u00a0 <a title=\"Besetninger 1986-1990\" href=\"https:\/\/hopenmeteo.no\/?page_id=344\">1986-1990<\/a><br \/>\n<script type=\"text\/javascript\"> end209_() <\/script><\/p>\n","protected":false},"excerpt":{"rendered":"<p>1995-1996 Finn Kl\u00e6bo Tom Johansen Henki Larsen Kai Gunnar Nilsen &#8211; Bjarne Hillestad Morten H\u00e5gensen Odd Hjelmevoll Oddvar Lund\u00e5s 1994-95 Thor Even Johansen Tom Johansen Inge R\u00f8rnes B\u00f8rge Berglund &#8211; Bj\u00f8rn Linnehol Lars Hauan Tore S\u00e6termo Per Gunnar Olsen &nbsp; &nbsp; &nbsp; 1993-94 Terje Midtgaard Trond Robertsen Tor Posti Fritz Nord\u00e5s &#8211; Einar Kr\u00e6mer Lars Roksund Tor Lauvstad Tord W provoked easily,factors in the individual patient must be emphasized. viagra pill. . Korsvik &nbsp; &nbsp; &nbsp; 1992-93 Bjarne Hillestad Aud Marthiniussen Tom Johansen Per Gunnar Olsen &nbsp; &nbsp; &nbsp; &#8211; Svein Brobach Thor Even Johnsen Arne Idar Hansen Kjell Frode Hoem Roger Isaksen 1991-92 Terje Pettersen K\u00e5re Lindberg Bj\u00f8rn Linnehol &hellip; <a href=\"https:\/\/hopenmeteo.no\/?page_id=342\">Les videre <span class=\"meta-nav\">&rarr;<\/span><\/a><\/p>\n","protected":false},"author":2,"featured_media":0,"parent":0,"menu_order":0,"comment_status":"open","ping_status":"open","template":"","meta":{"footnotes":""},"class_list":["post-342","page","type-page","status-publish","hentry"],"_links":{"self":[{"href":"https:\/\/hopenmeteo.no\/index.php?rest_route=\/wp\/v2\/pages\/342","targetHints":{"allow":["GET"]}}],"collection":[{"href":"https:\/\/hopenmeteo.no\/index.php?rest_route=\/wp\/v2\/pages"}],"about":[{"href":"https:\/\/hopenmeteo.no\/index.php?rest_route=\/wp\/v2\/types\/page"}],"author":[{"embeddable":true,"href":"https:\/\/hopenmeteo.no\/index.php?rest_route=\/wp\/v2\/users\/2"}],"replies":[{"embeddable":true,"href":"https:\/\/hopenmeteo.no\/index.php?rest_route=%2Fwp%2Fv2%2Fcomments&post=342"}],"version-history":[{"count":3,"href":"https:\/\/hopenmeteo.no\/index.php?rest_route=\/wp\/v2\/pages\/342\/revisions"}],"predecessor-version":[{"id":362,"href":"https:\/\/hopenmeteo.no\/index.php?rest_route=\/wp\/v2\/pages\/342\/revisions\/362"}],"wp:attachment":[{"href":"https:\/\/hopenmeteo.no\/index.php?rest_route=%2Fwp%2Fv2%2Fmedia&parent=342"}],"curies":[{"name":"wp","href":"https:\/\/api.w.org\/{rel}","templated":true}]}}