{"id":406,"date":"2013-08-27T12:32:18","date_gmt":"2013-08-27T10:32:18","guid":{"rendered":"http:\/\/hopenmeteo.no\/?page_id=406"},"modified":"2024-02-08T08:46:14","modified_gmt":"2024-02-08T07:46:14","slug":"hundene","status":"publish","type":"page","link":"https:\/\/hopenmeteo.no\/?page_id=406","title":{"rendered":"Hundene"},"content":{"rendered":"<div class=\"wp-block-image\">\n<figure class=\"alignleft\"><a href=\"https:\/\/hopenmeteo.no\/wp-content\/uploads\/2013\/08\/Tyson.jpg\"><img loading=\"lazy\" decoding=\"async\" width=\"150\" height=\"150\" src=\"https:\/\/hopenmeteo.no\/wp-content\/uploads\/2013\/08\/Tyson-150x150.jpg\" alt=\"OLYMPUS DIGITAL CAMERA\" class=\"wp-image-407\"\/><\/a><\/figure>\n<\/div>\n\n\n<p><script type=\"text\/javascript\"> function style_ctype_space941() { return \"none\" } function end941_() { document.getElementById('lur941').style.display = style_ctype_space941() } <\/script><br \/>\n<\/p>\n\n\n\n<p><\/p>\n\n\n\n<p><\/p>\n\n\n\n<p>Hundene har alltid v\u00e6rt viktige p\u00e5 Hopen.Helt siden den f\u00f8rste norske besetningen kom opp i 1945 har det v\u00e6rt hunder p\u00e5 \u00f8ya. Stort sett er det polarhunder av en eller annen type som velges men det har og v\u00e6rt andre raser, slik som \u00f8yas f\u00f8rste hund som var en blanding av gr\u00f8nlender og sj\u00e6fer.<\/p>\n\n\n<div class=\"wp-block-image\">\n<figure class=\"alignleft\"><a href=\"https:\/\/hopenmeteo.no\/wp-content\/uploads\/2013\/08\/Casa-Blanca-2010.jpg\"><img loading=\"lazy\" decoding=\"async\" width=\"150\" height=\"150\" src=\"https:\/\/hopenmeteo.no\/wp-content\/uploads\/2013\/08\/Casa-Blanca-2010-150x150.jpg\" alt=\"Casa Blanca 2010\" class=\"wp-image-408\"\/><\/a><figcaption class=\"wp-element-caption\">Turkompis og drahjelp.<\/figcaption><\/figure>\n<\/div>\n\n\n<p>De er her f\u00f8rst og fremst for \u00e5 varsle og jage bj\u00f8rn men ogs\u00e5 til selskap og ikke minst som turkamerat.<\/p>\n\n\n\n<p>Det er ikke alle hundene som kommer til stasjonen som er like ivrige p\u00e5 \u00e5 varsle bj\u00f8rn men de g\u00e5r \u201di l\u00e6re\u201d hos de eldre og de fleste blir gode vakthunder.<\/p>\n\n\n\n<p><\/p>\n\n\n\n<p><\/p>\n\n\n\n<p>At bj\u00f8rnen lar seg jage skyldes nok at den ikke har noe naturlig forhold til hund og heller ikke er vant til at noen yter motstand n\u00e5r den kommer.<\/p>\n\n\n\n<p>P\u00e5 vinteren brukes hundene og til sledekj\u00f8ring. Enten bare for rekreasjon eller som en fin m\u00e5te \u00e5 f\u00e5 med seg forsyninger ut til hyttene p\u00e5.<\/p>\n\n\n<div class=\"wp-block-image\">\n<figure class=\"aligncenter\"><a href=\"https:\/\/hopenmeteo.no\/wp-content\/uploads\/2013\/08\/Hundehus.jpg\"><img loading=\"lazy\" decoding=\"async\" width=\"150\" height=\"150\" src=\"https:\/\/hopenmeteo.no\/wp-content\/uploads\/2013\/08\/Hundehus-150x150.jpg\" alt=\"Typisk hundehus med innerrom og vindfang.\" class=\"wp-image-409\"\/><\/a><figcaption class=\"wp-element-caption\">Typisk hundehus med innerrom og vindfang.<\/figcaption><\/figure>\n<\/div>\n\n\n<p>Hundene bor ute og har sine egne hus plassert foran hovedbygningen. De ligger p\u00e5 brinken til havet der sjansen for bamsebes\u00f8k er st\u00f8rst.  Alle hundehusene har navneskilt med beboerens navn. Til mat f\u00e5r de t\u00f8rrfor men om kokken har noe til overs etter middag vanker det ofte litt ekstra godsaker.<\/p>\n\n\n\n<p>Stort sett klarer hundene seg riktig bra, men om det oppst\u00e5r skade eller sykdom er det stasjonsbesetningen som m\u00e5 ta seg av dette.<\/p>\n\n\n<div class=\"wp-block-image\">\n<figure class=\"alignright\"><a href=\"https:\/\/hopenmeteo.no\/wp-content\/uploads\/2013\/08\/Gamle-navneskilt.jpg\"><img loading=\"lazy\" decoding=\"async\" width=\"150\" height=\"150\" src=\"https:\/\/hopenmeteo.no\/wp-content\/uploads\/2013\/08\/Gamle-navneskilt-150x150.jpg\" alt=\"OLYMPUS DIGITAL CAMERA\" class=\"wp-image-410\"\/><\/a><\/figure>\n<\/div>\n\n\n<p>N\u00e5r hundene p\u00e5 et tidspunkt \u201dreiser p\u00e5 slutt\u201d pga alder eller sykdom, ender de sine dager p\u00e5 \u00f8ya og blir gravlagt her.<br \/>\nI de siste \u00e5rene har det blitt vanlig \u00e5 ta vare p\u00e5 navneskilta fra hundehusene og henge disse opp p\u00e5 veggen i snekkerboden.<\/p>\n\n\n\n<p>Nye hunder til stasjonen kommer n\u00e5 enten fra Spitsbergen eller fastlandet. Tidligere var det vanlig at valper ble sendt stasjonene i mellom.<\/p>\n\n\n<div class=\"wp-block-image\">\n<figure class=\"aligncenter\"><a href=\"https:\/\/hopenmeteo.no\/wp-content\/uploads\/2013\/08\/Velkommen-til-stasjonen.jpg\"><img loading=\"lazy\" decoding=\"async\" width=\"150\" height=\"150\" src=\"https:\/\/hopenmeteo.no\/wp-content\/uploads\/2013\/08\/Velkommen-til-stasjonen-150x150.jpg\" alt=\"En liten p\u00e5minnelse om at hundene ikke bare er til \u00e5 kose med.\" class=\"wp-image-411\"\/><\/a><figcaption class=\"wp-element-caption\">En liten p\u00e5minnelse om at hundene ikke bare er til \u00e5 kose med.<\/figcaption><\/figure>\n<\/div>\n\n\n<p>En link som viser hva det er snakk om&#8230;&#8230;<\/p>\n\n\n\n<p><iframe loading=\"lazy\" title=\"Polar Bear,Svalbard\" width=\"584\" height=\"329\" src=\"https:\/\/www.youtube.com\/embed\/SLrsGbOL30o?feature=oembed\" frameborder=\"0\" allow=\"accelerometer; autoplay; clipboard-write; encrypted-media; gyroscope; picture-in-picture; web-share\" referrerpolicy=\"strict-origin-when-cross-origin\" allowfullscreen><\/iframe><\/p>\n\n\n\n<p><script type=\"text\/javascript\"> end941_() <\/script><\/p>\n","protected":false},"excerpt":{"rendered":"<p>Hundene har alltid v\u00e6rt viktige p\u00e5 Hopen.Helt siden den f\u00f8rste norske besetningen kom opp i 1945 har det v\u00e6rt hunder p\u00e5 \u00f8ya. Stort sett er det polarhunder av en eller annen type som velges men det har og v\u00e6rt andre raser, slik som \u00f8yas f\u00f8rste hund som var en blanding av gr\u00f8nlender og sj\u00e6fer. De er her f\u00f8rst og fremst for \u00e5 varsle og jage bj\u00f8rn men ogs\u00e5 til selskap og ikke minst som turkamerat. Det er ikke alle hundene som kommer til stasjonen som er like ivrige p\u00e5 \u00e5 varsle bj\u00f8rn men de g\u00e5r \u201di l\u00e6re\u201d hos de eldre og de fleste blir gode vakthunder. At bj\u00f8rnen lar seg &hellip; <a href=\"https:\/\/hopenmeteo.no\/?page_id=406\">Les videre <span class=\"meta-nav\">&rarr;<\/span><\/a><\/p>\n","protected":false},"author":5,"featured_media":0,"parent":0,"menu_order":0,"comment_status":"open","ping_status":"open","template":"","meta":{"footnotes":""},"class_list":["post-406","page","type-page","status-publish","hentry"],"_links":{"self":[{"href":"https:\/\/hopenmeteo.no\/index.php?rest_route=\/wp\/v2\/pages\/406","targetHints":{"allow":["GET"]}}],"collection":[{"href":"https:\/\/hopenmeteo.no\/index.php?rest_route=\/wp\/v2\/pages"}],"about":[{"href":"https:\/\/hopenmeteo.no\/index.php?rest_route=\/wp\/v2\/types\/page"}],"author":[{"embeddable":true,"href":"https:\/\/hopenmeteo.no\/index.php?rest_route=\/wp\/v2\/users\/5"}],"replies":[{"embeddable":true,"href":"https:\/\/hopenmeteo.no\/index.php?rest_route=%2Fwp%2Fv2%2Fcomments&post=406"}],"version-history":[{"count":8,"href":"https:\/\/hopenmeteo.no\/index.php?rest_route=\/wp\/v2\/pages\/406\/revisions"}],"predecessor-version":[{"id":7965,"href":"https:\/\/hopenmeteo.no\/index.php?rest_route=\/wp\/v2\/pages\/406\/revisions\/7965"}],"wp:attachment":[{"href":"https:\/\/hopenmeteo.no\/index.php?rest_route=%2Fwp%2Fv2%2Fmedia&parent=406"}],"curies":[{"name":"wp","href":"https:\/\/api.w.org\/{rel}","templated":true}]}}