{"id":420,"date":"2013-08-28T21:29:04","date_gmt":"2013-08-28T19:29:04","guid":{"rendered":"http:\/\/hopenmeteo.no\/?page_id=420"},"modified":"2013-08-28T21:29:04","modified_gmt":"2013-08-28T19:29:04","slug":"hopen-times","status":"publish","type":"page","link":"https:\/\/hopenmeteo.no\/?page_id=420","title":{"rendered":"Hopen Times"},"content":{"rendered":"<p>Hopen Times er en uavhengig avis som gis ut av besetningen p\u00e5 Hopen. Opphavet til avisa er det K\u00e5re Holter Solhjell som er og det er han som har v\u00e6rt primus motor for \u00e5 f\u00e5 ut avisa s\u00e5 ofte som mulig n\u00e5r han er besetningsmedlem p\u00e5 Hopen.<\/p>\n<p>Avisa sendes til de andre ishavsstasjonen, til Svalbardposten som oftes siterer den og blant annet til Hans Majestet Kong Harald VII<br \/>\n.<\/p>\n<p>Vi siterer K\u00e5re Holter Solhjells oppsummering om avisa:<\/p>\n<p>&laquo;F\u00f8rste nummer av Hopen Times kom ut 14. august 2004. Avisa er produsert uten statst\u00f8tte men med stor st\u00f8tte fra Hopen Spesial<br \/>\n. Det ytres h\u00e5p om at fremtidige besetninger vil finne nok inspirasjon til \u00e5 produsere ett nummer eller fler i sesongen. Det er fritt fram n\u00e5r det gjelder utformingen av avisa. Bare bunnen av flaska setter grenser.\u00a0<\/p>\n<p>K\u00e5re Holter Solhjell. Hopen 24.04.06<br \/>\nGrunnlegger&raquo;<\/p>\n","protected":false},"excerpt":{"rendered":"<p>Hopen Times er en uavhengig avis som gis ut av besetningen p\u00e5 Hopen. Opphavet til avisa er det K\u00e5re Holter Solhjell som er og det er han som har v\u00e6rt primus motor for \u00e5 f\u00e5 ut avisa s\u00e5 ofte som mulig n\u00e5r han er besetningsmedlem p\u00e5 Hopen. Avisa sendes til de andre ishavsstasjonen, til Svalbardposten som oftes siterer den og blant annet til Hans Majestet Kong Harald VII . Vi siterer K\u00e5re Holter Solhjells oppsummering om avisa: &laquo;F\u00f8rste nummer av Hopen Times kom ut 14. august 2004. Avisa er produsert uten statst\u00f8tte men med stor st\u00f8tte fra Hopen Spesial . Det ytres h\u00e5p om at fremtidige besetninger vil finne nok &hellip; <a href=\"https:\/\/hopenmeteo.no\/?page_id=420\">Les videre <span class=\"meta-nav\">&rarr;<\/span><\/a><\/p>\n","protected":false},"author":2,"featured_media":0,"parent":0,"menu_order":0,"comment_status":"open","ping_status":"open","template":"","meta":{"footnotes":""},"class_list":["post-420","page","type-page","status-publish","hentry"],"_links":{"self":[{"href":"https:\/\/hopenmeteo.no\/index.php?rest_route=\/wp\/v2\/pages\/420","targetHints":{"allow":["GET"]}}],"collection":[{"href":"https:\/\/hopenmeteo.no\/index.php?rest_route=\/wp\/v2\/pages"}],"about":[{"href":"https:\/\/hopenmeteo.no\/index.php?rest_route=\/wp\/v2\/types\/page"}],"author":[{"embeddable":true,"href":"https:\/\/hopenmeteo.no\/index.php?rest_route=\/wp\/v2\/users\/2"}],"replies":[{"embeddable":true,"href":"https:\/\/hopenmeteo.no\/index.php?rest_route=%2Fwp%2Fv2%2Fcomments&post=420"}],"version-history":[{"count":1,"href":"https:\/\/hopenmeteo.no\/index.php?rest_route=\/wp\/v2\/pages\/420\/revisions"}],"predecessor-version":[{"id":421,"href":"https:\/\/hopenmeteo.no\/index.php?rest_route=\/wp\/v2\/pages\/420\/revisions\/421"}],"wp:attachment":[{"href":"https:\/\/hopenmeteo.no\/index.php?rest_route=%2Fwp%2Fv2%2Fmedia&parent=420"}],"curies":[{"name":"wp","href":"https:\/\/api.w.org\/{rel}","templated":true}]}}