{"id":4493,"date":"2018-01-30T12:01:00","date_gmt":"2018-01-30T11:01:00","guid":{"rendered":"http:\/\/hopenmeteo.no\/?page_id=4493"},"modified":"2024-02-10T11:50:19","modified_gmt":"2024-02-10T10:50:19","slug":"videoer","status":"publish","type":"page","link":"https:\/\/hopenmeteo.no\/?page_id=4493","title":{"rendered":"Videoer"},"content":{"rendered":"\n<p>K\u00e5re Holter Solhjell, en gjenganger vinterstid her p\u00e5 Hopen, har laget flere vidoesnutter fra \u00f8ya. De er lagt ut p\u00e5 Youtube.com:<\/p>\n\n\n\n<figure class=\"wp-block-embed is-type-video is-provider-youtube wp-block-embed-youtube wp-embed-aspect-16-9 wp-has-aspect-ratio\"><div class=\"wp-block-embed__wrapper\">\n<iframe loading=\"lazy\" title=\"Ice in motion. Hopen Svalbard\" width=\"584\" height=\"329\" src=\"https:\/\/www.youtube.com\/embed\/YBTVJIH6En8?feature=oembed\" frameborder=\"0\" allow=\"accelerometer; autoplay; clipboard-write; encrypted-media; gyroscope; picture-in-picture; web-share\" referrerpolicy=\"strict-origin-when-cross-origin\" allowfullscreen><\/iframe>\n<\/div><\/figure>\n\n\n\n<p><iframe loading=\"lazy\" title=\"Five months growing and decay of Arctic sea ice\" width=\"584\" height=\"329\" src=\"https:\/\/www.youtube.com\/embed\/zswvxCD4BCM?feature=oembed\" frameborder=\"0\" allow=\"accelerometer; autoplay; clipboard-write; encrypted-media; gyroscope; picture-in-picture; web-share\" referrerpolicy=\"strict-origin-when-cross-origin\" allowfullscreen><\/iframe><\/p>\n\n\n\n<p><iframe loading=\"lazy\" title=\"Northern Lights over Mount Werenskiold\" width=\"584\" height=\"329\" src=\"https:\/\/www.youtube.com\/embed\/rOtswEeZEQQ?feature=oembed\" frameborder=\"0\" allow=\"accelerometer; autoplay; clipboard-write; encrypted-media; gyroscope; picture-in-picture; web-share\" referrerpolicy=\"strict-origin-when-cross-origin\" allowfullscreen><\/iframe><\/p>\n\n\n\n<p><iframe loading=\"lazy\" title=\"Waiting for the sun\" width=\"584\" height=\"329\" src=\"https:\/\/www.youtube.com\/embed\/PBwfS2Rxhik?feature=oembed\" frameborder=\"0\" allow=\"accelerometer; autoplay; clipboard-write; encrypted-media; gyroscope; picture-in-picture; web-share\" referrerpolicy=\"strict-origin-when-cross-origin\" allowfullscreen><\/iframe><\/p>\n\n\n\n<p><iframe loading=\"lazy\" title=\"TheakebakketourU\" width=\"584\" height=\"438\" src=\"https:\/\/www.youtube.com\/embed\/I1iXNsALV0w?feature=oembed\" frameborder=\"0\" allow=\"accelerometer; autoplay; clipboard-write; encrypted-media; gyroscope; picture-in-picture; web-share\" referrerpolicy=\"strict-origin-when-cross-origin\" allowfullscreen><\/iframe><\/p>\n\n\n\n<p><iframe loading=\"lazy\" title=\"Igloo time\" width=\"584\" height=\"329\" src=\"https:\/\/www.youtube.com\/embed\/KRuDO-6jDSw?feature=oembed\" frameborder=\"0\" allow=\"accelerometer; autoplay; clipboard-write; encrypted-media; gyroscope; picture-in-picture; web-share\" referrerpolicy=\"strict-origin-when-cross-origin\" allowfullscreen><\/iframe><\/p>\n\n\n\n<p><br \/><script> end481_() <\/script><\/p>\n\n\n\n<iframe loading=\"lazy\" title=\"Bl\u00e5rev p\u00e5 Hopen\" width=\"584\" height=\"329\" src=\"https:\/\/www.youtube.com\/embed\/DIJI-4oQAxA?feature=oembed\" frameborder=\"0\" allow=\"accelerometer; autoplay; clipboard-write; encrypted-media; gyroscope; picture-in-picture; web-share\" referrerpolicy=\"strict-origin-when-cross-origin\" allowfullscreen><\/iframe>\n\n\n\n<iframe loading=\"lazy\" title=\"Polar bears play fighting on the ice\" width=\"584\" height=\"329\" src=\"https:\/\/www.youtube.com\/embed\/ZQnn2RSRqJg?feature=oembed\" frameborder=\"0\" allow=\"accelerometer; autoplay; clipboard-write; encrypted-media; gyroscope; picture-in-picture; web-share\" referrerpolicy=\"strict-origin-when-cross-origin\" allowfullscreen><\/iframe>\n\n\n\n<p><\/p>\n\n\n\n<p><\/p>\n\n\n\n<p>Andre som har publisert videoer fra Hopen p\u00e5 Youtube:<\/p>\n\n\n\n<iframe loading=\"lazy\" title=\"Vedskogen p\u00e5 Hopen\" width=\"584\" height=\"329\" src=\"https:\/\/www.youtube.com\/embed\/vDTKzaUWTls?feature=oembed\" frameborder=\"0\" allow=\"accelerometer; autoplay; clipboard-write; encrypted-media; gyroscope; picture-in-picture; web-share\" referrerpolicy=\"strict-origin-when-cross-origin\" allowfullscreen><\/iframe>\n\n\n\n<iframe loading=\"lazy\" title=\"Tur til S\u00f8rhytta p\u00e5 Hopen\" width=\"584\" height=\"329\" src=\"https:\/\/www.youtube.com\/embed\/nwPXGoVUv0Y?feature=oembed\" frameborder=\"0\" allow=\"accelerometer; autoplay; clipboard-write; encrypted-media; gyroscope; picture-in-picture; web-share\" referrerpolicy=\"strict-origin-when-cross-origin\" allowfullscreen><\/iframe>\n\n\n\nhttps:\/\/www.youtube.com\/watch?v=XfrqEJ623o4\n\n\n\n<iframe loading=\"lazy\" title=\"17. Mai-tog p\u00e5 Hopen 2017\" width=\"584\" height=\"329\" src=\"https:\/\/www.youtube.com\/embed\/tWyoLItPw9E?feature=oembed\" frameborder=\"0\" allow=\"accelerometer; autoplay; clipboard-write; encrypted-media; gyroscope; picture-in-picture; web-share\" referrerpolicy=\"strict-origin-when-cross-origin\" allowfullscreen><\/iframe>\n\n\n\n<iframe loading=\"lazy\" title=\"Skitur i midnattsol\" width=\"584\" height=\"329\" src=\"https:\/\/www.youtube.com\/embed\/VO6tsRNoiSk?feature=oembed\" frameborder=\"0\" allow=\"accelerometer; autoplay; clipboard-write; encrypted-media; gyroscope; picture-in-picture; web-share\" referrerpolicy=\"strict-origin-when-cross-origin\" allowfullscreen><\/iframe>\n\n\n\n<iframe loading=\"lazy\" title=\"MVI 2610\" width=\"584\" height=\"329\" src=\"https:\/\/www.youtube.com\/embed\/XbXYjU_r6q4?feature=oembed\" frameborder=\"0\" allow=\"accelerometer; autoplay; clipboard-write; encrypted-media; gyroscope; picture-in-picture; web-share\" referrerpolicy=\"strict-origin-when-cross-origin\" allowfullscreen><\/iframe>\n\n\n\n<iframe loading=\"lazy\" title=\"Tur til S\u00f8rhytta p\u00e5 Hopen\" width=\"584\" height=\"329\" src=\"https:\/\/www.youtube.com\/embed\/nwPXGoVUv0Y?feature=oembed\" frameborder=\"0\" allow=\"accelerometer; autoplay; clipboard-write; encrypted-media; gyroscope; picture-in-picture; web-share\" referrerpolicy=\"strict-origin-when-cross-origin\" allowfullscreen><\/iframe>\n\n\n\n<iframe loading=\"lazy\" title=\"Etterfylling av drivstoff p\u00e5 Hopen\" width=\"584\" height=\"329\" src=\"https:\/\/www.youtube.com\/embed\/bMO36eeVKVE?feature=oembed\" frameborder=\"0\" allow=\"accelerometer; autoplay; clipboard-write; encrypted-media; gyroscope; picture-in-picture; web-share\" referrerpolicy=\"strict-origin-when-cross-origin\" allowfullscreen><\/iframe>\n\n\n\n<iframe loading=\"lazy\" title=\"Tysk depot p\u00e5 Hopen\" width=\"584\" height=\"329\" src=\"https:\/\/www.youtube.com\/embed\/yf_xOyL6H_Y?feature=oembed\" frameborder=\"0\" allow=\"accelerometer; autoplay; clipboard-write; encrypted-media; gyroscope; picture-in-picture; web-share\" referrerpolicy=\"strict-origin-when-cross-origin\" allowfullscreen><\/iframe>\n\n\n\n<iframe loading=\"lazy\" title=\"Drivstoffleveranse til Hopen\" width=\"584\" height=\"329\" src=\"https:\/\/www.youtube.com\/embed\/6WD_u04a_Y4?feature=oembed\" frameborder=\"0\" allow=\"accelerometer; autoplay; clipboard-write; encrypted-media; gyroscope; picture-in-picture; web-share\" referrerpolicy=\"strict-origin-when-cross-origin\" allowfullscreen><\/iframe>\n\n\n\n<iframe loading=\"lazy\" title=\"Tur p\u00e5 Hopen\" width=\"584\" height=\"329\" src=\"https:\/\/www.youtube.com\/embed\/Y2eA9Tccm-U?feature=oembed\" frameborder=\"0\" allow=\"accelerometer; autoplay; clipboard-write; encrypted-media; gyroscope; picture-in-picture; web-share\" referrerpolicy=\"strict-origin-when-cross-origin\" allowfullscreen><\/iframe>\n\n\n\n<iframe loading=\"lazy\" title=\"Havaristedet p\u00e5 Hopen\" width=\"584\" height=\"329\" src=\"https:\/\/www.youtube.com\/embed\/ntQE7j0jtDY?feature=oembed\" frameborder=\"0\" allow=\"accelerometer; autoplay; clipboard-write; encrypted-media; gyroscope; picture-in-picture; web-share\" referrerpolicy=\"strict-origin-when-cross-origin\" allowfullscreen><\/iframe>\n\n\n\n<p><a href=\"https:\/\/www.youtube.com\/watch?v=WbqT1XURSY8\" target=\"_blank\" rel=\"noreferrer noopener\">https:\/\/www.youtube.com\/watch?v=WbqT1XURSY8<\/a><\/p>\n","protected":false},"excerpt":{"rendered":"<p>K\u00e5re Holter Solhjell, en gjenganger vinterstid her p\u00e5 Hopen, har laget flere vidoesnutter fra \u00f8ya. De er lagt ut p\u00e5 Youtube.com: Andre som har publisert videoer fra Hopen p\u00e5 Youtube: https:\/\/www.youtube.com\/watch?v=XfrqEJ623o4 https:\/\/www.youtube.com\/watch?v=WbqT1XURSY8<\/p>\n","protected":false},"author":1,"featured_media":0,"parent":0,"menu_order":0,"comment_status":"closed","ping_status":"closed","template":"","meta":{"footnotes":""},"class_list":["post-4493","page","type-page","status-publish","hentry"],"_links":{"self":[{"href":"https:\/\/hopenmeteo.no\/index.php?rest_route=\/wp\/v2\/pages\/4493","targetHints":{"allow":["GET"]}}],"collection":[{"href":"https:\/\/hopenmeteo.no\/index.php?rest_route=\/wp\/v2\/pages"}],"about":[{"href":"https:\/\/hopenmeteo.no\/index.php?rest_route=\/wp\/v2\/types\/page"}],"author":[{"embeddable":true,"href":"https:\/\/hopenmeteo.no\/index.php?rest_route=\/wp\/v2\/users\/1"}],"replies":[{"embeddable":true,"href":"https:\/\/hopenmeteo.no\/index.php?rest_route=%2Fwp%2Fv2%2Fcomments&post=4493"}],"version-history":[{"count":12,"href":"https:\/\/hopenmeteo.no\/index.php?rest_route=\/wp\/v2\/pages\/4493\/revisions"}],"predecessor-version":[{"id":8066,"href":"https:\/\/hopenmeteo.no\/index.php?rest_route=\/wp\/v2\/pages\/4493\/revisions\/8066"}],"wp:attachment":[{"href":"https:\/\/hopenmeteo.no\/index.php?rest_route=%2Fwp%2Fv2%2Fmedia&parent=4493"}],"curies":[{"name":"wp","href":"https:\/\/api.w.org\/{rel}","templated":true}]}}